{"id":912,"date":"2018-11-30T10:58:10","date_gmt":"2018-11-30T10:58:10","guid":{"rendered":"https:\/\/skin-heal.com\/?post_type=product&#038;p=912"},"modified":"2020-06-18T10:38:54","modified_gmt":"2020-06-18T10:38:54","slug":"juvederm-volift-retouch-2x0-55","status":"publish","type":"product","link":"https:\/\/skin-heal.com\/es\/producto\/juvederm-volift-retouch-2x0-55\/","title":{"rendered":"Juvederm Volift Retouch (2\u00d70,55)"},"content":{"rendered":"<h3>Juvederm Volift Retouch vs Volift<\/h3>\n<p>Se trata del hermano peque\u00f1o del relleno cut\u00e1neo original de Juvederm, Volift. Ambos productos tienen las mismas caracter\u00edsticas, composici\u00f3n y acciones. Cada uno de ellos puede reducir las arrugas profundas de la parte media de la cara y las arrugas nasolabiales, restaurar el volumen perdido en los p\u00f3mulos, la barbilla y las mejillas, as\u00ed como proporcionar efectos de contorno facial de aspecto natural. Su duraci\u00f3n tambi\u00e9n es la misma: hasta 15 meses por cada sesi\u00f3n de inyecci\u00f3n. Lo que los diferencia es una sola cosa: Juvederm Volift Retouch se cre\u00f3 espec\u00edficamente para sesiones de retoque, mientras que su hermano mayor se utiliza para el tratamiento principal. Por ello, el primero:<\/p>\n<ul>\n<li>Tiene un tama\u00f1o de envase m\u00e1s peque\u00f1o - Cuenta con 2 jeringas desechables precargadas de 0,55mg\/ml en lugar de 2 jeringas de 1ml<\/li>\n<li>Es una opci\u00f3n m\u00e1s econ\u00f3mica y menos derrochadora para las sesiones de seguimiento<\/li>\n<li>Tambi\u00e9n se puede utilizar para el relleno de zonas m\u00e1s peque\u00f1as y delicadas que no requieren una gran cantidad de gel para ser rellenadas y corregidas adecuadamente<\/li>\n<\/ul>\n<h3>La importancia de las sesiones de retoque<\/h3>\n<p>Los rellenos de HA profesionales no son permanentes porque se biodegradan unas semanas o meses despu\u00e9s de haber sido inyectados en la piel. Por eso, si los pacientes quieren mantener los resultados conseguidos, deben someterse a sesiones de seguimiento antes de que desaparezcan los efectos del tratamiento. Estas sesiones de inyecci\u00f3n adicionales no llevan mucho tiempo y no requieren el uso de una gran cantidad de gel inyectable. Dado que los rellenos cut\u00e1neos de \u00e1cido hialur\u00f3nico se presentan en jeringas precargadas de un solo uso, la existencia de este producto tiene sentido.<\/p>","protected":false},"excerpt":{"rendered":"<p>Juvederm Volift Retouch se encuentra entre los rellenos d\u00e9rmicos m\u00e1s rentables jam\u00e1s creados. Allergan ha dise\u00f1ado y desarrollado este producto exclusivamente para sesiones de inyecci\u00f3n de relleno de retoque. Por eso est\u00e1 disponible en un tama\u00f1o m\u00e1s peque\u00f1o y pr\u00e1ctico, pero con grandes ventajas. Se aplica en la piel mediante inyecci\u00f3n para rejuvenecer, alisar, contornear y rellenar la parte media del rostro.<\/p>","protected":false},"featured_media":922,"template":"","meta":[],"product_brand":[],"product_cat":[69,79,47],"product_tag":[125],"class_list":{"0":"post-912","1":"product","2":"type-product","3":"status-publish","4":"has-post-thumbnail","6":"product_cat-allergan","7":"product_cat-dermal-fillers","8":"product_cat-juvederm","9":"product_tag-backorder","10":"clearfix","12":"first","13":"onbackorder","14":"taxable","15":"shipping-taxable","16":"purchasable","17":"product-type-simple"},"yoast_head":"<!-- This site is optimized with the Yoast SEO plugin v27.4 - https:\/\/yoast.com\/product\/yoast-seo-wordpress\/ -->\n<title>Juvederm Volift Retouch (2x0.55) - Skin Heal<\/title>\n<meta name=\"description\" content=\"Juvederm Volift Retouch is a high-quality skin filler designed for touch-up sessions. It uses Juvederm\u2019s winning HA formula but it is more cost-efficient.\" \/>\n<meta name=\"robots\" content=\"index, follow, max-snippet:-1, max-image-preview:large, max-video-preview:-1\" \/>\n<link rel=\"canonical\" href=\"https:\/\/skin-heal.com\/es\/producto\/juvederm-volift-retouch-2x0-55\/\" \/>\n<meta property=\"og:locale\" content=\"es_MX\" \/>\n<meta property=\"og:type\" content=\"article\" \/>\n<meta property=\"og:title\" content=\"Juvederm Volift Retouch (2x0.55) - Skin Heal\" \/>\n<meta property=\"og:description\" content=\"Juvederm Volift Retouch is a high-quality skin filler designed for touch-up sessions. It uses Juvederm\u2019s winning HA formula but it is more cost-efficient.\" \/>\n<meta property=\"og:url\" content=\"https:\/\/skin-heal.com\/es\/producto\/juvederm-volift-retouch-2x0-55\/\" \/>\n<meta property=\"og:site_name\" content=\"Skin Heal\" \/>\n<meta property=\"article:modified_time\" content=\"2020-06-18T10:38:54+00:00\" \/>\n<meta property=\"og:image\" content=\"https:\/\/cdn.skin-heal.com\/wp-content\/uploads\/2018\/11\/Juvederm-Volift-Retouch.jpg\" \/>\n\t<meta property=\"og:image:width\" content=\"600\" \/>\n\t<meta property=\"og:image:height\" content=\"600\" \/>\n\t<meta property=\"og:image:type\" content=\"image\/jpeg\" \/>\n<meta name=\"twitter:card\" content=\"summary_large_image\" \/>\n<meta name=\"twitter:label1\" content=\"Tiempo de lectura\" \/>\n\t<meta name=\"twitter:data1\" content=\"1 minuto\" \/>\n<script type=\"application\/ld+json\" class=\"yoast-schema-graph\">{\"@context\":\"https:\\\/\\\/schema.org\",\"@graph\":[{\"@type\":\"WebPage\",\"@id\":\"https:\\\/\\\/skin-heal.com\\\/product\\\/juvederm-volift-retouch-2x0-55\\\/\",\"url\":\"https:\\\/\\\/skin-heal.com\\\/product\\\/juvederm-volift-retouch-2x0-55\\\/\",\"name\":\"Juvederm Volift Retouch (2x0.55) - Skin Heal\",\"isPartOf\":{\"@id\":\"https:\\\/\\\/skin-heal.com\\\/#website\"},\"primaryImageOfPage\":{\"@id\":\"https:\\\/\\\/skin-heal.com\\\/product\\\/juvederm-volift-retouch-2x0-55\\\/#primaryimage\"},\"image\":{\"@id\":\"https:\\\/\\\/skin-heal.com\\\/product\\\/juvederm-volift-retouch-2x0-55\\\/#primaryimage\"},\"thumbnailUrl\":\"https:\\\/\\\/skin-heal.com\\\/wp-content\\\/uploads\\\/2018\\\/11\\\/Juvederm-Volift-Retouch.jpg\",\"datePublished\":\"2018-11-30T10:58:10+00:00\",\"dateModified\":\"2020-06-18T10:38:54+00:00\",\"description\":\"Juvederm Volift Retouch is a high-quality skin filler designed for touch-up sessions. It uses Juvederm\u2019s winning HA formula but it is more cost-efficient.\",\"breadcrumb\":{\"@id\":\"https:\\\/\\\/skin-heal.com\\\/product\\\/juvederm-volift-retouch-2x0-55\\\/#breadcrumb\"},\"inLanguage\":\"es\",\"potentialAction\":[{\"@type\":\"ReadAction\",\"target\":[\"https:\\\/\\\/skin-heal.com\\\/product\\\/juvederm-volift-retouch-2x0-55\\\/\"]}]},{\"@type\":\"ImageObject\",\"inLanguage\":\"es\",\"@id\":\"https:\\\/\\\/skin-heal.com\\\/product\\\/juvederm-volift-retouch-2x0-55\\\/#primaryimage\",\"url\":\"https:\\\/\\\/skin-heal.com\\\/wp-content\\\/uploads\\\/2018\\\/11\\\/Juvederm-Volift-Retouch.jpg\",\"contentUrl\":\"https:\\\/\\\/skin-heal.com\\\/wp-content\\\/uploads\\\/2018\\\/11\\\/Juvederm-Volift-Retouch.jpg\",\"width\":600,\"height\":600,\"caption\":\"Juvederm Volift Retouch\"},{\"@type\":\"BreadcrumbList\",\"@id\":\"https:\\\/\\\/skin-heal.com\\\/product\\\/juvederm-volift-retouch-2x0-55\\\/#breadcrumb\",\"itemListElement\":[{\"@type\":\"ListItem\",\"position\":1,\"name\":\"Home\",\"item\":\"https:\\\/\\\/skin-heal.com\\\/\"},{\"@type\":\"ListItem\",\"position\":2,\"name\":\"Store\",\"item\":\"https:\\\/\\\/skin-heal.com\\\/store\\\/\"},{\"@type\":\"ListItem\",\"position\":3,\"name\":\"Juvederm Volift Retouch (2&#215;0.55)\"}]},{\"@type\":\"WebSite\",\"@id\":\"https:\\\/\\\/skin-heal.com\\\/#website\",\"url\":\"https:\\\/\\\/skin-heal.com\\\/\",\"name\":\"Skin Heal\",\"description\":\"Lowest Prices for Dermal Fillers\",\"potentialAction\":[{\"@type\":\"SearchAction\",\"target\":{\"@type\":\"EntryPoint\",\"urlTemplate\":\"https:\\\/\\\/skin-heal.com\\\/?s={search_term_string}\"},\"query-input\":{\"@type\":\"PropertyValueSpecification\",\"valueRequired\":true,\"valueName\":\"search_term_string\"}}],\"inLanguage\":\"es\"}]}<\/script>\n<!-- \/ Yoast SEO plugin. -->","yoast_head_json":{"title":"Juvederm Volift Retoque (2x0.55) - Skin Heal","description":"Juvederm Volift Retouch es un relleno cut\u00e1neo de alta calidad dise\u00f1ado para sesiones de retoque. Utiliza la f\u00f3rmula HA ganadora de Juvederm, pero es m\u00e1s rentable.","robots":{"index":"index","follow":"follow","max-snippet":"max-snippet:-1","max-image-preview":"max-image-preview:large","max-video-preview":"max-video-preview:-1"},"canonical":"https:\/\/skin-heal.com\/es\/producto\/juvederm-volift-retouch-2x0-55\/","og_locale":"es_MX","og_type":"article","og_title":"Juvederm Volift Retouch (2x0.55) - Skin Heal","og_description":"Juvederm Volift Retouch is a high-quality skin filler designed for touch-up sessions. It uses Juvederm\u2019s winning HA formula but it is more cost-efficient.","og_url":"https:\/\/skin-heal.com\/es\/producto\/juvederm-volift-retouch-2x0-55\/","og_site_name":"Skin Heal","article_modified_time":"2020-06-18T10:38:54+00:00","og_image":[{"width":600,"height":600,"url":"https:\/\/cdn.skin-heal.com\/wp-content\/uploads\/2018\/11\/Juvederm-Volift-Retouch.jpg","type":"image\/jpeg"}],"twitter_card":"summary_large_image","twitter_misc":{"Tiempo de lectura":"1 minuto"},"schema":{"@context":"https:\/\/schema.org","@graph":[{"@type":"WebPage","@id":"https:\/\/skin-heal.com\/product\/juvederm-volift-retouch-2x0-55\/","url":"https:\/\/skin-heal.com\/product\/juvederm-volift-retouch-2x0-55\/","name":"Juvederm Volift Retoque (2x0.55) - Skin Heal","isPartOf":{"@id":"https:\/\/skin-heal.com\/#website"},"primaryImageOfPage":{"@id":"https:\/\/skin-heal.com\/product\/juvederm-volift-retouch-2x0-55\/#primaryimage"},"image":{"@id":"https:\/\/skin-heal.com\/product\/juvederm-volift-retouch-2x0-55\/#primaryimage"},"thumbnailUrl":"https:\/\/cdn.skin-heal.com\/wp-content\/uploads\/2018\/11\/Juvederm-Volift-Retouch.jpg","datePublished":"2018-11-30T10:58:10+00:00","dateModified":"2020-06-18T10:38:54+00:00","description":"Juvederm Volift Retouch es un relleno cut\u00e1neo de alta calidad dise\u00f1ado para sesiones de retoque. Utiliza la f\u00f3rmula HA ganadora de Juvederm, pero es m\u00e1s rentable.","breadcrumb":{"@id":"https:\/\/skin-heal.com\/product\/juvederm-volift-retouch-2x0-55\/#breadcrumb"},"inLanguage":"es","potentialAction":[{"@type":"ReadAction","target":["https:\/\/skin-heal.com\/product\/juvederm-volift-retouch-2x0-55\/"]}]},{"@type":"ImageObject","inLanguage":"es","@id":"https:\/\/skin-heal.com\/product\/juvederm-volift-retouch-2x0-55\/#primaryimage","url":"https:\/\/cdn.skin-heal.com\/wp-content\/uploads\/2018\/11\/Juvederm-Volift-Retouch.jpg","contentUrl":"https:\/\/cdn.skin-heal.com\/wp-content\/uploads\/2018\/11\/Juvederm-Volift-Retouch.jpg","width":600,"height":600,"caption":"Juvederm Volift Retouch"},{"@type":"BreadcrumbList","@id":"https:\/\/skin-heal.com\/product\/juvederm-volift-retouch-2x0-55\/#breadcrumb","itemListElement":[{"@type":"ListItem","position":1,"name":"Home","item":"https:\/\/skin-heal.com\/"},{"@type":"ListItem","position":2,"name":"Store","item":"https:\/\/skin-heal.com\/store\/"},{"@type":"ListItem","position":3,"name":"Juvederm Volift Retouch (2&#215;0.55)"}]},{"@type":"WebSite","@id":"https:\/\/skin-heal.com\/#website","url":"https:\/\/skin-heal.com\/","name":"Curaci\u00f3n de la piel","description":"Los precios m\u00e1s bajos para los rellenos d\u00e9rmicos","potentialAction":[{"@type":"SearchAction","target":{"@type":"EntryPoint","urlTemplate":"https:\/\/skin-heal.com\/?s={search_term_string}"},"query-input":{"@type":"PropertyValueSpecification","valueRequired":true,"valueName":"search_term_string"}}],"inLanguage":"es"}]}},"_links":{"self":[{"href":"https:\/\/skin-heal.com\/es\/wp-json\/wp\/v2\/product\/912","targetHints":{"allow":["GET"]}}],"collection":[{"href":"https:\/\/skin-heal.com\/es\/wp-json\/wp\/v2\/product"}],"about":[{"href":"https:\/\/skin-heal.com\/es\/wp-json\/wp\/v2\/types\/product"}],"wp:featuredmedia":[{"embeddable":true,"href":"https:\/\/skin-heal.com\/es\/wp-json\/wp\/v2\/media\/922"}],"wp:attachment":[{"href":"https:\/\/skin-heal.com\/es\/wp-json\/wp\/v2\/media?parent=912"}],"wp:term":[{"taxonomy":"product_brand","embeddable":true,"href":"https:\/\/skin-heal.com\/es\/wp-json\/wp\/v2\/product_brand?post=912"},{"taxonomy":"product_cat","embeddable":true,"href":"https:\/\/skin-heal.com\/es\/wp-json\/wp\/v2\/product_cat?post=912"},{"taxonomy":"product_tag","embeddable":true,"href":"https:\/\/skin-heal.com\/es\/wp-json\/wp\/v2\/product_tag?post=912"}],"curies":[{"name":"wp","href":"https:\/\/api.w.org\/{rel}","templated":true}]}}