{"id":913,"date":"2018-11-30T10:58:31","date_gmt":"2018-11-30T10:58:31","guid":{"rendered":"https:\/\/skin-heal.com\/?post_type=product&#038;p=913"},"modified":"2022-12-16T18:23:39","modified_gmt":"2022-12-16T16:23:39","slug":"juvederm-volift-with-lidocaine-2x1ml","status":"publish","type":"product","link":"https:\/\/skin-heal.com\/es\/producto\/juvederm-volift-with-lidocaine-2x1ml\/","title":{"rendered":"Juvederm Volift con Lidoca\u00edna (2x1ml)"},"content":{"rendered":"<h3>Uno de los rellenos de HA m\u00e1s duraderos del mercado<\/h3>\n<p>Pocos son los rellenos cut\u00e1neos que contienen \u00c1cido Hialur\u00f3nico y pueden ofrecer efectos post-tratamiento que tienen una longevidad de aproximadamente 15 meses y Juvederm Volift con Lidoca\u00edna es uno de ellos. La lidoca\u00edna de este producto no debilita ni afecta a sus propiedades. Por otro lado, la tecnolog\u00eda Vycross utilizada durante su producci\u00f3n es el secreto de Allergan para obtener resultados tan duraderos. Gracias a esta t\u00e9cnica de fabricaci\u00f3n, el gel inyectable es m\u00e1s suave, resistente y duradero.<\/p>\n<p>No obstante, hay que tener en cuenta que los efectos del tratamiento pueden variar, ya que dependen no s\u00f3lo de la calidad del producto utilizado durante el procedimiento, sino tambi\u00e9n de otras variables como la edad del paciente, la t\u00e9cnica de inyecci\u00f3n, etc.<\/p>\n<h3>\u00c1reas objetivo:<\/h3>\n<ul>\n<li>Mejillas<\/li>\n<li>Chin<\/li>\n<li>Zona nasolabial<\/li>\n<li>P\u00f3mulos<\/li>\n<\/ul>\n<h3>Gel de \u00e1cido hialur\u00f3nico de primera calidad<\/h3>\n<p>Juvederm Volift con Lidoca\u00edna es un relleno d\u00e9rmico a base de AH que puede utilizarse para el recuento facial, la eliminaci\u00f3n de arrugas profundas (principalmente en la zona media de la cara) y la restauraci\u00f3n del volumen facial. Aunque a algunas personas les echa para atr\u00e1s el \"\u00e1cido\" del \u00c1cido Hialur\u00f3nico, \u00e9ste no es una sustancia t\u00f3xica o agresiva. De hecho, est\u00e1 presente de forma natural en el organismo humano. Retiene la humedad en la piel y eso tiene un efecto rejuvenecedor. Al inyectar m\u00e1s AH en el tejido blando, los pacientes disfrutan de una soluci\u00f3n de hidrataci\u00f3n y rejuvenecimiento de la piel sin riesgos pero incre\u00edblemente eficaz.<\/p>","protected":false},"excerpt":{"rendered":"<p>Juvederm Volift con Lidoca\u00edna (tambi\u00e9n conocido como Juvederm Vollure o Juvederm Vollure XC) fue dise\u00f1ado por Allergan para tratar principalmente la parte media del rostro. Este relleno d\u00e9rmico aprobado por la FDA ofrece efectos que permanecen visibles hasta 15 meses. Su f\u00f3rmula \u00fanica restaura inmediatamente el volumen facial perdido, rellena las arrugas profundas e incluso proporciona un mejor contorno facial. El gel inyectable contiene 3mg\/ml de lidoca\u00edna, suficiente para eliminar el dolor durante el tratamiento.<\/p>","protected":false},"featured_media":923,"template":"","meta":[],"product_brand":[],"product_cat":[69,79,47,144],"product_tag":[145],"class_list":{"0":"post-913","1":"product","2":"type-product","3":"status-publish","4":"has-post-thumbnail","6":"product_cat-allergan","7":"product_cat-dermal-fillers","8":"product_cat-juvederm","9":"product_cat-holiday-mega-sale","10":"product_tag-5off","11":"clearfix","13":"first","14":"instock","15":"sale","16":"taxable","17":"shipping-taxable","18":"purchasable","19":"product-type-simple"},"yoast_head":"<!-- This site is optimized with the Yoast SEO plugin v27.4 - https:\/\/yoast.com\/product\/yoast-seo-wordpress\/ -->\n<title>Juvederm Volift with Lidocaine (2x1ml) - Skin Heal<\/title>\n<meta name=\"description\" content=\"Buy Juvederm Volift with Lidocaine! This durable skin filler restores facial volume and fills deep wrinkles. Effects longevity \u2013 up to 15 months.\" \/>\n<meta name=\"robots\" content=\"index, follow, max-snippet:-1, max-image-preview:large, max-video-preview:-1\" \/>\n<link rel=\"canonical\" href=\"https:\/\/skin-heal.com\/es\/producto\/juvederm-volift-with-lidocaine-2x1ml\/\" \/>\n<meta property=\"og:locale\" content=\"es_MX\" \/>\n<meta property=\"og:type\" content=\"article\" \/>\n<meta property=\"og:title\" content=\"Juvederm Volift with Lidocaine (2x1ml) - Skin Heal\" \/>\n<meta property=\"og:description\" content=\"Buy Juvederm Volift with Lidocaine! This durable skin filler restores facial volume and fills deep wrinkles. Effects longevity \u2013 up to 15 months.\" \/>\n<meta property=\"og:url\" content=\"https:\/\/skin-heal.com\/es\/producto\/juvederm-volift-with-lidocaine-2x1ml\/\" \/>\n<meta property=\"og:site_name\" content=\"Skin Heal\" \/>\n<meta property=\"article:modified_time\" content=\"2022-12-16T16:23:39+00:00\" \/>\n<meta property=\"og:image\" content=\"https:\/\/cdn.skin-heal.com\/wp-content\/uploads\/2018\/11\/Juvederm-Volift.jpg\" \/>\n\t<meta property=\"og:image:width\" content=\"600\" \/>\n\t<meta property=\"og:image:height\" content=\"600\" \/>\n\t<meta property=\"og:image:type\" content=\"image\/jpeg\" \/>\n<meta name=\"twitter:card\" content=\"summary_large_image\" \/>\n<meta name=\"twitter:label1\" content=\"Tiempo de lectura\" \/>\n\t<meta name=\"twitter:data1\" content=\"1 minuto\" \/>\n<script type=\"application\/ld+json\" class=\"yoast-schema-graph\">{\"@context\":\"https:\\\/\\\/schema.org\",\"@graph\":[{\"@type\":\"WebPage\",\"@id\":\"https:\\\/\\\/skin-heal.com\\\/product\\\/juvederm-volift-with-lidocaine-2x1ml\\\/\",\"url\":\"https:\\\/\\\/skin-heal.com\\\/product\\\/juvederm-volift-with-lidocaine-2x1ml\\\/\",\"name\":\"Juvederm Volift with Lidocaine (2x1ml) - Skin Heal\",\"isPartOf\":{\"@id\":\"https:\\\/\\\/skin-heal.com\\\/#website\"},\"primaryImageOfPage\":{\"@id\":\"https:\\\/\\\/skin-heal.com\\\/product\\\/juvederm-volift-with-lidocaine-2x1ml\\\/#primaryimage\"},\"image\":{\"@id\":\"https:\\\/\\\/skin-heal.com\\\/product\\\/juvederm-volift-with-lidocaine-2x1ml\\\/#primaryimage\"},\"thumbnailUrl\":\"https:\\\/\\\/skin-heal.com\\\/wp-content\\\/uploads\\\/2018\\\/11\\\/Juvederm-Volift.jpg\",\"datePublished\":\"2018-11-30T10:58:31+00:00\",\"dateModified\":\"2022-12-16T16:23:39+00:00\",\"description\":\"Buy Juvederm Volift with Lidocaine! This durable skin filler restores facial volume and fills deep wrinkles. Effects longevity \u2013 up to 15 months.\",\"breadcrumb\":{\"@id\":\"https:\\\/\\\/skin-heal.com\\\/product\\\/juvederm-volift-with-lidocaine-2x1ml\\\/#breadcrumb\"},\"inLanguage\":\"es\",\"potentialAction\":[{\"@type\":\"ReadAction\",\"target\":[\"https:\\\/\\\/skin-heal.com\\\/product\\\/juvederm-volift-with-lidocaine-2x1ml\\\/\"]}]},{\"@type\":\"ImageObject\",\"inLanguage\":\"es\",\"@id\":\"https:\\\/\\\/skin-heal.com\\\/product\\\/juvederm-volift-with-lidocaine-2x1ml\\\/#primaryimage\",\"url\":\"https:\\\/\\\/skin-heal.com\\\/wp-content\\\/uploads\\\/2018\\\/11\\\/Juvederm-Volift.jpg\",\"contentUrl\":\"https:\\\/\\\/skin-heal.com\\\/wp-content\\\/uploads\\\/2018\\\/11\\\/Juvederm-Volift.jpg\",\"width\":600,\"height\":600,\"caption\":\"Juvederm Volift\"},{\"@type\":\"BreadcrumbList\",\"@id\":\"https:\\\/\\\/skin-heal.com\\\/product\\\/juvederm-volift-with-lidocaine-2x1ml\\\/#breadcrumb\",\"itemListElement\":[{\"@type\":\"ListItem\",\"position\":1,\"name\":\"Home\",\"item\":\"https:\\\/\\\/skin-heal.com\\\/\"},{\"@type\":\"ListItem\",\"position\":2,\"name\":\"Store\",\"item\":\"https:\\\/\\\/skin-heal.com\\\/store\\\/\"},{\"@type\":\"ListItem\",\"position\":3,\"name\":\"Juvederm Volift with Lidocaine (2x1ml)\"}]},{\"@type\":\"WebSite\",\"@id\":\"https:\\\/\\\/skin-heal.com\\\/#website\",\"url\":\"https:\\\/\\\/skin-heal.com\\\/\",\"name\":\"Skin Heal\",\"description\":\"Lowest Prices for Dermal Fillers\",\"potentialAction\":[{\"@type\":\"SearchAction\",\"target\":{\"@type\":\"EntryPoint\",\"urlTemplate\":\"https:\\\/\\\/skin-heal.com\\\/?s={search_term_string}\"},\"query-input\":{\"@type\":\"PropertyValueSpecification\",\"valueRequired\":true,\"valueName\":\"search_term_string\"}}],\"inLanguage\":\"es\"}]}<\/script>\n<!-- \/ Yoast SEO plugin. -->","yoast_head_json":{"title":"Juvederm Volift con Lidoca\u00edna (2x1ml) - Skin Heal","description":"\u00a1Comprar Juvederm Volift con Lidoca\u00edna! Este relleno cut\u00e1neo duradero restaura el volumen facial y rellena las arrugas profundas. Longevidad de los efectos - hasta 15 meses.","robots":{"index":"index","follow":"follow","max-snippet":"max-snippet:-1","max-image-preview":"max-image-preview:large","max-video-preview":"max-video-preview:-1"},"canonical":"https:\/\/skin-heal.com\/es\/producto\/juvederm-volift-with-lidocaine-2x1ml\/","og_locale":"es_MX","og_type":"article","og_title":"Juvederm Volift with Lidocaine (2x1ml) - Skin Heal","og_description":"Buy Juvederm Volift with Lidocaine! This durable skin filler restores facial volume and fills deep wrinkles. Effects longevity \u2013 up to 15 months.","og_url":"https:\/\/skin-heal.com\/es\/producto\/juvederm-volift-with-lidocaine-2x1ml\/","og_site_name":"Skin Heal","article_modified_time":"2022-12-16T16:23:39+00:00","og_image":[{"width":600,"height":600,"url":"https:\/\/cdn.skin-heal.com\/wp-content\/uploads\/2018\/11\/Juvederm-Volift.jpg","type":"image\/jpeg"}],"twitter_card":"summary_large_image","twitter_misc":{"Tiempo de lectura":"1 minuto"},"schema":{"@context":"https:\/\/schema.org","@graph":[{"@type":"WebPage","@id":"https:\/\/skin-heal.com\/product\/juvederm-volift-with-lidocaine-2x1ml\/","url":"https:\/\/skin-heal.com\/product\/juvederm-volift-with-lidocaine-2x1ml\/","name":"Juvederm Volift con Lidoca\u00edna (2x1ml) - Skin Heal","isPartOf":{"@id":"https:\/\/skin-heal.com\/#website"},"primaryImageOfPage":{"@id":"https:\/\/skin-heal.com\/product\/juvederm-volift-with-lidocaine-2x1ml\/#primaryimage"},"image":{"@id":"https:\/\/skin-heal.com\/product\/juvederm-volift-with-lidocaine-2x1ml\/#primaryimage"},"thumbnailUrl":"https:\/\/cdn.skin-heal.com\/wp-content\/uploads\/2018\/11\/Juvederm-Volift.jpg","datePublished":"2018-11-30T10:58:31+00:00","dateModified":"2022-12-16T16:23:39+00:00","description":"\u00a1Comprar Juvederm Volift con Lidoca\u00edna! Este relleno cut\u00e1neo duradero restaura el volumen facial y rellena las arrugas profundas. Longevidad de los efectos - hasta 15 meses.","breadcrumb":{"@id":"https:\/\/skin-heal.com\/product\/juvederm-volift-with-lidocaine-2x1ml\/#breadcrumb"},"inLanguage":"es","potentialAction":[{"@type":"ReadAction","target":["https:\/\/skin-heal.com\/product\/juvederm-volift-with-lidocaine-2x1ml\/"]}]},{"@type":"ImageObject","inLanguage":"es","@id":"https:\/\/skin-heal.com\/product\/juvederm-volift-with-lidocaine-2x1ml\/#primaryimage","url":"https:\/\/cdn.skin-heal.com\/wp-content\/uploads\/2018\/11\/Juvederm-Volift.jpg","contentUrl":"https:\/\/cdn.skin-heal.com\/wp-content\/uploads\/2018\/11\/Juvederm-Volift.jpg","width":600,"height":600,"caption":"Juvederm Volift"},{"@type":"BreadcrumbList","@id":"https:\/\/skin-heal.com\/product\/juvederm-volift-with-lidocaine-2x1ml\/#breadcrumb","itemListElement":[{"@type":"ListItem","position":1,"name":"Home","item":"https:\/\/skin-heal.com\/"},{"@type":"ListItem","position":2,"name":"Store","item":"https:\/\/skin-heal.com\/store\/"},{"@type":"ListItem","position":3,"name":"Juvederm Volift with Lidocaine (2x1ml)"}]},{"@type":"WebSite","@id":"https:\/\/skin-heal.com\/#website","url":"https:\/\/skin-heal.com\/","name":"Curaci\u00f3n de la piel","description":"Los precios m\u00e1s bajos para los rellenos d\u00e9rmicos","potentialAction":[{"@type":"SearchAction","target":{"@type":"EntryPoint","urlTemplate":"https:\/\/skin-heal.com\/?s={search_term_string}"},"query-input":{"@type":"PropertyValueSpecification","valueRequired":true,"valueName":"search_term_string"}}],"inLanguage":"es"}]}},"_links":{"self":[{"href":"https:\/\/skin-heal.com\/es\/wp-json\/wp\/v2\/product\/913","targetHints":{"allow":["GET"]}}],"collection":[{"href":"https:\/\/skin-heal.com\/es\/wp-json\/wp\/v2\/product"}],"about":[{"href":"https:\/\/skin-heal.com\/es\/wp-json\/wp\/v2\/types\/product"}],"wp:featuredmedia":[{"embeddable":true,"href":"https:\/\/skin-heal.com\/es\/wp-json\/wp\/v2\/media\/923"}],"wp:attachment":[{"href":"https:\/\/skin-heal.com\/es\/wp-json\/wp\/v2\/media?parent=913"}],"wp:term":[{"taxonomy":"product_brand","embeddable":true,"href":"https:\/\/skin-heal.com\/es\/wp-json\/wp\/v2\/product_brand?post=913"},{"taxonomy":"product_cat","embeddable":true,"href":"https:\/\/skin-heal.com\/es\/wp-json\/wp\/v2\/product_cat?post=913"},{"taxonomy":"product_tag","embeddable":true,"href":"https:\/\/skin-heal.com\/es\/wp-json\/wp\/v2\/product_tag?post=913"}],"curies":[{"name":"wp","href":"https:\/\/api.w.org\/{rel}","templated":true}]}}