{"id":914,"date":"2018-11-30T10:58:56","date_gmt":"2018-11-30T10:58:56","guid":{"rendered":"https:\/\/skin-heal.com\/?post_type=product&#038;p=914"},"modified":"2022-12-16T18:23:38","modified_gmt":"2022-12-16T16:23:38","slug":"juvederm-voluma-with-lidocaine-2x1ml","status":"publish","type":"product","link":"https:\/\/skin-heal.com\/es\/producto\/juvederm-voluma-with-lidocaine-2x1ml\/","title":{"rendered":"Juvederm Voluma con Lidoca\u00edna (2x1ml)"},"content":{"rendered":"<ul>\n<li>Composici\u00f3n y potencia: 20mg\/ml de HA y 3mg\/ml de lidoca\u00edna<\/li>\n<li>Duraci\u00f3n de los efectos: hasta 1 a\u00f1o y 6 meses<\/li>\n<li>Profundidad de la inyecci\u00f3n: dermis supraperi\u00f3stica o subcut\u00e1nea<\/li>\n<li>M\u00e9todo de producci\u00f3n: Tecnolog\u00eda Vycross<\/li>\n<li>Fabricante: Allergan<\/li>\n<\/ul>\n<h3>El importante papel de Juvederm Voluma<\/h3>\n<p>Cuanto m\u00e1s envejece una persona, menos volumen tiene su rostro. La p\u00e9rdida de volumen facial es uno de los signos m\u00e1s desagradables del envejecimiento. Esto se debe a que el rostro empieza a parecer m\u00e1s cansado y hundido. Pierde sus contornos, lo que provoca flacidez y arrugas. Juvederm Voluma a\u00f1ade volumen donde m\u00e1s se necesita. Se dirige principalmente a la parte media de la cara y tambi\u00e9n puede utilizarse para un aumento no quir\u00fargico y no invasivo de las mejillas.<\/p>\n<h3>\u00bfTiene efectos secundarios?<\/h3>\n<p>Todos los productos inyectables y dispositivos m\u00e9dicos pueden provocar reacciones no deseadas y esa afirmaci\u00f3n tambi\u00e9n es v\u00e1lida para Juvederm Voluma. Algunos de los efectos secundarios que se han notificado despu\u00e9s de un tratamiento con este avanzado relleno d\u00e9rmico son hinchaz\u00f3n, enrojecimiento, hematomas, sensibilidad y sensibilidad alrededor de los puntos de inyecci\u00f3n. Se producen en muy pocos casos y normalmente desaparecen en una semana. A pesar de ello, se trata de un producto aprobado por la FDA, lo que significa que ofrece un impresionante nivel de seguridad y alta satisfacci\u00f3n. Los pacientes ni siquiera tendr\u00e1n que someterse a una prueba antes del tratamiento de inyecci\u00f3n, ya que el \u00e1cido hialur\u00f3nico reticulado que contiene es biodegradable y biocompatible.<\/p>","protected":false},"excerpt":{"rendered":"<p>Aprobado por la FDA para mejorar las mejillas y restaurar la p\u00e9rdida de volumen de la cara relacionada con la edad, Juvederm Voluma es uno de los mejores rellenos d\u00e9rmicos de su categor\u00eda. Se compone de \u00e1cido hialur\u00f3nico no animal que lo hace incre\u00edblemente biocompatible. Est\u00e1 infundido con lidoca\u00edna, lo que hace que el tratamiento sea indoloro, y tiene una durabilidad de hasta 18 meses, lo que hace que sus efectos sean duraderos: \u00a1un combo hecho en el cielo!<\/p>","protected":false},"featured_media":924,"template":"","meta":[],"product_brand":[],"product_cat":[69,79,47,144],"product_tag":[145],"class_list":{"0":"post-914","1":"product","2":"type-product","3":"status-publish","4":"has-post-thumbnail","6":"product_cat-allergan","7":"product_cat-dermal-fillers","8":"product_cat-juvederm","9":"product_cat-holiday-mega-sale","10":"product_tag-5off","11":"clearfix","13":"first","14":"instock","15":"sale","16":"taxable","17":"shipping-taxable","18":"purchasable","19":"product-type-simple"},"yoast_head":"<!-- This site is optimized with the Yoast SEO plugin v27.4 - https:\/\/yoast.com\/product\/yoast-seo-wordpress\/ -->\n<title>Juvederm Voluma with Lidocaine (2x1ml) - Skin Heal<\/title>\n<meta name=\"description\" content=\"FDA-approved dermal filler Juvederm Voluma is perfect for cheek augmentation and restoration of age-rated facial volume loss. It meets safety requirements.\" \/>\n<meta name=\"robots\" content=\"index, follow, max-snippet:-1, max-image-preview:large, max-video-preview:-1\" \/>\n<link rel=\"canonical\" href=\"https:\/\/skin-heal.com\/es\/producto\/juvederm-voluma-with-lidocaine-2x1ml\/\" \/>\n<meta property=\"og:locale\" content=\"es_MX\" \/>\n<meta property=\"og:type\" content=\"article\" \/>\n<meta property=\"og:title\" content=\"Juvederm Voluma with Lidocaine (2x1ml) - Skin Heal\" \/>\n<meta property=\"og:description\" content=\"FDA-approved dermal filler Juvederm Voluma is perfect for cheek augmentation and restoration of age-rated facial volume loss. It meets safety requirements.\" \/>\n<meta property=\"og:url\" content=\"https:\/\/skin-heal.com\/es\/producto\/juvederm-voluma-with-lidocaine-2x1ml\/\" \/>\n<meta property=\"og:site_name\" content=\"Skin Heal\" \/>\n<meta property=\"article:modified_time\" content=\"2022-12-16T16:23:38+00:00\" \/>\n<meta property=\"og:image\" content=\"https:\/\/cdn.skin-heal.com\/wp-content\/uploads\/2018\/11\/Juvederm-Voluma.jpg\" \/>\n\t<meta property=\"og:image:width\" content=\"600\" \/>\n\t<meta property=\"og:image:height\" content=\"600\" \/>\n\t<meta property=\"og:image:type\" content=\"image\/jpeg\" \/>\n<meta name=\"twitter:card\" content=\"summary_large_image\" \/>\n<meta name=\"twitter:label1\" content=\"Tiempo de lectura\" \/>\n\t<meta name=\"twitter:data1\" content=\"1 minuto\" \/>\n<script type=\"application\/ld+json\" class=\"yoast-schema-graph\">{\"@context\":\"https:\\\/\\\/schema.org\",\"@graph\":[{\"@type\":\"WebPage\",\"@id\":\"https:\\\/\\\/skin-heal.com\\\/product\\\/juvederm-voluma-with-lidocaine-2x1ml\\\/\",\"url\":\"https:\\\/\\\/skin-heal.com\\\/product\\\/juvederm-voluma-with-lidocaine-2x1ml\\\/\",\"name\":\"Juvederm Voluma with Lidocaine (2x1ml) - Skin Heal\",\"isPartOf\":{\"@id\":\"https:\\\/\\\/skin-heal.com\\\/#website\"},\"primaryImageOfPage\":{\"@id\":\"https:\\\/\\\/skin-heal.com\\\/product\\\/juvederm-voluma-with-lidocaine-2x1ml\\\/#primaryimage\"},\"image\":{\"@id\":\"https:\\\/\\\/skin-heal.com\\\/product\\\/juvederm-voluma-with-lidocaine-2x1ml\\\/#primaryimage\"},\"thumbnailUrl\":\"https:\\\/\\\/skin-heal.com\\\/wp-content\\\/uploads\\\/2018\\\/11\\\/Juvederm-Voluma.jpg\",\"datePublished\":\"2018-11-30T10:58:56+00:00\",\"dateModified\":\"2022-12-16T16:23:38+00:00\",\"description\":\"FDA-approved dermal filler Juvederm Voluma is perfect for cheek augmentation and restoration of age-rated facial volume loss. It meets safety requirements.\",\"breadcrumb\":{\"@id\":\"https:\\\/\\\/skin-heal.com\\\/product\\\/juvederm-voluma-with-lidocaine-2x1ml\\\/#breadcrumb\"},\"inLanguage\":\"es\",\"potentialAction\":[{\"@type\":\"ReadAction\",\"target\":[\"https:\\\/\\\/skin-heal.com\\\/product\\\/juvederm-voluma-with-lidocaine-2x1ml\\\/\"]}]},{\"@type\":\"ImageObject\",\"inLanguage\":\"es\",\"@id\":\"https:\\\/\\\/skin-heal.com\\\/product\\\/juvederm-voluma-with-lidocaine-2x1ml\\\/#primaryimage\",\"url\":\"https:\\\/\\\/skin-heal.com\\\/wp-content\\\/uploads\\\/2018\\\/11\\\/Juvederm-Voluma.jpg\",\"contentUrl\":\"https:\\\/\\\/skin-heal.com\\\/wp-content\\\/uploads\\\/2018\\\/11\\\/Juvederm-Voluma.jpg\",\"width\":600,\"height\":600,\"caption\":\"Juvederm Voluma\"},{\"@type\":\"BreadcrumbList\",\"@id\":\"https:\\\/\\\/skin-heal.com\\\/product\\\/juvederm-voluma-with-lidocaine-2x1ml\\\/#breadcrumb\",\"itemListElement\":[{\"@type\":\"ListItem\",\"position\":1,\"name\":\"Home\",\"item\":\"https:\\\/\\\/skin-heal.com\\\/\"},{\"@type\":\"ListItem\",\"position\":2,\"name\":\"Store\",\"item\":\"https:\\\/\\\/skin-heal.com\\\/store\\\/\"},{\"@type\":\"ListItem\",\"position\":3,\"name\":\"Juvederm Voluma with Lidocaine (2x1ml)\"}]},{\"@type\":\"WebSite\",\"@id\":\"https:\\\/\\\/skin-heal.com\\\/#website\",\"url\":\"https:\\\/\\\/skin-heal.com\\\/\",\"name\":\"Skin Heal\",\"description\":\"Lowest Prices for Dermal Fillers\",\"potentialAction\":[{\"@type\":\"SearchAction\",\"target\":{\"@type\":\"EntryPoint\",\"urlTemplate\":\"https:\\\/\\\/skin-heal.com\\\/?s={search_term_string}\"},\"query-input\":{\"@type\":\"PropertyValueSpecification\",\"valueRequired\":true,\"valueName\":\"search_term_string\"}}],\"inLanguage\":\"es\"}]}<\/script>\n<!-- \/ Yoast SEO plugin. -->","yoast_head_json":{"title":"Juvederm Voluma con Lidoca\u00edna (2x1ml) - Skin Heal","description":"El relleno d\u00e9rmico Juvederm Voluma, aprobado por la FDA, es perfecto para el aumento de p\u00f3mulos y la restauraci\u00f3n de la p\u00e9rdida de volumen facial asociada a la edad. Cumple los requisitos de seguridad.","robots":{"index":"index","follow":"follow","max-snippet":"max-snippet:-1","max-image-preview":"max-image-preview:large","max-video-preview":"max-video-preview:-1"},"canonical":"https:\/\/skin-heal.com\/es\/producto\/juvederm-voluma-with-lidocaine-2x1ml\/","og_locale":"es_MX","og_type":"article","og_title":"Juvederm Voluma with Lidocaine (2x1ml) - Skin Heal","og_description":"FDA-approved dermal filler Juvederm Voluma is perfect for cheek augmentation and restoration of age-rated facial volume loss. It meets safety requirements.","og_url":"https:\/\/skin-heal.com\/es\/producto\/juvederm-voluma-with-lidocaine-2x1ml\/","og_site_name":"Skin Heal","article_modified_time":"2022-12-16T16:23:38+00:00","og_image":[{"width":600,"height":600,"url":"https:\/\/cdn.skin-heal.com\/wp-content\/uploads\/2018\/11\/Juvederm-Voluma.jpg","type":"image\/jpeg"}],"twitter_card":"summary_large_image","twitter_misc":{"Tiempo de lectura":"1 minuto"},"schema":{"@context":"https:\/\/schema.org","@graph":[{"@type":"WebPage","@id":"https:\/\/skin-heal.com\/product\/juvederm-voluma-with-lidocaine-2x1ml\/","url":"https:\/\/skin-heal.com\/product\/juvederm-voluma-with-lidocaine-2x1ml\/","name":"Juvederm Voluma con Lidoca\u00edna (2x1ml) - Skin Heal","isPartOf":{"@id":"https:\/\/skin-heal.com\/#website"},"primaryImageOfPage":{"@id":"https:\/\/skin-heal.com\/product\/juvederm-voluma-with-lidocaine-2x1ml\/#primaryimage"},"image":{"@id":"https:\/\/skin-heal.com\/product\/juvederm-voluma-with-lidocaine-2x1ml\/#primaryimage"},"thumbnailUrl":"https:\/\/cdn.skin-heal.com\/wp-content\/uploads\/2018\/11\/Juvederm-Voluma.jpg","datePublished":"2018-11-30T10:58:56+00:00","dateModified":"2022-12-16T16:23:38+00:00","description":"El relleno d\u00e9rmico Juvederm Voluma, aprobado por la FDA, es perfecto para el aumento de p\u00f3mulos y la restauraci\u00f3n de la p\u00e9rdida de volumen facial asociada a la edad. Cumple los requisitos de seguridad.","breadcrumb":{"@id":"https:\/\/skin-heal.com\/product\/juvederm-voluma-with-lidocaine-2x1ml\/#breadcrumb"},"inLanguage":"es","potentialAction":[{"@type":"ReadAction","target":["https:\/\/skin-heal.com\/product\/juvederm-voluma-with-lidocaine-2x1ml\/"]}]},{"@type":"ImageObject","inLanguage":"es","@id":"https:\/\/skin-heal.com\/product\/juvederm-voluma-with-lidocaine-2x1ml\/#primaryimage","url":"https:\/\/cdn.skin-heal.com\/wp-content\/uploads\/2018\/11\/Juvederm-Voluma.jpg","contentUrl":"https:\/\/cdn.skin-heal.com\/wp-content\/uploads\/2018\/11\/Juvederm-Voluma.jpg","width":600,"height":600,"caption":"Juvederm Voluma"},{"@type":"BreadcrumbList","@id":"https:\/\/skin-heal.com\/product\/juvederm-voluma-with-lidocaine-2x1ml\/#breadcrumb","itemListElement":[{"@type":"ListItem","position":1,"name":"Home","item":"https:\/\/skin-heal.com\/"},{"@type":"ListItem","position":2,"name":"Store","item":"https:\/\/skin-heal.com\/store\/"},{"@type":"ListItem","position":3,"name":"Juvederm Voluma with Lidocaine (2x1ml)"}]},{"@type":"WebSite","@id":"https:\/\/skin-heal.com\/#website","url":"https:\/\/skin-heal.com\/","name":"Curaci\u00f3n de la piel","description":"Los precios m\u00e1s bajos para los rellenos d\u00e9rmicos","potentialAction":[{"@type":"SearchAction","target":{"@type":"EntryPoint","urlTemplate":"https:\/\/skin-heal.com\/?s={search_term_string}"},"query-input":{"@type":"PropertyValueSpecification","valueRequired":true,"valueName":"search_term_string"}}],"inLanguage":"es"}]}},"_links":{"self":[{"href":"https:\/\/skin-heal.com\/es\/wp-json\/wp\/v2\/product\/914","targetHints":{"allow":["GET"]}}],"collection":[{"href":"https:\/\/skin-heal.com\/es\/wp-json\/wp\/v2\/product"}],"about":[{"href":"https:\/\/skin-heal.com\/es\/wp-json\/wp\/v2\/types\/product"}],"wp:featuredmedia":[{"embeddable":true,"href":"https:\/\/skin-heal.com\/es\/wp-json\/wp\/v2\/media\/924"}],"wp:attachment":[{"href":"https:\/\/skin-heal.com\/es\/wp-json\/wp\/v2\/media?parent=914"}],"wp:term":[{"taxonomy":"product_brand","embeddable":true,"href":"https:\/\/skin-heal.com\/es\/wp-json\/wp\/v2\/product_brand?post=914"},{"taxonomy":"product_cat","embeddable":true,"href":"https:\/\/skin-heal.com\/es\/wp-json\/wp\/v2\/product_cat?post=914"},{"taxonomy":"product_tag","embeddable":true,"href":"https:\/\/skin-heal.com\/es\/wp-json\/wp\/v2\/product_tag?post=914"}],"curies":[{"name":"wp","href":"https:\/\/api.w.org\/{rel}","templated":true}]}}