{"id":915,"date":"2018-11-30T10:59:20","date_gmt":"2018-11-30T08:59:20","guid":{"rendered":"https:\/\/skin-heal.com\/?post_type=product&#038;p=915"},"modified":"2023-02-27T14:37:00","modified_gmt":"2023-02-27T12:37:00","slug":"juvederm-ultra-smile-2x0-55ml","status":"publish","type":"product","link":"https:\/\/skin-heal.com\/es\/producto\/juvederm-ultra-smile-2x0-55ml\/","title":{"rendered":"Juvederm Ultra Smile (2\u00d70,55ml)"},"content":{"rendered":"<h3>Indicaciones<\/h3>\n<ul>\n<li>Mejora de los labios<\/li>\n<li>Redefinir la forma de los labios<\/li>\n<li>Mejorar la textura de los labios<\/li>\n<li>Corregir las l\u00edneas finas alrededor de la boca (especialmente las causadas por fruncir el ce\u00f1o, beber con pajita, fumar, etc.)<\/li>\n<\/ul>\n<p>Fabricado por Allergan, Juvederm ULTRA Smile es un relleno de labios con infusi\u00f3n de lidoca\u00edna que se basa en el popular relleno inyectable ULTRA 3 de la empresa. Por lo tanto, ofrece resultados duraderos y de aspecto natural. El \u00e1cido hialur\u00f3nico que contiene tiene una concentraci\u00f3n de 24mg\/ml y el propio gel inyectable se presenta en 2 jeringas de 0,55ml. Tambi\u00e9n se incluyen dos jeringas de 30G 1\/2\" en cada paquete.<\/p>\n<h3>\u00bfPor qu\u00e9 Juvederm ULTRA Smile se centra principalmente en los labios?<\/h3>\n<p>Los labios son la parte m\u00e1s m\u00f3vil, flexible y delicada del rostro. Por ese motivo, elaborar un relleno d\u00e9rmico de calidad para esa zona espec\u00edfica puede ser todo un reto. Allergan ha conseguido crear un producto de larga duraci\u00f3n (hasta 12 meses) que tiene una textura adecuada para este tipo de tratamiento de relleno: limita la migraci\u00f3n del gel, ofreciendo resultados est\u00e9ticamente atractivos y naturales.<\/p>\n<p>Juvederm ULTRA Smile puede equilibrar el volumen y las proporciones de los labios inferiores y superiores, as\u00ed como combatir diversos signos de envejecimiento que afectan a los labios y a la piel que los rodea.<\/p>","protected":false},"excerpt":{"rendered":"<p>Juvederm ULTRA Smile es un relleno de labios de primera calidad que contiene \u00e1cido hialur\u00f3nico altamente reticulado. La raz\u00f3n por la que su nombre contiene la palabra \"sonrisa\" y no \"labios\" es porque este refinado producto cosm\u00e9tico se dirige no s\u00f3lo a los labios, sino tambi\u00e9n a la piel de alrededor de la boca, ofreciendo resultados m\u00e1s completos que permanecen visibles hasta 12 meses. Los tratamientos de aumento de volumen de los labios realizados con \u00e9l mejoran el contorno, la forma y el volumen de los labios, entre otras cosas.<\/p>","protected":false},"featured_media":925,"template":"","meta":[],"product_brand":[],"product_cat":[69,79,47,144],"product_tag":[145],"class_list":{"0":"post-915","1":"product","2":"type-product","3":"status-publish","4":"has-post-thumbnail","6":"product_cat-allergan","7":"product_cat-dermal-fillers","8":"product_cat-juvederm","9":"product_cat-holiday-mega-sale","10":"product_tag-5off","11":"clearfix","13":"first","14":"instock","15":"sale","16":"taxable","17":"shipping-taxable","18":"product-type-simple"},"yoast_head":"<!-- This site is optimized with the Yoast SEO plugin v27.3 - https:\/\/yoast.com\/product\/yoast-seo-wordpress\/ -->\n<title>Juvederm Ultra Smile (2x0.55ml) - Skin Heal<\/title>\n<meta name=\"description\" content=\"Buy Juvederm ULTRA Smile and you will get a revolutionary lip filler that is able to enhance lip volume and correct fine lines around the mouth.\" \/>\n<meta name=\"robots\" content=\"index, follow, max-snippet:-1, max-image-preview:large, max-video-preview:-1\" \/>\n<link rel=\"canonical\" href=\"https:\/\/skin-heal.com\/es\/producto\/juvederm-ultra-smile-2x0-55ml\/\" \/>\n<meta property=\"og:locale\" content=\"es_MX\" \/>\n<meta property=\"og:type\" content=\"article\" \/>\n<meta property=\"og:title\" content=\"Juvederm Ultra Smile (2x0.55ml) - Skin Heal\" \/>\n<meta property=\"og:description\" content=\"Buy Juvederm ULTRA Smile and you will get a revolutionary lip filler that is able to enhance lip volume and correct fine lines around the mouth.\" \/>\n<meta property=\"og:url\" content=\"https:\/\/skin-heal.com\/es\/producto\/juvederm-ultra-smile-2x0-55ml\/\" \/>\n<meta property=\"og:site_name\" content=\"Skin Heal\" \/>\n<meta property=\"article:modified_time\" content=\"2023-02-27T12:37:00+00:00\" \/>\n<meta property=\"og:image\" content=\"https:\/\/cdn.skin-heal.com\/wp-content\/uploads\/2018\/11\/Juvederm-Ultra-Smile.jpg\" \/>\n\t<meta property=\"og:image:width\" content=\"600\" \/>\n\t<meta property=\"og:image:height\" content=\"600\" \/>\n\t<meta property=\"og:image:type\" content=\"image\/jpeg\" \/>\n<meta name=\"twitter:card\" content=\"summary_large_image\" \/>\n<meta name=\"twitter:label1\" content=\"Tiempo de lectura\" \/>\n\t<meta name=\"twitter:data1\" content=\"1 minuto\" \/>\n<script type=\"application\/ld+json\" class=\"yoast-schema-graph\">{\"@context\":\"https:\\\/\\\/schema.org\",\"@graph\":[{\"@type\":\"WebPage\",\"@id\":\"https:\\\/\\\/skin-heal.com\\\/product\\\/juvederm-ultra-smile-2x0-55ml\\\/\",\"url\":\"https:\\\/\\\/skin-heal.com\\\/product\\\/juvederm-ultra-smile-2x0-55ml\\\/\",\"name\":\"Juvederm Ultra Smile (2x0.55ml) - Skin Heal\",\"isPartOf\":{\"@id\":\"https:\\\/\\\/skin-heal.com\\\/#website\"},\"primaryImageOfPage\":{\"@id\":\"https:\\\/\\\/skin-heal.com\\\/product\\\/juvederm-ultra-smile-2x0-55ml\\\/#primaryimage\"},\"image\":{\"@id\":\"https:\\\/\\\/skin-heal.com\\\/product\\\/juvederm-ultra-smile-2x0-55ml\\\/#primaryimage\"},\"thumbnailUrl\":\"https:\\\/\\\/skin-heal.com\\\/wp-content\\\/uploads\\\/2018\\\/11\\\/Juvederm-Ultra-Smile.jpg\",\"datePublished\":\"2018-11-30T08:59:20+00:00\",\"dateModified\":\"2023-02-27T12:37:00+00:00\",\"description\":\"Buy Juvederm ULTRA Smile and you will get a revolutionary lip filler that is able to enhance lip volume and correct fine lines around the mouth.\",\"breadcrumb\":{\"@id\":\"https:\\\/\\\/skin-heal.com\\\/product\\\/juvederm-ultra-smile-2x0-55ml\\\/#breadcrumb\"},\"inLanguage\":\"es\",\"potentialAction\":[{\"@type\":\"ReadAction\",\"target\":[\"https:\\\/\\\/skin-heal.com\\\/product\\\/juvederm-ultra-smile-2x0-55ml\\\/\"]}]},{\"@type\":\"ImageObject\",\"inLanguage\":\"es\",\"@id\":\"https:\\\/\\\/skin-heal.com\\\/product\\\/juvederm-ultra-smile-2x0-55ml\\\/#primaryimage\",\"url\":\"https:\\\/\\\/skin-heal.com\\\/wp-content\\\/uploads\\\/2018\\\/11\\\/Juvederm-Ultra-Smile.jpg\",\"contentUrl\":\"https:\\\/\\\/skin-heal.com\\\/wp-content\\\/uploads\\\/2018\\\/11\\\/Juvederm-Ultra-Smile.jpg\",\"width\":600,\"height\":600,\"caption\":\"Juvederm Ultra Smile\"},{\"@type\":\"BreadcrumbList\",\"@id\":\"https:\\\/\\\/skin-heal.com\\\/product\\\/juvederm-ultra-smile-2x0-55ml\\\/#breadcrumb\",\"itemListElement\":[{\"@type\":\"ListItem\",\"position\":1,\"name\":\"Home\",\"item\":\"https:\\\/\\\/skin-heal.com\\\/\"},{\"@type\":\"ListItem\",\"position\":2,\"name\":\"Store\",\"item\":\"https:\\\/\\\/skin-heal.com\\\/store\\\/\"},{\"@type\":\"ListItem\",\"position\":3,\"name\":\"Juvederm Ultra Smile (2&#215;0.55ml)\"}]},{\"@type\":\"WebSite\",\"@id\":\"https:\\\/\\\/skin-heal.com\\\/#website\",\"url\":\"https:\\\/\\\/skin-heal.com\\\/\",\"name\":\"Skin Heal\",\"description\":\"Lowest Prices for Dermal Fillers\",\"potentialAction\":[{\"@type\":\"SearchAction\",\"target\":{\"@type\":\"EntryPoint\",\"urlTemplate\":\"https:\\\/\\\/skin-heal.com\\\/?s={search_term_string}\"},\"query-input\":{\"@type\":\"PropertyValueSpecification\",\"valueRequired\":true,\"valueName\":\"search_term_string\"}}],\"inLanguage\":\"es\"}]}<\/script>\n<!-- \/ Yoast SEO plugin. -->","yoast_head_json":{"title":"Juvederm Ultra Smile (2x0.55ml) - Skin Heal","description":"Compre Juvederm ULTRA Smile y obtendr\u00e1 un revolucionario relleno labial capaz de aumentar el volumen de los labios y corregir las l\u00edneas finas alrededor de la boca.","robots":{"index":"index","follow":"follow","max-snippet":"max-snippet:-1","max-image-preview":"max-image-preview:large","max-video-preview":"max-video-preview:-1"},"canonical":"https:\/\/skin-heal.com\/es\/producto\/juvederm-ultra-smile-2x0-55ml\/","og_locale":"es_MX","og_type":"article","og_title":"Juvederm Ultra Smile (2x0.55ml) - Skin Heal","og_description":"Buy Juvederm ULTRA Smile and you will get a revolutionary lip filler that is able to enhance lip volume and correct fine lines around the mouth.","og_url":"https:\/\/skin-heal.com\/es\/producto\/juvederm-ultra-smile-2x0-55ml\/","og_site_name":"Skin Heal","article_modified_time":"2023-02-27T12:37:00+00:00","og_image":[{"width":600,"height":600,"url":"https:\/\/cdn.skin-heal.com\/wp-content\/uploads\/2018\/11\/Juvederm-Ultra-Smile.jpg","type":"image\/jpeg"}],"twitter_card":"summary_large_image","twitter_misc":{"Tiempo de lectura":"1 minuto"},"schema":{"@context":"https:\/\/schema.org","@graph":[{"@type":"WebPage","@id":"https:\/\/skin-heal.com\/product\/juvederm-ultra-smile-2x0-55ml\/","url":"https:\/\/skin-heal.com\/product\/juvederm-ultra-smile-2x0-55ml\/","name":"Juvederm Ultra Smile (2x0.55ml) - Skin Heal","isPartOf":{"@id":"https:\/\/skin-heal.com\/#website"},"primaryImageOfPage":{"@id":"https:\/\/skin-heal.com\/product\/juvederm-ultra-smile-2x0-55ml\/#primaryimage"},"image":{"@id":"https:\/\/skin-heal.com\/product\/juvederm-ultra-smile-2x0-55ml\/#primaryimage"},"thumbnailUrl":"https:\/\/cdn.skin-heal.com\/wp-content\/uploads\/2018\/11\/Juvederm-Ultra-Smile.jpg","datePublished":"2018-11-30T08:59:20+00:00","dateModified":"2023-02-27T12:37:00+00:00","description":"Compre Juvederm ULTRA Smile y obtendr\u00e1 un revolucionario relleno labial capaz de aumentar el volumen de los labios y corregir las l\u00edneas finas alrededor de la boca.","breadcrumb":{"@id":"https:\/\/skin-heal.com\/product\/juvederm-ultra-smile-2x0-55ml\/#breadcrumb"},"inLanguage":"es","potentialAction":[{"@type":"ReadAction","target":["https:\/\/skin-heal.com\/product\/juvederm-ultra-smile-2x0-55ml\/"]}]},{"@type":"ImageObject","inLanguage":"es","@id":"https:\/\/skin-heal.com\/product\/juvederm-ultra-smile-2x0-55ml\/#primaryimage","url":"https:\/\/cdn.skin-heal.com\/wp-content\/uploads\/2018\/11\/Juvederm-Ultra-Smile.jpg","contentUrl":"https:\/\/cdn.skin-heal.com\/wp-content\/uploads\/2018\/11\/Juvederm-Ultra-Smile.jpg","width":600,"height":600,"caption":"Juvederm Ultra Smile"},{"@type":"BreadcrumbList","@id":"https:\/\/skin-heal.com\/product\/juvederm-ultra-smile-2x0-55ml\/#breadcrumb","itemListElement":[{"@type":"ListItem","position":1,"name":"Home","item":"https:\/\/skin-heal.com\/"},{"@type":"ListItem","position":2,"name":"Store","item":"https:\/\/skin-heal.com\/store\/"},{"@type":"ListItem","position":3,"name":"Juvederm Ultra Smile (2&#215;0.55ml)"}]},{"@type":"WebSite","@id":"https:\/\/skin-heal.com\/#website","url":"https:\/\/skin-heal.com\/","name":"Curaci\u00f3n de la piel","description":"Los precios m\u00e1s bajos para los rellenos d\u00e9rmicos","potentialAction":[{"@type":"SearchAction","target":{"@type":"EntryPoint","urlTemplate":"https:\/\/skin-heal.com\/?s={search_term_string}"},"query-input":{"@type":"PropertyValueSpecification","valueRequired":true,"valueName":"search_term_string"}}],"inLanguage":"es"}]}},"_links":{"self":[{"href":"https:\/\/skin-heal.com\/es\/wp-json\/wp\/v2\/product\/915","targetHints":{"allow":["GET"]}}],"collection":[{"href":"https:\/\/skin-heal.com\/es\/wp-json\/wp\/v2\/product"}],"about":[{"href":"https:\/\/skin-heal.com\/es\/wp-json\/wp\/v2\/types\/product"}],"wp:featuredmedia":[{"embeddable":true,"href":"https:\/\/skin-heal.com\/es\/wp-json\/wp\/v2\/media\/925"}],"wp:attachment":[{"href":"https:\/\/skin-heal.com\/es\/wp-json\/wp\/v2\/media?parent=915"}],"wp:term":[{"taxonomy":"product_brand","embeddable":true,"href":"https:\/\/skin-heal.com\/es\/wp-json\/wp\/v2\/product_brand?post=915"},{"taxonomy":"product_cat","embeddable":true,"href":"https:\/\/skin-heal.com\/es\/wp-json\/wp\/v2\/product_cat?post=915"},{"taxonomy":"product_tag","embeddable":true,"href":"https:\/\/skin-heal.com\/es\/wp-json\/wp\/v2\/product_tag?post=915"}],"curies":[{"name":"wp","href":"https:\/\/api.w.org\/{rel}","templated":true}]}}