{"id":928,"date":"2018-12-03T14:50:33","date_gmt":"2018-12-03T14:50:33","guid":{"rendered":"https:\/\/skin-heal.com\/?post_type=product&#038;p=928"},"modified":"2020-04-16T13:28:14","modified_gmt":"2020-04-16T13:28:14","slug":"surgiderm-24-xp-2x0-8ml","status":"publish","type":"product","link":"https:\/\/skin-heal.com\/es\/producto\/surgiderm-24-xp-2x0-8ml\/","title":{"rendered":"Surgiderm 24 XP (2\u00d70,8ml)"},"content":{"rendered":"<h3>\u00bfPor qu\u00e9 elegir Surgiderm 24XP?<\/h3>\n<p>Este fiable relleno de la piel tiene una impresionante concentraci\u00f3n de \u00e1cido hialur\u00f3nico en su estructura, lo que se desprende de su nombre: 24mg\/ml. Como resultado, la piel tratada con \u00e9l disfrutar\u00e1 de un r\u00e1pido impulso de hidrataci\u00f3n porque esa es la principal propiedad del AH - un componente que existe naturalmente en el cuerpo humano. Pero esta no es la \u00fanica ventaja de Surgiderm 24XP, ya que este producto est\u00e1 hecho de un gel inyectable que tiene una textura m\u00e1s firme, m\u00e1s tensa y m\u00e1s resistente que otros inyectables de esta clase. Para fabricar este gel \u00fanico, los desarrolladores de este producto (Corneal Group, que ahora forma parte de Allergan) han utilizado la tecnolog\u00eda patentada 3D Hyaluronic Acid Matrix. Gracias a ella, los efectos del tratamiento son m\u00e1s duraderos. Una sesi\u00f3n realizada con \u00e9l es suficiente para ofrecer a los pacientes resultados de aspecto excepcionalmente natural durante 9-12 meses. Este dispositivo m\u00e9dico profesional tambi\u00e9n cumple con todas las normas internacionales de seguridad, salud y calidad. No contiene ingredientes de origen animal y es totalmente biodegradable.<\/p>\n<h3>Beneficios principales<\/h3>\n<ul>\n<li>Resultados duraderos<\/li>\n<li>Alta biocompatibilidad<\/li>\n<li>Calidad superior<\/li>\n<li>Los efectos son instant\u00e1neos<\/li>\n<\/ul>\n<p>Surgiderm 24XP puede inyectarse en diferentes zonas del rostro: mejillas, labios, regiones periorales y periorbitales, ment\u00f3n y p\u00f3mulos. Ofrece una r\u00e1pida correcci\u00f3n de las arrugas moderadas y profundas y es tambi\u00e9n un excelente producto para el aumento del borde del bermell\u00f3n.<\/p>","protected":false},"excerpt":{"rendered":"<p>Surgiderm 24XP se basa en una innovadora tecnolog\u00eda de matriz de \u00e1cido hialur\u00f3nico 3D para ofrecer una eliminaci\u00f3n duradera de las arrugas y las l\u00edneas. Este relleno d\u00e9rmico de calidad se disuelve a un ritmo m\u00e1s lento en comparaci\u00f3n con muchos de sus competidores y puede rellenar las arrugas faciales de moderadas a severas o dar a los pacientes un puchero m\u00e1s juvenil cuando se utiliza para la mejora del borde del bermell\u00f3n.<\/p>","protected":false},"featured_media":935,"template":"","meta":[],"product_brand":[],"product_cat":[69,79,81],"product_tag":[],"class_list":{"0":"post-928","1":"product","2":"type-product","3":"status-publish","4":"has-post-thumbnail","6":"product_cat-allergan","7":"product_cat-dermal-fillers","8":"product_cat-surgiderm","9":"clearfix","11":"first","12":"outofstock","13":"taxable","14":"shipping-taxable","15":"purchasable","16":"product-type-simple"},"yoast_head":"<!-- This site is optimized with the Yoast SEO plugin v27.4 - https:\/\/yoast.com\/product\/yoast-seo-wordpress\/ -->\n<title>Surgiderm 24 XP (2x0.8ml) - Skin Heal<\/title>\n<meta name=\"description\" content=\"Buy Surgiderm 24XP \u2013 a highly concentrated HA skin filler that instantly fills moderate to severe wrinkles and effectively enhances the vermillion border.\" \/>\n<meta name=\"robots\" content=\"index, follow, max-snippet:-1, max-image-preview:large, max-video-preview:-1\" \/>\n<link rel=\"canonical\" href=\"https:\/\/skin-heal.com\/es\/producto\/surgiderm-24-xp-2x0-8ml\/\" \/>\n<meta property=\"og:locale\" content=\"es_MX\" \/>\n<meta property=\"og:type\" content=\"article\" \/>\n<meta property=\"og:title\" content=\"Surgiderm 24 XP (2x0.8ml) - Skin Heal\" \/>\n<meta property=\"og:description\" content=\"Buy Surgiderm 24XP \u2013 a highly concentrated HA skin filler that instantly fills moderate to severe wrinkles and effectively enhances the vermillion border.\" \/>\n<meta property=\"og:url\" content=\"https:\/\/skin-heal.com\/es\/producto\/surgiderm-24-xp-2x0-8ml\/\" \/>\n<meta property=\"og:site_name\" content=\"Skin Heal\" \/>\n<meta property=\"article:modified_time\" content=\"2020-04-16T13:28:14+00:00\" \/>\n<meta property=\"og:image\" content=\"https:\/\/cdn.skin-heal.com\/wp-content\/uploads\/2018\/12\/Surgiderm-24-XP.jpg\" \/>\n\t<meta property=\"og:image:width\" content=\"600\" \/>\n\t<meta property=\"og:image:height\" content=\"600\" \/>\n\t<meta property=\"og:image:type\" content=\"image\/jpeg\" \/>\n<meta name=\"twitter:card\" content=\"summary_large_image\" \/>\n<meta name=\"twitter:label1\" content=\"Tiempo de lectura\" \/>\n\t<meta name=\"twitter:data1\" content=\"1 minuto\" \/>\n<script type=\"application\/ld+json\" class=\"yoast-schema-graph\">{\"@context\":\"https:\\\/\\\/schema.org\",\"@graph\":[{\"@type\":\"WebPage\",\"@id\":\"https:\\\/\\\/skin-heal.com\\\/product\\\/surgiderm-24-xp-2x0-8ml\\\/\",\"url\":\"https:\\\/\\\/skin-heal.com\\\/product\\\/surgiderm-24-xp-2x0-8ml\\\/\",\"name\":\"Surgiderm 24 XP (2x0.8ml) - Skin Heal\",\"isPartOf\":{\"@id\":\"https:\\\/\\\/skin-heal.com\\\/#website\"},\"primaryImageOfPage\":{\"@id\":\"https:\\\/\\\/skin-heal.com\\\/product\\\/surgiderm-24-xp-2x0-8ml\\\/#primaryimage\"},\"image\":{\"@id\":\"https:\\\/\\\/skin-heal.com\\\/product\\\/surgiderm-24-xp-2x0-8ml\\\/#primaryimage\"},\"thumbnailUrl\":\"https:\\\/\\\/skin-heal.com\\\/wp-content\\\/uploads\\\/2018\\\/12\\\/Surgiderm-24-XP.jpg\",\"datePublished\":\"2018-12-03T14:50:33+00:00\",\"dateModified\":\"2020-04-16T13:28:14+00:00\",\"description\":\"Buy Surgiderm 24XP \u2013 a highly concentrated HA skin filler that instantly fills moderate to severe wrinkles and effectively enhances the vermillion border.\",\"breadcrumb\":{\"@id\":\"https:\\\/\\\/skin-heal.com\\\/product\\\/surgiderm-24-xp-2x0-8ml\\\/#breadcrumb\"},\"inLanguage\":\"es\",\"potentialAction\":[{\"@type\":\"ReadAction\",\"target\":[\"https:\\\/\\\/skin-heal.com\\\/product\\\/surgiderm-24-xp-2x0-8ml\\\/\"]}]},{\"@type\":\"ImageObject\",\"inLanguage\":\"es\",\"@id\":\"https:\\\/\\\/skin-heal.com\\\/product\\\/surgiderm-24-xp-2x0-8ml\\\/#primaryimage\",\"url\":\"https:\\\/\\\/skin-heal.com\\\/wp-content\\\/uploads\\\/2018\\\/12\\\/Surgiderm-24-XP.jpg\",\"contentUrl\":\"https:\\\/\\\/skin-heal.com\\\/wp-content\\\/uploads\\\/2018\\\/12\\\/Surgiderm-24-XP.jpg\",\"width\":600,\"height\":600,\"caption\":\"Surgiderm 24 XP\"},{\"@type\":\"BreadcrumbList\",\"@id\":\"https:\\\/\\\/skin-heal.com\\\/product\\\/surgiderm-24-xp-2x0-8ml\\\/#breadcrumb\",\"itemListElement\":[{\"@type\":\"ListItem\",\"position\":1,\"name\":\"Home\",\"item\":\"https:\\\/\\\/skin-heal.com\\\/\"},{\"@type\":\"ListItem\",\"position\":2,\"name\":\"Store\",\"item\":\"https:\\\/\\\/skin-heal.com\\\/store\\\/\"},{\"@type\":\"ListItem\",\"position\":3,\"name\":\"Surgiderm 24 XP (2&#215;0.8ml)\"}]},{\"@type\":\"WebSite\",\"@id\":\"https:\\\/\\\/skin-heal.com\\\/#website\",\"url\":\"https:\\\/\\\/skin-heal.com\\\/\",\"name\":\"Skin Heal\",\"description\":\"Lowest Prices for Dermal Fillers\",\"potentialAction\":[{\"@type\":\"SearchAction\",\"target\":{\"@type\":\"EntryPoint\",\"urlTemplate\":\"https:\\\/\\\/skin-heal.com\\\/?s={search_term_string}\"},\"query-input\":{\"@type\":\"PropertyValueSpecification\",\"valueRequired\":true,\"valueName\":\"search_term_string\"}}],\"inLanguage\":\"es\"}]}<\/script>\n<!-- \/ Yoast SEO plugin. -->","yoast_head_json":{"title":"Surgiderm 24 XP (2x0,8ml) - Skin Heal","description":"Comprar Surgiderm 24XP - un relleno cut\u00e1neo de HA altamente concentrado que rellena instant\u00e1neamente las arrugas de moderadas a severas y realza eficazmente el borde bermell\u00f3n.","robots":{"index":"index","follow":"follow","max-snippet":"max-snippet:-1","max-image-preview":"max-image-preview:large","max-video-preview":"max-video-preview:-1"},"canonical":"https:\/\/skin-heal.com\/es\/producto\/surgiderm-24-xp-2x0-8ml\/","og_locale":"es_MX","og_type":"article","og_title":"Surgiderm 24 XP (2x0.8ml) - Skin Heal","og_description":"Buy Surgiderm 24XP \u2013 a highly concentrated HA skin filler that instantly fills moderate to severe wrinkles and effectively enhances the vermillion border.","og_url":"https:\/\/skin-heal.com\/es\/producto\/surgiderm-24-xp-2x0-8ml\/","og_site_name":"Skin Heal","article_modified_time":"2020-04-16T13:28:14+00:00","og_image":[{"width":600,"height":600,"url":"https:\/\/cdn.skin-heal.com\/wp-content\/uploads\/2018\/12\/Surgiderm-24-XP.jpg","type":"image\/jpeg"}],"twitter_card":"summary_large_image","twitter_misc":{"Tiempo de lectura":"1 minuto"},"schema":{"@context":"https:\/\/schema.org","@graph":[{"@type":"WebPage","@id":"https:\/\/skin-heal.com\/product\/surgiderm-24-xp-2x0-8ml\/","url":"https:\/\/skin-heal.com\/product\/surgiderm-24-xp-2x0-8ml\/","name":"Surgiderm 24 XP (2x0,8ml) - Skin Heal","isPartOf":{"@id":"https:\/\/skin-heal.com\/#website"},"primaryImageOfPage":{"@id":"https:\/\/skin-heal.com\/product\/surgiderm-24-xp-2x0-8ml\/#primaryimage"},"image":{"@id":"https:\/\/skin-heal.com\/product\/surgiderm-24-xp-2x0-8ml\/#primaryimage"},"thumbnailUrl":"https:\/\/cdn.skin-heal.com\/wp-content\/uploads\/2018\/12\/Surgiderm-24-XP.jpg","datePublished":"2018-12-03T14:50:33+00:00","dateModified":"2020-04-16T13:28:14+00:00","description":"Comprar Surgiderm 24XP - un relleno cut\u00e1neo de HA altamente concentrado que rellena instant\u00e1neamente las arrugas de moderadas a severas y realza eficazmente el borde bermell\u00f3n.","breadcrumb":{"@id":"https:\/\/skin-heal.com\/product\/surgiderm-24-xp-2x0-8ml\/#breadcrumb"},"inLanguage":"es","potentialAction":[{"@type":"ReadAction","target":["https:\/\/skin-heal.com\/product\/surgiderm-24-xp-2x0-8ml\/"]}]},{"@type":"ImageObject","inLanguage":"es","@id":"https:\/\/skin-heal.com\/product\/surgiderm-24-xp-2x0-8ml\/#primaryimage","url":"https:\/\/cdn.skin-heal.com\/wp-content\/uploads\/2018\/12\/Surgiderm-24-XP.jpg","contentUrl":"https:\/\/cdn.skin-heal.com\/wp-content\/uploads\/2018\/12\/Surgiderm-24-XP.jpg","width":600,"height":600,"caption":"Surgiderm 24 XP"},{"@type":"BreadcrumbList","@id":"https:\/\/skin-heal.com\/product\/surgiderm-24-xp-2x0-8ml\/#breadcrumb","itemListElement":[{"@type":"ListItem","position":1,"name":"Home","item":"https:\/\/skin-heal.com\/"},{"@type":"ListItem","position":2,"name":"Store","item":"https:\/\/skin-heal.com\/store\/"},{"@type":"ListItem","position":3,"name":"Surgiderm 24 XP (2&#215;0.8ml)"}]},{"@type":"WebSite","@id":"https:\/\/skin-heal.com\/#website","url":"https:\/\/skin-heal.com\/","name":"Curaci\u00f3n de la piel","description":"Los precios m\u00e1s bajos para los rellenos d\u00e9rmicos","potentialAction":[{"@type":"SearchAction","target":{"@type":"EntryPoint","urlTemplate":"https:\/\/skin-heal.com\/?s={search_term_string}"},"query-input":{"@type":"PropertyValueSpecification","valueRequired":true,"valueName":"search_term_string"}}],"inLanguage":"es"}]}},"_links":{"self":[{"href":"https:\/\/skin-heal.com\/es\/wp-json\/wp\/v2\/product\/928","targetHints":{"allow":["GET"]}}],"collection":[{"href":"https:\/\/skin-heal.com\/es\/wp-json\/wp\/v2\/product"}],"about":[{"href":"https:\/\/skin-heal.com\/es\/wp-json\/wp\/v2\/types\/product"}],"wp:featuredmedia":[{"embeddable":true,"href":"https:\/\/skin-heal.com\/es\/wp-json\/wp\/v2\/media\/935"}],"wp:attachment":[{"href":"https:\/\/skin-heal.com\/es\/wp-json\/wp\/v2\/media?parent=928"}],"wp:term":[{"taxonomy":"product_brand","embeddable":true,"href":"https:\/\/skin-heal.com\/es\/wp-json\/wp\/v2\/product_brand?post=928"},{"taxonomy":"product_cat","embeddable":true,"href":"https:\/\/skin-heal.com\/es\/wp-json\/wp\/v2\/product_cat?post=928"},{"taxonomy":"product_tag","embeddable":true,"href":"https:\/\/skin-heal.com\/es\/wp-json\/wp\/v2\/product_tag?post=928"}],"curies":[{"name":"wp","href":"https:\/\/api.w.org\/{rel}","templated":true}]}}