{"id":9310,"date":"2019-09-19T11:34:34","date_gmt":"2019-09-19T11:34:34","guid":{"rendered":"https:\/\/skin-heal.com\/?post_type=product&#038;p=9310"},"modified":"2021-03-30T12:12:11","modified_gmt":"2021-03-30T12:12:11","slug":"acnex-science-alpha-cleansing-foam-140ml","status":"publish","type":"product","link":"https:\/\/skin-heal.com\/es\/producto\/acnex-science-alpha-cleansing-foam-140ml\/","title":{"rendered":"Acnex Science Alpha Espuma Limpiadora 140ml"},"content":{"rendered":"<h3>Una espuma limpiadora fiable con un efecto calmante inmediato<\/h3>\n<p>La piel grasa puede dar lugar a diversos problemas y complicaciones cut\u00e1neas que incluyen desde una zona T brillante y poros obstruidos hasta un acn\u00e9 persistente e inflamaciones e irritaciones cut\u00e1neas dif\u00edciles de tratar. Teniendo en cuenta todo esto, Histolab ofrece <u>una innovadora espuma limpiadora<\/u> que realiza un excelente trabajo de limpieza de la piel y reduce la producci\u00f3n de sebo. Al mismo tiempo, ayuda a los pacientes a mejorar el aspecto de su piel mediante <em>Calmante e hidratante al instante<\/em> es. Incluso las personas con pieles muy sensibles pueden beneficiarse del uso de este recomendable producto cosm\u00e9tico porque no contiene alcohol, parabenos ni productos qu\u00edmicos. En cambio, est\u00e1 repleto de importantes nutrientes, vitaminas e ingredientes libres de riesgo, entre los que se encuentran:<\/p>\n<ul>\n<li>Saponina<\/li>\n<li>Agua floral de Nelumbo Nucifera<\/li>\n<li>Complejo SRGF H1 (compuesto por siete extractos de plantas)<\/li>\n<li>Extracto de hoja de hiedra<\/li>\n<li>Decyl-Glucoside<\/li>\n<\/ul>\n<h3>La mejor manera de utilizar Acnex Science Alpha Cleansing Foam<\/h3>\n<p>Antes de aplicar Acnex Science Alpha Cleansing Foam, limpie la piel. A continuaci\u00f3n, humedezca las manos y aplique un poco de esta espuma limpiadora optimizada sobre el rostro, evitando los ojos y la zona que los rodea. Retire el producto con agua tibia y seque el rostro con una toalla limpia, dando peque\u00f1os golpecitos en lugar de frotarlo. As\u00ed evitar\u00e1s irritar las zonas tratadas. Al tratarse de una soluci\u00f3n cosm\u00e9tica totalmente natural y respetuosa con la salud, es <u>seguro para el uso regular<\/u>.<\/p>","protected":false},"excerpt":{"rendered":"<p>Acnex Science Alpha Cleansing Foam 140ml de Histolab llega para poner fin a uno de los problemas de la piel m\u00e1s dif\u00edciles de tratar. <em>producci\u00f3n excesiva de sebo<\/em>. Gracias a su excepcional capacidad antiinflamatoria, destruye las bacterias y calma la piel. Este producto para el cuidado de la piel, que es uno de los m\u00e1s vendidos, tambi\u00e9n <strong>equilibrar y reducir los niveles de producci\u00f3n de petr\u00f3leo<\/strong> y proporcionan una limpieza profunda de la piel para garantizar que los pacientes disfruten de una existencia sin acn\u00e9. Skin Heal ofrece actualmente este producto a un precio de ganga.<\/p>","protected":false},"featured_media":9319,"template":"","meta":[],"product_brand":[],"product_cat":[87,113,114],"product_tag":[],"class_list":{"0":"post-9310","1":"product","2":"type-product","3":"status-publish","4":"has-post-thumbnail","6":"product_cat-cosmetics","7":"product_cat-histolab","8":"product_cat-medians","9":"clearfix","11":"first","12":"outofstock","13":"taxable","14":"shipping-taxable","15":"purchasable","16":"product-type-simple"},"yoast_head":"<!-- This site is optimized with the Yoast SEO plugin v27.4 - https:\/\/yoast.com\/product\/yoast-seo-wordpress\/ -->\n<title>Acnex Science Alpha Cleansing Foam 140ml - Skin Heal<\/title>\n<meta name=\"description\" content=\"Offered by Skin Heal, Acnex Science Alpha Cleansing Foam reduces skin\u2019s oil production levels. Acnex Science Alpha Cleansing Foam successfully treats acne.\" \/>\n<meta name=\"robots\" content=\"index, follow, max-snippet:-1, max-image-preview:large, max-video-preview:-1\" \/>\n<link rel=\"canonical\" href=\"https:\/\/skin-heal.com\/es\/producto\/acnex-science-alpha-cleansing-foam-140ml\/\" \/>\n<meta property=\"og:locale\" content=\"es_MX\" \/>\n<meta property=\"og:type\" content=\"article\" \/>\n<meta property=\"og:title\" content=\"Acnex Science Alpha Cleansing Foam 140ml - Skin Heal\" \/>\n<meta property=\"og:description\" content=\"Offered by Skin Heal, Acnex Science Alpha Cleansing Foam reduces skin\u2019s oil production levels. Acnex Science Alpha Cleansing Foam successfully treats acne.\" \/>\n<meta property=\"og:url\" content=\"https:\/\/skin-heal.com\/es\/producto\/acnex-science-alpha-cleansing-foam-140ml\/\" \/>\n<meta property=\"og:site_name\" content=\"Skin Heal\" \/>\n<meta property=\"article:modified_time\" content=\"2021-03-30T12:12:11+00:00\" \/>\n<meta property=\"og:image\" content=\"https:\/\/cdn.skin-heal.com\/wp-content\/uploads\/2019\/09\/Alpha-Cleansing-Foam.jpg\" \/>\n\t<meta property=\"og:image:width\" content=\"600\" \/>\n\t<meta property=\"og:image:height\" content=\"600\" \/>\n\t<meta property=\"og:image:type\" content=\"image\/jpeg\" \/>\n<meta name=\"twitter:card\" content=\"summary_large_image\" \/>\n<meta name=\"twitter:label1\" content=\"Tiempo de lectura\" \/>\n\t<meta name=\"twitter:data1\" content=\"1 minuto\" \/>\n<script type=\"application\/ld+json\" class=\"yoast-schema-graph\">{\"@context\":\"https:\\\/\\\/schema.org\",\"@graph\":[{\"@type\":\"WebPage\",\"@id\":\"https:\\\/\\\/skin-heal.com\\\/product\\\/acnex-science-alpha-cleansing-foam-140ml\\\/\",\"url\":\"https:\\\/\\\/skin-heal.com\\\/product\\\/acnex-science-alpha-cleansing-foam-140ml\\\/\",\"name\":\"Acnex Science Alpha Cleansing Foam 140ml - Skin Heal\",\"isPartOf\":{\"@id\":\"https:\\\/\\\/skin-heal.com\\\/#website\"},\"primaryImageOfPage\":{\"@id\":\"https:\\\/\\\/skin-heal.com\\\/product\\\/acnex-science-alpha-cleansing-foam-140ml\\\/#primaryimage\"},\"image\":{\"@id\":\"https:\\\/\\\/skin-heal.com\\\/product\\\/acnex-science-alpha-cleansing-foam-140ml\\\/#primaryimage\"},\"thumbnailUrl\":\"https:\\\/\\\/skin-heal.com\\\/wp-content\\\/uploads\\\/2019\\\/09\\\/Alpha-Cleansing-Foam.jpg\",\"datePublished\":\"2019-09-19T11:34:34+00:00\",\"dateModified\":\"2021-03-30T12:12:11+00:00\",\"description\":\"Offered by Skin Heal, Acnex Science Alpha Cleansing Foam reduces skin\u2019s oil production levels. Acnex Science Alpha Cleansing Foam successfully treats acne.\",\"breadcrumb\":{\"@id\":\"https:\\\/\\\/skin-heal.com\\\/product\\\/acnex-science-alpha-cleansing-foam-140ml\\\/#breadcrumb\"},\"inLanguage\":\"es\",\"potentialAction\":[{\"@type\":\"ReadAction\",\"target\":[\"https:\\\/\\\/skin-heal.com\\\/product\\\/acnex-science-alpha-cleansing-foam-140ml\\\/\"]}]},{\"@type\":\"ImageObject\",\"inLanguage\":\"es\",\"@id\":\"https:\\\/\\\/skin-heal.com\\\/product\\\/acnex-science-alpha-cleansing-foam-140ml\\\/#primaryimage\",\"url\":\"https:\\\/\\\/skin-heal.com\\\/wp-content\\\/uploads\\\/2019\\\/09\\\/Alpha-Cleansing-Foam.jpg\",\"contentUrl\":\"https:\\\/\\\/skin-heal.com\\\/wp-content\\\/uploads\\\/2019\\\/09\\\/Alpha-Cleansing-Foam.jpg\",\"width\":600,\"height\":600,\"caption\":\"Alpha Cleansing Foam\"},{\"@type\":\"BreadcrumbList\",\"@id\":\"https:\\\/\\\/skin-heal.com\\\/product\\\/acnex-science-alpha-cleansing-foam-140ml\\\/#breadcrumb\",\"itemListElement\":[{\"@type\":\"ListItem\",\"position\":1,\"name\":\"Home\",\"item\":\"https:\\\/\\\/skin-heal.com\\\/\"},{\"@type\":\"ListItem\",\"position\":2,\"name\":\"Store\",\"item\":\"https:\\\/\\\/skin-heal.com\\\/store\\\/\"},{\"@type\":\"ListItem\",\"position\":3,\"name\":\"Acnex Science Alpha Cleansing Foam 140ml\"}]},{\"@type\":\"WebSite\",\"@id\":\"https:\\\/\\\/skin-heal.com\\\/#website\",\"url\":\"https:\\\/\\\/skin-heal.com\\\/\",\"name\":\"Skin Heal\",\"description\":\"Lowest Prices for Dermal Fillers\",\"potentialAction\":[{\"@type\":\"SearchAction\",\"target\":{\"@type\":\"EntryPoint\",\"urlTemplate\":\"https:\\\/\\\/skin-heal.com\\\/?s={search_term_string}\"},\"query-input\":{\"@type\":\"PropertyValueSpecification\",\"valueRequired\":true,\"valueName\":\"search_term_string\"}}],\"inLanguage\":\"es\"}]}<\/script>\n<!-- \/ Yoast SEO plugin. -->","yoast_head_json":{"title":"Acnex Science Alpha Espuma Limpiadora 140ml - Skin Heal","description":"Ofrecido por Skin Heal, Acnex Science Alpha Cleansing Foam reduce los niveles de producci\u00f3n de grasa de la piel. Acnex Science Alpha Cleansing Foam trata con \u00e9xito el acn\u00e9.","robots":{"index":"index","follow":"follow","max-snippet":"max-snippet:-1","max-image-preview":"max-image-preview:large","max-video-preview":"max-video-preview:-1"},"canonical":"https:\/\/skin-heal.com\/es\/producto\/acnex-science-alpha-cleansing-foam-140ml\/","og_locale":"es_MX","og_type":"article","og_title":"Acnex Science Alpha Cleansing Foam 140ml - Skin Heal","og_description":"Offered by Skin Heal, Acnex Science Alpha Cleansing Foam reduces skin\u2019s oil production levels. Acnex Science Alpha Cleansing Foam successfully treats acne.","og_url":"https:\/\/skin-heal.com\/es\/producto\/acnex-science-alpha-cleansing-foam-140ml\/","og_site_name":"Skin Heal","article_modified_time":"2021-03-30T12:12:11+00:00","og_image":[{"width":600,"height":600,"url":"https:\/\/cdn.skin-heal.com\/wp-content\/uploads\/2019\/09\/Alpha-Cleansing-Foam.jpg","type":"image\/jpeg"}],"twitter_card":"summary_large_image","twitter_misc":{"Tiempo de lectura":"1 minuto"},"schema":{"@context":"https:\/\/schema.org","@graph":[{"@type":"WebPage","@id":"https:\/\/skin-heal.com\/product\/acnex-science-alpha-cleansing-foam-140ml\/","url":"https:\/\/skin-heal.com\/product\/acnex-science-alpha-cleansing-foam-140ml\/","name":"Acnex Science Alpha Espuma Limpiadora 140ml - Skin Heal","isPartOf":{"@id":"https:\/\/skin-heal.com\/#website"},"primaryImageOfPage":{"@id":"https:\/\/skin-heal.com\/product\/acnex-science-alpha-cleansing-foam-140ml\/#primaryimage"},"image":{"@id":"https:\/\/skin-heal.com\/product\/acnex-science-alpha-cleansing-foam-140ml\/#primaryimage"},"thumbnailUrl":"https:\/\/cdn.skin-heal.com\/wp-content\/uploads\/2019\/09\/Alpha-Cleansing-Foam.jpg","datePublished":"2019-09-19T11:34:34+00:00","dateModified":"2021-03-30T12:12:11+00:00","description":"Ofrecido por Skin Heal, Acnex Science Alpha Cleansing Foam reduce los niveles de producci\u00f3n de grasa de la piel. Acnex Science Alpha Cleansing Foam trata con \u00e9xito el acn\u00e9.","breadcrumb":{"@id":"https:\/\/skin-heal.com\/product\/acnex-science-alpha-cleansing-foam-140ml\/#breadcrumb"},"inLanguage":"es","potentialAction":[{"@type":"ReadAction","target":["https:\/\/skin-heal.com\/product\/acnex-science-alpha-cleansing-foam-140ml\/"]}]},{"@type":"ImageObject","inLanguage":"es","@id":"https:\/\/skin-heal.com\/product\/acnex-science-alpha-cleansing-foam-140ml\/#primaryimage","url":"https:\/\/cdn.skin-heal.com\/wp-content\/uploads\/2019\/09\/Alpha-Cleansing-Foam.jpg","contentUrl":"https:\/\/cdn.skin-heal.com\/wp-content\/uploads\/2019\/09\/Alpha-Cleansing-Foam.jpg","width":600,"height":600,"caption":"Alpha Cleansing Foam"},{"@type":"BreadcrumbList","@id":"https:\/\/skin-heal.com\/product\/acnex-science-alpha-cleansing-foam-140ml\/#breadcrumb","itemListElement":[{"@type":"ListItem","position":1,"name":"Home","item":"https:\/\/skin-heal.com\/"},{"@type":"ListItem","position":2,"name":"Store","item":"https:\/\/skin-heal.com\/store\/"},{"@type":"ListItem","position":3,"name":"Acnex Science Alpha Cleansing Foam 140ml"}]},{"@type":"WebSite","@id":"https:\/\/skin-heal.com\/#website","url":"https:\/\/skin-heal.com\/","name":"Curaci\u00f3n de la piel","description":"Los precios m\u00e1s bajos para los rellenos d\u00e9rmicos","potentialAction":[{"@type":"SearchAction","target":{"@type":"EntryPoint","urlTemplate":"https:\/\/skin-heal.com\/?s={search_term_string}"},"query-input":{"@type":"PropertyValueSpecification","valueRequired":true,"valueName":"search_term_string"}}],"inLanguage":"es"}]}},"_links":{"self":[{"href":"https:\/\/skin-heal.com\/es\/wp-json\/wp\/v2\/product\/9310","targetHints":{"allow":["GET"]}}],"collection":[{"href":"https:\/\/skin-heal.com\/es\/wp-json\/wp\/v2\/product"}],"about":[{"href":"https:\/\/skin-heal.com\/es\/wp-json\/wp\/v2\/types\/product"}],"wp:featuredmedia":[{"embeddable":true,"href":"https:\/\/skin-heal.com\/es\/wp-json\/wp\/v2\/media\/9319"}],"wp:attachment":[{"href":"https:\/\/skin-heal.com\/es\/wp-json\/wp\/v2\/media?parent=9310"}],"wp:term":[{"taxonomy":"product_brand","embeddable":true,"href":"https:\/\/skin-heal.com\/es\/wp-json\/wp\/v2\/product_brand?post=9310"},{"taxonomy":"product_cat","embeddable":true,"href":"https:\/\/skin-heal.com\/es\/wp-json\/wp\/v2\/product_cat?post=9310"},{"taxonomy":"product_tag","embeddable":true,"href":"https:\/\/skin-heal.com\/es\/wp-json\/wp\/v2\/product_tag?post=9310"}],"curies":[{"name":"wp","href":"https:\/\/api.w.org\/{rel}","templated":true}]}}