{"id":9311,"date":"2019-09-19T11:39:42","date_gmt":"2019-09-19T11:39:42","guid":{"rendered":"https:\/\/skin-heal.com\/?post_type=product&#038;p=9311"},"modified":"2021-03-30T12:12:10","modified_gmt":"2021-03-30T12:12:10","slug":"aqua-science-water-max-milk-cleanser-1200ml","status":"publish","type":"product","link":"https:\/\/skin-heal.com\/es\/producto\/aqua-science-water-max-milk-cleanser-1200ml\/","title":{"rendered":"Aqua Science Water-Max Milk Cleanser 1200ml"},"content":{"rendered":"<h3>Un impresionante desmaquillador de nueva generaci\u00f3n<\/h3>\n<p>No desmaquillar el rostro de forma adecuada y completa puede acarrear consecuencias desagradables para la piel que pueden incluir el agrandamiento y la <em>poros obstruidos, desequilibrio en la producci\u00f3n de grasa, sequedad<\/em>La p\u00e9rdida de elasticidad, entre otras cosas. Por suerte, Aqua Science Water-Max Milk Cleanser es un desmaquillante muy eficaz que tambi\u00e9n protege la piel contra los efectos negativos de los productos de maquillaje. Su u<strong>propiedades limpiadoras de los parches<\/strong> se ven reforzadas por su capacidad para mejorar los niveles de hidrataci\u00f3n, hacer frente a las irritaciones de la piel y actuar como una soluci\u00f3n robusta para potenciar la piel.<\/p>\n<h3>\u00bfQu\u00e9 contiene?<\/h3>\n<p>Toda la l\u00ednea de productos Aqua Science desarrollada por Histolab se basa en gran medida en ingredientes que <em>derivado de las plantas<\/em> o est\u00e1n totalmente libres de productos qu\u00edmicos y sustancias agresivas. Aqua Science Water-Max Milk Cleanser es un excelente ejemplo de ello, ya que cuenta con:<\/p>\n<ul>\n<li>Extracto de Iris Ensata que <u>mejora visiblemente el tono de la piel<\/u> con sus efectos luminosos<\/li>\n<li>El complejo SRGF H1 es excelente para <u>calmante e hidratante<\/u> la piel<\/li>\n<li>El acetato de tocoferilo y el betaglucano est\u00e1n garantizados para <u>calmar las irritaciones<\/u> como el picor y el enrojecimiento<\/li>\n<li>Tanto el hialuronato de sodio como la lecitina tienen <u>poderes hidratantes dif\u00edciles de superar<\/u><\/li>\n<\/ul>\n<p>Este excelente producto cosm\u00e9tico ha sido meticulosamente probado y aprobado por expertos dermat\u00f3logos antes de salir al mercado. Por ello, tambi\u00e9n cuenta con el sello de aprobaci\u00f3n de Skin Heal.<\/p>","protected":false},"excerpt":{"rendered":"<p>Aqua Science Water-Max Milk Cleanser 1200ml se encuentra entre los <strong>los mejores productos desmaquillantes<\/strong> del mercado. Dise\u00f1ado y producido por Histolab especialmente para uso profesional, no s\u00f3lo elimina el maquillaje por completo sino que tambi\u00e9n <u>ayuda a proteger la piel<\/u> de los efectos negativos del uso regular de maquillaje como los poros obstruidos, la producci\u00f3n excesiva de sebo, la piel seca, etc. Nosotros, en Skin Heal, estamos entre los minoristas y distribuidores mayoristas en l\u00ednea m\u00e1s confiables para ofrecer este producto de primera calidad para el cuidado de la piel.<\/p>","protected":false},"featured_media":9323,"template":"","meta":[],"product_brand":[],"product_cat":[87,113,114],"product_tag":[],"class_list":{"0":"post-9311","1":"product","2":"type-product","3":"status-publish","4":"has-post-thumbnail","6":"product_cat-cosmetics","7":"product_cat-histolab","8":"product_cat-medians","9":"clearfix","11":"first","12":"outofstock","13":"taxable","14":"shipping-taxable","15":"purchasable","16":"product-type-simple"},"yoast_head":"<!-- This site is optimized with the Yoast SEO plugin v27.3 - https:\/\/yoast.com\/product\/yoast-seo-wordpress\/ -->\n<title>Aqua Science Water-Max Milk Cleanser 1200ml - Skin Heal<\/title>\n<meta name=\"description\" content=\"Aqua Science Water-Max Milk Cleanser is a safe makeup remover. Get Aqua Science Water-Max Milk Cleanser via Skin Heal to easily hydrate and calm the skin.\" \/>\n<meta name=\"robots\" content=\"index, follow, max-snippet:-1, max-image-preview:large, max-video-preview:-1\" \/>\n<link rel=\"canonical\" href=\"https:\/\/skin-heal.com\/es\/producto\/aqua-science-water-max-milk-cleanser-1200ml\/\" \/>\n<meta property=\"og:locale\" content=\"es_MX\" \/>\n<meta property=\"og:type\" content=\"article\" \/>\n<meta property=\"og:title\" content=\"Aqua Science Water-Max Milk Cleanser 1200ml - Skin Heal\" \/>\n<meta property=\"og:description\" content=\"Aqua Science Water-Max Milk Cleanser is a safe makeup remover. Get Aqua Science Water-Max Milk Cleanser via Skin Heal to easily hydrate and calm the skin.\" \/>\n<meta property=\"og:url\" content=\"https:\/\/skin-heal.com\/es\/producto\/aqua-science-water-max-milk-cleanser-1200ml\/\" \/>\n<meta property=\"og:site_name\" content=\"Skin Heal\" \/>\n<meta property=\"article:modified_time\" content=\"2021-03-30T12:12:10+00:00\" \/>\n<meta property=\"og:image\" content=\"https:\/\/cdn.skin-heal.com\/wp-content\/uploads\/2019\/09\/Water-Max-Milk-Cleanser.jpg\" \/>\n\t<meta property=\"og:image:width\" content=\"600\" \/>\n\t<meta property=\"og:image:height\" content=\"600\" \/>\n\t<meta property=\"og:image:type\" content=\"image\/jpeg\" \/>\n<meta name=\"twitter:card\" content=\"summary_large_image\" \/>\n<meta name=\"twitter:label1\" content=\"Tiempo de lectura\" \/>\n\t<meta name=\"twitter:data1\" content=\"1 minuto\" \/>\n<script type=\"application\/ld+json\" class=\"yoast-schema-graph\">{\"@context\":\"https:\\\/\\\/schema.org\",\"@graph\":[{\"@type\":\"WebPage\",\"@id\":\"https:\\\/\\\/skin-heal.com\\\/product\\\/aqua-science-water-max-milk-cleanser-1200ml\\\/\",\"url\":\"https:\\\/\\\/skin-heal.com\\\/product\\\/aqua-science-water-max-milk-cleanser-1200ml\\\/\",\"name\":\"Aqua Science Water-Max Milk Cleanser 1200ml - Skin Heal\",\"isPartOf\":{\"@id\":\"https:\\\/\\\/skin-heal.com\\\/#website\"},\"primaryImageOfPage\":{\"@id\":\"https:\\\/\\\/skin-heal.com\\\/product\\\/aqua-science-water-max-milk-cleanser-1200ml\\\/#primaryimage\"},\"image\":{\"@id\":\"https:\\\/\\\/skin-heal.com\\\/product\\\/aqua-science-water-max-milk-cleanser-1200ml\\\/#primaryimage\"},\"thumbnailUrl\":\"https:\\\/\\\/skin-heal.com\\\/wp-content\\\/uploads\\\/2019\\\/09\\\/Water-Max-Milk-Cleanser.jpg\",\"datePublished\":\"2019-09-19T11:39:42+00:00\",\"dateModified\":\"2021-03-30T12:12:10+00:00\",\"description\":\"Aqua Science Water-Max Milk Cleanser is a safe makeup remover. Get Aqua Science Water-Max Milk Cleanser via Skin Heal to easily hydrate and calm the skin.\",\"breadcrumb\":{\"@id\":\"https:\\\/\\\/skin-heal.com\\\/product\\\/aqua-science-water-max-milk-cleanser-1200ml\\\/#breadcrumb\"},\"inLanguage\":\"es\",\"potentialAction\":[{\"@type\":\"ReadAction\",\"target\":[\"https:\\\/\\\/skin-heal.com\\\/product\\\/aqua-science-water-max-milk-cleanser-1200ml\\\/\"]}]},{\"@type\":\"ImageObject\",\"inLanguage\":\"es\",\"@id\":\"https:\\\/\\\/skin-heal.com\\\/product\\\/aqua-science-water-max-milk-cleanser-1200ml\\\/#primaryimage\",\"url\":\"https:\\\/\\\/skin-heal.com\\\/wp-content\\\/uploads\\\/2019\\\/09\\\/Water-Max-Milk-Cleanser.jpg\",\"contentUrl\":\"https:\\\/\\\/skin-heal.com\\\/wp-content\\\/uploads\\\/2019\\\/09\\\/Water-Max-Milk-Cleanser.jpg\",\"width\":600,\"height\":600,\"caption\":\"Water-Max Milk Cleanser\"},{\"@type\":\"BreadcrumbList\",\"@id\":\"https:\\\/\\\/skin-heal.com\\\/product\\\/aqua-science-water-max-milk-cleanser-1200ml\\\/#breadcrumb\",\"itemListElement\":[{\"@type\":\"ListItem\",\"position\":1,\"name\":\"Home\",\"item\":\"https:\\\/\\\/skin-heal.com\\\/\"},{\"@type\":\"ListItem\",\"position\":2,\"name\":\"Store\",\"item\":\"https:\\\/\\\/skin-heal.com\\\/store\\\/\"},{\"@type\":\"ListItem\",\"position\":3,\"name\":\"Aqua Science Water-Max Milk Cleanser 1200ml\"}]},{\"@type\":\"WebSite\",\"@id\":\"https:\\\/\\\/skin-heal.com\\\/#website\",\"url\":\"https:\\\/\\\/skin-heal.com\\\/\",\"name\":\"Skin Heal\",\"description\":\"Lowest Prices for Dermal Fillers\",\"potentialAction\":[{\"@type\":\"SearchAction\",\"target\":{\"@type\":\"EntryPoint\",\"urlTemplate\":\"https:\\\/\\\/skin-heal.com\\\/?s={search_term_string}\"},\"query-input\":{\"@type\":\"PropertyValueSpecification\",\"valueRequired\":true,\"valueName\":\"search_term_string\"}}],\"inLanguage\":\"es\"}]}<\/script>\n<!-- \/ Yoast SEO plugin. -->","yoast_head_json":{"title":"Aqua Science Water-Max Leche Limpiadora 1200ml - Skin Heal","description":"Aqua Science Water-Max Milk Cleanser es un desmaquillante seguro. Consigue Aqua Science Water-Max Milk Cleanser a trav\u00e9s de Skin Heal para hidratar y calmar f\u00e1cilmente la piel.","robots":{"index":"index","follow":"follow","max-snippet":"max-snippet:-1","max-image-preview":"max-image-preview:large","max-video-preview":"max-video-preview:-1"},"canonical":"https:\/\/skin-heal.com\/es\/producto\/aqua-science-water-max-milk-cleanser-1200ml\/","og_locale":"es_MX","og_type":"article","og_title":"Aqua Science Water-Max Milk Cleanser 1200ml - Skin Heal","og_description":"Aqua Science Water-Max Milk Cleanser is a safe makeup remover. Get Aqua Science Water-Max Milk Cleanser via Skin Heal to easily hydrate and calm the skin.","og_url":"https:\/\/skin-heal.com\/es\/producto\/aqua-science-water-max-milk-cleanser-1200ml\/","og_site_name":"Skin Heal","article_modified_time":"2021-03-30T12:12:10+00:00","og_image":[{"width":600,"height":600,"url":"https:\/\/cdn.skin-heal.com\/wp-content\/uploads\/2019\/09\/Water-Max-Milk-Cleanser.jpg","type":"image\/jpeg"}],"twitter_card":"summary_large_image","twitter_misc":{"Tiempo de lectura":"1 minuto"},"schema":{"@context":"https:\/\/schema.org","@graph":[{"@type":"WebPage","@id":"https:\/\/skin-heal.com\/product\/aqua-science-water-max-milk-cleanser-1200ml\/","url":"https:\/\/skin-heal.com\/product\/aqua-science-water-max-milk-cleanser-1200ml\/","name":"Aqua Science Water-Max Leche Limpiadora 1200ml - Skin Heal","isPartOf":{"@id":"https:\/\/skin-heal.com\/#website"},"primaryImageOfPage":{"@id":"https:\/\/skin-heal.com\/product\/aqua-science-water-max-milk-cleanser-1200ml\/#primaryimage"},"image":{"@id":"https:\/\/skin-heal.com\/product\/aqua-science-water-max-milk-cleanser-1200ml\/#primaryimage"},"thumbnailUrl":"https:\/\/cdn.skin-heal.com\/wp-content\/uploads\/2019\/09\/Water-Max-Milk-Cleanser.jpg","datePublished":"2019-09-19T11:39:42+00:00","dateModified":"2021-03-30T12:12:10+00:00","description":"Aqua Science Water-Max Milk Cleanser es un desmaquillante seguro. Consigue Aqua Science Water-Max Milk Cleanser a trav\u00e9s de Skin Heal para hidratar y calmar f\u00e1cilmente la piel.","breadcrumb":{"@id":"https:\/\/skin-heal.com\/product\/aqua-science-water-max-milk-cleanser-1200ml\/#breadcrumb"},"inLanguage":"es","potentialAction":[{"@type":"ReadAction","target":["https:\/\/skin-heal.com\/product\/aqua-science-water-max-milk-cleanser-1200ml\/"]}]},{"@type":"ImageObject","inLanguage":"es","@id":"https:\/\/skin-heal.com\/product\/aqua-science-water-max-milk-cleanser-1200ml\/#primaryimage","url":"https:\/\/cdn.skin-heal.com\/wp-content\/uploads\/2019\/09\/Water-Max-Milk-Cleanser.jpg","contentUrl":"https:\/\/cdn.skin-heal.com\/wp-content\/uploads\/2019\/09\/Water-Max-Milk-Cleanser.jpg","width":600,"height":600,"caption":"Water-Max Milk Cleanser"},{"@type":"BreadcrumbList","@id":"https:\/\/skin-heal.com\/product\/aqua-science-water-max-milk-cleanser-1200ml\/#breadcrumb","itemListElement":[{"@type":"ListItem","position":1,"name":"Home","item":"https:\/\/skin-heal.com\/"},{"@type":"ListItem","position":2,"name":"Store","item":"https:\/\/skin-heal.com\/store\/"},{"@type":"ListItem","position":3,"name":"Aqua Science Water-Max Milk Cleanser 1200ml"}]},{"@type":"WebSite","@id":"https:\/\/skin-heal.com\/#website","url":"https:\/\/skin-heal.com\/","name":"Curaci\u00f3n de la piel","description":"Los precios m\u00e1s bajos para los rellenos d\u00e9rmicos","potentialAction":[{"@type":"SearchAction","target":{"@type":"EntryPoint","urlTemplate":"https:\/\/skin-heal.com\/?s={search_term_string}"},"query-input":{"@type":"PropertyValueSpecification","valueRequired":true,"valueName":"search_term_string"}}],"inLanguage":"es"}]}},"_links":{"self":[{"href":"https:\/\/skin-heal.com\/es\/wp-json\/wp\/v2\/product\/9311","targetHints":{"allow":["GET"]}}],"collection":[{"href":"https:\/\/skin-heal.com\/es\/wp-json\/wp\/v2\/product"}],"about":[{"href":"https:\/\/skin-heal.com\/es\/wp-json\/wp\/v2\/types\/product"}],"wp:featuredmedia":[{"embeddable":true,"href":"https:\/\/skin-heal.com\/es\/wp-json\/wp\/v2\/media\/9323"}],"wp:attachment":[{"href":"https:\/\/skin-heal.com\/es\/wp-json\/wp\/v2\/media?parent=9311"}],"wp:term":[{"taxonomy":"product_brand","embeddable":true,"href":"https:\/\/skin-heal.com\/es\/wp-json\/wp\/v2\/product_brand?post=9311"},{"taxonomy":"product_cat","embeddable":true,"href":"https:\/\/skin-heal.com\/es\/wp-json\/wp\/v2\/product_cat?post=9311"},{"taxonomy":"product_tag","embeddable":true,"href":"https:\/\/skin-heal.com\/es\/wp-json\/wp\/v2\/product_tag?post=9311"}],"curies":[{"name":"wp","href":"https:\/\/api.w.org\/{rel}","templated":true}]}}