{"id":9312,"date":"2019-09-19T11:32:07","date_gmt":"2019-09-19T11:32:07","guid":{"rendered":"https:\/\/skin-heal.com\/?post_type=product&#038;p=9312"},"modified":"2021-03-30T12:12:12","modified_gmt":"2021-03-30T12:12:12","slug":"aqua-science-water-max-foam-cleanser-140ml","status":"publish","type":"product","link":"https:\/\/skin-heal.com\/es\/producto\/aqua-science-water-max-foam-cleanser-140ml\/","title":{"rendered":"Espuma limpiadora Aqua Science Water-Max - 140ml"},"content":{"rendered":"<h3>Un robusto limpiador dom\u00e9stico con un complejo SRGF H1<\/h3>\n<p>No hay muchos productos cosm\u00e9ticos para el cuidado del hogar que tengan un impresionante poder de mejora de la piel, pero la espuma limpiadora Aqua Science Water-Max est\u00e1 sin duda entre ellos. Es f\u00e1cil de usar y de aplicar. Basta con lavarse bien la cara y, a continuaci\u00f3n, poner unas gotas del gel en las manos h\u00famedas y frotarlo con cuidado en la piel del rostro. Deje que el producto act\u00fae durante varios minutos para que haga su trabajo y luego ret\u00edrelo con agua ligeramente tibia. De este modo, usted <u>hidratar\u00e1 eficazmente su piel<\/u> porque esta espuma limpiadora de f\u00e1cil uso est\u00e1 basada en un innovador complejo SRGF H1 desarrollado por Histolab.<\/p>\n<p>Este pionero limpiador para el cuidado de la piel tambi\u00e9n tiene un <strong>efecto calmante y tranquilizador<\/strong> porque contiene beta-glucano y un extracto de verdolaga com\u00fan. El lirio japon\u00e9s en su composici\u00f3n tiene poderes iluminadores de la piel y por eso mejora mucho el tono general de la piel.<\/p>\n<h3>Una excelente soluci\u00f3n para la piel seca<\/h3>\n<p>La espuma limpiadora Aqua Science Water-Max de Histolab es una excelente adici\u00f3n a la rutina diaria de cuidado de la piel de personas de todo tipo de piel. Pero es muy adecuado para aquellos que luchan con la piel seca porque:<\/p>\n<ul>\n<li><em>No causa irritaciones en la piel<\/em><\/li>\n<li><em>Proporciona una hidrataci\u00f3n casi instant\u00e1nea<\/em><\/li>\n<li><em>Limpia a fondo la piel<\/em><\/li>\n<li><em>Retiene el agua<\/em><\/li>\n<\/ul>\n<p>Pida este producto ahora a trav\u00e9s de la tienda online de Skin Heal.<\/p>","protected":false},"excerpt":{"rendered":"<p>Aqua Science Water-Max Foam Cleanser es un producto de primera calidad para el cuidado de la piel con<em> una acci\u00f3n 2 en 1<\/em> - limpia eficazmente la piel de la suciedad, la grasa, el maquillaje, etc. y la ayuda a mantenerse perfectamente hidratada con sus impresionantes propiedades de reposici\u00f3n de agua. Este <u>espuma limpiadora excepcional<\/u> es adecuado para personas con piel seca y su f\u00f3rmula avanzada est\u00e1 enriquecida por el complejo SRGF H1 patentado por Histolab. Nosotros, desde Skin Heal, estamos entre los principales distribuidores online de esta excelente obra maestra de la cosm\u00e9tica.<\/p>","protected":false},"featured_media":9317,"template":"","meta":[],"product_brand":[],"product_cat":[87,113,114],"product_tag":[],"class_list":{"0":"post-9312","1":"product","2":"type-product","3":"status-publish","4":"has-post-thumbnail","6":"product_cat-cosmetics","7":"product_cat-histolab","8":"product_cat-medians","9":"clearfix","11":"first","12":"outofstock","13":"taxable","14":"shipping-taxable","15":"purchasable","16":"product-type-simple"},"yoast_head":"<!-- This site is optimized with the Yoast SEO plugin v27.3 - https:\/\/yoast.com\/product\/yoast-seo-wordpress\/ -->\n<title>Aqua Science Water-Max Foam Cleanser \u2013 140ml - Skin Heal<\/title>\n<meta name=\"description\" content=\"With Aqua Science Water-Max Foam Cleanser, dry skin is instantly hydrated and thoroughly cleansed. Buy Aqua Science Water-Max Foam Cleanser via Skin Heal.\" \/>\n<meta name=\"robots\" content=\"index, follow, max-snippet:-1, max-image-preview:large, max-video-preview:-1\" \/>\n<link rel=\"canonical\" href=\"https:\/\/skin-heal.com\/es\/producto\/aqua-science-water-max-foam-cleanser-140ml\/\" \/>\n<meta property=\"og:locale\" content=\"es_MX\" \/>\n<meta property=\"og:type\" content=\"article\" \/>\n<meta property=\"og:title\" content=\"Aqua Science Water-Max Foam Cleanser \u2013 140ml - Skin Heal\" \/>\n<meta property=\"og:description\" content=\"With Aqua Science Water-Max Foam Cleanser, dry skin is instantly hydrated and thoroughly cleansed. Buy Aqua Science Water-Max Foam Cleanser via Skin Heal.\" \/>\n<meta property=\"og:url\" content=\"https:\/\/skin-heal.com\/es\/producto\/aqua-science-water-max-foam-cleanser-140ml\/\" \/>\n<meta property=\"og:site_name\" content=\"Skin Heal\" \/>\n<meta property=\"article:modified_time\" content=\"2021-03-30T12:12:12+00:00\" \/>\n<meta property=\"og:image\" content=\"https:\/\/cdn.skin-heal.com\/wp-content\/uploads\/2019\/09\/Water-Max-Foam-Cleanser.jpg\" \/>\n\t<meta property=\"og:image:width\" content=\"600\" \/>\n\t<meta property=\"og:image:height\" content=\"600\" \/>\n\t<meta property=\"og:image:type\" content=\"image\/jpeg\" \/>\n<meta name=\"twitter:card\" content=\"summary_large_image\" \/>\n<meta name=\"twitter:label1\" content=\"Tiempo de lectura\" \/>\n\t<meta name=\"twitter:data1\" content=\"1 minuto\" \/>\n<script type=\"application\/ld+json\" class=\"yoast-schema-graph\">{\"@context\":\"https:\\\/\\\/schema.org\",\"@graph\":[{\"@type\":\"WebPage\",\"@id\":\"https:\\\/\\\/skin-heal.com\\\/product\\\/aqua-science-water-max-foam-cleanser-140ml\\\/\",\"url\":\"https:\\\/\\\/skin-heal.com\\\/product\\\/aqua-science-water-max-foam-cleanser-140ml\\\/\",\"name\":\"Aqua Science Water-Max Foam Cleanser \u2013 140ml - Skin Heal\",\"isPartOf\":{\"@id\":\"https:\\\/\\\/skin-heal.com\\\/#website\"},\"primaryImageOfPage\":{\"@id\":\"https:\\\/\\\/skin-heal.com\\\/product\\\/aqua-science-water-max-foam-cleanser-140ml\\\/#primaryimage\"},\"image\":{\"@id\":\"https:\\\/\\\/skin-heal.com\\\/product\\\/aqua-science-water-max-foam-cleanser-140ml\\\/#primaryimage\"},\"thumbnailUrl\":\"https:\\\/\\\/skin-heal.com\\\/wp-content\\\/uploads\\\/2019\\\/09\\\/Water-Max-Foam-Cleanser.jpg\",\"datePublished\":\"2019-09-19T11:32:07+00:00\",\"dateModified\":\"2021-03-30T12:12:12+00:00\",\"description\":\"With Aqua Science Water-Max Foam Cleanser, dry skin is instantly hydrated and thoroughly cleansed. Buy Aqua Science Water-Max Foam Cleanser via Skin Heal.\",\"breadcrumb\":{\"@id\":\"https:\\\/\\\/skin-heal.com\\\/product\\\/aqua-science-water-max-foam-cleanser-140ml\\\/#breadcrumb\"},\"inLanguage\":\"es\",\"potentialAction\":[{\"@type\":\"ReadAction\",\"target\":[\"https:\\\/\\\/skin-heal.com\\\/product\\\/aqua-science-water-max-foam-cleanser-140ml\\\/\"]}]},{\"@type\":\"ImageObject\",\"inLanguage\":\"es\",\"@id\":\"https:\\\/\\\/skin-heal.com\\\/product\\\/aqua-science-water-max-foam-cleanser-140ml\\\/#primaryimage\",\"url\":\"https:\\\/\\\/skin-heal.com\\\/wp-content\\\/uploads\\\/2019\\\/09\\\/Water-Max-Foam-Cleanser.jpg\",\"contentUrl\":\"https:\\\/\\\/skin-heal.com\\\/wp-content\\\/uploads\\\/2019\\\/09\\\/Water-Max-Foam-Cleanser.jpg\",\"width\":600,\"height\":600,\"caption\":\"Water-Max Foam Cleanser\"},{\"@type\":\"BreadcrumbList\",\"@id\":\"https:\\\/\\\/skin-heal.com\\\/product\\\/aqua-science-water-max-foam-cleanser-140ml\\\/#breadcrumb\",\"itemListElement\":[{\"@type\":\"ListItem\",\"position\":1,\"name\":\"Home\",\"item\":\"https:\\\/\\\/skin-heal.com\\\/\"},{\"@type\":\"ListItem\",\"position\":2,\"name\":\"Store\",\"item\":\"https:\\\/\\\/skin-heal.com\\\/store\\\/\"},{\"@type\":\"ListItem\",\"position\":3,\"name\":\"Aqua Science Water-Max Foam Cleanser \u2013 140ml\"}]},{\"@type\":\"WebSite\",\"@id\":\"https:\\\/\\\/skin-heal.com\\\/#website\",\"url\":\"https:\\\/\\\/skin-heal.com\\\/\",\"name\":\"Skin Heal\",\"description\":\"Lowest Prices for Dermal Fillers\",\"potentialAction\":[{\"@type\":\"SearchAction\",\"target\":{\"@type\":\"EntryPoint\",\"urlTemplate\":\"https:\\\/\\\/skin-heal.com\\\/?s={search_term_string}\"},\"query-input\":{\"@type\":\"PropertyValueSpecification\",\"valueRequired\":true,\"valueName\":\"search_term_string\"}}],\"inLanguage\":\"es\"}]}<\/script>\n<!-- \/ Yoast SEO plugin. -->","yoast_head_json":{"title":"Aqua Science Water-Max Espuma Limpiadora - 140ml - Skin Heal","description":"Con Aqua Science Water-Max Foam Cleanser, la piel seca se hidrata al instante y se limpia en profundidad. Comprar Aqua Science Water-Max Foam Cleanser a trav\u00e9s de Skin Heal.","robots":{"index":"index","follow":"follow","max-snippet":"max-snippet:-1","max-image-preview":"max-image-preview:large","max-video-preview":"max-video-preview:-1"},"canonical":"https:\/\/skin-heal.com\/es\/producto\/aqua-science-water-max-foam-cleanser-140ml\/","og_locale":"es_MX","og_type":"article","og_title":"Aqua Science Water-Max Foam Cleanser \u2013 140ml - Skin Heal","og_description":"With Aqua Science Water-Max Foam Cleanser, dry skin is instantly hydrated and thoroughly cleansed. Buy Aqua Science Water-Max Foam Cleanser via Skin Heal.","og_url":"https:\/\/skin-heal.com\/es\/producto\/aqua-science-water-max-foam-cleanser-140ml\/","og_site_name":"Skin Heal","article_modified_time":"2021-03-30T12:12:12+00:00","og_image":[{"width":600,"height":600,"url":"https:\/\/cdn.skin-heal.com\/wp-content\/uploads\/2019\/09\/Water-Max-Foam-Cleanser.jpg","type":"image\/jpeg"}],"twitter_card":"summary_large_image","twitter_misc":{"Tiempo de lectura":"1 minuto"},"schema":{"@context":"https:\/\/schema.org","@graph":[{"@type":"WebPage","@id":"https:\/\/skin-heal.com\/product\/aqua-science-water-max-foam-cleanser-140ml\/","url":"https:\/\/skin-heal.com\/product\/aqua-science-water-max-foam-cleanser-140ml\/","name":"Aqua Science Water-Max Espuma Limpiadora - 140ml - Skin Heal","isPartOf":{"@id":"https:\/\/skin-heal.com\/#website"},"primaryImageOfPage":{"@id":"https:\/\/skin-heal.com\/product\/aqua-science-water-max-foam-cleanser-140ml\/#primaryimage"},"image":{"@id":"https:\/\/skin-heal.com\/product\/aqua-science-water-max-foam-cleanser-140ml\/#primaryimage"},"thumbnailUrl":"https:\/\/cdn.skin-heal.com\/wp-content\/uploads\/2019\/09\/Water-Max-Foam-Cleanser.jpg","datePublished":"2019-09-19T11:32:07+00:00","dateModified":"2021-03-30T12:12:12+00:00","description":"Con Aqua Science Water-Max Foam Cleanser, la piel seca se hidrata al instante y se limpia en profundidad. Comprar Aqua Science Water-Max Foam Cleanser a trav\u00e9s de Skin Heal.","breadcrumb":{"@id":"https:\/\/skin-heal.com\/product\/aqua-science-water-max-foam-cleanser-140ml\/#breadcrumb"},"inLanguage":"es","potentialAction":[{"@type":"ReadAction","target":["https:\/\/skin-heal.com\/product\/aqua-science-water-max-foam-cleanser-140ml\/"]}]},{"@type":"ImageObject","inLanguage":"es","@id":"https:\/\/skin-heal.com\/product\/aqua-science-water-max-foam-cleanser-140ml\/#primaryimage","url":"https:\/\/cdn.skin-heal.com\/wp-content\/uploads\/2019\/09\/Water-Max-Foam-Cleanser.jpg","contentUrl":"https:\/\/cdn.skin-heal.com\/wp-content\/uploads\/2019\/09\/Water-Max-Foam-Cleanser.jpg","width":600,"height":600,"caption":"Water-Max Foam Cleanser"},{"@type":"BreadcrumbList","@id":"https:\/\/skin-heal.com\/product\/aqua-science-water-max-foam-cleanser-140ml\/#breadcrumb","itemListElement":[{"@type":"ListItem","position":1,"name":"Home","item":"https:\/\/skin-heal.com\/"},{"@type":"ListItem","position":2,"name":"Store","item":"https:\/\/skin-heal.com\/store\/"},{"@type":"ListItem","position":3,"name":"Aqua Science Water-Max Foam Cleanser \u2013 140ml"}]},{"@type":"WebSite","@id":"https:\/\/skin-heal.com\/#website","url":"https:\/\/skin-heal.com\/","name":"Curaci\u00f3n de la piel","description":"Los precios m\u00e1s bajos para los rellenos d\u00e9rmicos","potentialAction":[{"@type":"SearchAction","target":{"@type":"EntryPoint","urlTemplate":"https:\/\/skin-heal.com\/?s={search_term_string}"},"query-input":{"@type":"PropertyValueSpecification","valueRequired":true,"valueName":"search_term_string"}}],"inLanguage":"es"}]}},"_links":{"self":[{"href":"https:\/\/skin-heal.com\/es\/wp-json\/wp\/v2\/product\/9312","targetHints":{"allow":["GET"]}}],"collection":[{"href":"https:\/\/skin-heal.com\/es\/wp-json\/wp\/v2\/product"}],"about":[{"href":"https:\/\/skin-heal.com\/es\/wp-json\/wp\/v2\/types\/product"}],"wp:featuredmedia":[{"embeddable":true,"href":"https:\/\/skin-heal.com\/es\/wp-json\/wp\/v2\/media\/9317"}],"wp:attachment":[{"href":"https:\/\/skin-heal.com\/es\/wp-json\/wp\/v2\/media?parent=9312"}],"wp:term":[{"taxonomy":"product_brand","embeddable":true,"href":"https:\/\/skin-heal.com\/es\/wp-json\/wp\/v2\/product_brand?post=9312"},{"taxonomy":"product_cat","embeddable":true,"href":"https:\/\/skin-heal.com\/es\/wp-json\/wp\/v2\/product_cat?post=9312"},{"taxonomy":"product_tag","embeddable":true,"href":"https:\/\/skin-heal.com\/es\/wp-json\/wp\/v2\/product_tag?post=9312"}],"curies":[{"name":"wp","href":"https:\/\/api.w.org\/{rel}","templated":true}]}}