{"id":9313,"date":"2019-09-19T11:33:02","date_gmt":"2019-09-19T11:33:02","guid":{"rendered":"https:\/\/skin-heal.com\/?post_type=product&#038;p=9313"},"modified":"2021-03-30T12:12:11","modified_gmt":"2021-03-30T12:12:11","slug":"aqua-science-water-max-hydrating-cream-50ml","status":"publish","type":"product","link":"https:\/\/skin-heal.com\/es\/producto\/aqua-science-water-max-hydrating-cream-50ml\/","title":{"rendered":"Aqua Science Water-Max Crema Hidratante 50ml"},"content":{"rendered":"<h3>Las 3 acciones principales de esta crema hidratante sin riesgo<\/h3>\n<p>No se deje enga\u00f1ar por el nombre de este producto de alta gama para el cuidado de la piel. Aunque se clasifica como una crema hidratante sin riesgo, se <em>mejorar el aspecto y la salud general de su piel<\/em> de tres maneras diferentes:<\/p>\n<ul>\n<li>Aumento significativo de la humectaci\u00f3n de la piel y de la retenci\u00f3n de la hidrataci\u00f3n<\/li>\n<li>Acci\u00f3n antiinflamatoria que calma r\u00e1pidamente las irritaciones de la piel<\/li>\n<li>Fuerte protecci\u00f3n contra los rayos UV y otros factores ambientales<\/li>\n<\/ul>\n<p>Todo ello se consigue gracias a la avanzada f\u00f3rmula de Aqua Science Water-Max Hydrating Cream, que incluye una f\u00f3rmula de marca SRGF H1. Cuenta con una mezcla de valiosos ingredientes totalmente naturales que son conocidos por sus inigualables propiedades hidratantes. Junto con la lecitina y el hialuronato de sodio que tambi\u00e9n se encuentran en este producto, este complejo de vanguardia <strong>mantiene el equilibrio h\u00eddrico de la piel<\/strong>. Tambi\u00e9n est\u00e1n presentes la beta\u00edna y el extracto de Portulaca Oleracea, dos sustancias no t\u00f3xicas que tienen un impresionante efecto calmante sobre la piel. En cuanto a la <u>Protecci\u00f3n contra los rayos UV<\/u>Se consigue gracias al Beta-glucano y a la cera de abeja que forman una capa protectora sobre la piel.<\/p>\n<h3>Zonas de aplicaci\u00f3n<\/h3>\n<p>Para aprovechar las extraordinarias propiedades revitalizantes de la Crema Hidratante Aqua Science Water-Max de Histolab, apl\u00edquela sobre la piel limpia. Las zonas que se pueden tratar con este producto cosm\u00e9tico de primera categor\u00eda son las siguientes:<\/p>\n<ul>\n<li><em>Cara <\/em><\/li>\n<li><em>Cuello <\/em><\/li>\n<li><em>D\u00e9collet\u00e9<\/em><\/li>\n<\/ul>\n<p>Skin Heal ofrece esta crema de cuidado de la piel de nueva generaci\u00f3n a un precio exclusivo.<\/p>","protected":false},"excerpt":{"rendered":"<p>Buscando un <em>producto hidratante para la piel de uso t\u00f3pico<\/em> que sea a la vez barato y eficaz? Lo que necesitas es Aqua Science Water-Max Hydrating Cream 50ml de Histolab. Nosotros, desde Skin Heal, contamos con esta excepcional soluci\u00f3n hidratante en nuestro cat\u00e1logo cuidadosamente seleccionado porque hemos reconocido su calidad superior y su acci\u00f3n r\u00e1pida y completa. Contiene ingredientes totalmente naturales y <u>mantenga su piel sana y revitalizada<\/u> durante mucho tiempo.<\/p>","protected":false},"featured_media":9318,"template":"","meta":[],"product_brand":[],"product_cat":[87,113,114],"product_tag":[],"class_list":{"0":"post-9313","1":"product","2":"type-product","3":"status-publish","4":"has-post-thumbnail","6":"product_cat-cosmetics","7":"product_cat-histolab","8":"product_cat-medians","9":"clearfix","11":"first","12":"outofstock","13":"taxable","14":"shipping-taxable","15":"purchasable","16":"product-type-simple"},"yoast_head":"<!-- This site is optimized with the Yoast SEO plugin v27.4 - https:\/\/yoast.com\/product\/yoast-seo-wordpress\/ -->\n<title>Aqua Science Water-Max Hydrating Cream 50ml - Skin Heal<\/title>\n<meta name=\"description\" content=\"Visit Skin Heal\u2019s website to buy Aqua Science Water-Max Hydrating Cream. Use Aqua Science Water-Max Hydrating Cream to moisturize and soothe your skin.\" \/>\n<meta name=\"robots\" content=\"index, follow, max-snippet:-1, max-image-preview:large, max-video-preview:-1\" \/>\n<link rel=\"canonical\" href=\"https:\/\/skin-heal.com\/es\/producto\/aqua-science-water-max-hydrating-cream-50ml\/\" \/>\n<meta property=\"og:locale\" content=\"es_MX\" \/>\n<meta property=\"og:type\" content=\"article\" \/>\n<meta property=\"og:title\" content=\"Aqua Science Water-Max Hydrating Cream 50ml - Skin Heal\" \/>\n<meta property=\"og:description\" content=\"Visit Skin Heal\u2019s website to buy Aqua Science Water-Max Hydrating Cream. Use Aqua Science Water-Max Hydrating Cream to moisturize and soothe your skin.\" \/>\n<meta property=\"og:url\" content=\"https:\/\/skin-heal.com\/es\/producto\/aqua-science-water-max-hydrating-cream-50ml\/\" \/>\n<meta property=\"og:site_name\" content=\"Skin Heal\" \/>\n<meta property=\"article:modified_time\" content=\"2021-03-30T12:12:11+00:00\" \/>\n<meta property=\"og:image\" content=\"https:\/\/cdn.skin-heal.com\/wp-content\/uploads\/2019\/09\/Water-Max-Hydrating-Cream.jpg\" \/>\n\t<meta property=\"og:image:width\" content=\"600\" \/>\n\t<meta property=\"og:image:height\" content=\"600\" \/>\n\t<meta property=\"og:image:type\" content=\"image\/jpeg\" \/>\n<meta name=\"twitter:card\" content=\"summary_large_image\" \/>\n<meta name=\"twitter:label1\" content=\"Tiempo de lectura\" \/>\n\t<meta name=\"twitter:data1\" content=\"1 minuto\" \/>\n<script type=\"application\/ld+json\" class=\"yoast-schema-graph\">{\"@context\":\"https:\\\/\\\/schema.org\",\"@graph\":[{\"@type\":\"WebPage\",\"@id\":\"https:\\\/\\\/skin-heal.com\\\/product\\\/aqua-science-water-max-hydrating-cream-50ml\\\/\",\"url\":\"https:\\\/\\\/skin-heal.com\\\/product\\\/aqua-science-water-max-hydrating-cream-50ml\\\/\",\"name\":\"Aqua Science Water-Max Hydrating Cream 50ml - Skin Heal\",\"isPartOf\":{\"@id\":\"https:\\\/\\\/skin-heal.com\\\/#website\"},\"primaryImageOfPage\":{\"@id\":\"https:\\\/\\\/skin-heal.com\\\/product\\\/aqua-science-water-max-hydrating-cream-50ml\\\/#primaryimage\"},\"image\":{\"@id\":\"https:\\\/\\\/skin-heal.com\\\/product\\\/aqua-science-water-max-hydrating-cream-50ml\\\/#primaryimage\"},\"thumbnailUrl\":\"https:\\\/\\\/skin-heal.com\\\/wp-content\\\/uploads\\\/2019\\\/09\\\/Water-Max-Hydrating-Cream.jpg\",\"datePublished\":\"2019-09-19T11:33:02+00:00\",\"dateModified\":\"2021-03-30T12:12:11+00:00\",\"description\":\"Visit Skin Heal\u2019s website to buy Aqua Science Water-Max Hydrating Cream. Use Aqua Science Water-Max Hydrating Cream to moisturize and soothe your skin.\",\"breadcrumb\":{\"@id\":\"https:\\\/\\\/skin-heal.com\\\/product\\\/aqua-science-water-max-hydrating-cream-50ml\\\/#breadcrumb\"},\"inLanguage\":\"es\",\"potentialAction\":[{\"@type\":\"ReadAction\",\"target\":[\"https:\\\/\\\/skin-heal.com\\\/product\\\/aqua-science-water-max-hydrating-cream-50ml\\\/\"]}]},{\"@type\":\"ImageObject\",\"inLanguage\":\"es\",\"@id\":\"https:\\\/\\\/skin-heal.com\\\/product\\\/aqua-science-water-max-hydrating-cream-50ml\\\/#primaryimage\",\"url\":\"https:\\\/\\\/skin-heal.com\\\/wp-content\\\/uploads\\\/2019\\\/09\\\/Water-Max-Hydrating-Cream.jpg\",\"contentUrl\":\"https:\\\/\\\/skin-heal.com\\\/wp-content\\\/uploads\\\/2019\\\/09\\\/Water-Max-Hydrating-Cream.jpg\",\"width\":600,\"height\":600,\"caption\":\"Water-Max Hydrating Cream\"},{\"@type\":\"BreadcrumbList\",\"@id\":\"https:\\\/\\\/skin-heal.com\\\/product\\\/aqua-science-water-max-hydrating-cream-50ml\\\/#breadcrumb\",\"itemListElement\":[{\"@type\":\"ListItem\",\"position\":1,\"name\":\"Home\",\"item\":\"https:\\\/\\\/skin-heal.com\\\/\"},{\"@type\":\"ListItem\",\"position\":2,\"name\":\"Store\",\"item\":\"https:\\\/\\\/skin-heal.com\\\/store\\\/\"},{\"@type\":\"ListItem\",\"position\":3,\"name\":\"Aqua Science Water-Max Hydrating Cream 50ml\"}]},{\"@type\":\"WebSite\",\"@id\":\"https:\\\/\\\/skin-heal.com\\\/#website\",\"url\":\"https:\\\/\\\/skin-heal.com\\\/\",\"name\":\"Skin Heal\",\"description\":\"Lowest Prices for Dermal Fillers\",\"potentialAction\":[{\"@type\":\"SearchAction\",\"target\":{\"@type\":\"EntryPoint\",\"urlTemplate\":\"https:\\\/\\\/skin-heal.com\\\/?s={search_term_string}\"},\"query-input\":{\"@type\":\"PropertyValueSpecification\",\"valueRequired\":true,\"valueName\":\"search_term_string\"}}],\"inLanguage\":\"es\"}]}<\/script>\n<!-- \/ Yoast SEO plugin. -->","yoast_head_json":{"title":"Aqua Science Crema Hidratante Water-Max 50ml - Skin Heal","description":"Visite el sitio web de Skin Heal para comprar Aqua Science Water-Max Hydrating Cream. Utiliza Aqua Science Water-Max Hydrating Cream para hidratar y calmar tu piel.","robots":{"index":"index","follow":"follow","max-snippet":"max-snippet:-1","max-image-preview":"max-image-preview:large","max-video-preview":"max-video-preview:-1"},"canonical":"https:\/\/skin-heal.com\/es\/producto\/aqua-science-water-max-hydrating-cream-50ml\/","og_locale":"es_MX","og_type":"article","og_title":"Aqua Science Water-Max Hydrating Cream 50ml - Skin Heal","og_description":"Visit Skin Heal\u2019s website to buy Aqua Science Water-Max Hydrating Cream. Use Aqua Science Water-Max Hydrating Cream to moisturize and soothe your skin.","og_url":"https:\/\/skin-heal.com\/es\/producto\/aqua-science-water-max-hydrating-cream-50ml\/","og_site_name":"Skin Heal","article_modified_time":"2021-03-30T12:12:11+00:00","og_image":[{"width":600,"height":600,"url":"https:\/\/cdn.skin-heal.com\/wp-content\/uploads\/2019\/09\/Water-Max-Hydrating-Cream.jpg","type":"image\/jpeg"}],"twitter_card":"summary_large_image","twitter_misc":{"Tiempo de lectura":"1 minuto"},"schema":{"@context":"https:\/\/schema.org","@graph":[{"@type":"WebPage","@id":"https:\/\/skin-heal.com\/product\/aqua-science-water-max-hydrating-cream-50ml\/","url":"https:\/\/skin-heal.com\/product\/aqua-science-water-max-hydrating-cream-50ml\/","name":"Aqua Science Crema Hidratante Water-Max 50ml - Skin Heal","isPartOf":{"@id":"https:\/\/skin-heal.com\/#website"},"primaryImageOfPage":{"@id":"https:\/\/skin-heal.com\/product\/aqua-science-water-max-hydrating-cream-50ml\/#primaryimage"},"image":{"@id":"https:\/\/skin-heal.com\/product\/aqua-science-water-max-hydrating-cream-50ml\/#primaryimage"},"thumbnailUrl":"https:\/\/cdn.skin-heal.com\/wp-content\/uploads\/2019\/09\/Water-Max-Hydrating-Cream.jpg","datePublished":"2019-09-19T11:33:02+00:00","dateModified":"2021-03-30T12:12:11+00:00","description":"Visite el sitio web de Skin Heal para comprar Aqua Science Water-Max Hydrating Cream. Utiliza Aqua Science Water-Max Hydrating Cream para hidratar y calmar tu piel.","breadcrumb":{"@id":"https:\/\/skin-heal.com\/product\/aqua-science-water-max-hydrating-cream-50ml\/#breadcrumb"},"inLanguage":"es","potentialAction":[{"@type":"ReadAction","target":["https:\/\/skin-heal.com\/product\/aqua-science-water-max-hydrating-cream-50ml\/"]}]},{"@type":"ImageObject","inLanguage":"es","@id":"https:\/\/skin-heal.com\/product\/aqua-science-water-max-hydrating-cream-50ml\/#primaryimage","url":"https:\/\/cdn.skin-heal.com\/wp-content\/uploads\/2019\/09\/Water-Max-Hydrating-Cream.jpg","contentUrl":"https:\/\/cdn.skin-heal.com\/wp-content\/uploads\/2019\/09\/Water-Max-Hydrating-Cream.jpg","width":600,"height":600,"caption":"Water-Max Hydrating Cream"},{"@type":"BreadcrumbList","@id":"https:\/\/skin-heal.com\/product\/aqua-science-water-max-hydrating-cream-50ml\/#breadcrumb","itemListElement":[{"@type":"ListItem","position":1,"name":"Home","item":"https:\/\/skin-heal.com\/"},{"@type":"ListItem","position":2,"name":"Store","item":"https:\/\/skin-heal.com\/store\/"},{"@type":"ListItem","position":3,"name":"Aqua Science Water-Max Hydrating Cream 50ml"}]},{"@type":"WebSite","@id":"https:\/\/skin-heal.com\/#website","url":"https:\/\/skin-heal.com\/","name":"Curaci\u00f3n de la piel","description":"Los precios m\u00e1s bajos para los rellenos d\u00e9rmicos","potentialAction":[{"@type":"SearchAction","target":{"@type":"EntryPoint","urlTemplate":"https:\/\/skin-heal.com\/?s={search_term_string}"},"query-input":{"@type":"PropertyValueSpecification","valueRequired":true,"valueName":"search_term_string"}}],"inLanguage":"es"}]}},"_links":{"self":[{"href":"https:\/\/skin-heal.com\/es\/wp-json\/wp\/v2\/product\/9313","targetHints":{"allow":["GET"]}}],"collection":[{"href":"https:\/\/skin-heal.com\/es\/wp-json\/wp\/v2\/product"}],"about":[{"href":"https:\/\/skin-heal.com\/es\/wp-json\/wp\/v2\/types\/product"}],"wp:featuredmedia":[{"embeddable":true,"href":"https:\/\/skin-heal.com\/es\/wp-json\/wp\/v2\/media\/9318"}],"wp:attachment":[{"href":"https:\/\/skin-heal.com\/es\/wp-json\/wp\/v2\/media?parent=9313"}],"wp:term":[{"taxonomy":"product_brand","embeddable":true,"href":"https:\/\/skin-heal.com\/es\/wp-json\/wp\/v2\/product_brand?post=9313"},{"taxonomy":"product_cat","embeddable":true,"href":"https:\/\/skin-heal.com\/es\/wp-json\/wp\/v2\/product_cat?post=9313"},{"taxonomy":"product_tag","embeddable":true,"href":"https:\/\/skin-heal.com\/es\/wp-json\/wp\/v2\/product_tag?post=9313"}],"curies":[{"name":"wp","href":"https:\/\/api.w.org\/{rel}","templated":true}]}}