{"id":9314,"date":"2019-09-19T11:37:09","date_gmt":"2019-09-19T11:37:09","guid":{"rendered":"https:\/\/skin-heal.com\/?post_type=product&#038;p=9314"},"modified":"2021-03-30T12:12:11","modified_gmt":"2021-03-30T12:12:11","slug":"aqua-science-water-max-infusion-mist-140ml","status":"publish","type":"product","link":"https:\/\/skin-heal.com\/es\/producto\/aqua-science-water-max-infusion-mist-140ml\/","title":{"rendered":"Aqua Science Water-Max Infusion Mist - 140ml"},"content":{"rendered":"<h3>Una hidrataci\u00f3n y revitalizaci\u00f3n de la piel de larga duraci\u00f3n<\/h3>\n<p>Histolab, la empresa coreana l\u00edder en cosmec\u00e9utica responsable de la existencia de esta soluci\u00f3n cosm\u00e9tica de primer nivel, ha conseguido elaborar un producto que revitaliza r\u00e1pidamente la piel mediante <em>combatir las irritaciones de la piel<\/em> y proporcionando a las zonas tratadas una hidrataci\u00f3n duradera. Para hacerlo posible, el gigante cosm\u00e9tico ha utilizado los siguientes ingredientes clave en la elaboraci\u00f3n de Aqua Science Water-Max Infusion Mist:<\/p>\n<ul>\n<li>Beta-glucano - calma mucho la piel<\/li>\n<li>Beta\u00edna: combate r\u00e1pidamente las irritaciones de la piel y la hidrata<\/li>\n<li>Lecitina: impresionantes propiedades hidratantes<\/li>\n<li>Alanto\u00edna: un efecto calmante garantizado<\/li>\n<li>Hialuronato de sodio: hidrataci\u00f3n profunda y completa de la piel y retenci\u00f3n de agua en la piel<\/li>\n<li>Complejo SRGF H1 - aumenta significativamente los niveles de humedad<\/li>\n<\/ul>\n<p>Todas estas sustancias son <u>libre de productos qu\u00edmicos y toxinas<\/u>. Adem\u00e1s, muchos de ellos son 100% naturales, lo que significa que no hay que preocuparse por los efectos secundarios o las alergias.<\/p>\n<h3>Una soluci\u00f3n cosm\u00e9tica de primera clase para todo tipo de pieles<\/h3>\n<p>Al igual que la mayor\u00eda de las soluciones profesionales para el cuidado de la piel de la gama de productos Aqua Since de Histolab, \u00e9sta tambi\u00e9n se ha desarrollado para satisfacer las necesidades de personas de todo tipo de piel. Es especialmente eficaz en pacientes que tienen <em>piel envejecida, seca, \u00e1spera y\/o escamosa<\/em> porque hidrata gradualmente la dermis a un nivel m\u00e1s profundo y mantiene su equilibrio h\u00eddrico.  No deje de hacer su pedido hoy mismo en la tienda online de Skin Heal.<\/p>","protected":false},"excerpt":{"rendered":"<p>Una forma r\u00e1pida y <em>una forma f\u00e1cil de revitalizar tu piel<\/em> es optimizando sus niveles de hidrataci\u00f3n. \u00bfC\u00f3mo hacerlo? S\u00f3lo tienes que confiar en Aqua Science Water-Max Infusion Mist 140ml de Histolab, un producto para el cuidado de la piel de alto rendimiento que <u>mejorar en gran medida los niveles de humedad<\/u> incluso de pieles envejecidas y muy secas. Para experimentar sus incomparables propiedades calmantes y revitalizantes, cons\u00edgalo ahora en Skin Heal.<\/p>","protected":false},"featured_media":9321,"template":"","meta":[],"product_brand":[],"product_cat":[87,113,114],"product_tag":[],"class_list":{"0":"post-9314","1":"product","2":"type-product","3":"status-publish","4":"has-post-thumbnail","6":"product_cat-cosmetics","7":"product_cat-histolab","8":"product_cat-medians","9":"clearfix","11":"first","12":"outofstock","13":"taxable","14":"shipping-taxable","15":"purchasable","16":"product-type-simple"},"yoast_head":"<!-- This site is optimized with the Yoast SEO plugin v27.3 - https:\/\/yoast.com\/product\/yoast-seo-wordpress\/ -->\n<title>Aqua Science Water-Max Infusion Mist - 140ml - Skin Heal<\/title>\n<meta name=\"description\" content=\"Sold by Skin Heal, Aqua Science Water-Max Infusion Mist hydrates and calms the skin. Aqua Science Water-Max Infusion Mist offers fast skin revitalization.\" \/>\n<meta name=\"robots\" content=\"index, follow, max-snippet:-1, max-image-preview:large, max-video-preview:-1\" \/>\n<link rel=\"canonical\" href=\"https:\/\/skin-heal.com\/es\/producto\/aqua-science-water-max-infusion-mist-140ml\/\" \/>\n<meta property=\"og:locale\" content=\"es_MX\" \/>\n<meta property=\"og:type\" content=\"article\" \/>\n<meta property=\"og:title\" content=\"Aqua Science Water-Max Infusion Mist - 140ml - Skin Heal\" \/>\n<meta property=\"og:description\" content=\"Sold by Skin Heal, Aqua Science Water-Max Infusion Mist hydrates and calms the skin. Aqua Science Water-Max Infusion Mist offers fast skin revitalization.\" \/>\n<meta property=\"og:url\" content=\"https:\/\/skin-heal.com\/es\/producto\/aqua-science-water-max-infusion-mist-140ml\/\" \/>\n<meta property=\"og:site_name\" content=\"Skin Heal\" \/>\n<meta property=\"article:modified_time\" content=\"2021-03-30T12:12:11+00:00\" \/>\n<meta property=\"og:image\" content=\"https:\/\/cdn.skin-heal.com\/wp-content\/uploads\/2019\/09\/Water-Max-Infusion-Mist.jpg\" \/>\n\t<meta property=\"og:image:width\" content=\"600\" \/>\n\t<meta property=\"og:image:height\" content=\"600\" \/>\n\t<meta property=\"og:image:type\" content=\"image\/jpeg\" \/>\n<meta name=\"twitter:card\" content=\"summary_large_image\" \/>\n<meta name=\"twitter:label1\" content=\"Tiempo de lectura\" \/>\n\t<meta name=\"twitter:data1\" content=\"1 minuto\" \/>\n<script type=\"application\/ld+json\" class=\"yoast-schema-graph\">{\"@context\":\"https:\\\/\\\/schema.org\",\"@graph\":[{\"@type\":\"WebPage\",\"@id\":\"https:\\\/\\\/skin-heal.com\\\/product\\\/aqua-science-water-max-infusion-mist-140ml\\\/\",\"url\":\"https:\\\/\\\/skin-heal.com\\\/product\\\/aqua-science-water-max-infusion-mist-140ml\\\/\",\"name\":\"Aqua Science Water-Max Infusion Mist - 140ml - Skin Heal\",\"isPartOf\":{\"@id\":\"https:\\\/\\\/skin-heal.com\\\/#website\"},\"primaryImageOfPage\":{\"@id\":\"https:\\\/\\\/skin-heal.com\\\/product\\\/aqua-science-water-max-infusion-mist-140ml\\\/#primaryimage\"},\"image\":{\"@id\":\"https:\\\/\\\/skin-heal.com\\\/product\\\/aqua-science-water-max-infusion-mist-140ml\\\/#primaryimage\"},\"thumbnailUrl\":\"https:\\\/\\\/skin-heal.com\\\/wp-content\\\/uploads\\\/2019\\\/09\\\/Water-Max-Infusion-Mist.jpg\",\"datePublished\":\"2019-09-19T11:37:09+00:00\",\"dateModified\":\"2021-03-30T12:12:11+00:00\",\"description\":\"Sold by Skin Heal, Aqua Science Water-Max Infusion Mist hydrates and calms the skin. Aqua Science Water-Max Infusion Mist offers fast skin revitalization.\",\"breadcrumb\":{\"@id\":\"https:\\\/\\\/skin-heal.com\\\/product\\\/aqua-science-water-max-infusion-mist-140ml\\\/#breadcrumb\"},\"inLanguage\":\"es\",\"potentialAction\":[{\"@type\":\"ReadAction\",\"target\":[\"https:\\\/\\\/skin-heal.com\\\/product\\\/aqua-science-water-max-infusion-mist-140ml\\\/\"]}]},{\"@type\":\"ImageObject\",\"inLanguage\":\"es\",\"@id\":\"https:\\\/\\\/skin-heal.com\\\/product\\\/aqua-science-water-max-infusion-mist-140ml\\\/#primaryimage\",\"url\":\"https:\\\/\\\/skin-heal.com\\\/wp-content\\\/uploads\\\/2019\\\/09\\\/Water-Max-Infusion-Mist.jpg\",\"contentUrl\":\"https:\\\/\\\/skin-heal.com\\\/wp-content\\\/uploads\\\/2019\\\/09\\\/Water-Max-Infusion-Mist.jpg\",\"width\":600,\"height\":600,\"caption\":\"Water-Max Infusion Mist\"},{\"@type\":\"BreadcrumbList\",\"@id\":\"https:\\\/\\\/skin-heal.com\\\/product\\\/aqua-science-water-max-infusion-mist-140ml\\\/#breadcrumb\",\"itemListElement\":[{\"@type\":\"ListItem\",\"position\":1,\"name\":\"Home\",\"item\":\"https:\\\/\\\/skin-heal.com\\\/\"},{\"@type\":\"ListItem\",\"position\":2,\"name\":\"Store\",\"item\":\"https:\\\/\\\/skin-heal.com\\\/store\\\/\"},{\"@type\":\"ListItem\",\"position\":3,\"name\":\"Aqua Science Water-Max Infusion Mist &#8211; 140ml\"}]},{\"@type\":\"WebSite\",\"@id\":\"https:\\\/\\\/skin-heal.com\\\/#website\",\"url\":\"https:\\\/\\\/skin-heal.com\\\/\",\"name\":\"Skin Heal\",\"description\":\"Lowest Prices for Dermal Fillers\",\"potentialAction\":[{\"@type\":\"SearchAction\",\"target\":{\"@type\":\"EntryPoint\",\"urlTemplate\":\"https:\\\/\\\/skin-heal.com\\\/?s={search_term_string}\"},\"query-input\":{\"@type\":\"PropertyValueSpecification\",\"valueRequired\":true,\"valueName\":\"search_term_string\"}}],\"inLanguage\":\"es\"}]}<\/script>\n<!-- \/ Yoast SEO plugin. -->","yoast_head_json":{"title":"Aqua Science Water-Max Infusion Mist - 140ml - Skin Heal","description":"Vendido por Skin Heal, Aqua Science Water-Max Infusion Mist hidrata y calma la piel. Aqua Science Water-Max Infusion Mist ofrece una r\u00e1pida revitalizaci\u00f3n de la piel.","robots":{"index":"index","follow":"follow","max-snippet":"max-snippet:-1","max-image-preview":"max-image-preview:large","max-video-preview":"max-video-preview:-1"},"canonical":"https:\/\/skin-heal.com\/es\/producto\/aqua-science-water-max-infusion-mist-140ml\/","og_locale":"es_MX","og_type":"article","og_title":"Aqua Science Water-Max Infusion Mist - 140ml - Skin Heal","og_description":"Sold by Skin Heal, Aqua Science Water-Max Infusion Mist hydrates and calms the skin. Aqua Science Water-Max Infusion Mist offers fast skin revitalization.","og_url":"https:\/\/skin-heal.com\/es\/producto\/aqua-science-water-max-infusion-mist-140ml\/","og_site_name":"Skin Heal","article_modified_time":"2021-03-30T12:12:11+00:00","og_image":[{"width":600,"height":600,"url":"https:\/\/cdn.skin-heal.com\/wp-content\/uploads\/2019\/09\/Water-Max-Infusion-Mist.jpg","type":"image\/jpeg"}],"twitter_card":"summary_large_image","twitter_misc":{"Tiempo de lectura":"1 minuto"},"schema":{"@context":"https:\/\/schema.org","@graph":[{"@type":"WebPage","@id":"https:\/\/skin-heal.com\/product\/aqua-science-water-max-infusion-mist-140ml\/","url":"https:\/\/skin-heal.com\/product\/aqua-science-water-max-infusion-mist-140ml\/","name":"Aqua Science Water-Max Infusion Mist - 140ml - Skin Heal","isPartOf":{"@id":"https:\/\/skin-heal.com\/#website"},"primaryImageOfPage":{"@id":"https:\/\/skin-heal.com\/product\/aqua-science-water-max-infusion-mist-140ml\/#primaryimage"},"image":{"@id":"https:\/\/skin-heal.com\/product\/aqua-science-water-max-infusion-mist-140ml\/#primaryimage"},"thumbnailUrl":"https:\/\/cdn.skin-heal.com\/wp-content\/uploads\/2019\/09\/Water-Max-Infusion-Mist.jpg","datePublished":"2019-09-19T11:37:09+00:00","dateModified":"2021-03-30T12:12:11+00:00","description":"Vendido por Skin Heal, Aqua Science Water-Max Infusion Mist hidrata y calma la piel. Aqua Science Water-Max Infusion Mist ofrece una r\u00e1pida revitalizaci\u00f3n de la piel.","breadcrumb":{"@id":"https:\/\/skin-heal.com\/product\/aqua-science-water-max-infusion-mist-140ml\/#breadcrumb"},"inLanguage":"es","potentialAction":[{"@type":"ReadAction","target":["https:\/\/skin-heal.com\/product\/aqua-science-water-max-infusion-mist-140ml\/"]}]},{"@type":"ImageObject","inLanguage":"es","@id":"https:\/\/skin-heal.com\/product\/aqua-science-water-max-infusion-mist-140ml\/#primaryimage","url":"https:\/\/cdn.skin-heal.com\/wp-content\/uploads\/2019\/09\/Water-Max-Infusion-Mist.jpg","contentUrl":"https:\/\/cdn.skin-heal.com\/wp-content\/uploads\/2019\/09\/Water-Max-Infusion-Mist.jpg","width":600,"height":600,"caption":"Water-Max Infusion Mist"},{"@type":"BreadcrumbList","@id":"https:\/\/skin-heal.com\/product\/aqua-science-water-max-infusion-mist-140ml\/#breadcrumb","itemListElement":[{"@type":"ListItem","position":1,"name":"Home","item":"https:\/\/skin-heal.com\/"},{"@type":"ListItem","position":2,"name":"Store","item":"https:\/\/skin-heal.com\/store\/"},{"@type":"ListItem","position":3,"name":"Aqua Science Water-Max Infusion Mist &#8211; 140ml"}]},{"@type":"WebSite","@id":"https:\/\/skin-heal.com\/#website","url":"https:\/\/skin-heal.com\/","name":"Curaci\u00f3n de la piel","description":"Los precios m\u00e1s bajos para los rellenos d\u00e9rmicos","potentialAction":[{"@type":"SearchAction","target":{"@type":"EntryPoint","urlTemplate":"https:\/\/skin-heal.com\/?s={search_term_string}"},"query-input":{"@type":"PropertyValueSpecification","valueRequired":true,"valueName":"search_term_string"}}],"inLanguage":"es"}]}},"_links":{"self":[{"href":"https:\/\/skin-heal.com\/es\/wp-json\/wp\/v2\/product\/9314","targetHints":{"allow":["GET"]}}],"collection":[{"href":"https:\/\/skin-heal.com\/es\/wp-json\/wp\/v2\/product"}],"about":[{"href":"https:\/\/skin-heal.com\/es\/wp-json\/wp\/v2\/types\/product"}],"wp:featuredmedia":[{"embeddable":true,"href":"https:\/\/skin-heal.com\/es\/wp-json\/wp\/v2\/media\/9321"}],"wp:attachment":[{"href":"https:\/\/skin-heal.com\/es\/wp-json\/wp\/v2\/media?parent=9314"}],"wp:term":[{"taxonomy":"product_brand","embeddable":true,"href":"https:\/\/skin-heal.com\/es\/wp-json\/wp\/v2\/product_brand?post=9314"},{"taxonomy":"product_cat","embeddable":true,"href":"https:\/\/skin-heal.com\/es\/wp-json\/wp\/v2\/product_cat?post=9314"},{"taxonomy":"product_tag","embeddable":true,"href":"https:\/\/skin-heal.com\/es\/wp-json\/wp\/v2\/product_tag?post=9314"}],"curies":[{"name":"wp","href":"https:\/\/api.w.org\/{rel}","templated":true}]}}