{"id":9315,"date":"2019-09-19T11:36:19","date_gmt":"2019-09-19T11:36:19","guid":{"rendered":"https:\/\/skin-heal.com\/?post_type=product&#038;p=9315"},"modified":"2021-03-30T12:12:11","modified_gmt":"2021-03-30T12:12:11","slug":"acnex-science-beta-fresh-toner-140ml","status":"publish","type":"product","link":"https:\/\/skin-heal.com\/es\/producto\/acnex-science-beta-fresh-toner-140ml\/","title":{"rendered":"Acnex Science Beta Fresh Toner - 140ml"},"content":{"rendered":"<h3>Principales ingredientes<\/h3>\n<p>Acnex Science Beta Fresh Toner contiene una larga lista de ingredientes activos principales, pero eso es porque ofrece un tratamiento muy completo contra la producci\u00f3n excesiva de sebo que pretende ofrecer resultados no s\u00f3lo visibles sino tambi\u00e9n duraderos. Por ello, algunas de sus acciones tienen un efecto casi inmediato. La piel de las zonas tratadas se refresca y alivia r\u00e1pidamente gracias a la acci\u00f3n de este producto <u>impresionante capacidad refrescante y antiinflamatoria<\/u>. Los niveles de grasa de la piel se restauran a sus niveles normales y se forma un escudo protector sobre la capa superior de la dermis para evitar que los factores ambientales negativos la da\u00f1en a\u00fan m\u00e1s. Si se utiliza durante un per\u00edodo prolongado, este t\u00f3nico cosm\u00e9tico de calidad tambi\u00e9n <em>mejorar el equilibrio h\u00eddrico de la piel y limpiarla<\/em> para corregir los poros dilatados y el acn\u00e9.<\/p>\n<ul>\n<li><strong>Poderes hidratantes<\/strong> - Extracto de hoja de Aloe Vera, SRGF H1 Complex, Beta-glucano<\/li>\n<li><strong>Protecci\u00f3n de la piel<\/strong> - Aceite del \u00e1rbol del t\u00e9, extracto de ra\u00edz de Sophora Angustifolia<\/li>\n<li><strong>Control de la producci\u00f3n de sebo<\/strong> - \u00c1cido salic\u00edlico<\/li>\n<li><strong>Efecto calmante<\/strong> - Complejo SRGF H1<\/li>\n<\/ul>\n<h3>Las personas que pueden beneficiarse enormemente del uso de este t\u00f3ner seguro<\/h3>\n<p>Cualquier persona que tenga la piel grasa podr\u00e1 ser testigo de los inmejorables poderes de Acnex Science Beta Fresh Toner. Los pacientes que tratan con problemas de la piel que est\u00e1n directamente relacionados con <em>desequilibrio en la producci\u00f3n de sebo<\/em> tampoco deber\u00eda dudar en pedir este superventas para el cuidado de la piel porque puede tratar f\u00e1cilmente el acn\u00e9, los poros dilatados, el enrojecimiento de la piel y otras irritaciones.<\/p>","protected":false},"excerpt":{"rendered":"<p>Los pacientes que sufren de <em>piel grasa<\/em> se alegrar\u00e1n de saber que Skin Heal ofrece ahora una soluci\u00f3n econ\u00f3mica para su problema - <u>Acnex Science Beta Fresh Toner 140ml<\/u>. Se trata de un revolucionario producto para el cuidado de la piel de la fiable empresa coreana de cosmec\u00e9uticos Histolab. Ofrece una satisfacci\u00f3n garantizada al paciente porque adopta un enfoque m\u00e1s hol\u00edstico en el tratamiento de los problemas de la piel, como el acn\u00e9 y la producci\u00f3n excesiva de grasa. Con \u00e9l, la piel queda excelentemente hidratada, refrescada, protegida y mucho m\u00e1s.<\/p>","protected":false},"featured_media":9320,"template":"","meta":[],"product_brand":[],"product_cat":[87,113,114],"product_tag":[],"class_list":{"0":"post-9315","1":"product","2":"type-product","3":"status-publish","4":"has-post-thumbnail","6":"product_cat-cosmetics","7":"product_cat-histolab","8":"product_cat-medians","9":"clearfix","11":"first","12":"outofstock","13":"taxable","14":"shipping-taxable","15":"purchasable","16":"product-type-simple"},"yoast_head":"<!-- This site is optimized with the Yoast SEO plugin v27.3 - https:\/\/yoast.com\/product\/yoast-seo-wordpress\/ -->\n<title>Acnex Science Beta Fresh Toner \u2013 140ml - Skin Heal<\/title>\n<meta name=\"description\" content=\"Acnex Science Beta Fresh Toner is a powerful anti-acne skin toner. Get Acnex Science Beta Fresh Toner from Skin Heal to visibly reduce skin oil production.\" \/>\n<meta name=\"robots\" content=\"index, follow, max-snippet:-1, max-image-preview:large, max-video-preview:-1\" \/>\n<link rel=\"canonical\" href=\"https:\/\/skin-heal.com\/es\/producto\/acnex-science-beta-fresh-toner-140ml\/\" \/>\n<meta property=\"og:locale\" content=\"es_MX\" \/>\n<meta property=\"og:type\" content=\"article\" \/>\n<meta property=\"og:title\" content=\"Acnex Science Beta Fresh Toner \u2013 140ml - Skin Heal\" \/>\n<meta property=\"og:description\" content=\"Acnex Science Beta Fresh Toner is a powerful anti-acne skin toner. Get Acnex Science Beta Fresh Toner from Skin Heal to visibly reduce skin oil production.\" \/>\n<meta property=\"og:url\" content=\"https:\/\/skin-heal.com\/es\/producto\/acnex-science-beta-fresh-toner-140ml\/\" \/>\n<meta property=\"og:site_name\" content=\"Skin Heal\" \/>\n<meta property=\"article:modified_time\" content=\"2021-03-30T12:12:11+00:00\" \/>\n<meta property=\"og:image\" content=\"https:\/\/cdn.skin-heal.com\/wp-content\/uploads\/2019\/09\/Beta-Fresh-Toner.jpg\" \/>\n\t<meta property=\"og:image:width\" content=\"600\" \/>\n\t<meta property=\"og:image:height\" content=\"600\" \/>\n\t<meta property=\"og:image:type\" content=\"image\/jpeg\" \/>\n<meta name=\"twitter:card\" content=\"summary_large_image\" \/>\n<meta name=\"twitter:label1\" content=\"Tiempo de lectura\" \/>\n\t<meta name=\"twitter:data1\" content=\"1 minuto\" \/>\n<script type=\"application\/ld+json\" class=\"yoast-schema-graph\">{\"@context\":\"https:\\\/\\\/schema.org\",\"@graph\":[{\"@type\":\"WebPage\",\"@id\":\"https:\\\/\\\/skin-heal.com\\\/product\\\/acnex-science-beta-fresh-toner-140ml\\\/\",\"url\":\"https:\\\/\\\/skin-heal.com\\\/product\\\/acnex-science-beta-fresh-toner-140ml\\\/\",\"name\":\"Acnex Science Beta Fresh Toner \u2013 140ml - Skin Heal\",\"isPartOf\":{\"@id\":\"https:\\\/\\\/skin-heal.com\\\/#website\"},\"primaryImageOfPage\":{\"@id\":\"https:\\\/\\\/skin-heal.com\\\/product\\\/acnex-science-beta-fresh-toner-140ml\\\/#primaryimage\"},\"image\":{\"@id\":\"https:\\\/\\\/skin-heal.com\\\/product\\\/acnex-science-beta-fresh-toner-140ml\\\/#primaryimage\"},\"thumbnailUrl\":\"https:\\\/\\\/skin-heal.com\\\/wp-content\\\/uploads\\\/2019\\\/09\\\/Beta-Fresh-Toner.jpg\",\"datePublished\":\"2019-09-19T11:36:19+00:00\",\"dateModified\":\"2021-03-30T12:12:11+00:00\",\"description\":\"Acnex Science Beta Fresh Toner is a powerful anti-acne skin toner. Get Acnex Science Beta Fresh Toner from Skin Heal to visibly reduce skin oil production.\",\"breadcrumb\":{\"@id\":\"https:\\\/\\\/skin-heal.com\\\/product\\\/acnex-science-beta-fresh-toner-140ml\\\/#breadcrumb\"},\"inLanguage\":\"es\",\"potentialAction\":[{\"@type\":\"ReadAction\",\"target\":[\"https:\\\/\\\/skin-heal.com\\\/product\\\/acnex-science-beta-fresh-toner-140ml\\\/\"]}]},{\"@type\":\"ImageObject\",\"inLanguage\":\"es\",\"@id\":\"https:\\\/\\\/skin-heal.com\\\/product\\\/acnex-science-beta-fresh-toner-140ml\\\/#primaryimage\",\"url\":\"https:\\\/\\\/skin-heal.com\\\/wp-content\\\/uploads\\\/2019\\\/09\\\/Beta-Fresh-Toner.jpg\",\"contentUrl\":\"https:\\\/\\\/skin-heal.com\\\/wp-content\\\/uploads\\\/2019\\\/09\\\/Beta-Fresh-Toner.jpg\",\"width\":600,\"height\":600,\"caption\":\"Beta Fresh Toner\"},{\"@type\":\"BreadcrumbList\",\"@id\":\"https:\\\/\\\/skin-heal.com\\\/product\\\/acnex-science-beta-fresh-toner-140ml\\\/#breadcrumb\",\"itemListElement\":[{\"@type\":\"ListItem\",\"position\":1,\"name\":\"Home\",\"item\":\"https:\\\/\\\/skin-heal.com\\\/\"},{\"@type\":\"ListItem\",\"position\":2,\"name\":\"Store\",\"item\":\"https:\\\/\\\/skin-heal.com\\\/store\\\/\"},{\"@type\":\"ListItem\",\"position\":3,\"name\":\"Acnex Science Beta Fresh Toner \u2013 140ml\"}]},{\"@type\":\"WebSite\",\"@id\":\"https:\\\/\\\/skin-heal.com\\\/#website\",\"url\":\"https:\\\/\\\/skin-heal.com\\\/\",\"name\":\"Skin Heal\",\"description\":\"Lowest Prices for Dermal Fillers\",\"potentialAction\":[{\"@type\":\"SearchAction\",\"target\":{\"@type\":\"EntryPoint\",\"urlTemplate\":\"https:\\\/\\\/skin-heal.com\\\/?s={search_term_string}\"},\"query-input\":{\"@type\":\"PropertyValueSpecification\",\"valueRequired\":true,\"valueName\":\"search_term_string\"}}],\"inLanguage\":\"es\"}]}<\/script>\n<!-- \/ Yoast SEO plugin. -->","yoast_head_json":{"title":"Acnex Science Beta T\u00f3nico Fresco - 140ml - Skin Heal","description":"Acnex Science Beta Fresh Toner es un potente t\u00f3nico antiacn\u00e9 para la piel. Consigue Acnex Science Beta Fresh Toner de Skin Heal para reducir visiblemente la producci\u00f3n de grasa de la piel.","robots":{"index":"index","follow":"follow","max-snippet":"max-snippet:-1","max-image-preview":"max-image-preview:large","max-video-preview":"max-video-preview:-1"},"canonical":"https:\/\/skin-heal.com\/es\/producto\/acnex-science-beta-fresh-toner-140ml\/","og_locale":"es_MX","og_type":"article","og_title":"Acnex Science Beta Fresh Toner \u2013 140ml - Skin Heal","og_description":"Acnex Science Beta Fresh Toner is a powerful anti-acne skin toner. Get Acnex Science Beta Fresh Toner from Skin Heal to visibly reduce skin oil production.","og_url":"https:\/\/skin-heal.com\/es\/producto\/acnex-science-beta-fresh-toner-140ml\/","og_site_name":"Skin Heal","article_modified_time":"2021-03-30T12:12:11+00:00","og_image":[{"width":600,"height":600,"url":"https:\/\/cdn.skin-heal.com\/wp-content\/uploads\/2019\/09\/Beta-Fresh-Toner.jpg","type":"image\/jpeg"}],"twitter_card":"summary_large_image","twitter_misc":{"Tiempo de lectura":"1 minuto"},"schema":{"@context":"https:\/\/schema.org","@graph":[{"@type":"WebPage","@id":"https:\/\/skin-heal.com\/product\/acnex-science-beta-fresh-toner-140ml\/","url":"https:\/\/skin-heal.com\/product\/acnex-science-beta-fresh-toner-140ml\/","name":"Acnex Science Beta T\u00f3nico Fresco - 140ml - Skin Heal","isPartOf":{"@id":"https:\/\/skin-heal.com\/#website"},"primaryImageOfPage":{"@id":"https:\/\/skin-heal.com\/product\/acnex-science-beta-fresh-toner-140ml\/#primaryimage"},"image":{"@id":"https:\/\/skin-heal.com\/product\/acnex-science-beta-fresh-toner-140ml\/#primaryimage"},"thumbnailUrl":"https:\/\/cdn.skin-heal.com\/wp-content\/uploads\/2019\/09\/Beta-Fresh-Toner.jpg","datePublished":"2019-09-19T11:36:19+00:00","dateModified":"2021-03-30T12:12:11+00:00","description":"Acnex Science Beta Fresh Toner es un potente t\u00f3nico antiacn\u00e9 para la piel. Consigue Acnex Science Beta Fresh Toner de Skin Heal para reducir visiblemente la producci\u00f3n de grasa de la piel.","breadcrumb":{"@id":"https:\/\/skin-heal.com\/product\/acnex-science-beta-fresh-toner-140ml\/#breadcrumb"},"inLanguage":"es","potentialAction":[{"@type":"ReadAction","target":["https:\/\/skin-heal.com\/product\/acnex-science-beta-fresh-toner-140ml\/"]}]},{"@type":"ImageObject","inLanguage":"es","@id":"https:\/\/skin-heal.com\/product\/acnex-science-beta-fresh-toner-140ml\/#primaryimage","url":"https:\/\/cdn.skin-heal.com\/wp-content\/uploads\/2019\/09\/Beta-Fresh-Toner.jpg","contentUrl":"https:\/\/cdn.skin-heal.com\/wp-content\/uploads\/2019\/09\/Beta-Fresh-Toner.jpg","width":600,"height":600,"caption":"Beta Fresh Toner"},{"@type":"BreadcrumbList","@id":"https:\/\/skin-heal.com\/product\/acnex-science-beta-fresh-toner-140ml\/#breadcrumb","itemListElement":[{"@type":"ListItem","position":1,"name":"Home","item":"https:\/\/skin-heal.com\/"},{"@type":"ListItem","position":2,"name":"Store","item":"https:\/\/skin-heal.com\/store\/"},{"@type":"ListItem","position":3,"name":"Acnex Science Beta Fresh Toner \u2013 140ml"}]},{"@type":"WebSite","@id":"https:\/\/skin-heal.com\/#website","url":"https:\/\/skin-heal.com\/","name":"Curaci\u00f3n de la piel","description":"Los precios m\u00e1s bajos para los rellenos d\u00e9rmicos","potentialAction":[{"@type":"SearchAction","target":{"@type":"EntryPoint","urlTemplate":"https:\/\/skin-heal.com\/?s={search_term_string}"},"query-input":{"@type":"PropertyValueSpecification","valueRequired":true,"valueName":"search_term_string"}}],"inLanguage":"es"}]}},"_links":{"self":[{"href":"https:\/\/skin-heal.com\/es\/wp-json\/wp\/v2\/product\/9315","targetHints":{"allow":["GET"]}}],"collection":[{"href":"https:\/\/skin-heal.com\/es\/wp-json\/wp\/v2\/product"}],"about":[{"href":"https:\/\/skin-heal.com\/es\/wp-json\/wp\/v2\/types\/product"}],"wp:featuredmedia":[{"embeddable":true,"href":"https:\/\/skin-heal.com\/es\/wp-json\/wp\/v2\/media\/9320"}],"wp:attachment":[{"href":"https:\/\/skin-heal.com\/es\/wp-json\/wp\/v2\/media?parent=9315"}],"wp:term":[{"taxonomy":"product_brand","embeddable":true,"href":"https:\/\/skin-heal.com\/es\/wp-json\/wp\/v2\/product_brand?post=9315"},{"taxonomy":"product_cat","embeddable":true,"href":"https:\/\/skin-heal.com\/es\/wp-json\/wp\/v2\/product_cat?post=9315"},{"taxonomy":"product_tag","embeddable":true,"href":"https:\/\/skin-heal.com\/es\/wp-json\/wp\/v2\/product_tag?post=9315"}],"curies":[{"name":"wp","href":"https:\/\/api.w.org\/{rel}","templated":true}]}}