{"id":9316,"date":"2019-09-19T11:40:29","date_gmt":"2019-09-19T11:40:29","guid":{"rendered":"https:\/\/skin-heal.com\/?post_type=product&#038;p=9316"},"modified":"2021-03-30T12:12:10","modified_gmt":"2021-03-30T12:12:10","slug":"basic-science-callus-stempeel-pha-100-120ml","status":"publish","type":"product","link":"https:\/\/skin-heal.com\/es\/producto\/basic-science-callus-stempeel-pha-100-120ml\/","title":{"rendered":"Basic Science Callus Stempeel PHA 100 - 120ml"},"content":{"rendered":"<h3>Una soluci\u00f3n de exfoliaci\u00f3n excepcional para pieles sensibles<\/h3>\n<p>Las personas con piel sensible est\u00e1n de enhorabuena porque por fin pueden disfrutar de un tratamiento de exfoliaci\u00f3n completo. Histolab, una empresa cosmec\u00e9utica establecida y de renombre de Corea del Sur, ha elaborado Basic Science Callus Stempeel PHA 100 especialmente para los pacientes que son hipersensibles a los efectos de las terapias de exfoliaci\u00f3n est\u00e1ndar y las soluciones cosm\u00e9ticas. Se trata de <em>un producto que se basa en gran medida en las plantas<\/em> y no contiene sustancias agresivas. Los potentes efectos exfoliantes de los ingredientes \u00e1cidos que presenta en su f\u00f3rmula cuidadosamente adaptada han sido perfectamente equilibrados por sustancias naturales y ricas en nutrientes.<\/p>\n<h3>Las propiedades estimulantes de la piel de Basic Science Callus Stempeel PHA 100<\/h3>\n<p>La raz\u00f3n principal por la que este producto de peeling optimizado es tan adecuado para los pacientes con pieles irritadas o sensibles es porque tambi\u00e9n <u>act\u00faa como potenciador de la piel<\/u>. Basic Science Callus Stempeel PHA 100 mejora significativamente la salud y el estado de la zona tratada gracias a sus numerosos superpoderes adicionales:<\/p>\n<ul>\n<li><strong>Limpia a fondo la piel<\/strong> de las impurezas utilizando los sorprendentes poderes del \u00e1cido c\u00edtrico, el \u00e1cido l\u00e1ctico y el \u00e1cido glic\u00f3lico<\/li>\n<li><strong>Mejora la salud general de la piel <\/strong>y acondicionarla aportando importantes nutrientes que se encuentran en el extracto de cultivo de Ipomoea Hederacea Callus<\/li>\n<li><strong>Proporciona una hidrataci\u00f3n duradera y calma las irritaciones<\/strong> con la ayuda de la flor Nelumbo nucifera y el cactus<\/li>\n<\/ul>\n<p>Para obtener el producto original, p\u00eddalo siempre en la tienda online de Skin Heal.<\/p>","protected":false},"excerpt":{"rendered":"<p>Basic Science Callus Stempeel PHA 100 120ml by Histolab es <strong>un innovador producto exfoliante<\/strong>. Es tan suave que puede utilizarse con seguridad en pieles sensibles. Debido a sus notables propiedades hidratantes, cicatrizantes y potenciadoras de la piel, esta soluci\u00f3n cosm\u00e9tica de primera categor\u00eda tambi\u00e9n puede clasificarse como un acondicionador de la piel de nueva generaci\u00f3n. Ahora lo encontrar\u00e1 entre los productos m\u00e1s vendidos de Skin Heal junto con muchas otras obras maestras de la l\u00ednea Basic Science de Histolab.<\/p>","protected":false},"featured_media":9324,"template":"","meta":[],"product_brand":[],"product_cat":[87,113,114],"product_tag":[],"class_list":{"0":"post-9316","1":"product","2":"type-product","3":"status-publish","4":"has-post-thumbnail","6":"product_cat-cosmetics","7":"product_cat-histolab","8":"product_cat-medians","9":"clearfix","11":"first","12":"outofstock","13":"taxable","14":"shipping-taxable","15":"purchasable","16":"product-type-simple"},"yoast_head":"<!-- This site is optimized with the Yoast SEO plugin v27.3 - https:\/\/yoast.com\/product\/yoast-seo-wordpress\/ -->\n<title>Basic Science Callus Stempeel PHA 100 \u2013 120ml - Skin Heal<\/title>\n<meta name=\"description\" content=\"For a risk-free peeling treatment for sensitive skin, use Basic Science Callus Stempeel PHA 100. Order Basic Science Callus Stempeel PHA 100 via Skin Heal.\" \/>\n<meta name=\"robots\" content=\"index, follow, max-snippet:-1, max-image-preview:large, max-video-preview:-1\" \/>\n<link rel=\"canonical\" href=\"https:\/\/skin-heal.com\/es\/producto\/basic-science-callus-stempeel-pha-100-120ml\/\" \/>\n<meta property=\"og:locale\" content=\"es_MX\" \/>\n<meta property=\"og:type\" content=\"article\" \/>\n<meta property=\"og:title\" content=\"Basic Science Callus Stempeel PHA 100 \u2013 120ml - Skin Heal\" \/>\n<meta property=\"og:description\" content=\"For a risk-free peeling treatment for sensitive skin, use Basic Science Callus Stempeel PHA 100. Order Basic Science Callus Stempeel PHA 100 via Skin Heal.\" \/>\n<meta property=\"og:url\" content=\"https:\/\/skin-heal.com\/es\/producto\/basic-science-callus-stempeel-pha-100-120ml\/\" \/>\n<meta property=\"og:site_name\" content=\"Skin Heal\" \/>\n<meta property=\"article:modified_time\" content=\"2021-03-30T12:12:10+00:00\" \/>\n<meta property=\"og:image\" content=\"https:\/\/cdn.skin-heal.com\/wp-content\/uploads\/2019\/09\/Callus-Stempeel-PHA-100.jpg\" \/>\n\t<meta property=\"og:image:width\" content=\"600\" \/>\n\t<meta property=\"og:image:height\" content=\"600\" \/>\n\t<meta property=\"og:image:type\" content=\"image\/jpeg\" \/>\n<meta name=\"twitter:card\" content=\"summary_large_image\" \/>\n<meta name=\"twitter:label1\" content=\"Tiempo de lectura\" \/>\n\t<meta name=\"twitter:data1\" content=\"1 minuto\" \/>\n<script type=\"application\/ld+json\" class=\"yoast-schema-graph\">{\"@context\":\"https:\\\/\\\/schema.org\",\"@graph\":[{\"@type\":\"WebPage\",\"@id\":\"https:\\\/\\\/skin-heal.com\\\/product\\\/basic-science-callus-stempeel-pha-100-120ml\\\/\",\"url\":\"https:\\\/\\\/skin-heal.com\\\/product\\\/basic-science-callus-stempeel-pha-100-120ml\\\/\",\"name\":\"Basic Science Callus Stempeel PHA 100 \u2013 120ml - Skin Heal\",\"isPartOf\":{\"@id\":\"https:\\\/\\\/skin-heal.com\\\/#website\"},\"primaryImageOfPage\":{\"@id\":\"https:\\\/\\\/skin-heal.com\\\/product\\\/basic-science-callus-stempeel-pha-100-120ml\\\/#primaryimage\"},\"image\":{\"@id\":\"https:\\\/\\\/skin-heal.com\\\/product\\\/basic-science-callus-stempeel-pha-100-120ml\\\/#primaryimage\"},\"thumbnailUrl\":\"https:\\\/\\\/skin-heal.com\\\/wp-content\\\/uploads\\\/2019\\\/09\\\/Callus-Stempeel-PHA-100.jpg\",\"datePublished\":\"2019-09-19T11:40:29+00:00\",\"dateModified\":\"2021-03-30T12:12:10+00:00\",\"description\":\"For a risk-free peeling treatment for sensitive skin, use Basic Science Callus Stempeel PHA 100. Order Basic Science Callus Stempeel PHA 100 via Skin Heal.\",\"breadcrumb\":{\"@id\":\"https:\\\/\\\/skin-heal.com\\\/product\\\/basic-science-callus-stempeel-pha-100-120ml\\\/#breadcrumb\"},\"inLanguage\":\"es\",\"potentialAction\":[{\"@type\":\"ReadAction\",\"target\":[\"https:\\\/\\\/skin-heal.com\\\/product\\\/basic-science-callus-stempeel-pha-100-120ml\\\/\"]}]},{\"@type\":\"ImageObject\",\"inLanguage\":\"es\",\"@id\":\"https:\\\/\\\/skin-heal.com\\\/product\\\/basic-science-callus-stempeel-pha-100-120ml\\\/#primaryimage\",\"url\":\"https:\\\/\\\/skin-heal.com\\\/wp-content\\\/uploads\\\/2019\\\/09\\\/Callus-Stempeel-PHA-100.jpg\",\"contentUrl\":\"https:\\\/\\\/skin-heal.com\\\/wp-content\\\/uploads\\\/2019\\\/09\\\/Callus-Stempeel-PHA-100.jpg\",\"width\":600,\"height\":600,\"caption\":\"Callus Stempeel PHA 100\"},{\"@type\":\"BreadcrumbList\",\"@id\":\"https:\\\/\\\/skin-heal.com\\\/product\\\/basic-science-callus-stempeel-pha-100-120ml\\\/#breadcrumb\",\"itemListElement\":[{\"@type\":\"ListItem\",\"position\":1,\"name\":\"Home\",\"item\":\"https:\\\/\\\/skin-heal.com\\\/\"},{\"@type\":\"ListItem\",\"position\":2,\"name\":\"Store\",\"item\":\"https:\\\/\\\/skin-heal.com\\\/store\\\/\"},{\"@type\":\"ListItem\",\"position\":3,\"name\":\"Basic Science Callus Stempeel PHA 100 \u2013 120ml\"}]},{\"@type\":\"WebSite\",\"@id\":\"https:\\\/\\\/skin-heal.com\\\/#website\",\"url\":\"https:\\\/\\\/skin-heal.com\\\/\",\"name\":\"Skin Heal\",\"description\":\"Lowest Prices for Dermal Fillers\",\"potentialAction\":[{\"@type\":\"SearchAction\",\"target\":{\"@type\":\"EntryPoint\",\"urlTemplate\":\"https:\\\/\\\/skin-heal.com\\\/?s={search_term_string}\"},\"query-input\":{\"@type\":\"PropertyValueSpecification\",\"valueRequired\":true,\"valueName\":\"search_term_string\"}}],\"inLanguage\":\"es\"}]}<\/script>\n<!-- \/ Yoast SEO plugin. -->","yoast_head_json":{"title":"Basic Science Callus Stempeel PHA 100 - 120ml - Skin Heal","description":"Para un tratamiento exfoliante sin riesgos para pieles sensibles, utilice Basic Science Callus Stempeel PHA 100. Pida Basic Science Callus Stempeel PHA 100 a trav\u00e9s de Skin Heal.","robots":{"index":"index","follow":"follow","max-snippet":"max-snippet:-1","max-image-preview":"max-image-preview:large","max-video-preview":"max-video-preview:-1"},"canonical":"https:\/\/skin-heal.com\/es\/producto\/basic-science-callus-stempeel-pha-100-120ml\/","og_locale":"es_MX","og_type":"article","og_title":"Basic Science Callus Stempeel PHA 100 \u2013 120ml - Skin Heal","og_description":"For a risk-free peeling treatment for sensitive skin, use Basic Science Callus Stempeel PHA 100. Order Basic Science Callus Stempeel PHA 100 via Skin Heal.","og_url":"https:\/\/skin-heal.com\/es\/producto\/basic-science-callus-stempeel-pha-100-120ml\/","og_site_name":"Skin Heal","article_modified_time":"2021-03-30T12:12:10+00:00","og_image":[{"width":600,"height":600,"url":"https:\/\/cdn.skin-heal.com\/wp-content\/uploads\/2019\/09\/Callus-Stempeel-PHA-100.jpg","type":"image\/jpeg"}],"twitter_card":"summary_large_image","twitter_misc":{"Tiempo de lectura":"1 minuto"},"schema":{"@context":"https:\/\/schema.org","@graph":[{"@type":"WebPage","@id":"https:\/\/skin-heal.com\/product\/basic-science-callus-stempeel-pha-100-120ml\/","url":"https:\/\/skin-heal.com\/product\/basic-science-callus-stempeel-pha-100-120ml\/","name":"Basic Science Callus Stempeel PHA 100 - 120ml - Skin Heal","isPartOf":{"@id":"https:\/\/skin-heal.com\/#website"},"primaryImageOfPage":{"@id":"https:\/\/skin-heal.com\/product\/basic-science-callus-stempeel-pha-100-120ml\/#primaryimage"},"image":{"@id":"https:\/\/skin-heal.com\/product\/basic-science-callus-stempeel-pha-100-120ml\/#primaryimage"},"thumbnailUrl":"https:\/\/cdn.skin-heal.com\/wp-content\/uploads\/2019\/09\/Callus-Stempeel-PHA-100.jpg","datePublished":"2019-09-19T11:40:29+00:00","dateModified":"2021-03-30T12:12:10+00:00","description":"Para un tratamiento exfoliante sin riesgos para pieles sensibles, utilice Basic Science Callus Stempeel PHA 100. Pida Basic Science Callus Stempeel PHA 100 a trav\u00e9s de Skin Heal.","breadcrumb":{"@id":"https:\/\/skin-heal.com\/product\/basic-science-callus-stempeel-pha-100-120ml\/#breadcrumb"},"inLanguage":"es","potentialAction":[{"@type":"ReadAction","target":["https:\/\/skin-heal.com\/product\/basic-science-callus-stempeel-pha-100-120ml\/"]}]},{"@type":"ImageObject","inLanguage":"es","@id":"https:\/\/skin-heal.com\/product\/basic-science-callus-stempeel-pha-100-120ml\/#primaryimage","url":"https:\/\/cdn.skin-heal.com\/wp-content\/uploads\/2019\/09\/Callus-Stempeel-PHA-100.jpg","contentUrl":"https:\/\/cdn.skin-heal.com\/wp-content\/uploads\/2019\/09\/Callus-Stempeel-PHA-100.jpg","width":600,"height":600,"caption":"Callus Stempeel PHA 100"},{"@type":"BreadcrumbList","@id":"https:\/\/skin-heal.com\/product\/basic-science-callus-stempeel-pha-100-120ml\/#breadcrumb","itemListElement":[{"@type":"ListItem","position":1,"name":"Home","item":"https:\/\/skin-heal.com\/"},{"@type":"ListItem","position":2,"name":"Store","item":"https:\/\/skin-heal.com\/store\/"},{"@type":"ListItem","position":3,"name":"Basic Science Callus Stempeel PHA 100 \u2013 120ml"}]},{"@type":"WebSite","@id":"https:\/\/skin-heal.com\/#website","url":"https:\/\/skin-heal.com\/","name":"Curaci\u00f3n de la piel","description":"Los precios m\u00e1s bajos para los rellenos d\u00e9rmicos","potentialAction":[{"@type":"SearchAction","target":{"@type":"EntryPoint","urlTemplate":"https:\/\/skin-heal.com\/?s={search_term_string}"},"query-input":{"@type":"PropertyValueSpecification","valueRequired":true,"valueName":"search_term_string"}}],"inLanguage":"es"}]}},"_links":{"self":[{"href":"https:\/\/skin-heal.com\/es\/wp-json\/wp\/v2\/product\/9316","targetHints":{"allow":["GET"]}}],"collection":[{"href":"https:\/\/skin-heal.com\/es\/wp-json\/wp\/v2\/product"}],"about":[{"href":"https:\/\/skin-heal.com\/es\/wp-json\/wp\/v2\/types\/product"}],"wp:featuredmedia":[{"embeddable":true,"href":"https:\/\/skin-heal.com\/es\/wp-json\/wp\/v2\/media\/9324"}],"wp:attachment":[{"href":"https:\/\/skin-heal.com\/es\/wp-json\/wp\/v2\/media?parent=9316"}],"wp:term":[{"taxonomy":"product_brand","embeddable":true,"href":"https:\/\/skin-heal.com\/es\/wp-json\/wp\/v2\/product_brand?post=9316"},{"taxonomy":"product_cat","embeddable":true,"href":"https:\/\/skin-heal.com\/es\/wp-json\/wp\/v2\/product_cat?post=9316"},{"taxonomy":"product_tag","embeddable":true,"href":"https:\/\/skin-heal.com\/es\/wp-json\/wp\/v2\/product_tag?post=9316"}],"curies":[{"name":"wp","href":"https:\/\/api.w.org\/{rel}","templated":true}]}}