{"id":932,"date":"2018-12-03T14:50:53","date_gmt":"2018-12-03T14:50:53","guid":{"rendered":"https:\/\/skin-heal.com\/?post_type=product&#038;p=932"},"modified":"2020-04-16T13:28:14","modified_gmt":"2020-04-16T13:28:14","slug":"surgiderm-30-2x0-8ml","status":"publish","type":"product","link":"https:\/\/skin-heal.com\/es\/producto\/surgiderm-30-2x0-8ml\/","title":{"rendered":"Surgiderm 30 (2\u00d70,8ml)"},"content":{"rendered":"<h3>Aplicaciones recomendadas<\/h3>\n<ul>\n<li>Correcci\u00f3n y eliminaci\u00f3n de depresiones y pliegues d\u00e9rmicos profundos<\/li>\n<li>Dar volumen a los labios<\/li>\n<li>Mejorar la definici\u00f3n de los labios<\/li>\n<li>Aumento del volumen de la piel<\/li>\n<\/ul>\n<h3>Un esquema r\u00e1pido de un tratamiento est\u00e1ndar con Surgiderm 30<\/h3>\n<p>Este relleno cut\u00e1neo altamente purificado es seguro para su uso en una amplia gama de pacientes, pero est\u00e1 especialmente indicado para aquellos que quieren frenar las manos del tiempo y corregir los signos de envejecimiento en alguna zona de la cara. Antes del tratamiento, no ser\u00e1 necesario realizar una prueba cut\u00e1nea, ya que Surgiderm 30 est\u00e1 compuesto por HA de origen no animal. Por lo tanto, es incre\u00edblemente respetuoso con la salud y, aunque provoque algunos efectos secundarios (enrojecimiento, hinchaz\u00f3n, hematomas, dolor, etc.), suelen desaparecer en varios d\u00edas.<\/p>\n<p>El producto es inyectado en la dermis profunda por un profesional cualificado y certificado. Este proceso no suele durar m\u00e1s de 30 minutos. Una sesi\u00f3n con este relleno de \u00e1cido hialur\u00f3nico de estructura firme ofrece resultados inmediatos que permanecen visibles durante 9-12 meses. Se pueden realizar sesiones de mantenimiento para conservar el efecto del tratamiento.<\/p>\n<p>La estructura adaptable de Surgiderm 30 hace posible que se inyecte en diferentes zonas del rostro, como la frente, la barbilla, el contorno de los ojos y\/o la boca y los p\u00f3mulos.<\/p>","protected":false},"excerpt":{"rendered":"<p>No todos los rellenos de HA l\u00edderes en el mercado pueden reducir o eliminar completamente las arrugas y pliegues profundos, pero Surgiderm 30 tiene concretamente ese poder. Es un relleno d\u00e9rmico revolucionario que se centra \u00fanicamente en esa tarea: conquistar y rellenar los pliegues y arrugas m\u00e1s profundos de la piel. Lo hace de forma brillante porque se basa en la innovadora tecnolog\u00eda de matriz de \u00e1cido hialur\u00f3nico 3D.<\/p>","protected":false},"featured_media":936,"template":"","meta":[],"product_brand":[],"product_cat":[69,79,81],"product_tag":[],"class_list":{"0":"post-932","1":"product","2":"type-product","3":"status-publish","4":"has-post-thumbnail","6":"product_cat-allergan","7":"product_cat-dermal-fillers","8":"product_cat-surgiderm","9":"clearfix","11":"first","12":"outofstock","13":"taxable","14":"shipping-taxable","15":"purchasable","16":"product-type-simple"},"yoast_head":"<!-- This site is optimized with the Yoast SEO plugin v27.3 - https:\/\/yoast.com\/product\/yoast-seo-wordpress\/ -->\n<title>Surgiderm 30 (2\u00d70.8ml) - Skin Heal<\/title>\n<meta name=\"description\" content=\"Surgiderm 30 is a pure HA filler injected into the deep dermis to treat deep skin depressions and provide the face with volume. Durability - 9-12 months.\" \/>\n<meta name=\"robots\" content=\"index, follow, max-snippet:-1, max-image-preview:large, max-video-preview:-1\" \/>\n<link rel=\"canonical\" href=\"https:\/\/skin-heal.com\/es\/producto\/surgiderm-30-2x0-8ml\/\" \/>\n<meta property=\"og:locale\" content=\"es_MX\" \/>\n<meta property=\"og:type\" content=\"article\" \/>\n<meta property=\"og:title\" content=\"Surgiderm 30 (2\u00d70.8ml) - Skin Heal\" \/>\n<meta property=\"og:description\" content=\"Surgiderm 30 is a pure HA filler injected into the deep dermis to treat deep skin depressions and provide the face with volume. Durability - 9-12 months.\" \/>\n<meta property=\"og:url\" content=\"https:\/\/skin-heal.com\/es\/producto\/surgiderm-30-2x0-8ml\/\" \/>\n<meta property=\"og:site_name\" content=\"Skin Heal\" \/>\n<meta property=\"article:modified_time\" content=\"2020-04-16T13:28:14+00:00\" \/>\n<meta property=\"og:image\" content=\"https:\/\/cdn.skin-heal.com\/wp-content\/uploads\/2018\/12\/Surgiderm-30.jpg\" \/>\n\t<meta property=\"og:image:width\" content=\"600\" \/>\n\t<meta property=\"og:image:height\" content=\"600\" \/>\n\t<meta property=\"og:image:type\" content=\"image\/jpeg\" \/>\n<meta name=\"twitter:card\" content=\"summary_large_image\" \/>\n<meta name=\"twitter:label1\" content=\"Tiempo de lectura\" \/>\n\t<meta name=\"twitter:data1\" content=\"1 minuto\" \/>\n<script type=\"application\/ld+json\" class=\"yoast-schema-graph\">{\"@context\":\"https:\\\/\\\/schema.org\",\"@graph\":[{\"@type\":\"WebPage\",\"@id\":\"https:\\\/\\\/skin-heal.com\\\/product\\\/surgiderm-30-2x0-8ml\\\/\",\"url\":\"https:\\\/\\\/skin-heal.com\\\/product\\\/surgiderm-30-2x0-8ml\\\/\",\"name\":\"Surgiderm 30 (2\u00d70.8ml) - Skin Heal\",\"isPartOf\":{\"@id\":\"https:\\\/\\\/skin-heal.com\\\/#website\"},\"primaryImageOfPage\":{\"@id\":\"https:\\\/\\\/skin-heal.com\\\/product\\\/surgiderm-30-2x0-8ml\\\/#primaryimage\"},\"image\":{\"@id\":\"https:\\\/\\\/skin-heal.com\\\/product\\\/surgiderm-30-2x0-8ml\\\/#primaryimage\"},\"thumbnailUrl\":\"https:\\\/\\\/skin-heal.com\\\/wp-content\\\/uploads\\\/2018\\\/12\\\/Surgiderm-30.jpg\",\"datePublished\":\"2018-12-03T14:50:53+00:00\",\"dateModified\":\"2020-04-16T13:28:14+00:00\",\"description\":\"Surgiderm 30 is a pure HA filler injected into the deep dermis to treat deep skin depressions and provide the face with volume. Durability - 9-12 months.\",\"breadcrumb\":{\"@id\":\"https:\\\/\\\/skin-heal.com\\\/product\\\/surgiderm-30-2x0-8ml\\\/#breadcrumb\"},\"inLanguage\":\"es\",\"potentialAction\":[{\"@type\":\"ReadAction\",\"target\":[\"https:\\\/\\\/skin-heal.com\\\/product\\\/surgiderm-30-2x0-8ml\\\/\"]}]},{\"@type\":\"ImageObject\",\"inLanguage\":\"es\",\"@id\":\"https:\\\/\\\/skin-heal.com\\\/product\\\/surgiderm-30-2x0-8ml\\\/#primaryimage\",\"url\":\"https:\\\/\\\/skin-heal.com\\\/wp-content\\\/uploads\\\/2018\\\/12\\\/Surgiderm-30.jpg\",\"contentUrl\":\"https:\\\/\\\/skin-heal.com\\\/wp-content\\\/uploads\\\/2018\\\/12\\\/Surgiderm-30.jpg\",\"width\":600,\"height\":600,\"caption\":\"Surgiderm 30\"},{\"@type\":\"BreadcrumbList\",\"@id\":\"https:\\\/\\\/skin-heal.com\\\/product\\\/surgiderm-30-2x0-8ml\\\/#breadcrumb\",\"itemListElement\":[{\"@type\":\"ListItem\",\"position\":1,\"name\":\"Home\",\"item\":\"https:\\\/\\\/skin-heal.com\\\/\"},{\"@type\":\"ListItem\",\"position\":2,\"name\":\"Store\",\"item\":\"https:\\\/\\\/skin-heal.com\\\/store\\\/\"},{\"@type\":\"ListItem\",\"position\":3,\"name\":\"Surgiderm 30 (2\u00d70.8ml)\"}]},{\"@type\":\"WebSite\",\"@id\":\"https:\\\/\\\/skin-heal.com\\\/#website\",\"url\":\"https:\\\/\\\/skin-heal.com\\\/\",\"name\":\"Skin Heal\",\"description\":\"Lowest Prices for Dermal Fillers\",\"potentialAction\":[{\"@type\":\"SearchAction\",\"target\":{\"@type\":\"EntryPoint\",\"urlTemplate\":\"https:\\\/\\\/skin-heal.com\\\/?s={search_term_string}\"},\"query-input\":{\"@type\":\"PropertyValueSpecification\",\"valueRequired\":true,\"valueName\":\"search_term_string\"}}],\"inLanguage\":\"es\"}]}<\/script>\n<!-- \/ Yoast SEO plugin. -->","yoast_head_json":{"title":"Surgiderm 30 (2\u00d70,8ml) - Skin Heal","description":"Surgiderm 30 es un relleno de HA puro que se inyecta en la dermis profunda para tratar las depresiones profundas de la piel y aportar volumen al rostro. Durabilidad - 9-12 meses.","robots":{"index":"index","follow":"follow","max-snippet":"max-snippet:-1","max-image-preview":"max-image-preview:large","max-video-preview":"max-video-preview:-1"},"canonical":"https:\/\/skin-heal.com\/es\/producto\/surgiderm-30-2x0-8ml\/","og_locale":"es_MX","og_type":"article","og_title":"Surgiderm 30 (2\u00d70.8ml) - Skin Heal","og_description":"Surgiderm 30 is a pure HA filler injected into the deep dermis to treat deep skin depressions and provide the face with volume. Durability - 9-12 months.","og_url":"https:\/\/skin-heal.com\/es\/producto\/surgiderm-30-2x0-8ml\/","og_site_name":"Skin Heal","article_modified_time":"2020-04-16T13:28:14+00:00","og_image":[{"width":600,"height":600,"url":"https:\/\/cdn.skin-heal.com\/wp-content\/uploads\/2018\/12\/Surgiderm-30.jpg","type":"image\/jpeg"}],"twitter_card":"summary_large_image","twitter_misc":{"Tiempo de lectura":"1 minuto"},"schema":{"@context":"https:\/\/schema.org","@graph":[{"@type":"WebPage","@id":"https:\/\/skin-heal.com\/product\/surgiderm-30-2x0-8ml\/","url":"https:\/\/skin-heal.com\/product\/surgiderm-30-2x0-8ml\/","name":"Surgiderm 30 (2\u00d70,8ml) - Skin Heal","isPartOf":{"@id":"https:\/\/skin-heal.com\/#website"},"primaryImageOfPage":{"@id":"https:\/\/skin-heal.com\/product\/surgiderm-30-2x0-8ml\/#primaryimage"},"image":{"@id":"https:\/\/skin-heal.com\/product\/surgiderm-30-2x0-8ml\/#primaryimage"},"thumbnailUrl":"https:\/\/cdn.skin-heal.com\/wp-content\/uploads\/2018\/12\/Surgiderm-30.jpg","datePublished":"2018-12-03T14:50:53+00:00","dateModified":"2020-04-16T13:28:14+00:00","description":"Surgiderm 30 es un relleno de HA puro que se inyecta en la dermis profunda para tratar las depresiones profundas de la piel y aportar volumen al rostro. Durabilidad - 9-12 meses.","breadcrumb":{"@id":"https:\/\/skin-heal.com\/product\/surgiderm-30-2x0-8ml\/#breadcrumb"},"inLanguage":"es","potentialAction":[{"@type":"ReadAction","target":["https:\/\/skin-heal.com\/product\/surgiderm-30-2x0-8ml\/"]}]},{"@type":"ImageObject","inLanguage":"es","@id":"https:\/\/skin-heal.com\/product\/surgiderm-30-2x0-8ml\/#primaryimage","url":"https:\/\/cdn.skin-heal.com\/wp-content\/uploads\/2018\/12\/Surgiderm-30.jpg","contentUrl":"https:\/\/cdn.skin-heal.com\/wp-content\/uploads\/2018\/12\/Surgiderm-30.jpg","width":600,"height":600,"caption":"Surgiderm 30"},{"@type":"BreadcrumbList","@id":"https:\/\/skin-heal.com\/product\/surgiderm-30-2x0-8ml\/#breadcrumb","itemListElement":[{"@type":"ListItem","position":1,"name":"Home","item":"https:\/\/skin-heal.com\/"},{"@type":"ListItem","position":2,"name":"Store","item":"https:\/\/skin-heal.com\/store\/"},{"@type":"ListItem","position":3,"name":"Surgiderm 30 (2\u00d70.8ml)"}]},{"@type":"WebSite","@id":"https:\/\/skin-heal.com\/#website","url":"https:\/\/skin-heal.com\/","name":"Curaci\u00f3n de la piel","description":"Los precios m\u00e1s bajos para los rellenos d\u00e9rmicos","potentialAction":[{"@type":"SearchAction","target":{"@type":"EntryPoint","urlTemplate":"https:\/\/skin-heal.com\/?s={search_term_string}"},"query-input":{"@type":"PropertyValueSpecification","valueRequired":true,"valueName":"search_term_string"}}],"inLanguage":"es"}]}},"_links":{"self":[{"href":"https:\/\/skin-heal.com\/es\/wp-json\/wp\/v2\/product\/932","targetHints":{"allow":["GET"]}}],"collection":[{"href":"https:\/\/skin-heal.com\/es\/wp-json\/wp\/v2\/product"}],"about":[{"href":"https:\/\/skin-heal.com\/es\/wp-json\/wp\/v2\/types\/product"}],"wp:featuredmedia":[{"embeddable":true,"href":"https:\/\/skin-heal.com\/es\/wp-json\/wp\/v2\/media\/936"}],"wp:attachment":[{"href":"https:\/\/skin-heal.com\/es\/wp-json\/wp\/v2\/media?parent=932"}],"wp:term":[{"taxonomy":"product_brand","embeddable":true,"href":"https:\/\/skin-heal.com\/es\/wp-json\/wp\/v2\/product_brand?post=932"},{"taxonomy":"product_cat","embeddable":true,"href":"https:\/\/skin-heal.com\/es\/wp-json\/wp\/v2\/product_cat?post=932"},{"taxonomy":"product_tag","embeddable":true,"href":"https:\/\/skin-heal.com\/es\/wp-json\/wp\/v2\/product_tag?post=932"}],"curies":[{"name":"wp","href":"https:\/\/api.w.org\/{rel}","templated":true}]}}