{"id":9327,"date":"2019-09-19T12:26:33","date_gmt":"2019-09-19T12:26:33","guid":{"rendered":"https:\/\/skin-heal.com\/?post_type=product&#038;p=9327"},"modified":"2021-03-30T12:12:10","modified_gmt":"2021-03-30T12:12:10","slug":"basic-science-gold-plus-modeling-mask-1kg","status":"publish","type":"product","link":"https:\/\/skin-heal.com\/es\/producto\/basic-science-gold-plus-modeling-mask-1kg\/","title":{"rendered":"Mascarilla de modelado Basic Science Gold Plus - 1kg"},"content":{"rendered":"<h3>\u00bfQu\u00e9 hace la m\u00e1scara de modelado Basic Science Gold Plus?<\/h3>\n<p>Aunque esta revolucionaria mascarilla facial es segura para pacientes de todo tipo de piel, se dirige especialmente a los que tienen la piel muy seca. Esto es porque efectivamente <u>aborda los problemas de la piel causados por la sequedad<\/u> como:<\/p>\n<ul>\n<li>Signos prematuros de envejecimiento (l\u00edneas finas y arrugas superficiales)<\/li>\n<li>Piel \u00e1spera y de aspecto cansado<\/li>\n<li>Irritaciones de la piel<\/li>\n<li>Irregularidades en el tono de la piel<\/li>\n<\/ul>\n<p>Algunos de sus principales ingredientes activos son el col\u00e1geno hidrolizado, el hialuronato s\u00f3dico, el oro coloidal, la arbutina, la alanto\u00edna y el extracto de glicirra.<\/p>\n<h3>\u00bfCu\u00e1l es la forma correcta de aplicar este producto profesional para el cuidado de la piel?<\/h3>\n<p>Como este producto cosm\u00e9tico de vanguardia de Histolab est\u00e1 clasificado como mascarilla de modelado, se presenta en forma de polvo. Para utilizarlo correctamente en la piel, los dermat\u00f3logos est\u00e9ticos especializados deben mezclarlo primero con agua (proporci\u00f3n 1:1,5 de polvo y agua). Despu\u00e9s, hay que aplicar la soluci\u00f3n sobre el rostro y dejar que haga su magia durante <u>aproximadamente de 10 a 15 minutos<\/u>. Por \u00faltimo, la mascarilla debe retirarse suavemente. Para potenciar a\u00fan m\u00e1s sus impresionantes propiedades de estimulaci\u00f3n de la piel, esta pionera mascarilla facial puede utilizarse despu\u00e9s del tratamiento con una ampolla o esencia de la gama Basic Science de Histolab. Los profesionales de la cosm\u00e9tica cualificados pueden utilizarla en sus pacientes en breve <em>despu\u00e9s de una terapia de cuidado de la piel m\u00e1s agresiva<\/em> (por ejemplo, l\u00e1ser, UV, etc.) porque contiene ingredientes suaves, sin riesgos, pero eficaces y robustos.<\/p>","protected":false},"excerpt":{"rendered":"<p>Basic Science Gold Plus Modeling Mask 1kg es una soluci\u00f3n cosm\u00e9tica fiable que puede mejorar considerablemente la elasticidad de la piel y hacer que su textura sea visiblemente m\u00e1s lisa y suave. Pero estos son s\u00f3lo algunos de los incre\u00edbles superpoderes de esta <strong>m\u00e1scara facial \u00fanica<\/strong>. Al igual que los otros productos profesionales desarrollados por Histolab, \u00e9ste <em>ofrece numerosos beneficios para el cuidado de la piel de los pacientes<\/em> y nosotros, desde Skin Heal, lo ofrecemos con un r\u00e1pido env\u00edo internacional.<\/p>","protected":false},"featured_media":9335,"template":"","meta":[],"product_brand":[],"product_cat":[87,113,114],"product_tag":[],"class_list":{"0":"post-9327","1":"product","2":"type-product","3":"status-publish","4":"has-post-thumbnail","6":"product_cat-cosmetics","7":"product_cat-histolab","8":"product_cat-medians","9":"clearfix","11":"first","12":"outofstock","13":"taxable","14":"shipping-taxable","15":"purchasable","16":"product-type-simple"},"yoast_head":"<!-- This site is optimized with the Yoast SEO plugin v27.3 - https:\/\/yoast.com\/product\/yoast-seo-wordpress\/ -->\n<title>Basic Science Gold Plus Modeling Mask - 1kg - Skin Heal<\/title>\n<meta name=\"description\" content=\"Get safe skincare product Basic Science Gold Plus Modeling Mask via Skin Heal. Enjoy the great anti-aging powers of Basic Science Gold Plus Modeling Mask.\" \/>\n<meta name=\"robots\" content=\"index, follow, max-snippet:-1, max-image-preview:large, max-video-preview:-1\" \/>\n<link rel=\"canonical\" href=\"https:\/\/skin-heal.com\/es\/producto\/basic-science-gold-plus-modeling-mask-1kg\/\" \/>\n<meta property=\"og:locale\" content=\"es_MX\" \/>\n<meta property=\"og:type\" content=\"article\" \/>\n<meta property=\"og:title\" content=\"Basic Science Gold Plus Modeling Mask - 1kg - Skin Heal\" \/>\n<meta property=\"og:description\" content=\"Get safe skincare product Basic Science Gold Plus Modeling Mask via Skin Heal. Enjoy the great anti-aging powers of Basic Science Gold Plus Modeling Mask.\" \/>\n<meta property=\"og:url\" content=\"https:\/\/skin-heal.com\/es\/producto\/basic-science-gold-plus-modeling-mask-1kg\/\" \/>\n<meta property=\"og:site_name\" content=\"Skin Heal\" \/>\n<meta property=\"article:modified_time\" content=\"2021-03-30T12:12:10+00:00\" \/>\n<meta property=\"og:image\" content=\"https:\/\/cdn.skin-heal.com\/wp-content\/uploads\/2019\/09\/Gold-Plus-Modeling-Mask.jpg\" \/>\n\t<meta property=\"og:image:width\" content=\"600\" \/>\n\t<meta property=\"og:image:height\" content=\"600\" \/>\n\t<meta property=\"og:image:type\" content=\"image\/jpeg\" \/>\n<meta name=\"twitter:card\" content=\"summary_large_image\" \/>\n<meta name=\"twitter:label1\" content=\"Tiempo de lectura\" \/>\n\t<meta name=\"twitter:data1\" content=\"1 minuto\" \/>\n<script type=\"application\/ld+json\" class=\"yoast-schema-graph\">{\"@context\":\"https:\\\/\\\/schema.org\",\"@graph\":[{\"@type\":\"WebPage\",\"@id\":\"https:\\\/\\\/skin-heal.com\\\/product\\\/basic-science-gold-plus-modeling-mask-1kg\\\/\",\"url\":\"https:\\\/\\\/skin-heal.com\\\/product\\\/basic-science-gold-plus-modeling-mask-1kg\\\/\",\"name\":\"Basic Science Gold Plus Modeling Mask - 1kg - Skin Heal\",\"isPartOf\":{\"@id\":\"https:\\\/\\\/skin-heal.com\\\/#website\"},\"primaryImageOfPage\":{\"@id\":\"https:\\\/\\\/skin-heal.com\\\/product\\\/basic-science-gold-plus-modeling-mask-1kg\\\/#primaryimage\"},\"image\":{\"@id\":\"https:\\\/\\\/skin-heal.com\\\/product\\\/basic-science-gold-plus-modeling-mask-1kg\\\/#primaryimage\"},\"thumbnailUrl\":\"https:\\\/\\\/skin-heal.com\\\/wp-content\\\/uploads\\\/2019\\\/09\\\/Gold-Plus-Modeling-Mask.jpg\",\"datePublished\":\"2019-09-19T12:26:33+00:00\",\"dateModified\":\"2021-03-30T12:12:10+00:00\",\"description\":\"Get safe skincare product Basic Science Gold Plus Modeling Mask via Skin Heal. Enjoy the great anti-aging powers of Basic Science Gold Plus Modeling Mask.\",\"breadcrumb\":{\"@id\":\"https:\\\/\\\/skin-heal.com\\\/product\\\/basic-science-gold-plus-modeling-mask-1kg\\\/#breadcrumb\"},\"inLanguage\":\"es\",\"potentialAction\":[{\"@type\":\"ReadAction\",\"target\":[\"https:\\\/\\\/skin-heal.com\\\/product\\\/basic-science-gold-plus-modeling-mask-1kg\\\/\"]}]},{\"@type\":\"ImageObject\",\"inLanguage\":\"es\",\"@id\":\"https:\\\/\\\/skin-heal.com\\\/product\\\/basic-science-gold-plus-modeling-mask-1kg\\\/#primaryimage\",\"url\":\"https:\\\/\\\/skin-heal.com\\\/wp-content\\\/uploads\\\/2019\\\/09\\\/Gold-Plus-Modeling-Mask.jpg\",\"contentUrl\":\"https:\\\/\\\/skin-heal.com\\\/wp-content\\\/uploads\\\/2019\\\/09\\\/Gold-Plus-Modeling-Mask.jpg\",\"width\":600,\"height\":600,\"caption\":\"Gold Plus Modeling Mask\"},{\"@type\":\"BreadcrumbList\",\"@id\":\"https:\\\/\\\/skin-heal.com\\\/product\\\/basic-science-gold-plus-modeling-mask-1kg\\\/#breadcrumb\",\"itemListElement\":[{\"@type\":\"ListItem\",\"position\":1,\"name\":\"Home\",\"item\":\"https:\\\/\\\/skin-heal.com\\\/\"},{\"@type\":\"ListItem\",\"position\":2,\"name\":\"Store\",\"item\":\"https:\\\/\\\/skin-heal.com\\\/store\\\/\"},{\"@type\":\"ListItem\",\"position\":3,\"name\":\"Basic Science Gold Plus Modeling Mask &#8211; 1kg\"}]},{\"@type\":\"WebSite\",\"@id\":\"https:\\\/\\\/skin-heal.com\\\/#website\",\"url\":\"https:\\\/\\\/skin-heal.com\\\/\",\"name\":\"Skin Heal\",\"description\":\"Lowest Prices for Dermal Fillers\",\"potentialAction\":[{\"@type\":\"SearchAction\",\"target\":{\"@type\":\"EntryPoint\",\"urlTemplate\":\"https:\\\/\\\/skin-heal.com\\\/?s={search_term_string}\"},\"query-input\":{\"@type\":\"PropertyValueSpecification\",\"valueRequired\":true,\"valueName\":\"search_term_string\"}}],\"inLanguage\":\"es\"}]}<\/script>\n<!-- \/ Yoast SEO plugin. -->","yoast_head_json":{"title":"Basic Science Gold Plus Mascarilla Modeladora - 1kg - Skin Heal","description":"Consigue el producto seguro para el cuidado de la piel Basic Science Gold Plus Modeling Mask a trav\u00e9s de Skin Heal. Disfruta de los grandes poderes antiedad de Basic Science Gold Plus Modeling Mask.","robots":{"index":"index","follow":"follow","max-snippet":"max-snippet:-1","max-image-preview":"max-image-preview:large","max-video-preview":"max-video-preview:-1"},"canonical":"https:\/\/skin-heal.com\/es\/producto\/basic-science-gold-plus-modeling-mask-1kg\/","og_locale":"es_MX","og_type":"article","og_title":"Basic Science Gold Plus Modeling Mask - 1kg - Skin Heal","og_description":"Get safe skincare product Basic Science Gold Plus Modeling Mask via Skin Heal. Enjoy the great anti-aging powers of Basic Science Gold Plus Modeling Mask.","og_url":"https:\/\/skin-heal.com\/es\/producto\/basic-science-gold-plus-modeling-mask-1kg\/","og_site_name":"Skin Heal","article_modified_time":"2021-03-30T12:12:10+00:00","og_image":[{"width":600,"height":600,"url":"https:\/\/cdn.skin-heal.com\/wp-content\/uploads\/2019\/09\/Gold-Plus-Modeling-Mask.jpg","type":"image\/jpeg"}],"twitter_card":"summary_large_image","twitter_misc":{"Tiempo de lectura":"1 minuto"},"schema":{"@context":"https:\/\/schema.org","@graph":[{"@type":"WebPage","@id":"https:\/\/skin-heal.com\/product\/basic-science-gold-plus-modeling-mask-1kg\/","url":"https:\/\/skin-heal.com\/product\/basic-science-gold-plus-modeling-mask-1kg\/","name":"Basic Science Gold Plus Mascarilla Modeladora - 1kg - Skin Heal","isPartOf":{"@id":"https:\/\/skin-heal.com\/#website"},"primaryImageOfPage":{"@id":"https:\/\/skin-heal.com\/product\/basic-science-gold-plus-modeling-mask-1kg\/#primaryimage"},"image":{"@id":"https:\/\/skin-heal.com\/product\/basic-science-gold-plus-modeling-mask-1kg\/#primaryimage"},"thumbnailUrl":"https:\/\/cdn.skin-heal.com\/wp-content\/uploads\/2019\/09\/Gold-Plus-Modeling-Mask.jpg","datePublished":"2019-09-19T12:26:33+00:00","dateModified":"2021-03-30T12:12:10+00:00","description":"Consigue el producto seguro para el cuidado de la piel Basic Science Gold Plus Modeling Mask a trav\u00e9s de Skin Heal. Disfruta de los grandes poderes antiedad de Basic Science Gold Plus Modeling Mask.","breadcrumb":{"@id":"https:\/\/skin-heal.com\/product\/basic-science-gold-plus-modeling-mask-1kg\/#breadcrumb"},"inLanguage":"es","potentialAction":[{"@type":"ReadAction","target":["https:\/\/skin-heal.com\/product\/basic-science-gold-plus-modeling-mask-1kg\/"]}]},{"@type":"ImageObject","inLanguage":"es","@id":"https:\/\/skin-heal.com\/product\/basic-science-gold-plus-modeling-mask-1kg\/#primaryimage","url":"https:\/\/cdn.skin-heal.com\/wp-content\/uploads\/2019\/09\/Gold-Plus-Modeling-Mask.jpg","contentUrl":"https:\/\/cdn.skin-heal.com\/wp-content\/uploads\/2019\/09\/Gold-Plus-Modeling-Mask.jpg","width":600,"height":600,"caption":"Gold Plus Modeling Mask"},{"@type":"BreadcrumbList","@id":"https:\/\/skin-heal.com\/product\/basic-science-gold-plus-modeling-mask-1kg\/#breadcrumb","itemListElement":[{"@type":"ListItem","position":1,"name":"Home","item":"https:\/\/skin-heal.com\/"},{"@type":"ListItem","position":2,"name":"Store","item":"https:\/\/skin-heal.com\/store\/"},{"@type":"ListItem","position":3,"name":"Basic Science Gold Plus Modeling Mask &#8211; 1kg"}]},{"@type":"WebSite","@id":"https:\/\/skin-heal.com\/#website","url":"https:\/\/skin-heal.com\/","name":"Curaci\u00f3n de la piel","description":"Los precios m\u00e1s bajos para los rellenos d\u00e9rmicos","potentialAction":[{"@type":"SearchAction","target":{"@type":"EntryPoint","urlTemplate":"https:\/\/skin-heal.com\/?s={search_term_string}"},"query-input":{"@type":"PropertyValueSpecification","valueRequired":true,"valueName":"search_term_string"}}],"inLanguage":"es"}]}},"_links":{"self":[{"href":"https:\/\/skin-heal.com\/es\/wp-json\/wp\/v2\/product\/9327","targetHints":{"allow":["GET"]}}],"collection":[{"href":"https:\/\/skin-heal.com\/es\/wp-json\/wp\/v2\/product"}],"about":[{"href":"https:\/\/skin-heal.com\/es\/wp-json\/wp\/v2\/types\/product"}],"wp:featuredmedia":[{"embeddable":true,"href":"https:\/\/skin-heal.com\/es\/wp-json\/wp\/v2\/media\/9335"}],"wp:attachment":[{"href":"https:\/\/skin-heal.com\/es\/wp-json\/wp\/v2\/media?parent=9327"}],"wp:term":[{"taxonomy":"product_brand","embeddable":true,"href":"https:\/\/skin-heal.com\/es\/wp-json\/wp\/v2\/product_brand?post=9327"},{"taxonomy":"product_cat","embeddable":true,"href":"https:\/\/skin-heal.com\/es\/wp-json\/wp\/v2\/product_cat?post=9327"},{"taxonomy":"product_tag","embeddable":true,"href":"https:\/\/skin-heal.com\/es\/wp-json\/wp\/v2\/product_tag?post=9327"}],"curies":[{"name":"wp","href":"https:\/\/api.w.org\/{rel}","templated":true}]}}