{"id":9328,"date":"2019-09-19T12:27:44","date_gmt":"2019-09-19T12:27:44","guid":{"rendered":"https:\/\/skin-heal.com\/?post_type=product&#038;p=9328"},"modified":"2021-03-30T12:12:10","modified_gmt":"2021-03-30T12:12:10","slug":"basic-science-histo-conductive-gel-500ml","status":"publish","type":"product","link":"https:\/\/skin-heal.com\/es\/producto\/basic-science-histo-conductive-gel-500ml\/","title":{"rendered":"Gel Histo Conductor de Ciencia B\u00e1sica - 500ml"},"content":{"rendered":"<h3>\u00bfCu\u00e1ndo se debe utilizar el Gel Histoconductor de Ciencias B\u00e1sicas?<\/h3>\n<p>Algunos tratamientos cosm\u00e9ticos profesionales, como las terapias con l\u00e1ser o IPL, pueden ofrecer resultados impresionantes para el cuidado de la piel. Pero debido a su naturaleza agresiva e invasiva, suelen provocar efectos secundarios e irritaciones en la piel. Con el gel Histo Conducive de Basic Science, \u00e9stos se reducen al m\u00ednimo. Esta soluci\u00f3n cosm\u00e9tica \u00fanica acelera la recuperaci\u00f3n del paciente despu\u00e9s de estos procedimientos. Tiene una notable propiedad calmante y la capacidad de <strong>aumentar y retener la hidrataci\u00f3n de la piel<\/strong>. Esto, combinado con sus excelentes poderes acondicionadores, hace que la piel est\u00e9 visiblemente m\u00e1s suave, tersa y revitalizada. Puede aplicarse en pacientes con cualquier tipo de piel y se ha comprobado que es m\u00e1s eficaz cuando se utiliza en pieles envejecidas.<\/p>\n<h3>Un complejo vers\u00e1til de ingredientes que potencian la piel<\/h3>\n<p>La mayor parte de los componentes activos de este fiable producto potenciador de la piel est\u00e1n exentos de riesgos y son de origen vegetal. Por ello, es una soluci\u00f3n perfecta para los pacientes hipersensibles.<\/p>\n<ul>\n<li><u>Extracto de aloe vera<\/u> - calma e hidrata r\u00e1pidamente la piel<\/li>\n<li><u>Complejo BSASMI<\/u> - aporta nutrientes a trav\u00e9s de una mezcla de extractos de siete especies vegetales diferentes<\/li>\n<li><u>Hialuronato de sodio<\/u> - protecci\u00f3n e hidrataci\u00f3n duradera de la piel<\/li>\n<li><u>Extractos de arroz, Boswellia Serrate y tomate<\/u> - nutrientes<\/li>\n<\/ul>\n<p>El Gel Histoconductor de Ciencia B\u00e1sica de Histolab est\u00e1 hecho para uso exclusivo de profesionales. Se aplica sobre la piel del paciente con el mango de una m\u00e1quina de IPL o l\u00e1ser para que pueda ser mejor absorbido por la dermis.<\/p>","protected":false},"excerpt":{"rendered":"<p>Basic Science Histo Conductive Gel 500ml es un producto cosm\u00e9tico avanzado que est\u00e1 dise\u00f1ado para ser aplicado inmediatamente despu\u00e9s de un tratamiento m\u00e1s agresivo para la piel (por ejemplo, terapia IPL o l\u00e1ser). Reduce eficazmente e incluso elimina por completo muchas de las sensaciones desagradables despu\u00e9s de dichas terapias est\u00e9ticas y m\u00e9dicas de la piel, como <em>enrojecimiento, sensibilidad e irritaci\u00f3n<\/em>. Fabricado por Histolab y distribuido por Skin Heal, este <u>gel conductor excepcional<\/u> hidrata en gran medida, alivia y refuerza la salud de la piel.<\/p>","protected":false},"featured_media":9336,"template":"","meta":[],"product_brand":[],"product_cat":[87,113,114],"product_tag":[],"class_list":{"0":"post-9328","1":"product","2":"type-product","3":"status-publish","4":"has-post-thumbnail","6":"product_cat-cosmetics","7":"product_cat-histolab","8":"product_cat-medians","9":"clearfix","11":"first","12":"outofstock","13":"taxable","14":"shipping-taxable","15":"purchasable","16":"product-type-simple"},"yoast_head":"<!-- This site is optimized with the Yoast SEO plugin v27.3 - https:\/\/yoast.com\/product\/yoast-seo-wordpress\/ -->\n<title>Basic Science Histo Conductive Gel - 500ml - Skin Heal<\/title>\n<meta name=\"description\" content=\"Order Basic Science Histo Conductive Gel from Skin Heal\u2019s website to swiftly reduce skin irritations and downtime after aggressive skincare treatments.\" \/>\n<meta name=\"robots\" content=\"index, follow, max-snippet:-1, max-image-preview:large, max-video-preview:-1\" \/>\n<link rel=\"canonical\" href=\"https:\/\/skin-heal.com\/es\/producto\/basic-science-histo-conductive-gel-500ml\/\" \/>\n<meta property=\"og:locale\" content=\"es_MX\" \/>\n<meta property=\"og:type\" content=\"article\" \/>\n<meta property=\"og:title\" content=\"Basic Science Histo Conductive Gel - 500ml - Skin Heal\" \/>\n<meta property=\"og:description\" content=\"Order Basic Science Histo Conductive Gel from Skin Heal\u2019s website to swiftly reduce skin irritations and downtime after aggressive skincare treatments.\" \/>\n<meta property=\"og:url\" content=\"https:\/\/skin-heal.com\/es\/producto\/basic-science-histo-conductive-gel-500ml\/\" \/>\n<meta property=\"og:site_name\" content=\"Skin Heal\" \/>\n<meta property=\"article:modified_time\" content=\"2021-03-30T12:12:10+00:00\" \/>\n<meta property=\"og:image\" content=\"https:\/\/cdn.skin-heal.com\/wp-content\/uploads\/2019\/09\/HISTO-Conductive-Gel.jpg\" \/>\n\t<meta property=\"og:image:width\" content=\"600\" \/>\n\t<meta property=\"og:image:height\" content=\"600\" \/>\n\t<meta property=\"og:image:type\" content=\"image\/jpeg\" \/>\n<meta name=\"twitter:card\" content=\"summary_large_image\" \/>\n<meta name=\"twitter:label1\" content=\"Tiempo de lectura\" \/>\n\t<meta name=\"twitter:data1\" content=\"1 minuto\" \/>\n<script type=\"application\/ld+json\" class=\"yoast-schema-graph\">{\"@context\":\"https:\\\/\\\/schema.org\",\"@graph\":[{\"@type\":\"WebPage\",\"@id\":\"https:\\\/\\\/skin-heal.com\\\/product\\\/basic-science-histo-conductive-gel-500ml\\\/\",\"url\":\"https:\\\/\\\/skin-heal.com\\\/product\\\/basic-science-histo-conductive-gel-500ml\\\/\",\"name\":\"Basic Science Histo Conductive Gel - 500ml - Skin Heal\",\"isPartOf\":{\"@id\":\"https:\\\/\\\/skin-heal.com\\\/#website\"},\"primaryImageOfPage\":{\"@id\":\"https:\\\/\\\/skin-heal.com\\\/product\\\/basic-science-histo-conductive-gel-500ml\\\/#primaryimage\"},\"image\":{\"@id\":\"https:\\\/\\\/skin-heal.com\\\/product\\\/basic-science-histo-conductive-gel-500ml\\\/#primaryimage\"},\"thumbnailUrl\":\"https:\\\/\\\/skin-heal.com\\\/wp-content\\\/uploads\\\/2019\\\/09\\\/HISTO-Conductive-Gel.jpg\",\"datePublished\":\"2019-09-19T12:27:44+00:00\",\"dateModified\":\"2021-03-30T12:12:10+00:00\",\"description\":\"Order Basic Science Histo Conductive Gel from Skin Heal\u2019s website to swiftly reduce skin irritations and downtime after aggressive skincare treatments.\",\"breadcrumb\":{\"@id\":\"https:\\\/\\\/skin-heal.com\\\/product\\\/basic-science-histo-conductive-gel-500ml\\\/#breadcrumb\"},\"inLanguage\":\"es\",\"potentialAction\":[{\"@type\":\"ReadAction\",\"target\":[\"https:\\\/\\\/skin-heal.com\\\/product\\\/basic-science-histo-conductive-gel-500ml\\\/\"]}]},{\"@type\":\"ImageObject\",\"inLanguage\":\"es\",\"@id\":\"https:\\\/\\\/skin-heal.com\\\/product\\\/basic-science-histo-conductive-gel-500ml\\\/#primaryimage\",\"url\":\"https:\\\/\\\/skin-heal.com\\\/wp-content\\\/uploads\\\/2019\\\/09\\\/HISTO-Conductive-Gel.jpg\",\"contentUrl\":\"https:\\\/\\\/skin-heal.com\\\/wp-content\\\/uploads\\\/2019\\\/09\\\/HISTO-Conductive-Gel.jpg\",\"width\":600,\"height\":600,\"caption\":\"HISTO Conductive Gel\"},{\"@type\":\"BreadcrumbList\",\"@id\":\"https:\\\/\\\/skin-heal.com\\\/product\\\/basic-science-histo-conductive-gel-500ml\\\/#breadcrumb\",\"itemListElement\":[{\"@type\":\"ListItem\",\"position\":1,\"name\":\"Home\",\"item\":\"https:\\\/\\\/skin-heal.com\\\/\"},{\"@type\":\"ListItem\",\"position\":2,\"name\":\"Store\",\"item\":\"https:\\\/\\\/skin-heal.com\\\/store\\\/\"},{\"@type\":\"ListItem\",\"position\":3,\"name\":\"Basic Science Histo Conductive Gel &#8211; 500ml\"}]},{\"@type\":\"WebSite\",\"@id\":\"https:\\\/\\\/skin-heal.com\\\/#website\",\"url\":\"https:\\\/\\\/skin-heal.com\\\/\",\"name\":\"Skin Heal\",\"description\":\"Lowest Prices for Dermal Fillers\",\"potentialAction\":[{\"@type\":\"SearchAction\",\"target\":{\"@type\":\"EntryPoint\",\"urlTemplate\":\"https:\\\/\\\/skin-heal.com\\\/?s={search_term_string}\"},\"query-input\":{\"@type\":\"PropertyValueSpecification\",\"valueRequired\":true,\"valueName\":\"search_term_string\"}}],\"inLanguage\":\"es\"}]}<\/script>\n<!-- \/ Yoast SEO plugin. -->","yoast_head_json":{"title":"Basic Science Histo Conductive Gel - 500ml - Skin Heal","description":"Pida el Gel Conductor Histo de Basic Science en el sitio web de Skin Heal para reducir r\u00e1pidamente las irritaciones de la piel y el tiempo de inactividad despu\u00e9s de tratamientos agresivos para el cuidado de la piel.","robots":{"index":"index","follow":"follow","max-snippet":"max-snippet:-1","max-image-preview":"max-image-preview:large","max-video-preview":"max-video-preview:-1"},"canonical":"https:\/\/skin-heal.com\/es\/producto\/basic-science-histo-conductive-gel-500ml\/","og_locale":"es_MX","og_type":"article","og_title":"Basic Science Histo Conductive Gel - 500ml - Skin Heal","og_description":"Order Basic Science Histo Conductive Gel from Skin Heal\u2019s website to swiftly reduce skin irritations and downtime after aggressive skincare treatments.","og_url":"https:\/\/skin-heal.com\/es\/producto\/basic-science-histo-conductive-gel-500ml\/","og_site_name":"Skin Heal","article_modified_time":"2021-03-30T12:12:10+00:00","og_image":[{"width":600,"height":600,"url":"https:\/\/cdn.skin-heal.com\/wp-content\/uploads\/2019\/09\/HISTO-Conductive-Gel.jpg","type":"image\/jpeg"}],"twitter_card":"summary_large_image","twitter_misc":{"Tiempo de lectura":"1 minuto"},"schema":{"@context":"https:\/\/schema.org","@graph":[{"@type":"WebPage","@id":"https:\/\/skin-heal.com\/product\/basic-science-histo-conductive-gel-500ml\/","url":"https:\/\/skin-heal.com\/product\/basic-science-histo-conductive-gel-500ml\/","name":"Basic Science Histo Conductive Gel - 500ml - Skin Heal","isPartOf":{"@id":"https:\/\/skin-heal.com\/#website"},"primaryImageOfPage":{"@id":"https:\/\/skin-heal.com\/product\/basic-science-histo-conductive-gel-500ml\/#primaryimage"},"image":{"@id":"https:\/\/skin-heal.com\/product\/basic-science-histo-conductive-gel-500ml\/#primaryimage"},"thumbnailUrl":"https:\/\/cdn.skin-heal.com\/wp-content\/uploads\/2019\/09\/HISTO-Conductive-Gel.jpg","datePublished":"2019-09-19T12:27:44+00:00","dateModified":"2021-03-30T12:12:10+00:00","description":"Pida el Gel Conductor Histo de Basic Science en el sitio web de Skin Heal para reducir r\u00e1pidamente las irritaciones de la piel y el tiempo de inactividad despu\u00e9s de tratamientos agresivos para el cuidado de la piel.","breadcrumb":{"@id":"https:\/\/skin-heal.com\/product\/basic-science-histo-conductive-gel-500ml\/#breadcrumb"},"inLanguage":"es","potentialAction":[{"@type":"ReadAction","target":["https:\/\/skin-heal.com\/product\/basic-science-histo-conductive-gel-500ml\/"]}]},{"@type":"ImageObject","inLanguage":"es","@id":"https:\/\/skin-heal.com\/product\/basic-science-histo-conductive-gel-500ml\/#primaryimage","url":"https:\/\/cdn.skin-heal.com\/wp-content\/uploads\/2019\/09\/HISTO-Conductive-Gel.jpg","contentUrl":"https:\/\/cdn.skin-heal.com\/wp-content\/uploads\/2019\/09\/HISTO-Conductive-Gel.jpg","width":600,"height":600,"caption":"HISTO Conductive Gel"},{"@type":"BreadcrumbList","@id":"https:\/\/skin-heal.com\/product\/basic-science-histo-conductive-gel-500ml\/#breadcrumb","itemListElement":[{"@type":"ListItem","position":1,"name":"Home","item":"https:\/\/skin-heal.com\/"},{"@type":"ListItem","position":2,"name":"Store","item":"https:\/\/skin-heal.com\/store\/"},{"@type":"ListItem","position":3,"name":"Basic Science Histo Conductive Gel &#8211; 500ml"}]},{"@type":"WebSite","@id":"https:\/\/skin-heal.com\/#website","url":"https:\/\/skin-heal.com\/","name":"Curaci\u00f3n de la piel","description":"Los precios m\u00e1s bajos para los rellenos d\u00e9rmicos","potentialAction":[{"@type":"SearchAction","target":{"@type":"EntryPoint","urlTemplate":"https:\/\/skin-heal.com\/?s={search_term_string}"},"query-input":{"@type":"PropertyValueSpecification","valueRequired":true,"valueName":"search_term_string"}}],"inLanguage":"es"}]}},"_links":{"self":[{"href":"https:\/\/skin-heal.com\/es\/wp-json\/wp\/v2\/product\/9328","targetHints":{"allow":["GET"]}}],"collection":[{"href":"https:\/\/skin-heal.com\/es\/wp-json\/wp\/v2\/product"}],"about":[{"href":"https:\/\/skin-heal.com\/es\/wp-json\/wp\/v2\/types\/product"}],"wp:featuredmedia":[{"embeddable":true,"href":"https:\/\/skin-heal.com\/es\/wp-json\/wp\/v2\/media\/9336"}],"wp:attachment":[{"href":"https:\/\/skin-heal.com\/es\/wp-json\/wp\/v2\/media?parent=9328"}],"wp:term":[{"taxonomy":"product_brand","embeddable":true,"href":"https:\/\/skin-heal.com\/es\/wp-json\/wp\/v2\/product_brand?post=9328"},{"taxonomy":"product_cat","embeddable":true,"href":"https:\/\/skin-heal.com\/es\/wp-json\/wp\/v2\/product_cat?post=9328"},{"taxonomy":"product_tag","embeddable":true,"href":"https:\/\/skin-heal.com\/es\/wp-json\/wp\/v2\/product_tag?post=9328"}],"curies":[{"name":"wp","href":"https:\/\/api.w.org\/{rel}","templated":true}]}}