{"id":9329,"date":"2019-09-19T12:29:30","date_gmt":"2019-09-19T12:29:30","guid":{"rendered":"https:\/\/skin-heal.com\/?post_type=product&#038;p=9329"},"modified":"2021-03-30T12:12:10","modified_gmt":"2021-03-30T12:12:10","slug":"basic-science-histo-aloe-vera-gel-1200ml","status":"publish","type":"product","link":"https:\/\/skin-heal.com\/es\/producto\/basic-science-histo-aloe-vera-gel-1200ml\/","title":{"rendered":"Basic Science Histo Aloe Vera Gel - 1200ml"},"content":{"rendered":"<h3>Los incre\u00edbles superpoderes del Aloe Vera para el cuidado de la piel<\/h3>\n<p>Aproximadamente una quinta parte del Gel de Aloe Vera Histo de la Ciencia B\u00e1sica se compone del <em>extracto de Aloe Vera<\/em>. Se trata de un tipo de planta suculenta que se utiliza a menudo en el campo de la cosmec\u00e9utica profesional y hay varias buenas razones para ello:<\/p>\n<ul>\n<li>Es suave y apto para pieles sensibles<\/li>\n<li>Est\u00e1 repleto de valiosas vitaminas, minerales y nutrientes<\/li>\n<li>Tiene incre\u00edbles propiedades antiinflamatorias<\/li>\n<li>Proporciona un efecto refrescante y calmante instant\u00e1neo<\/li>\n<li>Tiene un poder hidratante inigualable<\/li>\n<\/ul>\n<p>Dado que una piel excelentemente hidratada, rica en nutrientes y sana se caracteriza tambi\u00e9n por una textura m\u00e1s lisa, suave y el\u00e1stica, puede decirse que este revolucionario gel de cuidado de la piel tiene <strong>impresionantes efectos antienvejecimiento<\/strong>.<\/p>\n<h3>Otros ingredientes clave de este gel cosm\u00e9tico de calidad<\/h3>\n<p>Para potenciar a\u00fan m\u00e1s los poderes del Aloe Vera, Histolab ha a\u00f1adido a la f\u00f3rmula del Basic Science Histo Aloe Vera Gel varios otros ingredientes sin riesgo:<\/p>\n<ul>\n<li>Hialuronato de sodio para una mayor hidrataci\u00f3n<\/li>\n<li>Extracto de manzanilla para un efecto calmante m\u00e1s r\u00e1pido<\/li>\n<li>Trehalosa para una sensaci\u00f3n calmante y refrescante de larga duraci\u00f3n<\/li>\n<li>Complejo SRGF H1 para una mayor hidrataci\u00f3n y salud de la piel<\/li>\n<li>Alanto\u00edna para la protecci\u00f3n contra diversos factores ambientales<\/li>\n<\/ul>\n<p>Esta soluci\u00f3n cosm\u00e9tica de primera categor\u00eda puede utilizarse en la piel de <em>el cuello y la cara<\/em>. Frote con cuidado hasta que se absorba por completo.<\/p>","protected":false},"excerpt":{"rendered":"<p>Calma las irritaciones cut\u00e1neas, favorece la cicatrizaci\u00f3n de la piel, restablece el equilibrio h\u00eddrico natural, combate las inflamaciones, mejora el estado de la piel y proporciona una protecci\u00f3n duradera contra los factores ambientales... <u>Basic Science Histo Aloe Vera Gel 1200ml<\/u> lo hace todo. La clave del \u00e9xito de este innovador producto de Histolab se esconde en su principal ingrediente activo: el extracto de Aloe Vera. Util\u00edcelo en <em>piel desnutrida, \u00e1spera o seca<\/em> para mejorar su aspecto y estado. C\u00f3mprelo en Skin Heal para ahorrar dinero.<\/p>","protected":false},"featured_media":9337,"template":"","meta":[],"product_brand":[],"product_cat":[87,113,114],"product_tag":[],"class_list":{"0":"post-9329","1":"product","2":"type-product","3":"status-publish","4":"has-post-thumbnail","6":"product_cat-cosmetics","7":"product_cat-histolab","8":"product_cat-medians","9":"clearfix","11":"first","12":"outofstock","13":"taxable","14":"shipping-taxable","15":"purchasable","16":"product-type-simple"},"yoast_head":"<!-- This site is optimized with the Yoast SEO plugin v27.3 - https:\/\/yoast.com\/product\/yoast-seo-wordpress\/ -->\n<title>Basic Science Histo Aloe Vera Gel \u2013 1200ml - Skin Heal<\/title>\n<meta name=\"description\" content=\"Basic Science Histo Aloe Vera Gel is a trusted cosmetic gel. Sold by Skin Heal, Basic Science Histo Aloe Vera Gel easily improves skin\u2019s health and look.\" \/>\n<meta name=\"robots\" content=\"index, follow, max-snippet:-1, max-image-preview:large, max-video-preview:-1\" \/>\n<link rel=\"canonical\" href=\"https:\/\/skin-heal.com\/es\/producto\/basic-science-histo-aloe-vera-gel-1200ml\/\" \/>\n<meta property=\"og:locale\" content=\"es_MX\" \/>\n<meta property=\"og:type\" content=\"article\" \/>\n<meta property=\"og:title\" content=\"Basic Science Histo Aloe Vera Gel \u2013 1200ml - Skin Heal\" \/>\n<meta property=\"og:description\" content=\"Basic Science Histo Aloe Vera Gel is a trusted cosmetic gel. Sold by Skin Heal, Basic Science Histo Aloe Vera Gel easily improves skin\u2019s health and look.\" \/>\n<meta property=\"og:url\" content=\"https:\/\/skin-heal.com\/es\/producto\/basic-science-histo-aloe-vera-gel-1200ml\/\" \/>\n<meta property=\"og:site_name\" content=\"Skin Heal\" \/>\n<meta property=\"article:modified_time\" content=\"2021-03-30T12:12:10+00:00\" \/>\n<meta property=\"og:image\" content=\"https:\/\/cdn.skin-heal.com\/wp-content\/uploads\/2019\/09\/Histo-Aloe-Vera-gel.jpg\" \/>\n\t<meta property=\"og:image:width\" content=\"600\" \/>\n\t<meta property=\"og:image:height\" content=\"600\" \/>\n\t<meta property=\"og:image:type\" content=\"image\/jpeg\" \/>\n<meta name=\"twitter:card\" content=\"summary_large_image\" \/>\n<meta name=\"twitter:label1\" content=\"Tiempo de lectura\" \/>\n\t<meta name=\"twitter:data1\" content=\"1 minuto\" \/>\n<script type=\"application\/ld+json\" class=\"yoast-schema-graph\">{\"@context\":\"https:\\\/\\\/schema.org\",\"@graph\":[{\"@type\":\"WebPage\",\"@id\":\"https:\\\/\\\/skin-heal.com\\\/product\\\/basic-science-histo-aloe-vera-gel-1200ml\\\/\",\"url\":\"https:\\\/\\\/skin-heal.com\\\/product\\\/basic-science-histo-aloe-vera-gel-1200ml\\\/\",\"name\":\"Basic Science Histo Aloe Vera Gel \u2013 1200ml - Skin Heal\",\"isPartOf\":{\"@id\":\"https:\\\/\\\/skin-heal.com\\\/#website\"},\"primaryImageOfPage\":{\"@id\":\"https:\\\/\\\/skin-heal.com\\\/product\\\/basic-science-histo-aloe-vera-gel-1200ml\\\/#primaryimage\"},\"image\":{\"@id\":\"https:\\\/\\\/skin-heal.com\\\/product\\\/basic-science-histo-aloe-vera-gel-1200ml\\\/#primaryimage\"},\"thumbnailUrl\":\"https:\\\/\\\/skin-heal.com\\\/wp-content\\\/uploads\\\/2019\\\/09\\\/Histo-Aloe-Vera-gel.jpg\",\"datePublished\":\"2019-09-19T12:29:30+00:00\",\"dateModified\":\"2021-03-30T12:12:10+00:00\",\"description\":\"Basic Science Histo Aloe Vera Gel is a trusted cosmetic gel. Sold by Skin Heal, Basic Science Histo Aloe Vera Gel easily improves skin\u2019s health and look.\",\"breadcrumb\":{\"@id\":\"https:\\\/\\\/skin-heal.com\\\/product\\\/basic-science-histo-aloe-vera-gel-1200ml\\\/#breadcrumb\"},\"inLanguage\":\"es\",\"potentialAction\":[{\"@type\":\"ReadAction\",\"target\":[\"https:\\\/\\\/skin-heal.com\\\/product\\\/basic-science-histo-aloe-vera-gel-1200ml\\\/\"]}]},{\"@type\":\"ImageObject\",\"inLanguage\":\"es\",\"@id\":\"https:\\\/\\\/skin-heal.com\\\/product\\\/basic-science-histo-aloe-vera-gel-1200ml\\\/#primaryimage\",\"url\":\"https:\\\/\\\/skin-heal.com\\\/wp-content\\\/uploads\\\/2019\\\/09\\\/Histo-Aloe-Vera-gel.jpg\",\"contentUrl\":\"https:\\\/\\\/skin-heal.com\\\/wp-content\\\/uploads\\\/2019\\\/09\\\/Histo-Aloe-Vera-gel.jpg\",\"width\":600,\"height\":600,\"caption\":\"Histo Aloe Vera gel\"},{\"@type\":\"BreadcrumbList\",\"@id\":\"https:\\\/\\\/skin-heal.com\\\/product\\\/basic-science-histo-aloe-vera-gel-1200ml\\\/#breadcrumb\",\"itemListElement\":[{\"@type\":\"ListItem\",\"position\":1,\"name\":\"Home\",\"item\":\"https:\\\/\\\/skin-heal.com\\\/\"},{\"@type\":\"ListItem\",\"position\":2,\"name\":\"Store\",\"item\":\"https:\\\/\\\/skin-heal.com\\\/store\\\/\"},{\"@type\":\"ListItem\",\"position\":3,\"name\":\"Basic Science Histo Aloe Vera Gel \u2013 1200ml\"}]},{\"@type\":\"WebSite\",\"@id\":\"https:\\\/\\\/skin-heal.com\\\/#website\",\"url\":\"https:\\\/\\\/skin-heal.com\\\/\",\"name\":\"Skin Heal\",\"description\":\"Lowest Prices for Dermal Fillers\",\"potentialAction\":[{\"@type\":\"SearchAction\",\"target\":{\"@type\":\"EntryPoint\",\"urlTemplate\":\"https:\\\/\\\/skin-heal.com\\\/?s={search_term_string}\"},\"query-input\":{\"@type\":\"PropertyValueSpecification\",\"valueRequired\":true,\"valueName\":\"search_term_string\"}}],\"inLanguage\":\"es\"}]}<\/script>\n<!-- \/ Yoast SEO plugin. -->","yoast_head_json":{"title":"Basic Science Histo Aloe Vera Gel - 1200ml - Skin Heal","description":"Basic Science Histo Aloe Vera Gel es un gel cosm\u00e9tico de confianza. Vendido por Skin Heal, Basic Science Histo Aloe Vera Gel mejora f\u00e1cilmente la salud y el aspecto de la piel.","robots":{"index":"index","follow":"follow","max-snippet":"max-snippet:-1","max-image-preview":"max-image-preview:large","max-video-preview":"max-video-preview:-1"},"canonical":"https:\/\/skin-heal.com\/es\/producto\/basic-science-histo-aloe-vera-gel-1200ml\/","og_locale":"es_MX","og_type":"article","og_title":"Basic Science Histo Aloe Vera Gel \u2013 1200ml - Skin Heal","og_description":"Basic Science Histo Aloe Vera Gel is a trusted cosmetic gel. Sold by Skin Heal, Basic Science Histo Aloe Vera Gel easily improves skin\u2019s health and look.","og_url":"https:\/\/skin-heal.com\/es\/producto\/basic-science-histo-aloe-vera-gel-1200ml\/","og_site_name":"Skin Heal","article_modified_time":"2021-03-30T12:12:10+00:00","og_image":[{"width":600,"height":600,"url":"https:\/\/cdn.skin-heal.com\/wp-content\/uploads\/2019\/09\/Histo-Aloe-Vera-gel.jpg","type":"image\/jpeg"}],"twitter_card":"summary_large_image","twitter_misc":{"Tiempo de lectura":"1 minuto"},"schema":{"@context":"https:\/\/schema.org","@graph":[{"@type":"WebPage","@id":"https:\/\/skin-heal.com\/product\/basic-science-histo-aloe-vera-gel-1200ml\/","url":"https:\/\/skin-heal.com\/product\/basic-science-histo-aloe-vera-gel-1200ml\/","name":"Basic Science Histo Aloe Vera Gel - 1200ml - Skin Heal","isPartOf":{"@id":"https:\/\/skin-heal.com\/#website"},"primaryImageOfPage":{"@id":"https:\/\/skin-heal.com\/product\/basic-science-histo-aloe-vera-gel-1200ml\/#primaryimage"},"image":{"@id":"https:\/\/skin-heal.com\/product\/basic-science-histo-aloe-vera-gel-1200ml\/#primaryimage"},"thumbnailUrl":"https:\/\/cdn.skin-heal.com\/wp-content\/uploads\/2019\/09\/Histo-Aloe-Vera-gel.jpg","datePublished":"2019-09-19T12:29:30+00:00","dateModified":"2021-03-30T12:12:10+00:00","description":"Basic Science Histo Aloe Vera Gel es un gel cosm\u00e9tico de confianza. Vendido por Skin Heal, Basic Science Histo Aloe Vera Gel mejora f\u00e1cilmente la salud y el aspecto de la piel.","breadcrumb":{"@id":"https:\/\/skin-heal.com\/product\/basic-science-histo-aloe-vera-gel-1200ml\/#breadcrumb"},"inLanguage":"es","potentialAction":[{"@type":"ReadAction","target":["https:\/\/skin-heal.com\/product\/basic-science-histo-aloe-vera-gel-1200ml\/"]}]},{"@type":"ImageObject","inLanguage":"es","@id":"https:\/\/skin-heal.com\/product\/basic-science-histo-aloe-vera-gel-1200ml\/#primaryimage","url":"https:\/\/cdn.skin-heal.com\/wp-content\/uploads\/2019\/09\/Histo-Aloe-Vera-gel.jpg","contentUrl":"https:\/\/cdn.skin-heal.com\/wp-content\/uploads\/2019\/09\/Histo-Aloe-Vera-gel.jpg","width":600,"height":600,"caption":"Histo Aloe Vera gel"},{"@type":"BreadcrumbList","@id":"https:\/\/skin-heal.com\/product\/basic-science-histo-aloe-vera-gel-1200ml\/#breadcrumb","itemListElement":[{"@type":"ListItem","position":1,"name":"Home","item":"https:\/\/skin-heal.com\/"},{"@type":"ListItem","position":2,"name":"Store","item":"https:\/\/skin-heal.com\/store\/"},{"@type":"ListItem","position":3,"name":"Basic Science Histo Aloe Vera Gel \u2013 1200ml"}]},{"@type":"WebSite","@id":"https:\/\/skin-heal.com\/#website","url":"https:\/\/skin-heal.com\/","name":"Curaci\u00f3n de la piel","description":"Los precios m\u00e1s bajos para los rellenos d\u00e9rmicos","potentialAction":[{"@type":"SearchAction","target":{"@type":"EntryPoint","urlTemplate":"https:\/\/skin-heal.com\/?s={search_term_string}"},"query-input":{"@type":"PropertyValueSpecification","valueRequired":true,"valueName":"search_term_string"}}],"inLanguage":"es"}]}},"_links":{"self":[{"href":"https:\/\/skin-heal.com\/es\/wp-json\/wp\/v2\/product\/9329","targetHints":{"allow":["GET"]}}],"collection":[{"href":"https:\/\/skin-heal.com\/es\/wp-json\/wp\/v2\/product"}],"about":[{"href":"https:\/\/skin-heal.com\/es\/wp-json\/wp\/v2\/types\/product"}],"wp:featuredmedia":[{"embeddable":true,"href":"https:\/\/skin-heal.com\/es\/wp-json\/wp\/v2\/media\/9337"}],"wp:attachment":[{"href":"https:\/\/skin-heal.com\/es\/wp-json\/wp\/v2\/media?parent=9329"}],"wp:term":[{"taxonomy":"product_brand","embeddable":true,"href":"https:\/\/skin-heal.com\/es\/wp-json\/wp\/v2\/product_brand?post=9329"},{"taxonomy":"product_cat","embeddable":true,"href":"https:\/\/skin-heal.com\/es\/wp-json\/wp\/v2\/product_cat?post=9329"},{"taxonomy":"product_tag","embeddable":true,"href":"https:\/\/skin-heal.com\/es\/wp-json\/wp\/v2\/product_tag?post=9329"}],"curies":[{"name":"wp","href":"https:\/\/api.w.org\/{rel}","templated":true}]}}