{"id":933,"date":"2018-12-03T14:51:10","date_gmt":"2018-12-03T14:51:10","guid":{"rendered":"https:\/\/skin-heal.com\/?post_type=product&#038;p=933"},"modified":"2020-04-16T13:28:14","modified_gmt":"2020-04-16T13:28:14","slug":"surgiderm-30-xp-2x0-8ml","status":"publish","type":"product","link":"https:\/\/skin-heal.com\/es\/producto\/surgiderm-30-xp-2x0-8ml\/","title":{"rendered":"Surgiderm 30 XP (2\u00d70,8ml)"},"content":{"rendered":"<ul>\n<li>No permanente: se disuelve naturalmente en la piel con el tiempo<\/li>\n<li>Compatible con el cuerpo humano - no contiene HA de origen animal<\/li>\n<li>M\u00ednimas molestias durante el tratamiento - contiene lidoca\u00edna<\/li>\n<li>Resultados \u00f3ptimos - basados en una innovadora tecnolog\u00eda de matriz de \u00e1cido hialur\u00f3nico 3D<\/li>\n<\/ul>\n<h3>Una potente acci\u00f3n que proporciona un tratamiento integral<\/h3>\n<p>Los m\u00e9dicos pueden aplicar Surgiderm 30XP en todas las capas principales de la piel mediante una inyecci\u00f3n. Como resultado, este avanzado relleno de tejidos blandos puede ofrecer un tratamiento mejor adaptado que puede restaurar el volumen en las regiones hundidas de la cara, corregir pliegues y arrugas medianas y\/o profundas o incluso mejorar el borde del bermell\u00f3n dando a los labios un aspecto m\u00e1s juvenil en un instante.<\/p>\n<h3>\u00bfSe puede combinar con otros tratamientos de rejuvenecimiento de la piel?<\/h3>\n<p>Dado que Surgiderm 30XP ha sido fabricado mediante un m\u00e9todo de producci\u00f3n conocido como tecnolog\u00eda de matriz de \u00e1cido hialur\u00f3nico 3D, est\u00e1 compuesto por m\u00e1s estructuras reticuladas que la mayor\u00eda de los productos de este tipo. Esto significa que tiene una textura m\u00e1s coherente y uniforme y que prolonga eficazmente la longevidad de los efectos que proporciona. Pero debido a esa estructura de gel firme, no se recomienda utilizar este producto junto con otros tratamientos de rejuvenecimiento cosm\u00e9tico, como el peeling qu\u00edmico o el tratamiento cut\u00e1neo con l\u00e1ser. Si se evitan estas combinaciones, los m\u00e9dicos podr\u00e1n ofrecer a los pacientes resultados mejores y m\u00e1s seguros.<\/p>","protected":false},"excerpt":{"rendered":"<p>Al igual que otros rellenos d\u00e9rmicos de Surgiderm, Surgiderm 30XP tiene \u00e1cido hialur\u00f3nico no animal en su estructura y ofrece efectos de tratamiento que pueden durar hasta un a\u00f1o. Pero a diferencia de otros productos de esta marca, ha sido dise\u00f1ado para proporcionar correcci\u00f3n y volumen en tres capas diferentes de la piel. Por eso puede corregir tanto las arrugas medias como las profundas y realzar el borde de los labios y otras regiones del rostro.<\/p>","protected":false},"featured_media":937,"template":"","meta":[],"product_brand":[],"product_cat":[69,79,81],"product_tag":[],"class_list":{"0":"post-933","1":"product","2":"type-product","3":"status-publish","4":"has-post-thumbnail","6":"product_cat-allergan","7":"product_cat-dermal-fillers","8":"product_cat-surgiderm","9":"clearfix","11":"first","12":"outofstock","13":"taxable","14":"shipping-taxable","15":"purchasable","16":"product-type-simple"},"yoast_head":"<!-- This site is optimized with the Yoast SEO plugin v27.3 - https:\/\/yoast.com\/product\/yoast-seo-wordpress\/ -->\n<title>Surgiderm 30 XP (2x0.8ml) - Skin Heal<\/title>\n<meta name=\"description\" content=\"Surgiderm 30XP is a revolutionary HA dermal filler that offers immediate medium-to-deep wrinkle removal. Sold by Skin Heal, it restores lost facial volume.\" \/>\n<meta name=\"robots\" content=\"index, follow, max-snippet:-1, max-image-preview:large, max-video-preview:-1\" \/>\n<link rel=\"canonical\" href=\"https:\/\/skin-heal.com\/es\/producto\/surgiderm-30-xp-2x0-8ml\/\" \/>\n<meta property=\"og:locale\" content=\"es_MX\" \/>\n<meta property=\"og:type\" content=\"article\" \/>\n<meta property=\"og:title\" content=\"Surgiderm 30 XP (2x0.8ml) - Skin Heal\" \/>\n<meta property=\"og:description\" content=\"Surgiderm 30XP is a revolutionary HA dermal filler that offers immediate medium-to-deep wrinkle removal. Sold by Skin Heal, it restores lost facial volume.\" \/>\n<meta property=\"og:url\" content=\"https:\/\/skin-heal.com\/es\/producto\/surgiderm-30-xp-2x0-8ml\/\" \/>\n<meta property=\"og:site_name\" content=\"Skin Heal\" \/>\n<meta property=\"article:modified_time\" content=\"2020-04-16T13:28:14+00:00\" \/>\n<meta property=\"og:image\" content=\"https:\/\/cdn.skin-heal.com\/wp-content\/uploads\/2018\/12\/Surgiderm-30-XP.jpg\" \/>\n\t<meta property=\"og:image:width\" content=\"600\" \/>\n\t<meta property=\"og:image:height\" content=\"600\" \/>\n\t<meta property=\"og:image:type\" content=\"image\/jpeg\" \/>\n<meta name=\"twitter:card\" content=\"summary_large_image\" \/>\n<meta name=\"twitter:label1\" content=\"Tiempo de lectura\" \/>\n\t<meta name=\"twitter:data1\" content=\"1 minuto\" \/>\n<script type=\"application\/ld+json\" class=\"yoast-schema-graph\">{\"@context\":\"https:\\\/\\\/schema.org\",\"@graph\":[{\"@type\":\"WebPage\",\"@id\":\"https:\\\/\\\/skin-heal.com\\\/product\\\/surgiderm-30-xp-2x0-8ml\\\/\",\"url\":\"https:\\\/\\\/skin-heal.com\\\/product\\\/surgiderm-30-xp-2x0-8ml\\\/\",\"name\":\"Surgiderm 30 XP (2x0.8ml) - Skin Heal\",\"isPartOf\":{\"@id\":\"https:\\\/\\\/skin-heal.com\\\/#website\"},\"primaryImageOfPage\":{\"@id\":\"https:\\\/\\\/skin-heal.com\\\/product\\\/surgiderm-30-xp-2x0-8ml\\\/#primaryimage\"},\"image\":{\"@id\":\"https:\\\/\\\/skin-heal.com\\\/product\\\/surgiderm-30-xp-2x0-8ml\\\/#primaryimage\"},\"thumbnailUrl\":\"https:\\\/\\\/skin-heal.com\\\/wp-content\\\/uploads\\\/2018\\\/12\\\/Surgiderm-30-XP.jpg\",\"datePublished\":\"2018-12-03T14:51:10+00:00\",\"dateModified\":\"2020-04-16T13:28:14+00:00\",\"description\":\"Surgiderm 30XP is a revolutionary HA dermal filler that offers immediate medium-to-deep wrinkle removal. Sold by Skin Heal, it restores lost facial volume.\",\"breadcrumb\":{\"@id\":\"https:\\\/\\\/skin-heal.com\\\/product\\\/surgiderm-30-xp-2x0-8ml\\\/#breadcrumb\"},\"inLanguage\":\"es\",\"potentialAction\":[{\"@type\":\"ReadAction\",\"target\":[\"https:\\\/\\\/skin-heal.com\\\/product\\\/surgiderm-30-xp-2x0-8ml\\\/\"]}]},{\"@type\":\"ImageObject\",\"inLanguage\":\"es\",\"@id\":\"https:\\\/\\\/skin-heal.com\\\/product\\\/surgiderm-30-xp-2x0-8ml\\\/#primaryimage\",\"url\":\"https:\\\/\\\/skin-heal.com\\\/wp-content\\\/uploads\\\/2018\\\/12\\\/Surgiderm-30-XP.jpg\",\"contentUrl\":\"https:\\\/\\\/skin-heal.com\\\/wp-content\\\/uploads\\\/2018\\\/12\\\/Surgiderm-30-XP.jpg\",\"width\":600,\"height\":600,\"caption\":\"Surgiderm 30 XP\"},{\"@type\":\"BreadcrumbList\",\"@id\":\"https:\\\/\\\/skin-heal.com\\\/product\\\/surgiderm-30-xp-2x0-8ml\\\/#breadcrumb\",\"itemListElement\":[{\"@type\":\"ListItem\",\"position\":1,\"name\":\"Home\",\"item\":\"https:\\\/\\\/skin-heal.com\\\/\"},{\"@type\":\"ListItem\",\"position\":2,\"name\":\"Store\",\"item\":\"https:\\\/\\\/skin-heal.com\\\/store\\\/\"},{\"@type\":\"ListItem\",\"position\":3,\"name\":\"Surgiderm 30 XP (2&#215;0.8ml)\"}]},{\"@type\":\"WebSite\",\"@id\":\"https:\\\/\\\/skin-heal.com\\\/#website\",\"url\":\"https:\\\/\\\/skin-heal.com\\\/\",\"name\":\"Skin Heal\",\"description\":\"Lowest Prices for Dermal Fillers\",\"potentialAction\":[{\"@type\":\"SearchAction\",\"target\":{\"@type\":\"EntryPoint\",\"urlTemplate\":\"https:\\\/\\\/skin-heal.com\\\/?s={search_term_string}\"},\"query-input\":{\"@type\":\"PropertyValueSpecification\",\"valueRequired\":true,\"valueName\":\"search_term_string\"}}],\"inLanguage\":\"es\"}]}<\/script>\n<!-- \/ Yoast SEO plugin. -->","yoast_head_json":{"title":"Surgiderm 30 XP (2x0,8ml) - Skin Heal","description":"Surgiderm 30XP es un revolucionario relleno d\u00e9rmico de HA que ofrece una eliminaci\u00f3n inmediata de las arrugas medias y profundas. Comercializado por Skin Heal, restaura el volumen facial perdido.","robots":{"index":"index","follow":"follow","max-snippet":"max-snippet:-1","max-image-preview":"max-image-preview:large","max-video-preview":"max-video-preview:-1"},"canonical":"https:\/\/skin-heal.com\/es\/producto\/surgiderm-30-xp-2x0-8ml\/","og_locale":"es_MX","og_type":"article","og_title":"Surgiderm 30 XP (2x0.8ml) - Skin Heal","og_description":"Surgiderm 30XP is a revolutionary HA dermal filler that offers immediate medium-to-deep wrinkle removal. Sold by Skin Heal, it restores lost facial volume.","og_url":"https:\/\/skin-heal.com\/es\/producto\/surgiderm-30-xp-2x0-8ml\/","og_site_name":"Skin Heal","article_modified_time":"2020-04-16T13:28:14+00:00","og_image":[{"width":600,"height":600,"url":"https:\/\/cdn.skin-heal.com\/wp-content\/uploads\/2018\/12\/Surgiderm-30-XP.jpg","type":"image\/jpeg"}],"twitter_card":"summary_large_image","twitter_misc":{"Tiempo de lectura":"1 minuto"},"schema":{"@context":"https:\/\/schema.org","@graph":[{"@type":"WebPage","@id":"https:\/\/skin-heal.com\/product\/surgiderm-30-xp-2x0-8ml\/","url":"https:\/\/skin-heal.com\/product\/surgiderm-30-xp-2x0-8ml\/","name":"Surgiderm 30 XP (2x0,8ml) - Skin Heal","isPartOf":{"@id":"https:\/\/skin-heal.com\/#website"},"primaryImageOfPage":{"@id":"https:\/\/skin-heal.com\/product\/surgiderm-30-xp-2x0-8ml\/#primaryimage"},"image":{"@id":"https:\/\/skin-heal.com\/product\/surgiderm-30-xp-2x0-8ml\/#primaryimage"},"thumbnailUrl":"https:\/\/cdn.skin-heal.com\/wp-content\/uploads\/2018\/12\/Surgiderm-30-XP.jpg","datePublished":"2018-12-03T14:51:10+00:00","dateModified":"2020-04-16T13:28:14+00:00","description":"Surgiderm 30XP es un revolucionario relleno d\u00e9rmico de HA que ofrece una eliminaci\u00f3n inmediata de las arrugas medias y profundas. Comercializado por Skin Heal, restaura el volumen facial perdido.","breadcrumb":{"@id":"https:\/\/skin-heal.com\/product\/surgiderm-30-xp-2x0-8ml\/#breadcrumb"},"inLanguage":"es","potentialAction":[{"@type":"ReadAction","target":["https:\/\/skin-heal.com\/product\/surgiderm-30-xp-2x0-8ml\/"]}]},{"@type":"ImageObject","inLanguage":"es","@id":"https:\/\/skin-heal.com\/product\/surgiderm-30-xp-2x0-8ml\/#primaryimage","url":"https:\/\/cdn.skin-heal.com\/wp-content\/uploads\/2018\/12\/Surgiderm-30-XP.jpg","contentUrl":"https:\/\/cdn.skin-heal.com\/wp-content\/uploads\/2018\/12\/Surgiderm-30-XP.jpg","width":600,"height":600,"caption":"Surgiderm 30 XP"},{"@type":"BreadcrumbList","@id":"https:\/\/skin-heal.com\/product\/surgiderm-30-xp-2x0-8ml\/#breadcrumb","itemListElement":[{"@type":"ListItem","position":1,"name":"Home","item":"https:\/\/skin-heal.com\/"},{"@type":"ListItem","position":2,"name":"Store","item":"https:\/\/skin-heal.com\/store\/"},{"@type":"ListItem","position":3,"name":"Surgiderm 30 XP (2&#215;0.8ml)"}]},{"@type":"WebSite","@id":"https:\/\/skin-heal.com\/#website","url":"https:\/\/skin-heal.com\/","name":"Curaci\u00f3n de la piel","description":"Los precios m\u00e1s bajos para los rellenos d\u00e9rmicos","potentialAction":[{"@type":"SearchAction","target":{"@type":"EntryPoint","urlTemplate":"https:\/\/skin-heal.com\/?s={search_term_string}"},"query-input":{"@type":"PropertyValueSpecification","valueRequired":true,"valueName":"search_term_string"}}],"inLanguage":"es"}]}},"_links":{"self":[{"href":"https:\/\/skin-heal.com\/es\/wp-json\/wp\/v2\/product\/933","targetHints":{"allow":["GET"]}}],"collection":[{"href":"https:\/\/skin-heal.com\/es\/wp-json\/wp\/v2\/product"}],"about":[{"href":"https:\/\/skin-heal.com\/es\/wp-json\/wp\/v2\/types\/product"}],"wp:featuredmedia":[{"embeddable":true,"href":"https:\/\/skin-heal.com\/es\/wp-json\/wp\/v2\/media\/937"}],"wp:attachment":[{"href":"https:\/\/skin-heal.com\/es\/wp-json\/wp\/v2\/media?parent=933"}],"wp:term":[{"taxonomy":"product_brand","embeddable":true,"href":"https:\/\/skin-heal.com\/es\/wp-json\/wp\/v2\/product_brand?post=933"},{"taxonomy":"product_cat","embeddable":true,"href":"https:\/\/skin-heal.com\/es\/wp-json\/wp\/v2\/product_cat?post=933"},{"taxonomy":"product_tag","embeddable":true,"href":"https:\/\/skin-heal.com\/es\/wp-json\/wp\/v2\/product_tag?post=933"}],"curies":[{"name":"wp","href":"https:\/\/api.w.org\/{rel}","templated":true}]}}