{"id":9330,"date":"2019-09-19T12:30:50","date_gmt":"2019-09-19T12:30:50","guid":{"rendered":"https:\/\/skin-heal.com\/?post_type=product&#038;p=9330"},"modified":"2021-03-30T12:12:09","modified_gmt":"2021-03-30T12:12:09","slug":"basic-science-histo-lightening-cream-mask-250g","status":"publish","type":"product","link":"https:\/\/skin-heal.com\/es\/producto\/basic-science-histo-lightening-cream-mask-250g\/","title":{"rendered":"Basic Science Histo Lightening Cream Mask - 250g"},"content":{"rendered":"<h3>Un producto muy eficaz para aclarar la piel<\/h3>\n<p>Con un c\u00f3ctel de ingredientes no agresivos como los componentes de origen vegetal (que se encuentran en su Complejo SRGF H1), los extractos de Citrus Reticulate Peel y la Niacinamida, entre otros, Basic Science Histo Lightening Cream Mask consigue <strong>tratar las manchas oscuras y los granos<\/strong> causada por la producci\u00f3n excesiva de melanina u otros pigmentos. Adem\u00e1s de tener unas propiedades blanqueadoras de la piel inmejorables, esta avanzada mascarilla en crema tambi\u00e9n tiene algunos superpoderes adicionales en su arsenal:<\/p>\n<ul>\n<li>Proporciona un rejuvenecimiento y revitalizaci\u00f3n general de la piel<\/li>\n<li>Calma con seguridad las irritaciones e inflamaciones<\/li>\n<li>Nutre f\u00e1cilmente la piel<\/li>\n<li>Retiene el agua en la piel, mejorando su equilibrio h\u00eddrico<\/li>\n<\/ul>\n<h3>Una mascarilla en crema iluminadora de primera categor\u00eda y f\u00e1cil de usar<\/h3>\n<p>La mascarilla en crema Histo Lightening de Basic Science puede ser una <em>producto profesional para el cuidado de la piel<\/em> pero, como soluci\u00f3n casera, es incre\u00edblemente f\u00e1cil de usar. Basta con aplicarlo sobre la piel del rostro antes de acostarse y lavarlo con agua tibia al levantarse por la ma\u00f1ana. Es importante utilizarlo sobre una piel limpia y mantenerlo alejado de los ojos. Histolab tambi\u00e9n aconseja a los consumidores que combinen su <u>un fuerte poder iluminador de la piel<\/u> con los de una terapia profesional para el cuidado de la piel para disfrutar de resultados \u00f3ptimos. Comprar este producto a un distribuidor mayorista autorizado y a un minorista en l\u00ednea como Skin Heal le garantizar\u00e1 que obtendr\u00e1 un producto original que es altamente eficaz y seguro.<\/p>","protected":false},"excerpt":{"rendered":"<p>Basic Science Histo Lightening Cream Mask 250g es producido y dise\u00f1ado por Histolab para ayudar a las personas con problemas de hiperpigmentaci\u00f3n. Mejora r\u00e1pidamente el tono de la piel y elimina con \u00e9xito las manchas oscuras. A diferencia de la mayor\u00eda de otros productos de bajo riesgo de esta categor\u00eda, tambi\u00e9n ofrece varios beneficios adicionales para el cuidado de la piel con sus excepcionales propiedades hidratantes, calmantes, revitalizantes y rejuvenecedoras. Ahora puede adquirir esta mascarilla facial iluminadora todo en uno directamente en la tienda online de Skin Heal.<\/p>","protected":false},"featured_media":9338,"template":"","meta":[],"product_brand":[],"product_cat":[87,113,114],"product_tag":[],"class_list":{"0":"post-9330","1":"product","2":"type-product","3":"status-publish","4":"has-post-thumbnail","6":"product_cat-cosmetics","7":"product_cat-histolab","8":"product_cat-medians","9":"clearfix","11":"first","12":"outofstock","13":"taxable","14":"shipping-taxable","15":"purchasable","16":"product-type-simple"},"yoast_head":"<!-- This site is optimized with the Yoast SEO plugin v27.3 - https:\/\/yoast.com\/product\/yoast-seo-wordpress\/ -->\n<title>Basic Science Histo Lightening Cream Mask - 250g - Skin Heal<\/title>\n<meta name=\"description\" content=\"Sold by Skin Heal, Basic Science Histo Lightening Cream Mask is an innovative anti-pigmentation face mask that quickly removes dark spots from the skin.\" \/>\n<meta name=\"robots\" content=\"index, follow, max-snippet:-1, max-image-preview:large, max-video-preview:-1\" \/>\n<link rel=\"canonical\" href=\"https:\/\/skin-heal.com\/es\/producto\/basic-science-histo-lightening-cream-mask-250g\/\" \/>\n<meta property=\"og:locale\" content=\"es_MX\" \/>\n<meta property=\"og:type\" content=\"article\" \/>\n<meta property=\"og:title\" content=\"Basic Science Histo Lightening Cream Mask - 250g - Skin Heal\" \/>\n<meta property=\"og:description\" content=\"Sold by Skin Heal, Basic Science Histo Lightening Cream Mask is an innovative anti-pigmentation face mask that quickly removes dark spots from the skin.\" \/>\n<meta property=\"og:url\" content=\"https:\/\/skin-heal.com\/es\/producto\/basic-science-histo-lightening-cream-mask-250g\/\" \/>\n<meta property=\"og:site_name\" content=\"Skin Heal\" \/>\n<meta property=\"article:modified_time\" content=\"2021-03-30T12:12:09+00:00\" \/>\n<meta property=\"og:image\" content=\"https:\/\/cdn.skin-heal.com\/wp-content\/uploads\/2019\/09\/Lightening-Cream-mask.jpg\" \/>\n\t<meta property=\"og:image:width\" content=\"600\" \/>\n\t<meta property=\"og:image:height\" content=\"600\" \/>\n\t<meta property=\"og:image:type\" content=\"image\/jpeg\" \/>\n<meta name=\"twitter:card\" content=\"summary_large_image\" \/>\n<meta name=\"twitter:label1\" content=\"Tiempo de lectura\" \/>\n\t<meta name=\"twitter:data1\" content=\"1 minuto\" \/>\n<script type=\"application\/ld+json\" class=\"yoast-schema-graph\">{\"@context\":\"https:\\\/\\\/schema.org\",\"@graph\":[{\"@type\":\"WebPage\",\"@id\":\"https:\\\/\\\/skin-heal.com\\\/product\\\/basic-science-histo-lightening-cream-mask-250g\\\/\",\"url\":\"https:\\\/\\\/skin-heal.com\\\/product\\\/basic-science-histo-lightening-cream-mask-250g\\\/\",\"name\":\"Basic Science Histo Lightening Cream Mask - 250g - Skin Heal\",\"isPartOf\":{\"@id\":\"https:\\\/\\\/skin-heal.com\\\/#website\"},\"primaryImageOfPage\":{\"@id\":\"https:\\\/\\\/skin-heal.com\\\/product\\\/basic-science-histo-lightening-cream-mask-250g\\\/#primaryimage\"},\"image\":{\"@id\":\"https:\\\/\\\/skin-heal.com\\\/product\\\/basic-science-histo-lightening-cream-mask-250g\\\/#primaryimage\"},\"thumbnailUrl\":\"https:\\\/\\\/skin-heal.com\\\/wp-content\\\/uploads\\\/2019\\\/09\\\/Lightening-Cream-mask.jpg\",\"datePublished\":\"2019-09-19T12:30:50+00:00\",\"dateModified\":\"2021-03-30T12:12:09+00:00\",\"description\":\"Sold by Skin Heal, Basic Science Histo Lightening Cream Mask is an innovative anti-pigmentation face mask that quickly removes dark spots from the skin.\",\"breadcrumb\":{\"@id\":\"https:\\\/\\\/skin-heal.com\\\/product\\\/basic-science-histo-lightening-cream-mask-250g\\\/#breadcrumb\"},\"inLanguage\":\"es\",\"potentialAction\":[{\"@type\":\"ReadAction\",\"target\":[\"https:\\\/\\\/skin-heal.com\\\/product\\\/basic-science-histo-lightening-cream-mask-250g\\\/\"]}]},{\"@type\":\"ImageObject\",\"inLanguage\":\"es\",\"@id\":\"https:\\\/\\\/skin-heal.com\\\/product\\\/basic-science-histo-lightening-cream-mask-250g\\\/#primaryimage\",\"url\":\"https:\\\/\\\/skin-heal.com\\\/wp-content\\\/uploads\\\/2019\\\/09\\\/Lightening-Cream-mask.jpg\",\"contentUrl\":\"https:\\\/\\\/skin-heal.com\\\/wp-content\\\/uploads\\\/2019\\\/09\\\/Lightening-Cream-mask.jpg\",\"width\":600,\"height\":600,\"caption\":\"Lightening Cream mask\"},{\"@type\":\"BreadcrumbList\",\"@id\":\"https:\\\/\\\/skin-heal.com\\\/product\\\/basic-science-histo-lightening-cream-mask-250g\\\/#breadcrumb\",\"itemListElement\":[{\"@type\":\"ListItem\",\"position\":1,\"name\":\"Home\",\"item\":\"https:\\\/\\\/skin-heal.com\\\/\"},{\"@type\":\"ListItem\",\"position\":2,\"name\":\"Store\",\"item\":\"https:\\\/\\\/skin-heal.com\\\/store\\\/\"},{\"@type\":\"ListItem\",\"position\":3,\"name\":\"Basic Science Histo Lightening Cream Mask &#8211; 250g\"}]},{\"@type\":\"WebSite\",\"@id\":\"https:\\\/\\\/skin-heal.com\\\/#website\",\"url\":\"https:\\\/\\\/skin-heal.com\\\/\",\"name\":\"Skin Heal\",\"description\":\"Lowest Prices for Dermal Fillers\",\"potentialAction\":[{\"@type\":\"SearchAction\",\"target\":{\"@type\":\"EntryPoint\",\"urlTemplate\":\"https:\\\/\\\/skin-heal.com\\\/?s={search_term_string}\"},\"query-input\":{\"@type\":\"PropertyValueSpecification\",\"valueRequired\":true,\"valueName\":\"search_term_string\"}}],\"inLanguage\":\"es\"}]}<\/script>\n<!-- \/ Yoast SEO plugin. -->","yoast_head_json":{"title":"Basic Science Histo Mascarilla Crema Aclarante - 250g - Skin Heal","description":"Comercializada por Skin Heal, Basic Science Histo Lightening Cream Mask es una innovadora mascarilla facial antipigmentante que elimina r\u00e1pidamente las manchas oscuras de la piel.","robots":{"index":"index","follow":"follow","max-snippet":"max-snippet:-1","max-image-preview":"max-image-preview:large","max-video-preview":"max-video-preview:-1"},"canonical":"https:\/\/skin-heal.com\/es\/producto\/basic-science-histo-lightening-cream-mask-250g\/","og_locale":"es_MX","og_type":"article","og_title":"Basic Science Histo Lightening Cream Mask - 250g - Skin Heal","og_description":"Sold by Skin Heal, Basic Science Histo Lightening Cream Mask is an innovative anti-pigmentation face mask that quickly removes dark spots from the skin.","og_url":"https:\/\/skin-heal.com\/es\/producto\/basic-science-histo-lightening-cream-mask-250g\/","og_site_name":"Skin Heal","article_modified_time":"2021-03-30T12:12:09+00:00","og_image":[{"width":600,"height":600,"url":"https:\/\/cdn.skin-heal.com\/wp-content\/uploads\/2019\/09\/Lightening-Cream-mask.jpg","type":"image\/jpeg"}],"twitter_card":"summary_large_image","twitter_misc":{"Tiempo de lectura":"1 minuto"},"schema":{"@context":"https:\/\/schema.org","@graph":[{"@type":"WebPage","@id":"https:\/\/skin-heal.com\/product\/basic-science-histo-lightening-cream-mask-250g\/","url":"https:\/\/skin-heal.com\/product\/basic-science-histo-lightening-cream-mask-250g\/","name":"Basic Science Histo Mascarilla Crema Aclarante - 250g - Skin Heal","isPartOf":{"@id":"https:\/\/skin-heal.com\/#website"},"primaryImageOfPage":{"@id":"https:\/\/skin-heal.com\/product\/basic-science-histo-lightening-cream-mask-250g\/#primaryimage"},"image":{"@id":"https:\/\/skin-heal.com\/product\/basic-science-histo-lightening-cream-mask-250g\/#primaryimage"},"thumbnailUrl":"https:\/\/cdn.skin-heal.com\/wp-content\/uploads\/2019\/09\/Lightening-Cream-mask.jpg","datePublished":"2019-09-19T12:30:50+00:00","dateModified":"2021-03-30T12:12:09+00:00","description":"Comercializada por Skin Heal, Basic Science Histo Lightening Cream Mask es una innovadora mascarilla facial antipigmentante que elimina r\u00e1pidamente las manchas oscuras de la piel.","breadcrumb":{"@id":"https:\/\/skin-heal.com\/product\/basic-science-histo-lightening-cream-mask-250g\/#breadcrumb"},"inLanguage":"es","potentialAction":[{"@type":"ReadAction","target":["https:\/\/skin-heal.com\/product\/basic-science-histo-lightening-cream-mask-250g\/"]}]},{"@type":"ImageObject","inLanguage":"es","@id":"https:\/\/skin-heal.com\/product\/basic-science-histo-lightening-cream-mask-250g\/#primaryimage","url":"https:\/\/cdn.skin-heal.com\/wp-content\/uploads\/2019\/09\/Lightening-Cream-mask.jpg","contentUrl":"https:\/\/cdn.skin-heal.com\/wp-content\/uploads\/2019\/09\/Lightening-Cream-mask.jpg","width":600,"height":600,"caption":"Lightening Cream mask"},{"@type":"BreadcrumbList","@id":"https:\/\/skin-heal.com\/product\/basic-science-histo-lightening-cream-mask-250g\/#breadcrumb","itemListElement":[{"@type":"ListItem","position":1,"name":"Home","item":"https:\/\/skin-heal.com\/"},{"@type":"ListItem","position":2,"name":"Store","item":"https:\/\/skin-heal.com\/store\/"},{"@type":"ListItem","position":3,"name":"Basic Science Histo Lightening Cream Mask &#8211; 250g"}]},{"@type":"WebSite","@id":"https:\/\/skin-heal.com\/#website","url":"https:\/\/skin-heal.com\/","name":"Curaci\u00f3n de la piel","description":"Los precios m\u00e1s bajos para los rellenos d\u00e9rmicos","potentialAction":[{"@type":"SearchAction","target":{"@type":"EntryPoint","urlTemplate":"https:\/\/skin-heal.com\/?s={search_term_string}"},"query-input":{"@type":"PropertyValueSpecification","valueRequired":true,"valueName":"search_term_string"}}],"inLanguage":"es"}]}},"_links":{"self":[{"href":"https:\/\/skin-heal.com\/es\/wp-json\/wp\/v2\/product\/9330","targetHints":{"allow":["GET"]}}],"collection":[{"href":"https:\/\/skin-heal.com\/es\/wp-json\/wp\/v2\/product"}],"about":[{"href":"https:\/\/skin-heal.com\/es\/wp-json\/wp\/v2\/types\/product"}],"wp:featuredmedia":[{"embeddable":true,"href":"https:\/\/skin-heal.com\/es\/wp-json\/wp\/v2\/media\/9338"}],"wp:attachment":[{"href":"https:\/\/skin-heal.com\/es\/wp-json\/wp\/v2\/media?parent=9330"}],"wp:term":[{"taxonomy":"product_brand","embeddable":true,"href":"https:\/\/skin-heal.com\/es\/wp-json\/wp\/v2\/product_brand?post=9330"},{"taxonomy":"product_cat","embeddable":true,"href":"https:\/\/skin-heal.com\/es\/wp-json\/wp\/v2\/product_cat?post=9330"},{"taxonomy":"product_tag","embeddable":true,"href":"https:\/\/skin-heal.com\/es\/wp-json\/wp\/v2\/product_tag?post=9330"}],"curies":[{"name":"wp","href":"https:\/\/api.w.org\/{rel}","templated":true}]}}