{"id":9331,"date":"2019-09-19T12:31:47","date_gmt":"2019-09-19T12:31:47","guid":{"rendered":"https:\/\/skin-heal.com\/?post_type=product&#038;p=9331"},"modified":"2021-03-30T12:12:09","modified_gmt":"2021-03-30T12:12:09","slug":"basic-science-histo-moisturizing-cream-mask-250g","status":"publish","type":"product","link":"https:\/\/skin-heal.com\/es\/producto\/basic-science-histo-moisturizing-cream-mask-250g\/","title":{"rendered":"Ciencia B\u00e1sica Histo Mascarilla Crema Hidratante - 250g"},"content":{"rendered":"<h3>Disfruta de una piel m\u00e1s suave, m\u00e1s joven y mejor hidratada<\/h3>\n<p>Mantener la piel correctamente hidratada tendr\u00e1 un efecto general sobre su estado y aspecto. La forma m\u00e1s r\u00e1pida de comprobarlo es utilizando la Mascarilla Crema Hidratante Histo de Basic Science. Se encuentra entre los productos m\u00e1s fiables de esta clase porque sirve de <u>soluci\u00f3n hidratante para la piel a largo plazo<\/u>. Apl\u00edcalo a diario y en dos semanas notar\u00e1s que la piel de tu rostro se vuelve:<\/p>\n<ul>\n<li>M\u00e1s suave, ya que se eliminan las l\u00edneas finas y las arrugas<\/li>\n<li>M\u00e1s sano y firme, ya que los nutrientes y las vitaminas mejoran su estado<\/li>\n<li>Revitalizado ya que el balance h\u00eddrico se mantiene durante mucho tiempo<\/li>\n<\/ul>\n<p>Esta mascarilla en crema de alta calidad funciona mejor en pieles \u00e1speras y secas.<\/p>\n<h3>Una m\u00e1scara de crema hidratante de confianza con SRGF H1 Complex<\/h3>\n<p>El Complejo SRGF H1 est\u00e1 presente en muchos de los productos de cuidado de la piel de nueva generaci\u00f3n de Histolab. Se trata de una mezcla patentada de ingredientes cuidadosamente seleccionados por la empresa coreana l\u00edder para proporcionar a la piel <u>hidrataci\u00f3n duradera<\/u> y para calmar inmediatamente cualquier s\u00edntoma de irritaci\u00f3n. La incre\u00edble capacidad de hidrataci\u00f3n de la mascarilla Histo Moisturizing Cream Mask se ve reforzada por otro potente agente hidratante: el hialuronato de sodio. De este modo, la piel no s\u00f3lo se hidrata a fondo, sino que tambi\u00e9n se preservan eficazmente sus niveles de equilibrio h\u00eddrico saludable. Nosotros, en Skin Heal, entregamos esta mascarilla facial optimizada en su caja original y con env\u00edo internacional r\u00e1pido.<\/p>","protected":false},"excerpt":{"rendered":"<p>La Mascarilla Crema Hidratante Histo de Ciencia B\u00e1sica 250g de Histolab es una de las <em>los mejores productos hidratantes para la piel<\/em> disponible para su compra hoy mismo. Con su marca registrada SRGF H1 Complex y su f\u00f3rmula rica en plantas, es <strong>proporciona una r\u00e1pida revitalizaci\u00f3n de la piel<\/strong> que se caracteriza por la mejora del equilibrio h\u00eddrico, la reducci\u00f3n de la aparici\u00f3n de arrugas superficiales y una piel m\u00e1s suave. Sus efectos se hacen visibles en cuesti\u00f3n de d\u00edas y su precio es irresistible cuando lo pides a nosotros, a Skin Heal.<\/p>","protected":false},"featured_media":9339,"template":"","meta":[],"product_brand":[],"product_cat":[87,113,114],"product_tag":[],"class_list":{"0":"post-9331","1":"product","2":"type-product","3":"status-publish","4":"has-post-thumbnail","6":"product_cat-cosmetics","7":"product_cat-histolab","8":"product_cat-medians","9":"clearfix","11":"first","12":"outofstock","13":"taxable","14":"shipping-taxable","15":"purchasable","16":"product-type-simple"},"yoast_head":"<!-- This site is optimized with the Yoast SEO plugin v27.4 - https:\/\/yoast.com\/product\/yoast-seo-wordpress\/ -->\n<title>Basic Science Histo Moisturizing Cream Mask - 250g - Skin Heal<\/title>\n<meta name=\"description\" content=\"Order Basic Science Histo Moisturizing Cream Mask via Skin Heal to greatly hydrate and revitalize your skin and to easily correct superficial wrinkles.\" \/>\n<meta name=\"robots\" content=\"index, follow, max-snippet:-1, max-image-preview:large, max-video-preview:-1\" \/>\n<link rel=\"canonical\" href=\"https:\/\/skin-heal.com\/es\/producto\/basic-science-histo-moisturizing-cream-mask-250g\/\" \/>\n<meta property=\"og:locale\" content=\"es_MX\" \/>\n<meta property=\"og:type\" content=\"article\" \/>\n<meta property=\"og:title\" content=\"Basic Science Histo Moisturizing Cream Mask - 250g - Skin Heal\" \/>\n<meta property=\"og:description\" content=\"Order Basic Science Histo Moisturizing Cream Mask via Skin Heal to greatly hydrate and revitalize your skin and to easily correct superficial wrinkles.\" \/>\n<meta property=\"og:url\" content=\"https:\/\/skin-heal.com\/es\/producto\/basic-science-histo-moisturizing-cream-mask-250g\/\" \/>\n<meta property=\"og:site_name\" content=\"Skin Heal\" \/>\n<meta property=\"article:modified_time\" content=\"2021-03-30T12:12:09+00:00\" \/>\n<meta property=\"og:image\" content=\"https:\/\/cdn.skin-heal.com\/wp-content\/uploads\/2019\/09\/Moisturizing-Cream-mask.jpg\" \/>\n\t<meta property=\"og:image:width\" content=\"600\" \/>\n\t<meta property=\"og:image:height\" content=\"600\" \/>\n\t<meta property=\"og:image:type\" content=\"image\/jpeg\" \/>\n<meta name=\"twitter:card\" content=\"summary_large_image\" \/>\n<meta name=\"twitter:label1\" content=\"Tiempo de lectura\" \/>\n\t<meta name=\"twitter:data1\" content=\"1 minuto\" \/>\n<script type=\"application\/ld+json\" class=\"yoast-schema-graph\">{\"@context\":\"https:\\\/\\\/schema.org\",\"@graph\":[{\"@type\":\"WebPage\",\"@id\":\"https:\\\/\\\/skin-heal.com\\\/product\\\/basic-science-histo-moisturizing-cream-mask-250g\\\/\",\"url\":\"https:\\\/\\\/skin-heal.com\\\/product\\\/basic-science-histo-moisturizing-cream-mask-250g\\\/\",\"name\":\"Basic Science Histo Moisturizing Cream Mask - 250g - Skin Heal\",\"isPartOf\":{\"@id\":\"https:\\\/\\\/skin-heal.com\\\/#website\"},\"primaryImageOfPage\":{\"@id\":\"https:\\\/\\\/skin-heal.com\\\/product\\\/basic-science-histo-moisturizing-cream-mask-250g\\\/#primaryimage\"},\"image\":{\"@id\":\"https:\\\/\\\/skin-heal.com\\\/product\\\/basic-science-histo-moisturizing-cream-mask-250g\\\/#primaryimage\"},\"thumbnailUrl\":\"https:\\\/\\\/skin-heal.com\\\/wp-content\\\/uploads\\\/2019\\\/09\\\/Moisturizing-Cream-mask.jpg\",\"datePublished\":\"2019-09-19T12:31:47+00:00\",\"dateModified\":\"2021-03-30T12:12:09+00:00\",\"description\":\"Order Basic Science Histo Moisturizing Cream Mask via Skin Heal to greatly hydrate and revitalize your skin and to easily correct superficial wrinkles.\",\"breadcrumb\":{\"@id\":\"https:\\\/\\\/skin-heal.com\\\/product\\\/basic-science-histo-moisturizing-cream-mask-250g\\\/#breadcrumb\"},\"inLanguage\":\"es\",\"potentialAction\":[{\"@type\":\"ReadAction\",\"target\":[\"https:\\\/\\\/skin-heal.com\\\/product\\\/basic-science-histo-moisturizing-cream-mask-250g\\\/\"]}]},{\"@type\":\"ImageObject\",\"inLanguage\":\"es\",\"@id\":\"https:\\\/\\\/skin-heal.com\\\/product\\\/basic-science-histo-moisturizing-cream-mask-250g\\\/#primaryimage\",\"url\":\"https:\\\/\\\/skin-heal.com\\\/wp-content\\\/uploads\\\/2019\\\/09\\\/Moisturizing-Cream-mask.jpg\",\"contentUrl\":\"https:\\\/\\\/skin-heal.com\\\/wp-content\\\/uploads\\\/2019\\\/09\\\/Moisturizing-Cream-mask.jpg\",\"width\":600,\"height\":600,\"caption\":\"Moisturizing Cream Mask\"},{\"@type\":\"BreadcrumbList\",\"@id\":\"https:\\\/\\\/skin-heal.com\\\/product\\\/basic-science-histo-moisturizing-cream-mask-250g\\\/#breadcrumb\",\"itemListElement\":[{\"@type\":\"ListItem\",\"position\":1,\"name\":\"Home\",\"item\":\"https:\\\/\\\/skin-heal.com\\\/\"},{\"@type\":\"ListItem\",\"position\":2,\"name\":\"Store\",\"item\":\"https:\\\/\\\/skin-heal.com\\\/store\\\/\"},{\"@type\":\"ListItem\",\"position\":3,\"name\":\"Basic Science Histo Moisturizing Cream Mask &#8211; 250g\"}]},{\"@type\":\"WebSite\",\"@id\":\"https:\\\/\\\/skin-heal.com\\\/#website\",\"url\":\"https:\\\/\\\/skin-heal.com\\\/\",\"name\":\"Skin Heal\",\"description\":\"Lowest Prices for Dermal Fillers\",\"potentialAction\":[{\"@type\":\"SearchAction\",\"target\":{\"@type\":\"EntryPoint\",\"urlTemplate\":\"https:\\\/\\\/skin-heal.com\\\/?s={search_term_string}\"},\"query-input\":{\"@type\":\"PropertyValueSpecification\",\"valueRequired\":true,\"valueName\":\"search_term_string\"}}],\"inLanguage\":\"es\"}]}<\/script>\n<!-- \/ Yoast SEO plugin. -->","yoast_head_json":{"title":"Basic Science Histo Mascarilla Crema Hidratante - 250g - Skin Heal","description":"Pida Basic Science Histo Moisturizing Cream Mask a trav\u00e9s de Skin Heal para hidratar y revitalizar en gran medida su piel y corregir f\u00e1cilmente las arrugas superficiales.","robots":{"index":"index","follow":"follow","max-snippet":"max-snippet:-1","max-image-preview":"max-image-preview:large","max-video-preview":"max-video-preview:-1"},"canonical":"https:\/\/skin-heal.com\/es\/producto\/basic-science-histo-moisturizing-cream-mask-250g\/","og_locale":"es_MX","og_type":"article","og_title":"Basic Science Histo Moisturizing Cream Mask - 250g - Skin Heal","og_description":"Order Basic Science Histo Moisturizing Cream Mask via Skin Heal to greatly hydrate and revitalize your skin and to easily correct superficial wrinkles.","og_url":"https:\/\/skin-heal.com\/es\/producto\/basic-science-histo-moisturizing-cream-mask-250g\/","og_site_name":"Skin Heal","article_modified_time":"2021-03-30T12:12:09+00:00","og_image":[{"width":600,"height":600,"url":"https:\/\/cdn.skin-heal.com\/wp-content\/uploads\/2019\/09\/Moisturizing-Cream-mask.jpg","type":"image\/jpeg"}],"twitter_card":"summary_large_image","twitter_misc":{"Tiempo de lectura":"1 minuto"},"schema":{"@context":"https:\/\/schema.org","@graph":[{"@type":"WebPage","@id":"https:\/\/skin-heal.com\/product\/basic-science-histo-moisturizing-cream-mask-250g\/","url":"https:\/\/skin-heal.com\/product\/basic-science-histo-moisturizing-cream-mask-250g\/","name":"Basic Science Histo Mascarilla Crema Hidratante - 250g - Skin Heal","isPartOf":{"@id":"https:\/\/skin-heal.com\/#website"},"primaryImageOfPage":{"@id":"https:\/\/skin-heal.com\/product\/basic-science-histo-moisturizing-cream-mask-250g\/#primaryimage"},"image":{"@id":"https:\/\/skin-heal.com\/product\/basic-science-histo-moisturizing-cream-mask-250g\/#primaryimage"},"thumbnailUrl":"https:\/\/cdn.skin-heal.com\/wp-content\/uploads\/2019\/09\/Moisturizing-Cream-mask.jpg","datePublished":"2019-09-19T12:31:47+00:00","dateModified":"2021-03-30T12:12:09+00:00","description":"Pida Basic Science Histo Moisturizing Cream Mask a trav\u00e9s de Skin Heal para hidratar y revitalizar en gran medida su piel y corregir f\u00e1cilmente las arrugas superficiales.","breadcrumb":{"@id":"https:\/\/skin-heal.com\/product\/basic-science-histo-moisturizing-cream-mask-250g\/#breadcrumb"},"inLanguage":"es","potentialAction":[{"@type":"ReadAction","target":["https:\/\/skin-heal.com\/product\/basic-science-histo-moisturizing-cream-mask-250g\/"]}]},{"@type":"ImageObject","inLanguage":"es","@id":"https:\/\/skin-heal.com\/product\/basic-science-histo-moisturizing-cream-mask-250g\/#primaryimage","url":"https:\/\/cdn.skin-heal.com\/wp-content\/uploads\/2019\/09\/Moisturizing-Cream-mask.jpg","contentUrl":"https:\/\/cdn.skin-heal.com\/wp-content\/uploads\/2019\/09\/Moisturizing-Cream-mask.jpg","width":600,"height":600,"caption":"Moisturizing Cream Mask"},{"@type":"BreadcrumbList","@id":"https:\/\/skin-heal.com\/product\/basic-science-histo-moisturizing-cream-mask-250g\/#breadcrumb","itemListElement":[{"@type":"ListItem","position":1,"name":"Home","item":"https:\/\/skin-heal.com\/"},{"@type":"ListItem","position":2,"name":"Store","item":"https:\/\/skin-heal.com\/store\/"},{"@type":"ListItem","position":3,"name":"Basic Science Histo Moisturizing Cream Mask &#8211; 250g"}]},{"@type":"WebSite","@id":"https:\/\/skin-heal.com\/#website","url":"https:\/\/skin-heal.com\/","name":"Curaci\u00f3n de la piel","description":"Los precios m\u00e1s bajos para los rellenos d\u00e9rmicos","potentialAction":[{"@type":"SearchAction","target":{"@type":"EntryPoint","urlTemplate":"https:\/\/skin-heal.com\/?s={search_term_string}"},"query-input":{"@type":"PropertyValueSpecification","valueRequired":true,"valueName":"search_term_string"}}],"inLanguage":"es"}]}},"_links":{"self":[{"href":"https:\/\/skin-heal.com\/es\/wp-json\/wp\/v2\/product\/9331","targetHints":{"allow":["GET"]}}],"collection":[{"href":"https:\/\/skin-heal.com\/es\/wp-json\/wp\/v2\/product"}],"about":[{"href":"https:\/\/skin-heal.com\/es\/wp-json\/wp\/v2\/types\/product"}],"wp:featuredmedia":[{"embeddable":true,"href":"https:\/\/skin-heal.com\/es\/wp-json\/wp\/v2\/media\/9339"}],"wp:attachment":[{"href":"https:\/\/skin-heal.com\/es\/wp-json\/wp\/v2\/media?parent=9331"}],"wp:term":[{"taxonomy":"product_brand","embeddable":true,"href":"https:\/\/skin-heal.com\/es\/wp-json\/wp\/v2\/product_brand?post=9331"},{"taxonomy":"product_cat","embeddable":true,"href":"https:\/\/skin-heal.com\/es\/wp-json\/wp\/v2\/product_cat?post=9331"},{"taxonomy":"product_tag","embeddable":true,"href":"https:\/\/skin-heal.com\/es\/wp-json\/wp\/v2\/product_tag?post=9331"}],"curies":[{"name":"wp","href":"https:\/\/api.w.org\/{rel}","templated":true}]}}