{"id":9332,"date":"2019-09-19T12:33:57","date_gmt":"2019-09-19T12:33:57","guid":{"rendered":"https:\/\/skin-heal.com\/?post_type=product&#038;p=9332"},"modified":"2021-03-30T12:12:09","modified_gmt":"2021-03-30T12:12:09","slug":"basic-science-histo-point-remover-500ml","status":"publish","type":"product","link":"https:\/\/skin-heal.com\/es\/producto\/basic-science-histo-point-remover-500ml\/","title":{"rendered":"Removedor de puntos Histo de Basic Science - 500ml"},"content":{"rendered":"<h3>Por fin, un desmaquillante de primera clase para pieles sensibles<\/h3>\n<p>La piel sensible y el maquillaje nunca han sido una buena combinaci\u00f3n. Si a la ecuaci\u00f3n se le a\u00f1ade un potente desmaquillante, es f\u00e1cil que acabe con la piel muy irritada. Basic Science Histo Point Remover est\u00e1 aqu\u00ed para erradicar este problema de una vez por todas. Aunque es bastante suave, ya que est\u00e1 lleno de sustancias de origen vegetal, su <em>excelentes propiedades limpiadoras e hidratantes<\/em> son innegables. Se puede aplicar r\u00e1pidamente en casi todas las zonas del rostro con un algod\u00f3n limpio.<\/p>\n<h3>No contiene ingredientes t\u00f3xicos ni agresivos<\/h3>\n<p>Basic Science Histo Point Remover 500ml puede ser utilizado para la <u>f\u00e1cil desmaquillado de los labios y los ojos<\/u> porque no contiene productos qu\u00edmicos ni ingredientes nocivos. En su lugar, aprovecha las capacidades curativas y nutritivas naturales de las sustancias de origen vegetal como:<\/p>\n<ul>\n<li>Extracto de hoja de Betula Alba<\/li>\n<li>Agua de lavanda<\/li>\n<li>Extracto de hoja de Melissa Officinalis<\/li>\n<li>Extracto de flor de manzanilla<\/li>\n<\/ul>\n<p>Por ello, su uso regular no provocar\u00e1 irritaciones ni otros efectos no deseados. Tras su aplicaci\u00f3n, no es necesario retirarla ni lavarla. D\u00e9jelo actuar para que pueda <em>nutrir continuamente la piel<\/em> y mejorar su salud y estado general.<\/p>\n<p>La forma m\u00e1s r\u00e1pida y barata de obtener esta soluci\u00f3n cosm\u00e9tica \u00fanica es pedirla a trav\u00e9s de la tienda online de Skin Heal.<\/p>","protected":false},"excerpt":{"rendered":"<p>Por mucho que lo intente, no podr\u00e1 encontrar un <u>producto desmaquillante f\u00e1cil de usar<\/u> que el Desmaquillante Histo Point de Ciencia B\u00e1sica 500ml de Histolab. Ahora incluido en la siempre creciente selecci\u00f3n de soluciones cosm\u00e9ticas de Skin Heal, elimina f\u00e1cilmente el maquillaje de la piel y, al mismo tiempo, la dota de una amplia gama de nutrientes potenciadores de la salud que <em>Calma, hidrata y protege<\/em> es. Funciona incluso en pieles sensibles porque se basa en ingredientes naturales.<\/p>","protected":false},"featured_media":9340,"template":"","meta":[],"product_brand":[],"product_cat":[87,113,114],"product_tag":[],"class_list":{"0":"post-9332","1":"product","2":"type-product","3":"status-publish","4":"has-post-thumbnail","6":"product_cat-cosmetics","7":"product_cat-histolab","8":"product_cat-medians","9":"clearfix","11":"first","12":"outofstock","13":"taxable","14":"shipping-taxable","15":"purchasable","16":"product-type-simple"},"yoast_head":"<!-- This site is optimized with the Yoast SEO plugin v27.4 - https:\/\/yoast.com\/product\/yoast-seo-wordpress\/ -->\n<title>Basic Science Histo Point Remover - 500ml - Skin Heal<\/title>\n<meta name=\"description\" content=\"Buy cutting-edge makeup removal product Basic Science Histo Point Remover via Skin Heal. Basic Science Histo Point Remover is suitable for sensitive skin.\" \/>\n<meta name=\"robots\" content=\"index, follow, max-snippet:-1, max-image-preview:large, max-video-preview:-1\" \/>\n<link rel=\"canonical\" href=\"https:\/\/skin-heal.com\/es\/producto\/basic-science-histo-point-remover-500ml\/\" \/>\n<meta property=\"og:locale\" content=\"es_MX\" \/>\n<meta property=\"og:type\" content=\"article\" \/>\n<meta property=\"og:title\" content=\"Basic Science Histo Point Remover - 500ml - Skin Heal\" \/>\n<meta property=\"og:description\" content=\"Buy cutting-edge makeup removal product Basic Science Histo Point Remover via Skin Heal. Basic Science Histo Point Remover is suitable for sensitive skin.\" \/>\n<meta property=\"og:url\" content=\"https:\/\/skin-heal.com\/es\/producto\/basic-science-histo-point-remover-500ml\/\" \/>\n<meta property=\"og:site_name\" content=\"Skin Heal\" \/>\n<meta property=\"article:modified_time\" content=\"2021-03-30T12:12:09+00:00\" \/>\n<meta property=\"og:image\" content=\"https:\/\/cdn.skin-heal.com\/wp-content\/uploads\/2019\/09\/HISTO-Point-Remover.jpg\" \/>\n\t<meta property=\"og:image:width\" content=\"600\" \/>\n\t<meta property=\"og:image:height\" content=\"600\" \/>\n\t<meta property=\"og:image:type\" content=\"image\/jpeg\" \/>\n<meta name=\"twitter:card\" content=\"summary_large_image\" \/>\n<meta name=\"twitter:label1\" content=\"Tiempo de lectura\" \/>\n\t<meta name=\"twitter:data1\" content=\"1 minuto\" \/>\n<script type=\"application\/ld+json\" class=\"yoast-schema-graph\">{\"@context\":\"https:\\\/\\\/schema.org\",\"@graph\":[{\"@type\":\"WebPage\",\"@id\":\"https:\\\/\\\/skin-heal.com\\\/product\\\/basic-science-histo-point-remover-500ml\\\/\",\"url\":\"https:\\\/\\\/skin-heal.com\\\/product\\\/basic-science-histo-point-remover-500ml\\\/\",\"name\":\"Basic Science Histo Point Remover - 500ml - Skin Heal\",\"isPartOf\":{\"@id\":\"https:\\\/\\\/skin-heal.com\\\/#website\"},\"primaryImageOfPage\":{\"@id\":\"https:\\\/\\\/skin-heal.com\\\/product\\\/basic-science-histo-point-remover-500ml\\\/#primaryimage\"},\"image\":{\"@id\":\"https:\\\/\\\/skin-heal.com\\\/product\\\/basic-science-histo-point-remover-500ml\\\/#primaryimage\"},\"thumbnailUrl\":\"https:\\\/\\\/skin-heal.com\\\/wp-content\\\/uploads\\\/2019\\\/09\\\/HISTO-Point-Remover.jpg\",\"datePublished\":\"2019-09-19T12:33:57+00:00\",\"dateModified\":\"2021-03-30T12:12:09+00:00\",\"description\":\"Buy cutting-edge makeup removal product Basic Science Histo Point Remover via Skin Heal. Basic Science Histo Point Remover is suitable for sensitive skin.\",\"breadcrumb\":{\"@id\":\"https:\\\/\\\/skin-heal.com\\\/product\\\/basic-science-histo-point-remover-500ml\\\/#breadcrumb\"},\"inLanguage\":\"es\",\"potentialAction\":[{\"@type\":\"ReadAction\",\"target\":[\"https:\\\/\\\/skin-heal.com\\\/product\\\/basic-science-histo-point-remover-500ml\\\/\"]}]},{\"@type\":\"ImageObject\",\"inLanguage\":\"es\",\"@id\":\"https:\\\/\\\/skin-heal.com\\\/product\\\/basic-science-histo-point-remover-500ml\\\/#primaryimage\",\"url\":\"https:\\\/\\\/skin-heal.com\\\/wp-content\\\/uploads\\\/2019\\\/09\\\/HISTO-Point-Remover.jpg\",\"contentUrl\":\"https:\\\/\\\/skin-heal.com\\\/wp-content\\\/uploads\\\/2019\\\/09\\\/HISTO-Point-Remover.jpg\",\"width\":600,\"height\":600,\"caption\":\"HISTO Point Remover\"},{\"@type\":\"BreadcrumbList\",\"@id\":\"https:\\\/\\\/skin-heal.com\\\/product\\\/basic-science-histo-point-remover-500ml\\\/#breadcrumb\",\"itemListElement\":[{\"@type\":\"ListItem\",\"position\":1,\"name\":\"Home\",\"item\":\"https:\\\/\\\/skin-heal.com\\\/\"},{\"@type\":\"ListItem\",\"position\":2,\"name\":\"Store\",\"item\":\"https:\\\/\\\/skin-heal.com\\\/store\\\/\"},{\"@type\":\"ListItem\",\"position\":3,\"name\":\"Basic Science Histo Point Remover &#8211; 500ml\"}]},{\"@type\":\"WebSite\",\"@id\":\"https:\\\/\\\/skin-heal.com\\\/#website\",\"url\":\"https:\\\/\\\/skin-heal.com\\\/\",\"name\":\"Skin Heal\",\"description\":\"Lowest Prices for Dermal Fillers\",\"potentialAction\":[{\"@type\":\"SearchAction\",\"target\":{\"@type\":\"EntryPoint\",\"urlTemplate\":\"https:\\\/\\\/skin-heal.com\\\/?s={search_term_string}\"},\"query-input\":{\"@type\":\"PropertyValueSpecification\",\"valueRequired\":true,\"valueName\":\"search_term_string\"}}],\"inLanguage\":\"es\"}]}<\/script>\n<!-- \/ Yoast SEO plugin. -->","yoast_head_json":{"title":"Basic Science Histo Point Remover - 500ml - Skin Heal","description":"Compra el desmaquillante de \u00faltima generaci\u00f3n Basic Science Histo Point Remover a trav\u00e9s de Skin Heal. Basic Science Histo Point Remover es adecuado para pieles sensibles.","robots":{"index":"index","follow":"follow","max-snippet":"max-snippet:-1","max-image-preview":"max-image-preview:large","max-video-preview":"max-video-preview:-1"},"canonical":"https:\/\/skin-heal.com\/es\/producto\/basic-science-histo-point-remover-500ml\/","og_locale":"es_MX","og_type":"article","og_title":"Basic Science Histo Point Remover - 500ml - Skin Heal","og_description":"Buy cutting-edge makeup removal product Basic Science Histo Point Remover via Skin Heal. Basic Science Histo Point Remover is suitable for sensitive skin.","og_url":"https:\/\/skin-heal.com\/es\/producto\/basic-science-histo-point-remover-500ml\/","og_site_name":"Skin Heal","article_modified_time":"2021-03-30T12:12:09+00:00","og_image":[{"width":600,"height":600,"url":"https:\/\/cdn.skin-heal.com\/wp-content\/uploads\/2019\/09\/HISTO-Point-Remover.jpg","type":"image\/jpeg"}],"twitter_card":"summary_large_image","twitter_misc":{"Tiempo de lectura":"1 minuto"},"schema":{"@context":"https:\/\/schema.org","@graph":[{"@type":"WebPage","@id":"https:\/\/skin-heal.com\/product\/basic-science-histo-point-remover-500ml\/","url":"https:\/\/skin-heal.com\/product\/basic-science-histo-point-remover-500ml\/","name":"Basic Science Histo Point Remover - 500ml - Skin Heal","isPartOf":{"@id":"https:\/\/skin-heal.com\/#website"},"primaryImageOfPage":{"@id":"https:\/\/skin-heal.com\/product\/basic-science-histo-point-remover-500ml\/#primaryimage"},"image":{"@id":"https:\/\/skin-heal.com\/product\/basic-science-histo-point-remover-500ml\/#primaryimage"},"thumbnailUrl":"https:\/\/cdn.skin-heal.com\/wp-content\/uploads\/2019\/09\/HISTO-Point-Remover.jpg","datePublished":"2019-09-19T12:33:57+00:00","dateModified":"2021-03-30T12:12:09+00:00","description":"Compra el desmaquillante de \u00faltima generaci\u00f3n Basic Science Histo Point Remover a trav\u00e9s de Skin Heal. Basic Science Histo Point Remover es adecuado para pieles sensibles.","breadcrumb":{"@id":"https:\/\/skin-heal.com\/product\/basic-science-histo-point-remover-500ml\/#breadcrumb"},"inLanguage":"es","potentialAction":[{"@type":"ReadAction","target":["https:\/\/skin-heal.com\/product\/basic-science-histo-point-remover-500ml\/"]}]},{"@type":"ImageObject","inLanguage":"es","@id":"https:\/\/skin-heal.com\/product\/basic-science-histo-point-remover-500ml\/#primaryimage","url":"https:\/\/cdn.skin-heal.com\/wp-content\/uploads\/2019\/09\/HISTO-Point-Remover.jpg","contentUrl":"https:\/\/cdn.skin-heal.com\/wp-content\/uploads\/2019\/09\/HISTO-Point-Remover.jpg","width":600,"height":600,"caption":"HISTO Point Remover"},{"@type":"BreadcrumbList","@id":"https:\/\/skin-heal.com\/product\/basic-science-histo-point-remover-500ml\/#breadcrumb","itemListElement":[{"@type":"ListItem","position":1,"name":"Home","item":"https:\/\/skin-heal.com\/"},{"@type":"ListItem","position":2,"name":"Store","item":"https:\/\/skin-heal.com\/store\/"},{"@type":"ListItem","position":3,"name":"Basic Science Histo Point Remover &#8211; 500ml"}]},{"@type":"WebSite","@id":"https:\/\/skin-heal.com\/#website","url":"https:\/\/skin-heal.com\/","name":"Curaci\u00f3n de la piel","description":"Los precios m\u00e1s bajos para los rellenos d\u00e9rmicos","potentialAction":[{"@type":"SearchAction","target":{"@type":"EntryPoint","urlTemplate":"https:\/\/skin-heal.com\/?s={search_term_string}"},"query-input":{"@type":"PropertyValueSpecification","valueRequired":true,"valueName":"search_term_string"}}],"inLanguage":"es"}]}},"_links":{"self":[{"href":"https:\/\/skin-heal.com\/es\/wp-json\/wp\/v2\/product\/9332","targetHints":{"allow":["GET"]}}],"collection":[{"href":"https:\/\/skin-heal.com\/es\/wp-json\/wp\/v2\/product"}],"about":[{"href":"https:\/\/skin-heal.com\/es\/wp-json\/wp\/v2\/types\/product"}],"wp:featuredmedia":[{"embeddable":true,"href":"https:\/\/skin-heal.com\/es\/wp-json\/wp\/v2\/media\/9340"}],"wp:attachment":[{"href":"https:\/\/skin-heal.com\/es\/wp-json\/wp\/v2\/media?parent=9332"}],"wp:term":[{"taxonomy":"product_brand","embeddable":true,"href":"https:\/\/skin-heal.com\/es\/wp-json\/wp\/v2\/product_brand?post=9332"},{"taxonomy":"product_cat","embeddable":true,"href":"https:\/\/skin-heal.com\/es\/wp-json\/wp\/v2\/product_cat?post=9332"},{"taxonomy":"product_tag","embeddable":true,"href":"https:\/\/skin-heal.com\/es\/wp-json\/wp\/v2\/product_tag?post=9332"}],"curies":[{"name":"wp","href":"https:\/\/api.w.org\/{rel}","templated":true}]}}