{"id":9333,"date":"2019-09-19T12:34:58","date_gmt":"2019-09-19T12:34:58","guid":{"rendered":"https:\/\/skin-heal.com\/?post_type=product&#038;p=9333"},"modified":"2021-03-30T12:12:09","modified_gmt":"2021-03-30T12:12:09","slug":"basic-science-histo-sebum-catch-cream-mask-250g","status":"publish","type":"product","link":"https:\/\/skin-heal.com\/es\/producto\/basic-science-histo-sebum-catch-cream-mask-250g\/","title":{"rendered":"Basic Science Histo Sebum Catch Cream Mask - 250g"},"content":{"rendered":"<h3>Se utiliza para restablecer los niveles normales de producci\u00f3n de sebo de la piel<\/h3>\n<p>Cuando la piel produce demasiado sebo, retiene m\u00e1s impurezas, obstruye los poros, compromete los niveles de equilibrio h\u00eddrico y puede provocar problemas est\u00e9ticos adicionales como el acn\u00e9. Basic Science Histo Sebum Catch Cream Mask utiliza las propiedades naturales de ingredientes beneficiosos para la salud como el extracto de cultivo de callo y una mezcla de siete plantas (SRGF H1 Complex) para <u>equilibrar con seguridad los niveles de producci\u00f3n de petr\u00f3leo<\/u> en la piel, restaurar su elasticidad y ofrecerle un gran impulso de salud a trav\u00e9s de un c\u00f3ctel de incre\u00edbles nutrientes y p\u00e9ptidos.<\/p>\n<p>Esta mascarilla en crema de larga duraci\u00f3n s\u00f3lo tarda unos minutos en aplicarse y hacer efecto. Puede utilizarse en pieles sensibles o reci\u00e9n tratadas sin riesgo de irritaciones, complicaciones o cualquier otro efecto secundario. Es <em>no contiene productos qu\u00edmicos agresivos<\/em> y no provocar\u00e1 ninguna reacci\u00f3n al\u00e9rgica.<\/p>\n<h3>Una mascarilla en crema asequible como ninguna otra<\/h3>\n<p>Otros grandes <strong>beneficios para la piel<\/strong> que ofrece Basic Science Histo Sebum Catch Cream Mask son sus:<\/p>\n<ul>\n<li>R\u00e1pido efecto refrescante gracias al mentol de su f\u00f3rmula<\/li>\n<li>Poderes de limpieza inmejorables<\/li>\n<li>Capacidad de hidrataci\u00f3n profunda y duradera<\/li>\n<\/ul>\n<p>Cuando se adquiere a trav\u00e9s de la tienda online de Skin Heal, este producto cosm\u00e9tico de primera calidad tambi\u00e9n tiene un precio competitivo.<\/p>","protected":false},"excerpt":{"rendered":"<p>Diga adi\u00f3s a la piel grasa, a los poros obstruidos y a la mala hidrataci\u00f3n de la piel con la ayuda de la mascarilla en crema Histo Sebum Catch 250g de Basic Science. Incluida en la creciente y mejor valorada l\u00ednea de productos Basic Science de Histolab, esta <strong>una m\u00e1scara facial excepcional<\/strong> restablecer\u00e1 f\u00e1cilmente los niveles de producci\u00f3n de sebo y eliminar\u00e1 por completo los problemas cosm\u00e9ticos relacionados con la piel grasa. Est\u00e1 usted ante uno de los productos de cuidado de la piel m\u00e1s vendidos en la tienda online de Skin Heal. Ofrece una satisfacci\u00f3n del paciente 100%.<\/p>","protected":false},"featured_media":9341,"template":"","meta":[],"product_brand":[],"product_cat":[87,113,114],"product_tag":[],"class_list":{"0":"post-9333","1":"product","2":"type-product","3":"status-publish","4":"has-post-thumbnail","6":"product_cat-cosmetics","7":"product_cat-histolab","8":"product_cat-medians","9":"clearfix","11":"first","12":"outofstock","13":"taxable","14":"shipping-taxable","15":"purchasable","16":"product-type-simple"},"yoast_head":"<!-- This site is optimized with the Yoast SEO plugin v27.3 - https:\/\/yoast.com\/product\/yoast-seo-wordpress\/ -->\n<title>Basic Science Histo Sebum Catch Cream Mask - 250g - Skin Heal<\/title>\n<meta name=\"description\" content=\"Distributed by Skin Heal, Basic Science Histo Sebum Catch Cream Mask is a dependable face mask that gradually balances skin\u2019s sebum production levels.\" \/>\n<meta name=\"robots\" content=\"index, follow, max-snippet:-1, max-image-preview:large, max-video-preview:-1\" \/>\n<link rel=\"canonical\" href=\"https:\/\/skin-heal.com\/es\/producto\/basic-science-histo-sebum-catch-cream-mask-250g\/\" \/>\n<meta property=\"og:locale\" content=\"es_MX\" \/>\n<meta property=\"og:type\" content=\"article\" \/>\n<meta property=\"og:title\" content=\"Basic Science Histo Sebum Catch Cream Mask - 250g - Skin Heal\" \/>\n<meta property=\"og:description\" content=\"Distributed by Skin Heal, Basic Science Histo Sebum Catch Cream Mask is a dependable face mask that gradually balances skin\u2019s sebum production levels.\" \/>\n<meta property=\"og:url\" content=\"https:\/\/skin-heal.com\/es\/producto\/basic-science-histo-sebum-catch-cream-mask-250g\/\" \/>\n<meta property=\"og:site_name\" content=\"Skin Heal\" \/>\n<meta property=\"article:modified_time\" content=\"2021-03-30T12:12:09+00:00\" \/>\n<meta property=\"og:image\" content=\"https:\/\/cdn.skin-heal.com\/wp-content\/uploads\/2019\/09\/Sebum-Catch-Cream-mask.jpg\" \/>\n\t<meta property=\"og:image:width\" content=\"600\" \/>\n\t<meta property=\"og:image:height\" content=\"600\" \/>\n\t<meta property=\"og:image:type\" content=\"image\/jpeg\" \/>\n<meta name=\"twitter:card\" content=\"summary_large_image\" \/>\n<meta name=\"twitter:label1\" content=\"Tiempo de lectura\" \/>\n\t<meta name=\"twitter:data1\" content=\"1 minuto\" \/>\n<script type=\"application\/ld+json\" class=\"yoast-schema-graph\">{\"@context\":\"https:\\\/\\\/schema.org\",\"@graph\":[{\"@type\":\"WebPage\",\"@id\":\"https:\\\/\\\/skin-heal.com\\\/product\\\/basic-science-histo-sebum-catch-cream-mask-250g\\\/\",\"url\":\"https:\\\/\\\/skin-heal.com\\\/product\\\/basic-science-histo-sebum-catch-cream-mask-250g\\\/\",\"name\":\"Basic Science Histo Sebum Catch Cream Mask - 250g - Skin Heal\",\"isPartOf\":{\"@id\":\"https:\\\/\\\/skin-heal.com\\\/#website\"},\"primaryImageOfPage\":{\"@id\":\"https:\\\/\\\/skin-heal.com\\\/product\\\/basic-science-histo-sebum-catch-cream-mask-250g\\\/#primaryimage\"},\"image\":{\"@id\":\"https:\\\/\\\/skin-heal.com\\\/product\\\/basic-science-histo-sebum-catch-cream-mask-250g\\\/#primaryimage\"},\"thumbnailUrl\":\"https:\\\/\\\/skin-heal.com\\\/wp-content\\\/uploads\\\/2019\\\/09\\\/Sebum-Catch-Cream-mask.jpg\",\"datePublished\":\"2019-09-19T12:34:58+00:00\",\"dateModified\":\"2021-03-30T12:12:09+00:00\",\"description\":\"Distributed by Skin Heal, Basic Science Histo Sebum Catch Cream Mask is a dependable face mask that gradually balances skin\u2019s sebum production levels.\",\"breadcrumb\":{\"@id\":\"https:\\\/\\\/skin-heal.com\\\/product\\\/basic-science-histo-sebum-catch-cream-mask-250g\\\/#breadcrumb\"},\"inLanguage\":\"es\",\"potentialAction\":[{\"@type\":\"ReadAction\",\"target\":[\"https:\\\/\\\/skin-heal.com\\\/product\\\/basic-science-histo-sebum-catch-cream-mask-250g\\\/\"]}]},{\"@type\":\"ImageObject\",\"inLanguage\":\"es\",\"@id\":\"https:\\\/\\\/skin-heal.com\\\/product\\\/basic-science-histo-sebum-catch-cream-mask-250g\\\/#primaryimage\",\"url\":\"https:\\\/\\\/skin-heal.com\\\/wp-content\\\/uploads\\\/2019\\\/09\\\/Sebum-Catch-Cream-mask.jpg\",\"contentUrl\":\"https:\\\/\\\/skin-heal.com\\\/wp-content\\\/uploads\\\/2019\\\/09\\\/Sebum-Catch-Cream-mask.jpg\",\"width\":600,\"height\":600,\"caption\":\"Sebum Catch Cream mask\"},{\"@type\":\"BreadcrumbList\",\"@id\":\"https:\\\/\\\/skin-heal.com\\\/product\\\/basic-science-histo-sebum-catch-cream-mask-250g\\\/#breadcrumb\",\"itemListElement\":[{\"@type\":\"ListItem\",\"position\":1,\"name\":\"Home\",\"item\":\"https:\\\/\\\/skin-heal.com\\\/\"},{\"@type\":\"ListItem\",\"position\":2,\"name\":\"Store\",\"item\":\"https:\\\/\\\/skin-heal.com\\\/store\\\/\"},{\"@type\":\"ListItem\",\"position\":3,\"name\":\"Basic Science Histo Sebum Catch Cream Mask &#8211; 250g\"}]},{\"@type\":\"WebSite\",\"@id\":\"https:\\\/\\\/skin-heal.com\\\/#website\",\"url\":\"https:\\\/\\\/skin-heal.com\\\/\",\"name\":\"Skin Heal\",\"description\":\"Lowest Prices for Dermal Fillers\",\"potentialAction\":[{\"@type\":\"SearchAction\",\"target\":{\"@type\":\"EntryPoint\",\"urlTemplate\":\"https:\\\/\\\/skin-heal.com\\\/?s={search_term_string}\"},\"query-input\":{\"@type\":\"PropertyValueSpecification\",\"valueRequired\":true,\"valueName\":\"search_term_string\"}}],\"inLanguage\":\"es\"}]}<\/script>\n<!-- \/ Yoast SEO plugin. -->","yoast_head_json":{"title":"Basic Science Histo Sebum Catch Cream Mask - 250g - Skin Heal","description":"Distribuida por Skin Heal, Basic Science Histo Sebum Catch Cream Mask es una mascarilla facial fiable que equilibra gradualmente los niveles de producci\u00f3n de sebo de la piel.","robots":{"index":"index","follow":"follow","max-snippet":"max-snippet:-1","max-image-preview":"max-image-preview:large","max-video-preview":"max-video-preview:-1"},"canonical":"https:\/\/skin-heal.com\/es\/producto\/basic-science-histo-sebum-catch-cream-mask-250g\/","og_locale":"es_MX","og_type":"article","og_title":"Basic Science Histo Sebum Catch Cream Mask - 250g - Skin Heal","og_description":"Distributed by Skin Heal, Basic Science Histo Sebum Catch Cream Mask is a dependable face mask that gradually balances skin\u2019s sebum production levels.","og_url":"https:\/\/skin-heal.com\/es\/producto\/basic-science-histo-sebum-catch-cream-mask-250g\/","og_site_name":"Skin Heal","article_modified_time":"2021-03-30T12:12:09+00:00","og_image":[{"width":600,"height":600,"url":"https:\/\/cdn.skin-heal.com\/wp-content\/uploads\/2019\/09\/Sebum-Catch-Cream-mask.jpg","type":"image\/jpeg"}],"twitter_card":"summary_large_image","twitter_misc":{"Tiempo de lectura":"1 minuto"},"schema":{"@context":"https:\/\/schema.org","@graph":[{"@type":"WebPage","@id":"https:\/\/skin-heal.com\/product\/basic-science-histo-sebum-catch-cream-mask-250g\/","url":"https:\/\/skin-heal.com\/product\/basic-science-histo-sebum-catch-cream-mask-250g\/","name":"Basic Science Histo Sebum Catch Cream Mask - 250g - Skin Heal","isPartOf":{"@id":"https:\/\/skin-heal.com\/#website"},"primaryImageOfPage":{"@id":"https:\/\/skin-heal.com\/product\/basic-science-histo-sebum-catch-cream-mask-250g\/#primaryimage"},"image":{"@id":"https:\/\/skin-heal.com\/product\/basic-science-histo-sebum-catch-cream-mask-250g\/#primaryimage"},"thumbnailUrl":"https:\/\/cdn.skin-heal.com\/wp-content\/uploads\/2019\/09\/Sebum-Catch-Cream-mask.jpg","datePublished":"2019-09-19T12:34:58+00:00","dateModified":"2021-03-30T12:12:09+00:00","description":"Distribuida por Skin Heal, Basic Science Histo Sebum Catch Cream Mask es una mascarilla facial fiable que equilibra gradualmente los niveles de producci\u00f3n de sebo de la piel.","breadcrumb":{"@id":"https:\/\/skin-heal.com\/product\/basic-science-histo-sebum-catch-cream-mask-250g\/#breadcrumb"},"inLanguage":"es","potentialAction":[{"@type":"ReadAction","target":["https:\/\/skin-heal.com\/product\/basic-science-histo-sebum-catch-cream-mask-250g\/"]}]},{"@type":"ImageObject","inLanguage":"es","@id":"https:\/\/skin-heal.com\/product\/basic-science-histo-sebum-catch-cream-mask-250g\/#primaryimage","url":"https:\/\/cdn.skin-heal.com\/wp-content\/uploads\/2019\/09\/Sebum-Catch-Cream-mask.jpg","contentUrl":"https:\/\/cdn.skin-heal.com\/wp-content\/uploads\/2019\/09\/Sebum-Catch-Cream-mask.jpg","width":600,"height":600,"caption":"Sebum Catch Cream mask"},{"@type":"BreadcrumbList","@id":"https:\/\/skin-heal.com\/product\/basic-science-histo-sebum-catch-cream-mask-250g\/#breadcrumb","itemListElement":[{"@type":"ListItem","position":1,"name":"Home","item":"https:\/\/skin-heal.com\/"},{"@type":"ListItem","position":2,"name":"Store","item":"https:\/\/skin-heal.com\/store\/"},{"@type":"ListItem","position":3,"name":"Basic Science Histo Sebum Catch Cream Mask &#8211; 250g"}]},{"@type":"WebSite","@id":"https:\/\/skin-heal.com\/#website","url":"https:\/\/skin-heal.com\/","name":"Curaci\u00f3n de la piel","description":"Los precios m\u00e1s bajos para los rellenos d\u00e9rmicos","potentialAction":[{"@type":"SearchAction","target":{"@type":"EntryPoint","urlTemplate":"https:\/\/skin-heal.com\/?s={search_term_string}"},"query-input":{"@type":"PropertyValueSpecification","valueRequired":true,"valueName":"search_term_string"}}],"inLanguage":"es"}]}},"_links":{"self":[{"href":"https:\/\/skin-heal.com\/es\/wp-json\/wp\/v2\/product\/9333","targetHints":{"allow":["GET"]}}],"collection":[{"href":"https:\/\/skin-heal.com\/es\/wp-json\/wp\/v2\/product"}],"about":[{"href":"https:\/\/skin-heal.com\/es\/wp-json\/wp\/v2\/types\/product"}],"wp:featuredmedia":[{"embeddable":true,"href":"https:\/\/skin-heal.com\/es\/wp-json\/wp\/v2\/media\/9341"}],"wp:attachment":[{"href":"https:\/\/skin-heal.com\/es\/wp-json\/wp\/v2\/media?parent=9333"}],"wp:term":[{"taxonomy":"product_brand","embeddable":true,"href":"https:\/\/skin-heal.com\/es\/wp-json\/wp\/v2\/product_brand?post=9333"},{"taxonomy":"product_cat","embeddable":true,"href":"https:\/\/skin-heal.com\/es\/wp-json\/wp\/v2\/product_cat?post=9333"},{"taxonomy":"product_tag","embeddable":true,"href":"https:\/\/skin-heal.com\/es\/wp-json\/wp\/v2\/product_tag?post=9333"}],"curies":[{"name":"wp","href":"https:\/\/api.w.org\/{rel}","templated":true}]}}