{"id":9334,"date":"2019-09-19T12:36:22","date_gmt":"2019-09-19T12:36:22","guid":{"rendered":"https:\/\/skin-heal.com\/?post_type=product&#038;p=9334"},"modified":"2021-03-30T12:12:08","modified_gmt":"2021-03-30T12:12:08","slug":"basic-science-peppermint-cool-plus-modeling-mask-1kg","status":"publish","type":"product","link":"https:\/\/skin-heal.com\/es\/producto\/basic-science-peppermint-cool-plus-modeling-mask-1kg\/","title":{"rendered":"Basic Science Peppermint Cool Plus Modeling Mask - 1kg"},"content":{"rendered":"<h3>Una robusta mascarilla modeladora que calma, rejuvenece y m\u00e1s<\/h3>\n<p>Esta es una m\u00e1scara de modelado de primera clase que puede ser <em>se utiliza inmediatamente despu\u00e9s de varios tratamientos para la piel<\/em> porque tiene un efecto calmante inigualable. Contiene una buena cantidad de alanto\u00edna, que es uno de los ingredientes m\u00e1s potentes para calmar la piel en el campo de los productos cosm\u00e9ticos. La Mascarilla Modeladora Peppermint Cool Plus de Basic Science tambi\u00e9n contiene Algin (20%) e Hialuronato de Sodio, ambos conocidos por sus propiedades de hidrataci\u00f3n duradera, algo que puede <u>suavizar y calmar la piel<\/u> que est\u00e1 irritada, quemada por el sol, hipersensible, etc. Con la ayuda del extracto de menta, el paciente puede sentir estos efectos casi instant\u00e1neamente despu\u00e9s del tratamiento con este producto pionero para el cuidado de la piel. Las sorprendentes capacidades antiinflamatorias de esta econ\u00f3mica mascarilla modeladora se conservan eficazmente con la ayuda de los nutrientes de su extracto de Glycyrrhiza.<\/p>\n<ul>\n<li>Alivia y calma r\u00e1pidamente la piel irritada<\/li>\n<li>Tiene un gran efecto refrescante<\/li>\n<li>Reduce considerablemente la apariencia de los poros<\/li>\n<li>Aumenta la elasticidad, dando a la piel un aspecto rejuvenecido<\/li>\n<li>Mejora gradualmente la salud de la piel a trav\u00e9s de los nutrientes<\/li>\n<li>Promueve con \u00e9xito la renovaci\u00f3n de las c\u00e9lulas d\u00e9rmicas<\/li>\n<\/ul>\n<h3>\u00bfC\u00f3mo mezclar y utilizar este producto pionero para el cuidado de la piel?<\/h3>\n<p>Basic Science Peppermint Cool Plus Modeling Mask es <em>mezclado con agua<\/em> (proporci\u00f3n de polvo y agua de 1:1,5). Utilizar siempre sobre la piel limpia y dejar actuar hasta 15 minutos. Para esta y otras m\u00e1scaras modeladoras de alto rendimiento de la l\u00ednea Basic Science, cuente con nosotros desde Skin Heal.<\/p>","protected":false},"excerpt":{"rendered":"<p>La mascarilla modeladora Peppermint Cool Plus 1kg de Histolab es un producto cosm\u00e9tico innovador que adopta un nuevo enfoque para <u>calmar con \u00e9xito la piel irritada<\/u>. Calma y trata r\u00e1pidamente las quemaduras solares, las rojeces y la piel sensible y da\u00f1ada, mejorando considerablemente sus niveles de hidrobalance y aport\u00e1ndole una larga lista de importantes vitaminas y nutrientes. Pida este <em>m\u00e1scara facial optimizada<\/em> a trav\u00e9s de Skin Heal para proporcionar a los pacientes un tratamiento de renovaci\u00f3n r\u00e1pida de la piel.<\/p>","protected":false},"featured_media":9342,"template":"","meta":[],"product_brand":[],"product_cat":[87,113,114],"product_tag":[],"class_list":{"0":"post-9334","1":"product","2":"type-product","3":"status-publish","4":"has-post-thumbnail","6":"product_cat-cosmetics","7":"product_cat-histolab","8":"product_cat-medians","9":"clearfix","11":"first","12":"outofstock","13":"taxable","14":"shipping-taxable","15":"purchasable","16":"product-type-simple"},"yoast_head":"<!-- This site is optimized with the Yoast SEO plugin v27.4 - https:\/\/yoast.com\/product\/yoast-seo-wordpress\/ -->\n<title>Basic Science Peppermint Cool Plus Modeling Mask - 1kg - Skin Heal<\/title>\n<meta name=\"description\" content=\"Basic Science Peppermint Cool Plus Modeling Mask is offered by Skin Heal. Basic Science Peppermint Cool Plus Modeling Mask calms and rejuvenates the skin.\" \/>\n<meta name=\"robots\" content=\"index, follow, max-snippet:-1, max-image-preview:large, max-video-preview:-1\" \/>\n<link rel=\"canonical\" href=\"https:\/\/skin-heal.com\/es\/producto\/basic-science-peppermint-cool-plus-modeling-mask-1kg\/\" \/>\n<meta property=\"og:locale\" content=\"es_MX\" \/>\n<meta property=\"og:type\" content=\"article\" \/>\n<meta property=\"og:title\" content=\"Basic Science Peppermint Cool Plus Modeling Mask - 1kg - Skin Heal\" \/>\n<meta property=\"og:description\" content=\"Basic Science Peppermint Cool Plus Modeling Mask is offered by Skin Heal. Basic Science Peppermint Cool Plus Modeling Mask calms and rejuvenates the skin.\" \/>\n<meta property=\"og:url\" content=\"https:\/\/skin-heal.com\/es\/producto\/basic-science-peppermint-cool-plus-modeling-mask-1kg\/\" \/>\n<meta property=\"og:site_name\" content=\"Skin Heal\" \/>\n<meta property=\"article:modified_time\" content=\"2021-03-30T12:12:08+00:00\" \/>\n<meta property=\"og:image\" content=\"https:\/\/cdn.skin-heal.com\/wp-content\/uploads\/2019\/09\/Pepermint-Cool-Plus-Modeling-Mask.jpg\" \/>\n\t<meta property=\"og:image:width\" content=\"600\" \/>\n\t<meta property=\"og:image:height\" content=\"600\" \/>\n\t<meta property=\"og:image:type\" content=\"image\/jpeg\" \/>\n<meta name=\"twitter:card\" content=\"summary_large_image\" \/>\n<meta name=\"twitter:label1\" content=\"Tiempo de lectura\" \/>\n\t<meta name=\"twitter:data1\" content=\"1 minuto\" \/>\n<script type=\"application\/ld+json\" class=\"yoast-schema-graph\">{\"@context\":\"https:\\\/\\\/schema.org\",\"@graph\":[{\"@type\":\"WebPage\",\"@id\":\"https:\\\/\\\/skin-heal.com\\\/product\\\/basic-science-peppermint-cool-plus-modeling-mask-1kg\\\/\",\"url\":\"https:\\\/\\\/skin-heal.com\\\/product\\\/basic-science-peppermint-cool-plus-modeling-mask-1kg\\\/\",\"name\":\"Basic Science Peppermint Cool Plus Modeling Mask - 1kg - Skin Heal\",\"isPartOf\":{\"@id\":\"https:\\\/\\\/skin-heal.com\\\/#website\"},\"primaryImageOfPage\":{\"@id\":\"https:\\\/\\\/skin-heal.com\\\/product\\\/basic-science-peppermint-cool-plus-modeling-mask-1kg\\\/#primaryimage\"},\"image\":{\"@id\":\"https:\\\/\\\/skin-heal.com\\\/product\\\/basic-science-peppermint-cool-plus-modeling-mask-1kg\\\/#primaryimage\"},\"thumbnailUrl\":\"https:\\\/\\\/skin-heal.com\\\/wp-content\\\/uploads\\\/2019\\\/09\\\/Pepermint-Cool-Plus-Modeling-Mask.jpg\",\"datePublished\":\"2019-09-19T12:36:22+00:00\",\"dateModified\":\"2021-03-30T12:12:08+00:00\",\"description\":\"Basic Science Peppermint Cool Plus Modeling Mask is offered by Skin Heal. Basic Science Peppermint Cool Plus Modeling Mask calms and rejuvenates the skin.\",\"breadcrumb\":{\"@id\":\"https:\\\/\\\/skin-heal.com\\\/product\\\/basic-science-peppermint-cool-plus-modeling-mask-1kg\\\/#breadcrumb\"},\"inLanguage\":\"es\",\"potentialAction\":[{\"@type\":\"ReadAction\",\"target\":[\"https:\\\/\\\/skin-heal.com\\\/product\\\/basic-science-peppermint-cool-plus-modeling-mask-1kg\\\/\"]}]},{\"@type\":\"ImageObject\",\"inLanguage\":\"es\",\"@id\":\"https:\\\/\\\/skin-heal.com\\\/product\\\/basic-science-peppermint-cool-plus-modeling-mask-1kg\\\/#primaryimage\",\"url\":\"https:\\\/\\\/skin-heal.com\\\/wp-content\\\/uploads\\\/2019\\\/09\\\/Pepermint-Cool-Plus-Modeling-Mask.jpg\",\"contentUrl\":\"https:\\\/\\\/skin-heal.com\\\/wp-content\\\/uploads\\\/2019\\\/09\\\/Pepermint-Cool-Plus-Modeling-Mask.jpg\",\"width\":600,\"height\":600,\"caption\":\"Pepermint Cool Plus Modeling Mask\"},{\"@type\":\"BreadcrumbList\",\"@id\":\"https:\\\/\\\/skin-heal.com\\\/product\\\/basic-science-peppermint-cool-plus-modeling-mask-1kg\\\/#breadcrumb\",\"itemListElement\":[{\"@type\":\"ListItem\",\"position\":1,\"name\":\"Home\",\"item\":\"https:\\\/\\\/skin-heal.com\\\/\"},{\"@type\":\"ListItem\",\"position\":2,\"name\":\"Store\",\"item\":\"https:\\\/\\\/skin-heal.com\\\/store\\\/\"},{\"@type\":\"ListItem\",\"position\":3,\"name\":\"Basic Science Peppermint Cool Plus Modeling Mask &#8211; 1kg\"}]},{\"@type\":\"WebSite\",\"@id\":\"https:\\\/\\\/skin-heal.com\\\/#website\",\"url\":\"https:\\\/\\\/skin-heal.com\\\/\",\"name\":\"Skin Heal\",\"description\":\"Lowest Prices for Dermal Fillers\",\"potentialAction\":[{\"@type\":\"SearchAction\",\"target\":{\"@type\":\"EntryPoint\",\"urlTemplate\":\"https:\\\/\\\/skin-heal.com\\\/?s={search_term_string}\"},\"query-input\":{\"@type\":\"PropertyValueSpecification\",\"valueRequired\":true,\"valueName\":\"search_term_string\"}}],\"inLanguage\":\"es\"}]}<\/script>\n<!-- \/ Yoast SEO plugin. -->","yoast_head_json":{"title":"Basic Science Peppermint Cool Plus Mascarilla Modeladora - 1kg - Skin Heal","description":"Basic Science Peppermint Cool Plus Modeling Mask es ofrecido por Skin Heal. Basic Science Peppermint Cool Plus Modeling Mask calma y rejuvenece la piel.","robots":{"index":"index","follow":"follow","max-snippet":"max-snippet:-1","max-image-preview":"max-image-preview:large","max-video-preview":"max-video-preview:-1"},"canonical":"https:\/\/skin-heal.com\/es\/producto\/basic-science-peppermint-cool-plus-modeling-mask-1kg\/","og_locale":"es_MX","og_type":"article","og_title":"Basic Science Peppermint Cool Plus Modeling Mask - 1kg - Skin Heal","og_description":"Basic Science Peppermint Cool Plus Modeling Mask is offered by Skin Heal. Basic Science Peppermint Cool Plus Modeling Mask calms and rejuvenates the skin.","og_url":"https:\/\/skin-heal.com\/es\/producto\/basic-science-peppermint-cool-plus-modeling-mask-1kg\/","og_site_name":"Skin Heal","article_modified_time":"2021-03-30T12:12:08+00:00","og_image":[{"width":600,"height":600,"url":"https:\/\/cdn.skin-heal.com\/wp-content\/uploads\/2019\/09\/Pepermint-Cool-Plus-Modeling-Mask.jpg","type":"image\/jpeg"}],"twitter_card":"summary_large_image","twitter_misc":{"Tiempo de lectura":"1 minuto"},"schema":{"@context":"https:\/\/schema.org","@graph":[{"@type":"WebPage","@id":"https:\/\/skin-heal.com\/product\/basic-science-peppermint-cool-plus-modeling-mask-1kg\/","url":"https:\/\/skin-heal.com\/product\/basic-science-peppermint-cool-plus-modeling-mask-1kg\/","name":"Basic Science Peppermint Cool Plus Mascarilla Modeladora - 1kg - Skin Heal","isPartOf":{"@id":"https:\/\/skin-heal.com\/#website"},"primaryImageOfPage":{"@id":"https:\/\/skin-heal.com\/product\/basic-science-peppermint-cool-plus-modeling-mask-1kg\/#primaryimage"},"image":{"@id":"https:\/\/skin-heal.com\/product\/basic-science-peppermint-cool-plus-modeling-mask-1kg\/#primaryimage"},"thumbnailUrl":"https:\/\/cdn.skin-heal.com\/wp-content\/uploads\/2019\/09\/Pepermint-Cool-Plus-Modeling-Mask.jpg","datePublished":"2019-09-19T12:36:22+00:00","dateModified":"2021-03-30T12:12:08+00:00","description":"Basic Science Peppermint Cool Plus Modeling Mask es ofrecido por Skin Heal. Basic Science Peppermint Cool Plus Modeling Mask calma y rejuvenece la piel.","breadcrumb":{"@id":"https:\/\/skin-heal.com\/product\/basic-science-peppermint-cool-plus-modeling-mask-1kg\/#breadcrumb"},"inLanguage":"es","potentialAction":[{"@type":"ReadAction","target":["https:\/\/skin-heal.com\/product\/basic-science-peppermint-cool-plus-modeling-mask-1kg\/"]}]},{"@type":"ImageObject","inLanguage":"es","@id":"https:\/\/skin-heal.com\/product\/basic-science-peppermint-cool-plus-modeling-mask-1kg\/#primaryimage","url":"https:\/\/cdn.skin-heal.com\/wp-content\/uploads\/2019\/09\/Pepermint-Cool-Plus-Modeling-Mask.jpg","contentUrl":"https:\/\/cdn.skin-heal.com\/wp-content\/uploads\/2019\/09\/Pepermint-Cool-Plus-Modeling-Mask.jpg","width":600,"height":600,"caption":"Pepermint Cool Plus Modeling Mask"},{"@type":"BreadcrumbList","@id":"https:\/\/skin-heal.com\/product\/basic-science-peppermint-cool-plus-modeling-mask-1kg\/#breadcrumb","itemListElement":[{"@type":"ListItem","position":1,"name":"Home","item":"https:\/\/skin-heal.com\/"},{"@type":"ListItem","position":2,"name":"Store","item":"https:\/\/skin-heal.com\/store\/"},{"@type":"ListItem","position":3,"name":"Basic Science Peppermint Cool Plus Modeling Mask &#8211; 1kg"}]},{"@type":"WebSite","@id":"https:\/\/skin-heal.com\/#website","url":"https:\/\/skin-heal.com\/","name":"Curaci\u00f3n de la piel","description":"Los precios m\u00e1s bajos para los rellenos d\u00e9rmicos","potentialAction":[{"@type":"SearchAction","target":{"@type":"EntryPoint","urlTemplate":"https:\/\/skin-heal.com\/?s={search_term_string}"},"query-input":{"@type":"PropertyValueSpecification","valueRequired":true,"valueName":"search_term_string"}}],"inLanguage":"es"}]}},"_links":{"self":[{"href":"https:\/\/skin-heal.com\/es\/wp-json\/wp\/v2\/product\/9334","targetHints":{"allow":["GET"]}}],"collection":[{"href":"https:\/\/skin-heal.com\/es\/wp-json\/wp\/v2\/product"}],"about":[{"href":"https:\/\/skin-heal.com\/es\/wp-json\/wp\/v2\/types\/product"}],"wp:featuredmedia":[{"embeddable":true,"href":"https:\/\/skin-heal.com\/es\/wp-json\/wp\/v2\/media\/9342"}],"wp:attachment":[{"href":"https:\/\/skin-heal.com\/es\/wp-json\/wp\/v2\/media?parent=9334"}],"wp:term":[{"taxonomy":"product_brand","embeddable":true,"href":"https:\/\/skin-heal.com\/es\/wp-json\/wp\/v2\/product_brand?post=9334"},{"taxonomy":"product_cat","embeddable":true,"href":"https:\/\/skin-heal.com\/es\/wp-json\/wp\/v2\/product_cat?post=9334"},{"taxonomy":"product_tag","embeddable":true,"href":"https:\/\/skin-heal.com\/es\/wp-json\/wp\/v2\/product_tag?post=9334"}],"curies":[{"name":"wp","href":"https:\/\/api.w.org\/{rel}","templated":true}]}}