{"id":9345,"date":"2019-09-19T12:50:54","date_gmt":"2019-09-19T12:50:54","guid":{"rendered":"https:\/\/skin-heal.com\/?post_type=product&#038;p=9345"},"modified":"2021-03-30T12:12:08","modified_gmt":"2021-03-30T12:12:08","slug":"basic-science-ion-to-c-map-powder-50-vials-x-1-5g","status":"publish","type":"product","link":"https:\/\/skin-heal.com\/es\/producto\/basic-science-ion-to-c-map-powder-50-vials-x-1-5g\/","title":{"rendered":"Ciencia B\u00e1sica ION-TO C (M*A*P Polvo) - 50 viales x 1,5g"},"content":{"rendered":"<h3>Una soluci\u00f3n hidratante y antipigmentante eficaz<\/h3>\n<p>Las terapias de iontoforesis pueden servir para m\u00faltiples prop\u00f3sitos y uno de ellos es proporcionar a los pacientes un tratamiento duradero y seguro para el cuidado de la piel. Con ION-TO C (M*A*P* Powder) de Histolab, estos procedimientos pueden <em>mejorar considerablemente el equilibrio h\u00eddrico de la piel<\/em>As\u00ed como para corregir cualquier problema de pigmentaci\u00f3n (como las manchas oscuras, por ejemplo). Este producto de primera categor\u00eda es adecuado para las personas que:<\/p>\n<ul>\n<li>Tienen 40 a\u00f1os o m\u00e1s<\/li>\n<li>Tener la piel cansada<\/li>\n<li>Necesita una soluci\u00f3n r\u00e1pida para eliminar las l\u00edneas de expresi\u00f3n<\/li>\n<li>Tener una piel seca y \u00e1spera<\/li>\n<li>Sufren una producci\u00f3n excesiva de melanina<\/li>\n<\/ul>\n<h3>Ingredientes clave en la ciencia b\u00e1sica ION-TO C<\/h3>\n<p>El fosfato de magnesio-L-ascorbilo (MAP) y un polvo de vitamina C son los dos principales ingredientes activos de Basic Science ION-TO C. El primero es responsable de la <u>propiedades calmantes e hidratantes dif\u00edciles de superar<\/u> de este producto cosm\u00e9tico de nueva generaci\u00f3n y el segundo - para el <strong>impresionante efecto vitalizador<\/strong> que tiene en las zonas tratadas. Despu\u00e9s de cada terapia de iontoforesis con \u00e9l, la piel se volver\u00e1 m\u00e1s brillante ya que adquirir\u00e1 un brillo m\u00e1s saludable. Las manchas y los parches oscuros persistentes se eliminar\u00e1n f\u00e1cilmente con la ayuda de la Arbutina que contiene la f\u00f3rmula de este producto. Este ingrediente aclara gradualmente la piel y mejora su tono. Por \u00faltimo, pero no menos importante, esta fiable soluci\u00f3n cosm\u00e9tica tambi\u00e9n contiene \u00e1cido asc\u00f3rbico que revitaliza y refresca a\u00fan m\u00e1s el aspecto de las zonas tratadas.<\/p>\n<p>Nosotros, en Skin Heal, ofrecemos este y otros productos ION-TO de Basic Science.<\/p>","protected":false},"excerpt":{"rendered":"<p>La ciencia b\u00e1sica ION-TO C (M*A*P Powder) es una <em>excelente complemento para cualquier tratamiento profesional de la piel con Iontoforesis<\/em>. Beneficiar\u00e1 en gran medida a los pacientes que tienen m\u00e1s de 40 a\u00f1os y necesitan un <u>soluci\u00f3n antipigmentaci\u00f3n eficaz<\/u> que tambi\u00e9n les proporcionar\u00e1 resultados visibles de rejuvenecimiento de la piel. Esta soluci\u00f3n para el cuidado de la piel sin riesgos de Histolab viene en un paquete de 50 viales (x1,5g cada uno) y se puede comprar f\u00e1cilmente a trav\u00e9s de la tienda online de Skin Heal.<\/p>","protected":false},"featured_media":9352,"template":"","meta":[],"product_brand":[],"product_cat":[87,113,114],"product_tag":[],"class_list":{"0":"post-9345","1":"product","2":"type-product","3":"status-publish","4":"has-post-thumbnail","6":"product_cat-cosmetics","7":"product_cat-histolab","8":"product_cat-medians","9":"clearfix","11":"first","12":"outofstock","13":"taxable","14":"shipping-taxable","15":"purchasable","16":"product-type-simple"},"yoast_head":"<!-- This site is optimized with the Yoast SEO plugin v27.4 - https:\/\/yoast.com\/product\/yoast-seo-wordpress\/ -->\n<title>Basic Science ION-TO C (M*A*P Powder) \u2013 50 vials x 1.5g - Skin Heal<\/title>\n<meta name=\"description\" content=\"Basic Science ION-TO C can be used during Iontophoresis skin therapies. Offered by Skin Heal, it provides rapid anti-pigmentation and hydration results.\" \/>\n<meta name=\"robots\" content=\"index, follow, max-snippet:-1, max-image-preview:large, max-video-preview:-1\" \/>\n<link rel=\"canonical\" href=\"https:\/\/skin-heal.com\/es\/producto\/basic-science-ion-to-c-map-powder-50-vials-x-1-5g\/\" \/>\n<meta property=\"og:locale\" content=\"es_MX\" \/>\n<meta property=\"og:type\" content=\"article\" \/>\n<meta property=\"og:title\" content=\"Basic Science ION-TO C (M*A*P Powder) \u2013 50 vials x 1.5g - Skin Heal\" \/>\n<meta property=\"og:description\" content=\"Basic Science ION-TO C can be used during Iontophoresis skin therapies. Offered by Skin Heal, it provides rapid anti-pigmentation and hydration results.\" \/>\n<meta property=\"og:url\" content=\"https:\/\/skin-heal.com\/es\/producto\/basic-science-ion-to-c-map-powder-50-vials-x-1-5g\/\" \/>\n<meta property=\"og:site_name\" content=\"Skin Heal\" \/>\n<meta property=\"article:modified_time\" content=\"2021-03-30T12:12:08+00:00\" \/>\n<meta property=\"og:image\" content=\"https:\/\/cdn.skin-heal.com\/wp-content\/uploads\/2019\/09\/Ionto-C.jpg\" \/>\n\t<meta property=\"og:image:width\" content=\"600\" \/>\n\t<meta property=\"og:image:height\" content=\"600\" \/>\n\t<meta property=\"og:image:type\" content=\"image\/jpeg\" \/>\n<meta name=\"twitter:card\" content=\"summary_large_image\" \/>\n<meta name=\"twitter:label1\" content=\"Tiempo de lectura\" \/>\n\t<meta name=\"twitter:data1\" content=\"1 minuto\" \/>\n<script type=\"application\/ld+json\" class=\"yoast-schema-graph\">{\"@context\":\"https:\\\/\\\/schema.org\",\"@graph\":[{\"@type\":\"WebPage\",\"@id\":\"https:\\\/\\\/skin-heal.com\\\/product\\\/basic-science-ion-to-c-map-powder-50-vials-x-1-5g\\\/\",\"url\":\"https:\\\/\\\/skin-heal.com\\\/product\\\/basic-science-ion-to-c-map-powder-50-vials-x-1-5g\\\/\",\"name\":\"Basic Science ION-TO C (M*A*P Powder) \u2013 50 vials x 1.5g - Skin Heal\",\"isPartOf\":{\"@id\":\"https:\\\/\\\/skin-heal.com\\\/#website\"},\"primaryImageOfPage\":{\"@id\":\"https:\\\/\\\/skin-heal.com\\\/product\\\/basic-science-ion-to-c-map-powder-50-vials-x-1-5g\\\/#primaryimage\"},\"image\":{\"@id\":\"https:\\\/\\\/skin-heal.com\\\/product\\\/basic-science-ion-to-c-map-powder-50-vials-x-1-5g\\\/#primaryimage\"},\"thumbnailUrl\":\"https:\\\/\\\/skin-heal.com\\\/wp-content\\\/uploads\\\/2019\\\/09\\\/Ionto-C.jpg\",\"datePublished\":\"2019-09-19T12:50:54+00:00\",\"dateModified\":\"2021-03-30T12:12:08+00:00\",\"description\":\"Basic Science ION-TO C can be used during Iontophoresis skin therapies. Offered by Skin Heal, it provides rapid anti-pigmentation and hydration results.\",\"breadcrumb\":{\"@id\":\"https:\\\/\\\/skin-heal.com\\\/product\\\/basic-science-ion-to-c-map-powder-50-vials-x-1-5g\\\/#breadcrumb\"},\"inLanguage\":\"es\",\"potentialAction\":[{\"@type\":\"ReadAction\",\"target\":[\"https:\\\/\\\/skin-heal.com\\\/product\\\/basic-science-ion-to-c-map-powder-50-vials-x-1-5g\\\/\"]}]},{\"@type\":\"ImageObject\",\"inLanguage\":\"es\",\"@id\":\"https:\\\/\\\/skin-heal.com\\\/product\\\/basic-science-ion-to-c-map-powder-50-vials-x-1-5g\\\/#primaryimage\",\"url\":\"https:\\\/\\\/skin-heal.com\\\/wp-content\\\/uploads\\\/2019\\\/09\\\/Ionto-C.jpg\",\"contentUrl\":\"https:\\\/\\\/skin-heal.com\\\/wp-content\\\/uploads\\\/2019\\\/09\\\/Ionto-C.jpg\",\"width\":600,\"height\":600,\"caption\":\"Ionto C\"},{\"@type\":\"BreadcrumbList\",\"@id\":\"https:\\\/\\\/skin-heal.com\\\/product\\\/basic-science-ion-to-c-map-powder-50-vials-x-1-5g\\\/#breadcrumb\",\"itemListElement\":[{\"@type\":\"ListItem\",\"position\":1,\"name\":\"Home\",\"item\":\"https:\\\/\\\/skin-heal.com\\\/\"},{\"@type\":\"ListItem\",\"position\":2,\"name\":\"Store\",\"item\":\"https:\\\/\\\/skin-heal.com\\\/store\\\/\"},{\"@type\":\"ListItem\",\"position\":3,\"name\":\"Basic Science ION-TO C (M*A*P Powder) \u2013 50 vials x 1.5g\"}]},{\"@type\":\"WebSite\",\"@id\":\"https:\\\/\\\/skin-heal.com\\\/#website\",\"url\":\"https:\\\/\\\/skin-heal.com\\\/\",\"name\":\"Skin Heal\",\"description\":\"Lowest Prices for Dermal Fillers\",\"potentialAction\":[{\"@type\":\"SearchAction\",\"target\":{\"@type\":\"EntryPoint\",\"urlTemplate\":\"https:\\\/\\\/skin-heal.com\\\/?s={search_term_string}\"},\"query-input\":{\"@type\":\"PropertyValueSpecification\",\"valueRequired\":true,\"valueName\":\"search_term_string\"}}],\"inLanguage\":\"es\"}]}<\/script>\n<!-- \/ Yoast SEO plugin. -->","yoast_head_json":{"title":"Basic Science ION-TO C (M*A*P Polvo) - 50 ampollas x 1.5g - Skin Heal","description":"Basic Science ION-TO C puede utilizarse durante las terapias cut\u00e1neas de iontoforesis. Ofrecido por Skin Heal, proporciona resultados r\u00e1pidos de antipigmentaci\u00f3n e hidrataci\u00f3n.","robots":{"index":"index","follow":"follow","max-snippet":"max-snippet:-1","max-image-preview":"max-image-preview:large","max-video-preview":"max-video-preview:-1"},"canonical":"https:\/\/skin-heal.com\/es\/producto\/basic-science-ion-to-c-map-powder-50-vials-x-1-5g\/","og_locale":"es_MX","og_type":"article","og_title":"Basic Science ION-TO C (M*A*P Powder) \u2013 50 vials x 1.5g - Skin Heal","og_description":"Basic Science ION-TO C can be used during Iontophoresis skin therapies. Offered by Skin Heal, it provides rapid anti-pigmentation and hydration results.","og_url":"https:\/\/skin-heal.com\/es\/producto\/basic-science-ion-to-c-map-powder-50-vials-x-1-5g\/","og_site_name":"Skin Heal","article_modified_time":"2021-03-30T12:12:08+00:00","og_image":[{"width":600,"height":600,"url":"https:\/\/cdn.skin-heal.com\/wp-content\/uploads\/2019\/09\/Ionto-C.jpg","type":"image\/jpeg"}],"twitter_card":"summary_large_image","twitter_misc":{"Tiempo de lectura":"1 minuto"},"schema":{"@context":"https:\/\/schema.org","@graph":[{"@type":"WebPage","@id":"https:\/\/skin-heal.com\/product\/basic-science-ion-to-c-map-powder-50-vials-x-1-5g\/","url":"https:\/\/skin-heal.com\/product\/basic-science-ion-to-c-map-powder-50-vials-x-1-5g\/","name":"Basic Science ION-TO C (M*A*P Polvo) - 50 ampollas x 1.5g - Skin Heal","isPartOf":{"@id":"https:\/\/skin-heal.com\/#website"},"primaryImageOfPage":{"@id":"https:\/\/skin-heal.com\/product\/basic-science-ion-to-c-map-powder-50-vials-x-1-5g\/#primaryimage"},"image":{"@id":"https:\/\/skin-heal.com\/product\/basic-science-ion-to-c-map-powder-50-vials-x-1-5g\/#primaryimage"},"thumbnailUrl":"https:\/\/cdn.skin-heal.com\/wp-content\/uploads\/2019\/09\/Ionto-C.jpg","datePublished":"2019-09-19T12:50:54+00:00","dateModified":"2021-03-30T12:12:08+00:00","description":"Basic Science ION-TO C puede utilizarse durante las terapias cut\u00e1neas de iontoforesis. Ofrecido por Skin Heal, proporciona resultados r\u00e1pidos de antipigmentaci\u00f3n e hidrataci\u00f3n.","breadcrumb":{"@id":"https:\/\/skin-heal.com\/product\/basic-science-ion-to-c-map-powder-50-vials-x-1-5g\/#breadcrumb"},"inLanguage":"es","potentialAction":[{"@type":"ReadAction","target":["https:\/\/skin-heal.com\/product\/basic-science-ion-to-c-map-powder-50-vials-x-1-5g\/"]}]},{"@type":"ImageObject","inLanguage":"es","@id":"https:\/\/skin-heal.com\/product\/basic-science-ion-to-c-map-powder-50-vials-x-1-5g\/#primaryimage","url":"https:\/\/cdn.skin-heal.com\/wp-content\/uploads\/2019\/09\/Ionto-C.jpg","contentUrl":"https:\/\/cdn.skin-heal.com\/wp-content\/uploads\/2019\/09\/Ionto-C.jpg","width":600,"height":600,"caption":"Ionto C"},{"@type":"BreadcrumbList","@id":"https:\/\/skin-heal.com\/product\/basic-science-ion-to-c-map-powder-50-vials-x-1-5g\/#breadcrumb","itemListElement":[{"@type":"ListItem","position":1,"name":"Home","item":"https:\/\/skin-heal.com\/"},{"@type":"ListItem","position":2,"name":"Store","item":"https:\/\/skin-heal.com\/store\/"},{"@type":"ListItem","position":3,"name":"Basic Science ION-TO C (M*A*P Powder) \u2013 50 vials x 1.5g"}]},{"@type":"WebSite","@id":"https:\/\/skin-heal.com\/#website","url":"https:\/\/skin-heal.com\/","name":"Curaci\u00f3n de la piel","description":"Los precios m\u00e1s bajos para los rellenos d\u00e9rmicos","potentialAction":[{"@type":"SearchAction","target":{"@type":"EntryPoint","urlTemplate":"https:\/\/skin-heal.com\/?s={search_term_string}"},"query-input":{"@type":"PropertyValueSpecification","valueRequired":true,"valueName":"search_term_string"}}],"inLanguage":"es"}]}},"_links":{"self":[{"href":"https:\/\/skin-heal.com\/es\/wp-json\/wp\/v2\/product\/9345","targetHints":{"allow":["GET"]}}],"collection":[{"href":"https:\/\/skin-heal.com\/es\/wp-json\/wp\/v2\/product"}],"about":[{"href":"https:\/\/skin-heal.com\/es\/wp-json\/wp\/v2\/types\/product"}],"wp:featuredmedia":[{"embeddable":true,"href":"https:\/\/skin-heal.com\/es\/wp-json\/wp\/v2\/media\/9352"}],"wp:attachment":[{"href":"https:\/\/skin-heal.com\/es\/wp-json\/wp\/v2\/media?parent=9345"}],"wp:term":[{"taxonomy":"product_brand","embeddable":true,"href":"https:\/\/skin-heal.com\/es\/wp-json\/wp\/v2\/product_brand?post=9345"},{"taxonomy":"product_cat","embeddable":true,"href":"https:\/\/skin-heal.com\/es\/wp-json\/wp\/v2\/product_cat?post=9345"},{"taxonomy":"product_tag","embeddable":true,"href":"https:\/\/skin-heal.com\/es\/wp-json\/wp\/v2\/product_tag?post=9345"}],"curies":[{"name":"wp","href":"https:\/\/api.w.org\/{rel}","templated":true}]}}