{"id":9346,"date":"2019-09-19T12:51:50","date_gmt":"2019-09-19T12:51:50","guid":{"rendered":"https:\/\/skin-heal.com\/?post_type=product&#038;p=9346"},"modified":"2021-03-30T12:12:08","modified_gmt":"2021-03-30T12:12:08","slug":"basic-science-ion-to-p-bio-placenta-20ml-x-50-vial","status":"publish","type":"product","link":"https:\/\/skin-heal.com\/es\/producto\/basic-science-ion-to-p-bio-placenta-20ml-x-50-vial\/","title":{"rendered":"Ciencia B\u00e1sica ION-TO P (BIO PLACENTA) - 20ml x 50 vial"},"content":{"rendered":"<h3>Un atajo para una piel bien hidratada y sin arrugas<\/h3>\n<p>Basic Science ION-TO P (BIO PLACENTA) contiene una impresionante cantidad de ingredientes hidratantes como el propio complejo SRGF H1 de Histolab, prote\u00edna de ma\u00edz hidrolizada, extractos de Phytoplacenta y de hoja de Eucalipto, as\u00ed como Lecitina. Por ello, una terapia cut\u00e1nea por iontoforesis que implique el uso de esta soluci\u00f3n cosm\u00e9tica de primer nivel garantiza un efecto de hidrataci\u00f3n profunda en la piel del rostro. Con la ayuda de los numerosos <em>p\u00e9ptidos, amino\u00e1cidos, nutrientes y vitaminas<\/em> en su composici\u00f3n, este producto \u00fanico mejorar\u00e1 y preservar\u00e1 con \u00e9xito el equilibrio h\u00eddrico de la piel. Eso llevar\u00e1 a <u>otros beneficios para la piel<\/u> como:<\/p>\n<ul>\n<li>Una gran mejora de la elasticidad de la piel<\/li>\n<li>Correcci\u00f3n indolora de las l\u00edneas superficiales<\/li>\n<li>Revitalizaci\u00f3n general de la piel<\/li>\n<li>Mejora considerablemente la textura y la suavidad de la piel<\/li>\n<\/ul>\n<h3>C\u00f3mo aplicar la ciencia b\u00e1sica ION-TO P<\/h3>\n<p>El ION-TO P (BIO PLACENTA) de Histolab forma parte de la l\u00ednea de productos profesionales de la empresa, lo que significa que debe ser aplicado por dermat\u00f3logos cualificados. La mejor manera de hacerlo es con la barra galv\u00e1nica de una m\u00e1quina de iontoforesis profesional. Por razones de seguridad, se aconseja que los profesionales de la cosm\u00e9tica que realicen la terapia lleven guantes de protecci\u00f3n. El producto es <em>se masajea suavemente en la superficie de la piel<\/em>. Se debe aplicar s\u00f3lo la cara. <strong>Aproximadamente 3-5 cc<\/strong> de esta soluci\u00f3n de alta calidad para el cuidado de la piel es m\u00e1s que suficiente para un solo procedimiento con ella.<\/p>","protected":false},"excerpt":{"rendered":"<p>Basic Science ION-TO P (BIO PLACENTA) puede llevar las terapias avanzadas de iontoforesis para la piel a un nuevo nivel. Elaborado por la consolidada empresa cosmec\u00e9utica Histolab, tiene incre\u00edbles propiedades hidratantes que <u>alisar gradualmente la piel<\/u> y mejorar significativamente su elasticidad, dando a los pacientes un aspecto m\u00e1s juvenil. Este excelente producto de rejuvenecimiento de la piel <em>contiene placenta de origen vegetal<\/em> y se ha demostrado cient\u00edficamente que es seguro. Nosotros, en Skin Heal, estamos encantados de compartir que ahora forma parte de nuestro cat\u00e1logo de productos.<\/p>","protected":false},"featured_media":9353,"template":"","meta":[],"product_brand":[],"product_cat":[87,113,114],"product_tag":[],"class_list":{"0":"post-9346","1":"product","2":"type-product","3":"status-publish","4":"has-post-thumbnail","6":"product_cat-cosmetics","7":"product_cat-histolab","8":"product_cat-medians","9":"clearfix","11":"first","12":"outofstock","13":"taxable","14":"shipping-taxable","15":"purchasable","16":"product-type-simple"},"yoast_head":"<!-- This site is optimized with the Yoast SEO plugin v27.3 - https:\/\/yoast.com\/product\/yoast-seo-wordpress\/ -->\n<title>Basic Science ION-TO P (BIO PLACENTA) \u2013 20ml x 50 vial - Skin Heal<\/title>\n<meta name=\"description\" content=\"Visit Skin Heal to buy Basic Science ION-TO P (BIO PLACENTA) \u2013 a trusted skincare product with robust hydrating powers used during Iontophoresis therapies.\" \/>\n<meta name=\"robots\" content=\"index, follow, max-snippet:-1, max-image-preview:large, max-video-preview:-1\" \/>\n<link rel=\"canonical\" href=\"https:\/\/skin-heal.com\/es\/producto\/basic-science-ion-to-p-bio-placenta-20ml-x-50-vial\/\" \/>\n<meta property=\"og:locale\" content=\"es_MX\" \/>\n<meta property=\"og:type\" content=\"article\" \/>\n<meta property=\"og:title\" content=\"Basic Science ION-TO P (BIO PLACENTA) \u2013 20ml x 50 vial - Skin Heal\" \/>\n<meta property=\"og:description\" content=\"Visit Skin Heal to buy Basic Science ION-TO P (BIO PLACENTA) \u2013 a trusted skincare product with robust hydrating powers used during Iontophoresis therapies.\" \/>\n<meta property=\"og:url\" content=\"https:\/\/skin-heal.com\/es\/producto\/basic-science-ion-to-p-bio-placenta-20ml-x-50-vial\/\" \/>\n<meta property=\"og:site_name\" content=\"Skin Heal\" \/>\n<meta property=\"article:modified_time\" content=\"2021-03-30T12:12:08+00:00\" \/>\n<meta property=\"og:image\" content=\"https:\/\/cdn.skin-heal.com\/wp-content\/uploads\/2019\/09\/Ionto-P.jpg\" \/>\n\t<meta property=\"og:image:width\" content=\"600\" \/>\n\t<meta property=\"og:image:height\" content=\"600\" \/>\n\t<meta property=\"og:image:type\" content=\"image\/jpeg\" \/>\n<meta name=\"twitter:card\" content=\"summary_large_image\" \/>\n<meta name=\"twitter:label1\" content=\"Tiempo de lectura\" \/>\n\t<meta name=\"twitter:data1\" content=\"1 minuto\" \/>\n<script type=\"application\/ld+json\" class=\"yoast-schema-graph\">{\"@context\":\"https:\\\/\\\/schema.org\",\"@graph\":[{\"@type\":\"WebPage\",\"@id\":\"https:\\\/\\\/skin-heal.com\\\/product\\\/basic-science-ion-to-p-bio-placenta-20ml-x-50-vial\\\/\",\"url\":\"https:\\\/\\\/skin-heal.com\\\/product\\\/basic-science-ion-to-p-bio-placenta-20ml-x-50-vial\\\/\",\"name\":\"Basic Science ION-TO P (BIO PLACENTA) \u2013 20ml x 50 vial - Skin Heal\",\"isPartOf\":{\"@id\":\"https:\\\/\\\/skin-heal.com\\\/#website\"},\"primaryImageOfPage\":{\"@id\":\"https:\\\/\\\/skin-heal.com\\\/product\\\/basic-science-ion-to-p-bio-placenta-20ml-x-50-vial\\\/#primaryimage\"},\"image\":{\"@id\":\"https:\\\/\\\/skin-heal.com\\\/product\\\/basic-science-ion-to-p-bio-placenta-20ml-x-50-vial\\\/#primaryimage\"},\"thumbnailUrl\":\"https:\\\/\\\/skin-heal.com\\\/wp-content\\\/uploads\\\/2019\\\/09\\\/Ionto-P.jpg\",\"datePublished\":\"2019-09-19T12:51:50+00:00\",\"dateModified\":\"2021-03-30T12:12:08+00:00\",\"description\":\"Visit Skin Heal to buy Basic Science ION-TO P (BIO PLACENTA) \u2013 a trusted skincare product with robust hydrating powers used during Iontophoresis therapies.\",\"breadcrumb\":{\"@id\":\"https:\\\/\\\/skin-heal.com\\\/product\\\/basic-science-ion-to-p-bio-placenta-20ml-x-50-vial\\\/#breadcrumb\"},\"inLanguage\":\"es\",\"potentialAction\":[{\"@type\":\"ReadAction\",\"target\":[\"https:\\\/\\\/skin-heal.com\\\/product\\\/basic-science-ion-to-p-bio-placenta-20ml-x-50-vial\\\/\"]}]},{\"@type\":\"ImageObject\",\"inLanguage\":\"es\",\"@id\":\"https:\\\/\\\/skin-heal.com\\\/product\\\/basic-science-ion-to-p-bio-placenta-20ml-x-50-vial\\\/#primaryimage\",\"url\":\"https:\\\/\\\/skin-heal.com\\\/wp-content\\\/uploads\\\/2019\\\/09\\\/Ionto-P.jpg\",\"contentUrl\":\"https:\\\/\\\/skin-heal.com\\\/wp-content\\\/uploads\\\/2019\\\/09\\\/Ionto-P.jpg\",\"width\":600,\"height\":600,\"caption\":\"Ionto P\"},{\"@type\":\"BreadcrumbList\",\"@id\":\"https:\\\/\\\/skin-heal.com\\\/product\\\/basic-science-ion-to-p-bio-placenta-20ml-x-50-vial\\\/#breadcrumb\",\"itemListElement\":[{\"@type\":\"ListItem\",\"position\":1,\"name\":\"Home\",\"item\":\"https:\\\/\\\/skin-heal.com\\\/\"},{\"@type\":\"ListItem\",\"position\":2,\"name\":\"Store\",\"item\":\"https:\\\/\\\/skin-heal.com\\\/store\\\/\"},{\"@type\":\"ListItem\",\"position\":3,\"name\":\"Basic Science ION-TO P (BIO PLACENTA) \u2013 20ml x 50 vial\"}]},{\"@type\":\"WebSite\",\"@id\":\"https:\\\/\\\/skin-heal.com\\\/#website\",\"url\":\"https:\\\/\\\/skin-heal.com\\\/\",\"name\":\"Skin Heal\",\"description\":\"Lowest Prices for Dermal Fillers\",\"potentialAction\":[{\"@type\":\"SearchAction\",\"target\":{\"@type\":\"EntryPoint\",\"urlTemplate\":\"https:\\\/\\\/skin-heal.com\\\/?s={search_term_string}\"},\"query-input\":{\"@type\":\"PropertyValueSpecification\",\"valueRequired\":true,\"valueName\":\"search_term_string\"}}],\"inLanguage\":\"es\"}]}<\/script>\n<!-- \/ Yoast SEO plugin. -->","yoast_head_json":{"title":"Ciencia B\u00e1sica ION-TO P (BIO PLACENTA) - 20ml x 50 vial - Skin Heal","description":"Visite Skin Heal para comprar ION-TO P (BIO PLACENTA) de Basic Science, un producto de confianza para el cuidado de la piel con un gran poder hidratante que se utiliza durante las terapias de iontoforesis.","robots":{"index":"index","follow":"follow","max-snippet":"max-snippet:-1","max-image-preview":"max-image-preview:large","max-video-preview":"max-video-preview:-1"},"canonical":"https:\/\/skin-heal.com\/es\/producto\/basic-science-ion-to-p-bio-placenta-20ml-x-50-vial\/","og_locale":"es_MX","og_type":"article","og_title":"Basic Science ION-TO P (BIO PLACENTA) \u2013 20ml x 50 vial - Skin Heal","og_description":"Visit Skin Heal to buy Basic Science ION-TO P (BIO PLACENTA) \u2013 a trusted skincare product with robust hydrating powers used during Iontophoresis therapies.","og_url":"https:\/\/skin-heal.com\/es\/producto\/basic-science-ion-to-p-bio-placenta-20ml-x-50-vial\/","og_site_name":"Skin Heal","article_modified_time":"2021-03-30T12:12:08+00:00","og_image":[{"width":600,"height":600,"url":"https:\/\/cdn.skin-heal.com\/wp-content\/uploads\/2019\/09\/Ionto-P.jpg","type":"image\/jpeg"}],"twitter_card":"summary_large_image","twitter_misc":{"Tiempo de lectura":"1 minuto"},"schema":{"@context":"https:\/\/schema.org","@graph":[{"@type":"WebPage","@id":"https:\/\/skin-heal.com\/product\/basic-science-ion-to-p-bio-placenta-20ml-x-50-vial\/","url":"https:\/\/skin-heal.com\/product\/basic-science-ion-to-p-bio-placenta-20ml-x-50-vial\/","name":"Ciencia B\u00e1sica ION-TO P (BIO PLACENTA) - 20ml x 50 vial - Skin Heal","isPartOf":{"@id":"https:\/\/skin-heal.com\/#website"},"primaryImageOfPage":{"@id":"https:\/\/skin-heal.com\/product\/basic-science-ion-to-p-bio-placenta-20ml-x-50-vial\/#primaryimage"},"image":{"@id":"https:\/\/skin-heal.com\/product\/basic-science-ion-to-p-bio-placenta-20ml-x-50-vial\/#primaryimage"},"thumbnailUrl":"https:\/\/cdn.skin-heal.com\/wp-content\/uploads\/2019\/09\/Ionto-P.jpg","datePublished":"2019-09-19T12:51:50+00:00","dateModified":"2021-03-30T12:12:08+00:00","description":"Visite Skin Heal para comprar ION-TO P (BIO PLACENTA) de Basic Science, un producto de confianza para el cuidado de la piel con un gran poder hidratante que se utiliza durante las terapias de iontoforesis.","breadcrumb":{"@id":"https:\/\/skin-heal.com\/product\/basic-science-ion-to-p-bio-placenta-20ml-x-50-vial\/#breadcrumb"},"inLanguage":"es","potentialAction":[{"@type":"ReadAction","target":["https:\/\/skin-heal.com\/product\/basic-science-ion-to-p-bio-placenta-20ml-x-50-vial\/"]}]},{"@type":"ImageObject","inLanguage":"es","@id":"https:\/\/skin-heal.com\/product\/basic-science-ion-to-p-bio-placenta-20ml-x-50-vial\/#primaryimage","url":"https:\/\/cdn.skin-heal.com\/wp-content\/uploads\/2019\/09\/Ionto-P.jpg","contentUrl":"https:\/\/cdn.skin-heal.com\/wp-content\/uploads\/2019\/09\/Ionto-P.jpg","width":600,"height":600,"caption":"Ionto P"},{"@type":"BreadcrumbList","@id":"https:\/\/skin-heal.com\/product\/basic-science-ion-to-p-bio-placenta-20ml-x-50-vial\/#breadcrumb","itemListElement":[{"@type":"ListItem","position":1,"name":"Home","item":"https:\/\/skin-heal.com\/"},{"@type":"ListItem","position":2,"name":"Store","item":"https:\/\/skin-heal.com\/store\/"},{"@type":"ListItem","position":3,"name":"Basic Science ION-TO P (BIO PLACENTA) \u2013 20ml x 50 vial"}]},{"@type":"WebSite","@id":"https:\/\/skin-heal.com\/#website","url":"https:\/\/skin-heal.com\/","name":"Curaci\u00f3n de la piel","description":"Los precios m\u00e1s bajos para los rellenos d\u00e9rmicos","potentialAction":[{"@type":"SearchAction","target":{"@type":"EntryPoint","urlTemplate":"https:\/\/skin-heal.com\/?s={search_term_string}"},"query-input":{"@type":"PropertyValueSpecification","valueRequired":true,"valueName":"search_term_string"}}],"inLanguage":"es"}]}},"_links":{"self":[{"href":"https:\/\/skin-heal.com\/es\/wp-json\/wp\/v2\/product\/9346","targetHints":{"allow":["GET"]}}],"collection":[{"href":"https:\/\/skin-heal.com\/es\/wp-json\/wp\/v2\/product"}],"about":[{"href":"https:\/\/skin-heal.com\/es\/wp-json\/wp\/v2\/types\/product"}],"wp:featuredmedia":[{"embeddable":true,"href":"https:\/\/skin-heal.com\/es\/wp-json\/wp\/v2\/media\/9353"}],"wp:attachment":[{"href":"https:\/\/skin-heal.com\/es\/wp-json\/wp\/v2\/media?parent=9346"}],"wp:term":[{"taxonomy":"product_brand","embeddable":true,"href":"https:\/\/skin-heal.com\/es\/wp-json\/wp\/v2\/product_brand?post=9346"},{"taxonomy":"product_cat","embeddable":true,"href":"https:\/\/skin-heal.com\/es\/wp-json\/wp\/v2\/product_cat?post=9346"},{"taxonomy":"product_tag","embeddable":true,"href":"https:\/\/skin-heal.com\/es\/wp-json\/wp\/v2\/product_tag?post=9346"}],"curies":[{"name":"wp","href":"https:\/\/api.w.org\/{rel}","templated":true}]}}