{"id":9347,"date":"2019-09-19T12:52:34","date_gmt":"2019-09-19T12:52:34","guid":{"rendered":"https:\/\/skin-heal.com\/?post_type=product&#038;p=9347"},"modified":"2021-03-30T12:12:08","modified_gmt":"2021-03-30T12:12:08","slug":"basic-science-ion-to-v-multi-vitamin-20ml-x-50ea","status":"publish","type":"product","link":"https:\/\/skin-heal.com\/es\/producto\/basic-science-ion-to-v-multi-vitamin-20ml-x-50ea\/","title":{"rendered":"Ciencia B\u00e1sica ION-TO V (MULTI-VITAMINAS) - 20ml x 50ea"},"content":{"rendered":"<h3>Un producto de rejuvenecimiento de la piel rico en vitaminas<\/h3>\n<p>Se encuentra en la gama de vanguardia ION-TO de Histolab que es totalmente <strong>adaptada a los tratamientos de Iontoforesis para el cuidado de la piel<\/strong>Este producto, \u00fanico en su g\u00e9nero, aprovecha las propiedades curativas, rejuvenecedoras, hidratantes y revitalizantes naturales de las sustancias libres de riesgo y saludables. Su <em>efectos antienvejecimiento dif\u00edciles de igualar <\/em>se debe a que proporciona a la piel tanto nutrientes como hidrataci\u00f3n. Esto se consigue gracias a un complejo especial SRGF H1 que consiste en un ramillete de p\u00e9ptidos que tienen la capacidad de mejorar el equilibrio h\u00eddrico de la piel, as\u00ed como de retener el agua.<\/p>\n<ul>\n<li>Mejora r\u00e1pidamente la elasticidad<\/li>\n<li>Aumenta eficazmente los niveles de hidrataci\u00f3n de la piel<\/li>\n<li>Calma r\u00e1pidamente la piel irritada<\/li>\n<li>Revitaliza con \u00e9xito las zonas de tratamiento mediante un potente aporte de nutrientes<\/li>\n<li>Proporciona resultados duraderos de rejuvenecimiento cosm\u00e9tico<\/li>\n<\/ul>\n<p>La capacidad antienvejecimiento duradera de Basic Science ION-TO V (MULTI-VITAMIN) tambi\u00e9n tiene mucho que ver con su <strong>f\u00f3rmula rica en vitaminas<\/strong>. Esta soluci\u00f3n cosm\u00e9tica de f\u00e1cil aplicaci\u00f3n para el paciente cuenta con una cuidada selecci\u00f3n de multivitaminas (vitamina B5, B3, etc.). Tienen un efecto positivo sobre la elasticidad y el aspecto de la piel y tambi\u00e9n calman las irritaciones e inflamaciones.<\/p>\n<h3>Protocolo de tratamiento est\u00e1ndar con Basic Science ION-TO V<\/h3>\n<p>Utilizar de 3 a 5cc por cada sesi\u00f3n de terapia. <em>Aplicar durante los tratamientos de Iontoforesis<\/em> con corriente galv\u00e1nica, utilizando una gasa saturada. Aseg\u00farese de que la piel absorbe completamente la soluci\u00f3n. Los efectos se hacen visibles despu\u00e9s de varios procedimientos de este tipo.<\/p>","protected":false},"excerpt":{"rendered":"<p>Basic Science ION-TO V (MULTI-VITAMIN) aprovecha las excepcionales propiedades de los ingredientes naturales y los avanzados descubrimientos cient\u00edficos en el campo de la dermatolog\u00eda actual. Desarrollado espec\u00edficamente para ser aplicado durante los tratamientos de rejuvenecimiento cosm\u00e9tico m\u00ednimamente invasivos con una m\u00e1quina de iontoforesis, est\u00e1 lleno de una larga lista de vitaminas, p\u00e9ptidos, nutrientes y otros ingredientes no agresivos que potencian la piel <u>hidratan en profundidad y rejuvenecen f\u00e1cilmente la piel<\/u>. Producida por Histolab y vendida por Skin Heal, esta excelente soluci\u00f3n para el cuidado de la piel no decepciona.<\/p>","protected":false},"featured_media":0,"template":"","meta":[],"product_brand":[],"product_cat":[87,113,114],"product_tag":[],"class_list":{"0":"post-9347","1":"product","2":"type-product","3":"status-publish","5":"product_cat-cosmetics","6":"product_cat-histolab","7":"product_cat-medians","8":"clearfix","10":"first","11":"outofstock","12":"taxable","13":"shipping-taxable","14":"purchasable","15":"product-type-simple"},"yoast_head":"<!-- This site is optimized with the Yoast SEO plugin v27.4 - https:\/\/yoast.com\/product\/yoast-seo-wordpress\/ -->\n<title>Basic Science ION-TO V (MULTI-VITAMIN) \u2013 20ml x 50ea - Skin Heal<\/title>\n<meta name=\"description\" content=\"Available at Skin Heal\u2019s website, Basic Science ION-TO V is a risk-free skin rejuvenating and moisturizing solution used during Iontophoresis therapies.\" \/>\n<meta name=\"robots\" content=\"index, follow, max-snippet:-1, max-image-preview:large, max-video-preview:-1\" \/>\n<link rel=\"canonical\" href=\"https:\/\/skin-heal.com\/es\/producto\/basic-science-ion-to-v-multi-vitamin-20ml-x-50ea\/\" \/>\n<meta property=\"og:locale\" content=\"es_MX\" \/>\n<meta property=\"og:type\" content=\"article\" \/>\n<meta property=\"og:title\" content=\"Basic Science ION-TO V (MULTI-VITAMIN) \u2013 20ml x 50ea - Skin Heal\" \/>\n<meta property=\"og:description\" content=\"Available at Skin Heal\u2019s website, Basic Science ION-TO V is a risk-free skin rejuvenating and moisturizing solution used during Iontophoresis therapies.\" \/>\n<meta property=\"og:url\" content=\"https:\/\/skin-heal.com\/es\/producto\/basic-science-ion-to-v-multi-vitamin-20ml-x-50ea\/\" \/>\n<meta property=\"og:site_name\" content=\"Skin Heal\" \/>\n<meta property=\"article:modified_time\" content=\"2021-03-30T12:12:08+00:00\" \/>\n<meta property=\"og:image\" content=\"https:\/\/cdn.skin-heal.com\/wp-content\/uploads\/2018\/11\/SH-logo-3.png\" \/>\n\t<meta property=\"og:image:width\" content=\"350\" \/>\n\t<meta property=\"og:image:height\" content=\"139\" \/>\n\t<meta property=\"og:image:type\" content=\"image\/png\" \/>\n<meta name=\"twitter:card\" content=\"summary_large_image\" \/>\n<meta name=\"twitter:label1\" content=\"Tiempo de lectura\" \/>\n\t<meta name=\"twitter:data1\" content=\"1 minuto\" \/>\n<script type=\"application\/ld+json\" class=\"yoast-schema-graph\">{\"@context\":\"https:\\\/\\\/schema.org\",\"@graph\":[{\"@type\":\"WebPage\",\"@id\":\"https:\\\/\\\/skin-heal.com\\\/product\\\/basic-science-ion-to-v-multi-vitamin-20ml-x-50ea\\\/\",\"url\":\"https:\\\/\\\/skin-heal.com\\\/product\\\/basic-science-ion-to-v-multi-vitamin-20ml-x-50ea\\\/\",\"name\":\"Basic Science ION-TO V (MULTI-VITAMIN) \u2013 20ml x 50ea - Skin Heal\",\"isPartOf\":{\"@id\":\"https:\\\/\\\/skin-heal.com\\\/#website\"},\"datePublished\":\"2019-09-19T12:52:34+00:00\",\"dateModified\":\"2021-03-30T12:12:08+00:00\",\"description\":\"Available at Skin Heal\u2019s website, Basic Science ION-TO V is a risk-free skin rejuvenating and moisturizing solution used during Iontophoresis therapies.\",\"breadcrumb\":{\"@id\":\"https:\\\/\\\/skin-heal.com\\\/product\\\/basic-science-ion-to-v-multi-vitamin-20ml-x-50ea\\\/#breadcrumb\"},\"inLanguage\":\"es\",\"potentialAction\":[{\"@type\":\"ReadAction\",\"target\":[\"https:\\\/\\\/skin-heal.com\\\/product\\\/basic-science-ion-to-v-multi-vitamin-20ml-x-50ea\\\/\"]}]},{\"@type\":\"BreadcrumbList\",\"@id\":\"https:\\\/\\\/skin-heal.com\\\/product\\\/basic-science-ion-to-v-multi-vitamin-20ml-x-50ea\\\/#breadcrumb\",\"itemListElement\":[{\"@type\":\"ListItem\",\"position\":1,\"name\":\"Home\",\"item\":\"https:\\\/\\\/skin-heal.com\\\/\"},{\"@type\":\"ListItem\",\"position\":2,\"name\":\"Store\",\"item\":\"https:\\\/\\\/skin-heal.com\\\/store\\\/\"},{\"@type\":\"ListItem\",\"position\":3,\"name\":\"Basic Science ION-TO V (MULTI-VITAMIN) \u2013 20ml x 50ea\"}]},{\"@type\":\"WebSite\",\"@id\":\"https:\\\/\\\/skin-heal.com\\\/#website\",\"url\":\"https:\\\/\\\/skin-heal.com\\\/\",\"name\":\"Skin Heal\",\"description\":\"Lowest Prices for Dermal Fillers\",\"potentialAction\":[{\"@type\":\"SearchAction\",\"target\":{\"@type\":\"EntryPoint\",\"urlTemplate\":\"https:\\\/\\\/skin-heal.com\\\/?s={search_term_string}\"},\"query-input\":{\"@type\":\"PropertyValueSpecification\",\"valueRequired\":true,\"valueName\":\"search_term_string\"}}],\"inLanguage\":\"es\"}]}<\/script>\n<!-- \/ Yoast SEO plugin. -->","yoast_head_json":{"title":"Basic Science ION-TO V (MULTI-VITAMIN) - 20ml x 50ea - Skin Heal","description":"Disponible en el sitio web de Skin Heal, ION-TO V de Basic Science es una soluci\u00f3n hidratante y rejuvenecedora de la piel sin riesgos que se utiliza durante las terapias de iontoforesis.","robots":{"index":"index","follow":"follow","max-snippet":"max-snippet:-1","max-image-preview":"max-image-preview:large","max-video-preview":"max-video-preview:-1"},"canonical":"https:\/\/skin-heal.com\/es\/producto\/basic-science-ion-to-v-multi-vitamin-20ml-x-50ea\/","og_locale":"es_MX","og_type":"article","og_title":"Basic Science ION-TO V (MULTI-VITAMIN) \u2013 20ml x 50ea - Skin Heal","og_description":"Available at Skin Heal\u2019s website, Basic Science ION-TO V is a risk-free skin rejuvenating and moisturizing solution used during Iontophoresis therapies.","og_url":"https:\/\/skin-heal.com\/es\/producto\/basic-science-ion-to-v-multi-vitamin-20ml-x-50ea\/","og_site_name":"Skin Heal","article_modified_time":"2021-03-30T12:12:08+00:00","og_image":[{"width":350,"height":139,"url":"https:\/\/cdn.skin-heal.com\/wp-content\/uploads\/2018\/11\/SH-logo-3.png","type":"image\/png"}],"twitter_card":"summary_large_image","twitter_misc":{"Tiempo de lectura":"1 minuto"},"schema":{"@context":"https:\/\/schema.org","@graph":[{"@type":"WebPage","@id":"https:\/\/skin-heal.com\/product\/basic-science-ion-to-v-multi-vitamin-20ml-x-50ea\/","url":"https:\/\/skin-heal.com\/product\/basic-science-ion-to-v-multi-vitamin-20ml-x-50ea\/","name":"Basic Science ION-TO V (MULTI-VITAMIN) - 20ml x 50ea - Skin Heal","isPartOf":{"@id":"https:\/\/skin-heal.com\/#website"},"datePublished":"2019-09-19T12:52:34+00:00","dateModified":"2021-03-30T12:12:08+00:00","description":"Disponible en el sitio web de Skin Heal, ION-TO V de Basic Science es una soluci\u00f3n hidratante y rejuvenecedora de la piel sin riesgos que se utiliza durante las terapias de iontoforesis.","breadcrumb":{"@id":"https:\/\/skin-heal.com\/product\/basic-science-ion-to-v-multi-vitamin-20ml-x-50ea\/#breadcrumb"},"inLanguage":"es","potentialAction":[{"@type":"ReadAction","target":["https:\/\/skin-heal.com\/product\/basic-science-ion-to-v-multi-vitamin-20ml-x-50ea\/"]}]},{"@type":"BreadcrumbList","@id":"https:\/\/skin-heal.com\/product\/basic-science-ion-to-v-multi-vitamin-20ml-x-50ea\/#breadcrumb","itemListElement":[{"@type":"ListItem","position":1,"name":"Home","item":"https:\/\/skin-heal.com\/"},{"@type":"ListItem","position":2,"name":"Store","item":"https:\/\/skin-heal.com\/store\/"},{"@type":"ListItem","position":3,"name":"Basic Science ION-TO V (MULTI-VITAMIN) \u2013 20ml x 50ea"}]},{"@type":"WebSite","@id":"https:\/\/skin-heal.com\/#website","url":"https:\/\/skin-heal.com\/","name":"Curaci\u00f3n de la piel","description":"Los precios m\u00e1s bajos para los rellenos d\u00e9rmicos","potentialAction":[{"@type":"SearchAction","target":{"@type":"EntryPoint","urlTemplate":"https:\/\/skin-heal.com\/?s={search_term_string}"},"query-input":{"@type":"PropertyValueSpecification","valueRequired":true,"valueName":"search_term_string"}}],"inLanguage":"es"}]}},"_links":{"self":[{"href":"https:\/\/skin-heal.com\/es\/wp-json\/wp\/v2\/product\/9347","targetHints":{"allow":["GET"]}}],"collection":[{"href":"https:\/\/skin-heal.com\/es\/wp-json\/wp\/v2\/product"}],"about":[{"href":"https:\/\/skin-heal.com\/es\/wp-json\/wp\/v2\/types\/product"}],"wp:attachment":[{"href":"https:\/\/skin-heal.com\/es\/wp-json\/wp\/v2\/media?parent=9347"}],"wp:term":[{"taxonomy":"product_brand","embeddable":true,"href":"https:\/\/skin-heal.com\/es\/wp-json\/wp\/v2\/product_brand?post=9347"},{"taxonomy":"product_cat","embeddable":true,"href":"https:\/\/skin-heal.com\/es\/wp-json\/wp\/v2\/product_cat?post=9347"},{"taxonomy":"product_tag","embeddable":true,"href":"https:\/\/skin-heal.com\/es\/wp-json\/wp\/v2\/product_tag?post=9347"}],"curies":[{"name":"wp","href":"https:\/\/api.w.org\/{rel}","templated":true}]}}