{"id":9348,"date":"2019-09-19T12:53:16","date_gmt":"2019-09-19T12:53:16","guid":{"rendered":"https:\/\/skin-heal.com\/?post_type=product&#038;p=9348"},"modified":"2021-03-30T12:12:07","modified_gmt":"2021-03-30T12:12:07","slug":"basic-science-natural-lightning-plus-modeling-mask-1kg","status":"publish","type":"product","link":"https:\/\/skin-heal.com\/es\/producto\/basic-science-natural-lightning-plus-modeling-mask-1kg\/","title":{"rendered":"Basic Science Natural Lightning Plus Modeling Mask - 1kg"},"content":{"rendered":"<h3>Una mascarilla modeladora avanzada para iluminar la piel<\/h3>\n<p>Basic Science Natural Lighting Plus Modeling Mask puede tratar eficazmente los problemas de hiperpigmentaci\u00f3n causados por diversos factores. Es <em>reduce r\u00e1pidamente la aparici\u00f3n de manchas oscuras <\/em>y manchas en la cara porque est\u00e1 compuesta por agentes aclaradores de la piel de primera calidad entre los que se encuentra la Arbutina. Con cada aplicaci\u00f3n de esta mascarilla modeladora de alta calidad, el tono de la piel se volver\u00e1 m\u00e1s blanco y m\u00e1s uniforme. Se puede utilizar con seguridad en pieles envejecidas. Antes del procedimiento, m\u00e9zclela con agua y apl\u00edquela sobre el rostro. Ret\u00edrela despu\u00e9s de 10 o 15 minutos.<\/p>\n<h3>Beneficios adicionales para la piel que ofrece este producto<\/h3>\n<p>Las excepcionales propiedades antipigmentantes de la mascarilla modeladora Basic Science Natural Lighting Plus son s\u00f3lo una de las cosas que los pacientes podr\u00e1n probar con este producto. Histolab ha conseguido dise\u00f1ar una mascarilla pionera para iluminar la piel que cumple su cometido con creces, pero que, al mismo tiempo, <u>no consigue el \u00e9xito a costa de los efectos secundarios<\/u> como las irritaciones y las rojeces que suelen observarse despu\u00e9s de un tratamiento con soluciones similares para el cuidado de la piel. Esto se debe a que tiene:<\/p>\n<ul>\n<li>Efectos de hidrataci\u00f3n duraderos<\/li>\n<li>Incre\u00edble capacidad antiinflamatoria<\/li>\n<li>Extraordinario poder de limpieza<\/li>\n<li>Propiedades antiacn\u00e9 inigualables<\/li>\n<li>Efectos calmantes y tranquilizadores casi instant\u00e1neos<\/li>\n<\/ul>\n<p>La culpa es de <strong>agentes hidratantes de primer nivel<\/strong> como el hialuronato de sodio, el algin y otros.<\/p>","protected":false},"excerpt":{"rendered":"<p>Para <u>resultados garantizados de luminosidad de la piel<\/u> y un tono de piel considerablemente mejorado, conf\u00ede en la m\u00e1scara modeladora Basic Science Natural Lighting Plus 1kg de Histolab. Esta mascarilla facial de primera clase contiene muchos y potentes agentes blanqueadores de la piel, pero no produce irritaciones ni inflamaciones. Dise\u00f1ada para uso profesional, puede pedirse a trav\u00e9s de la tienda online de Skin Heal y aplicarse en todo tipo de pieles, incluidas las m\u00e1s sensibles.<\/p>","protected":false},"featured_media":9354,"template":"","meta":[],"product_brand":[],"product_cat":[87,113,114],"product_tag":[],"class_list":{"0":"post-9348","1":"product","2":"type-product","3":"status-publish","4":"has-post-thumbnail","6":"product_cat-cosmetics","7":"product_cat-histolab","8":"product_cat-medians","9":"clearfix","11":"first","12":"outofstock","13":"taxable","14":"shipping-taxable","15":"purchasable","16":"product-type-simple"},"yoast_head":"<!-- This site is optimized with the Yoast SEO plugin v27.3 - https:\/\/yoast.com\/product\/yoast-seo-wordpress\/ -->\n<title>Basic Science Natural Lightning Plus Modeling Mask - 1kg - Skin Heal<\/title>\n<meta name=\"description\" content=\"Get Histolab\u2019s Basic Science Natural Lighting Plus Modeling Mask via Skin Heal for lasting anti-pigmentation results that do not lead to skin irritations.\" \/>\n<meta name=\"robots\" content=\"index, follow, max-snippet:-1, max-image-preview:large, max-video-preview:-1\" \/>\n<link rel=\"canonical\" href=\"https:\/\/skin-heal.com\/es\/producto\/basic-science-natural-lightning-plus-modeling-mask-1kg\/\" \/>\n<meta property=\"og:locale\" content=\"es_MX\" \/>\n<meta property=\"og:type\" content=\"article\" \/>\n<meta property=\"og:title\" content=\"Basic Science Natural Lightning Plus Modeling Mask - 1kg - Skin Heal\" \/>\n<meta property=\"og:description\" content=\"Get Histolab\u2019s Basic Science Natural Lighting Plus Modeling Mask via Skin Heal for lasting anti-pigmentation results that do not lead to skin irritations.\" \/>\n<meta property=\"og:url\" content=\"https:\/\/skin-heal.com\/es\/producto\/basic-science-natural-lightning-plus-modeling-mask-1kg\/\" \/>\n<meta property=\"og:site_name\" content=\"Skin Heal\" \/>\n<meta property=\"article:modified_time\" content=\"2021-03-30T12:12:07+00:00\" \/>\n<meta property=\"og:image\" content=\"https:\/\/cdn.skin-heal.com\/wp-content\/uploads\/2019\/09\/Natural-White-Plus-Modeling-Mask.jpg\" \/>\n\t<meta property=\"og:image:width\" content=\"600\" \/>\n\t<meta property=\"og:image:height\" content=\"600\" \/>\n\t<meta property=\"og:image:type\" content=\"image\/jpeg\" \/>\n<meta name=\"twitter:card\" content=\"summary_large_image\" \/>\n<meta name=\"twitter:label1\" content=\"Tiempo de lectura\" \/>\n\t<meta name=\"twitter:data1\" content=\"1 minuto\" \/>\n<script type=\"application\/ld+json\" class=\"yoast-schema-graph\">{\"@context\":\"https:\\\/\\\/schema.org\",\"@graph\":[{\"@type\":\"WebPage\",\"@id\":\"https:\\\/\\\/skin-heal.com\\\/product\\\/basic-science-natural-lightning-plus-modeling-mask-1kg\\\/\",\"url\":\"https:\\\/\\\/skin-heal.com\\\/product\\\/basic-science-natural-lightning-plus-modeling-mask-1kg\\\/\",\"name\":\"Basic Science Natural Lightning Plus Modeling Mask - 1kg - Skin Heal\",\"isPartOf\":{\"@id\":\"https:\\\/\\\/skin-heal.com\\\/#website\"},\"primaryImageOfPage\":{\"@id\":\"https:\\\/\\\/skin-heal.com\\\/product\\\/basic-science-natural-lightning-plus-modeling-mask-1kg\\\/#primaryimage\"},\"image\":{\"@id\":\"https:\\\/\\\/skin-heal.com\\\/product\\\/basic-science-natural-lightning-plus-modeling-mask-1kg\\\/#primaryimage\"},\"thumbnailUrl\":\"https:\\\/\\\/skin-heal.com\\\/wp-content\\\/uploads\\\/2019\\\/09\\\/Natural-White-Plus-Modeling-Mask.jpg\",\"datePublished\":\"2019-09-19T12:53:16+00:00\",\"dateModified\":\"2021-03-30T12:12:07+00:00\",\"description\":\"Get Histolab\u2019s Basic Science Natural Lighting Plus Modeling Mask via Skin Heal for lasting anti-pigmentation results that do not lead to skin irritations.\",\"breadcrumb\":{\"@id\":\"https:\\\/\\\/skin-heal.com\\\/product\\\/basic-science-natural-lightning-plus-modeling-mask-1kg\\\/#breadcrumb\"},\"inLanguage\":\"es\",\"potentialAction\":[{\"@type\":\"ReadAction\",\"target\":[\"https:\\\/\\\/skin-heal.com\\\/product\\\/basic-science-natural-lightning-plus-modeling-mask-1kg\\\/\"]}]},{\"@type\":\"ImageObject\",\"inLanguage\":\"es\",\"@id\":\"https:\\\/\\\/skin-heal.com\\\/product\\\/basic-science-natural-lightning-plus-modeling-mask-1kg\\\/#primaryimage\",\"url\":\"https:\\\/\\\/skin-heal.com\\\/wp-content\\\/uploads\\\/2019\\\/09\\\/Natural-White-Plus-Modeling-Mask.jpg\",\"contentUrl\":\"https:\\\/\\\/skin-heal.com\\\/wp-content\\\/uploads\\\/2019\\\/09\\\/Natural-White-Plus-Modeling-Mask.jpg\",\"width\":600,\"height\":600,\"caption\":\"Natural White Plus Modeling Mask\"},{\"@type\":\"BreadcrumbList\",\"@id\":\"https:\\\/\\\/skin-heal.com\\\/product\\\/basic-science-natural-lightning-plus-modeling-mask-1kg\\\/#breadcrumb\",\"itemListElement\":[{\"@type\":\"ListItem\",\"position\":1,\"name\":\"Home\",\"item\":\"https:\\\/\\\/skin-heal.com\\\/\"},{\"@type\":\"ListItem\",\"position\":2,\"name\":\"Store\",\"item\":\"https:\\\/\\\/skin-heal.com\\\/store\\\/\"},{\"@type\":\"ListItem\",\"position\":3,\"name\":\"Basic Science Natural Lightning Plus Modeling Mask &#8211; 1kg\"}]},{\"@type\":\"WebSite\",\"@id\":\"https:\\\/\\\/skin-heal.com\\\/#website\",\"url\":\"https:\\\/\\\/skin-heal.com\\\/\",\"name\":\"Skin Heal\",\"description\":\"Lowest Prices for Dermal Fillers\",\"potentialAction\":[{\"@type\":\"SearchAction\",\"target\":{\"@type\":\"EntryPoint\",\"urlTemplate\":\"https:\\\/\\\/skin-heal.com\\\/?s={search_term_string}\"},\"query-input\":{\"@type\":\"PropertyValueSpecification\",\"valueRequired\":true,\"valueName\":\"search_term_string\"}}],\"inLanguage\":\"es\"}]}<\/script>\n<!-- \/ Yoast SEO plugin. -->","yoast_head_json":{"title":"Basic Science Natural Lightning Plus Modeling Mask - 1kg - Skin Heal","description":"Consigue la mascarilla modeladora Basic Science Natural Lighting Plus de Histolab a trav\u00e9s de Skin Heal para obtener resultados antipigmentaci\u00f3n duraderos que no provoquen irritaciones en la piel.","robots":{"index":"index","follow":"follow","max-snippet":"max-snippet:-1","max-image-preview":"max-image-preview:large","max-video-preview":"max-video-preview:-1"},"canonical":"https:\/\/skin-heal.com\/es\/producto\/basic-science-natural-lightning-plus-modeling-mask-1kg\/","og_locale":"es_MX","og_type":"article","og_title":"Basic Science Natural Lightning Plus Modeling Mask - 1kg - Skin Heal","og_description":"Get Histolab\u2019s Basic Science Natural Lighting Plus Modeling Mask via Skin Heal for lasting anti-pigmentation results that do not lead to skin irritations.","og_url":"https:\/\/skin-heal.com\/es\/producto\/basic-science-natural-lightning-plus-modeling-mask-1kg\/","og_site_name":"Skin Heal","article_modified_time":"2021-03-30T12:12:07+00:00","og_image":[{"width":600,"height":600,"url":"https:\/\/cdn.skin-heal.com\/wp-content\/uploads\/2019\/09\/Natural-White-Plus-Modeling-Mask.jpg","type":"image\/jpeg"}],"twitter_card":"summary_large_image","twitter_misc":{"Tiempo de lectura":"1 minuto"},"schema":{"@context":"https:\/\/schema.org","@graph":[{"@type":"WebPage","@id":"https:\/\/skin-heal.com\/product\/basic-science-natural-lightning-plus-modeling-mask-1kg\/","url":"https:\/\/skin-heal.com\/product\/basic-science-natural-lightning-plus-modeling-mask-1kg\/","name":"Basic Science Natural Lightning Plus Modeling Mask - 1kg - Skin Heal","isPartOf":{"@id":"https:\/\/skin-heal.com\/#website"},"primaryImageOfPage":{"@id":"https:\/\/skin-heal.com\/product\/basic-science-natural-lightning-plus-modeling-mask-1kg\/#primaryimage"},"image":{"@id":"https:\/\/skin-heal.com\/product\/basic-science-natural-lightning-plus-modeling-mask-1kg\/#primaryimage"},"thumbnailUrl":"https:\/\/cdn.skin-heal.com\/wp-content\/uploads\/2019\/09\/Natural-White-Plus-Modeling-Mask.jpg","datePublished":"2019-09-19T12:53:16+00:00","dateModified":"2021-03-30T12:12:07+00:00","description":"Consigue la mascarilla modeladora Basic Science Natural Lighting Plus de Histolab a trav\u00e9s de Skin Heal para obtener resultados antipigmentaci\u00f3n duraderos que no provoquen irritaciones en la piel.","breadcrumb":{"@id":"https:\/\/skin-heal.com\/product\/basic-science-natural-lightning-plus-modeling-mask-1kg\/#breadcrumb"},"inLanguage":"es","potentialAction":[{"@type":"ReadAction","target":["https:\/\/skin-heal.com\/product\/basic-science-natural-lightning-plus-modeling-mask-1kg\/"]}]},{"@type":"ImageObject","inLanguage":"es","@id":"https:\/\/skin-heal.com\/product\/basic-science-natural-lightning-plus-modeling-mask-1kg\/#primaryimage","url":"https:\/\/cdn.skin-heal.com\/wp-content\/uploads\/2019\/09\/Natural-White-Plus-Modeling-Mask.jpg","contentUrl":"https:\/\/cdn.skin-heal.com\/wp-content\/uploads\/2019\/09\/Natural-White-Plus-Modeling-Mask.jpg","width":600,"height":600,"caption":"Natural White Plus Modeling Mask"},{"@type":"BreadcrumbList","@id":"https:\/\/skin-heal.com\/product\/basic-science-natural-lightning-plus-modeling-mask-1kg\/#breadcrumb","itemListElement":[{"@type":"ListItem","position":1,"name":"Home","item":"https:\/\/skin-heal.com\/"},{"@type":"ListItem","position":2,"name":"Store","item":"https:\/\/skin-heal.com\/store\/"},{"@type":"ListItem","position":3,"name":"Basic Science Natural Lightning Plus Modeling Mask &#8211; 1kg"}]},{"@type":"WebSite","@id":"https:\/\/skin-heal.com\/#website","url":"https:\/\/skin-heal.com\/","name":"Curaci\u00f3n de la piel","description":"Los precios m\u00e1s bajos para los rellenos d\u00e9rmicos","potentialAction":[{"@type":"SearchAction","target":{"@type":"EntryPoint","urlTemplate":"https:\/\/skin-heal.com\/?s={search_term_string}"},"query-input":{"@type":"PropertyValueSpecification","valueRequired":true,"valueName":"search_term_string"}}],"inLanguage":"es"}]}},"_links":{"self":[{"href":"https:\/\/skin-heal.com\/es\/wp-json\/wp\/v2\/product\/9348","targetHints":{"allow":["GET"]}}],"collection":[{"href":"https:\/\/skin-heal.com\/es\/wp-json\/wp\/v2\/product"}],"about":[{"href":"https:\/\/skin-heal.com\/es\/wp-json\/wp\/v2\/types\/product"}],"wp:featuredmedia":[{"embeddable":true,"href":"https:\/\/skin-heal.com\/es\/wp-json\/wp\/v2\/media\/9354"}],"wp:attachment":[{"href":"https:\/\/skin-heal.com\/es\/wp-json\/wp\/v2\/media?parent=9348"}],"wp:term":[{"taxonomy":"product_brand","embeddable":true,"href":"https:\/\/skin-heal.com\/es\/wp-json\/wp\/v2\/product_brand?post=9348"},{"taxonomy":"product_cat","embeddable":true,"href":"https:\/\/skin-heal.com\/es\/wp-json\/wp\/v2\/product_cat?post=9348"},{"taxonomy":"product_tag","embeddable":true,"href":"https:\/\/skin-heal.com\/es\/wp-json\/wp\/v2\/product_tag?post=9348"}],"curies":[{"name":"wp","href":"https:\/\/api.w.org\/{rel}","templated":true}]}}