{"id":9349,"date":"2019-09-19T12:56:08","date_gmt":"2019-09-19T12:56:08","guid":{"rendered":"https:\/\/skin-heal.com\/?post_type=product&#038;p=9349"},"modified":"2021-03-30T12:12:07","modified_gmt":"2021-03-30T12:12:07","slug":"basic-science-soft-deep-cleansing-enzyme-powder-wash-50g","status":"publish","type":"product","link":"https:\/\/skin-heal.com\/es\/producto\/basic-science-soft-deep-cleansing-enzyme-powder-wash-50g\/","title":{"rendered":"Basic Science Soft Deep Cleansing Enzyme Powder Wash - 50g"},"content":{"rendered":"<h3>Un efecto limpiador profundo y duradero<\/h3>\n<p>Basic Science Soft Deep Cleansing Enzyme Powder Wash es un robusto producto exfoliante. Al basarse en las propiedades de limpieza \u00fanicas de las sustancias beneficiosas para la salud como la papa\u00edna y la bromelina, se <em>elimina de forma segura las c\u00e9lulas muertas de la piel, los puntos negros y las impurezas<\/em> y tambi\u00e9n corrige el aspecto de los poros dilatados y obstruidos.<\/p>\n<h3>Un lavado de polvo no agresivo<\/h3>\n<p>La mayor\u00eda de los productos exfoliantes de calidad profesional suelen provocar un amplio espectro de sensaciones desagradables como picores, rojeces e irritaciones. Este no es el caso de Basic Science Soft Deep Cleansing Enzyme Powder Wash de Histolab, porque lo es:<\/p>\n<ul>\n<li>Sin alcohol ni parabenos<\/li>\n<li>Fabricado de acuerdo con las normas internacionales de seguridad, salud y calidad<\/li>\n<li>Contiene almid\u00f3n de ma\u00edz con glicirrizato dipot\u00e1sico que calma todo tipo de irritaciones cut\u00e1neas<\/li>\n<li>Se basa principalmente en ingredientes totalmente naturales y no contiene productos qu\u00edmicos<\/li>\n<\/ul>\n<p>Por eso, este lavado de polvo \u00fanico puede <em>benefician incluso a las personas con pieles muy sensibles<\/em>.<\/p>\n<p><u>Utilizar 1 cucharadita de producto<\/u> para cada tratamiento. M\u00e9zclelo con un poco de agua para obtener una espuma y apl\u00edquelo sobre el rostro con suaves movimientos de frotaci\u00f3n. Masaj\u00e9alo en la piel durante un m\u00ednimo de 10 segundos y luego acl\u00e1ralo con agua tibia. Sin embargo, antes deber\u00e1 solicitarlo en el sitio web de Skin Heal.<\/p>","protected":false},"excerpt":{"rendered":"<p>Una piel bien exfoliada es menos propensa a problemas cosm\u00e9ticos como el acn\u00e9 o la producci\u00f3n excesiva de sebo. Basic Science Soft Deep Cleansing Enzyme Powder Wash 50g es un producto de primera elecci\u00f3n para una limpieza facial profunda y <u>exfoliaci\u00f3n de la piel eficaz pero no agresiva<\/u>. Producido por Histolab, este limpiador en polvo de alto rendimiento elimina r\u00e1pidamente los puntos negros y las impurezas, pero no da\u00f1a la piel. El sitio web de Skin Heal es donde se puede encontrar a un precio razonable.<\/p>","protected":false},"featured_media":9356,"template":"","meta":[],"product_brand":[],"product_cat":[87,113,114],"product_tag":[],"class_list":{"0":"post-9349","1":"product","2":"type-product","3":"status-publish","4":"has-post-thumbnail","6":"product_cat-cosmetics","7":"product_cat-histolab","8":"product_cat-medians","9":"clearfix","11":"first","12":"outofstock","13":"taxable","14":"shipping-taxable","15":"purchasable","16":"product-type-simple"},"yoast_head":"<!-- This site is optimized with the Yoast SEO plugin v27.4 - https:\/\/yoast.com\/product\/yoast-seo-wordpress\/ -->\n<title>Basic Science Soft Deep Cleansing Enzyme Powder Wash - 50g - Skin Heal<\/title>\n<meta name=\"description\" content=\"Visit Skin Heal to get Basic Science Soft Deep Cleansing Enzyme Powder Wash \u2013 a premium-quality exfoliating product with excellent cleansing powers.\" \/>\n<meta name=\"robots\" content=\"index, follow, max-snippet:-1, max-image-preview:large, max-video-preview:-1\" \/>\n<link rel=\"canonical\" href=\"https:\/\/skin-heal.com\/es\/producto\/basic-science-soft-deep-cleansing-enzyme-powder-wash-50g\/\" \/>\n<meta property=\"og:locale\" content=\"es_MX\" \/>\n<meta property=\"og:type\" content=\"article\" \/>\n<meta property=\"og:title\" content=\"Basic Science Soft Deep Cleansing Enzyme Powder Wash - 50g - Skin Heal\" \/>\n<meta property=\"og:description\" content=\"Visit Skin Heal to get Basic Science Soft Deep Cleansing Enzyme Powder Wash \u2013 a premium-quality exfoliating product with excellent cleansing powers.\" \/>\n<meta property=\"og:url\" content=\"https:\/\/skin-heal.com\/es\/producto\/basic-science-soft-deep-cleansing-enzyme-powder-wash-50g\/\" \/>\n<meta property=\"og:site_name\" content=\"Skin Heal\" \/>\n<meta property=\"article:modified_time\" content=\"2021-03-30T12:12:07+00:00\" \/>\n<meta property=\"og:image\" content=\"https:\/\/cdn.skin-heal.com\/wp-content\/uploads\/2019\/09\/Enzyme-Powder-Wash.jpg\" \/>\n\t<meta property=\"og:image:width\" content=\"600\" \/>\n\t<meta property=\"og:image:height\" content=\"600\" \/>\n\t<meta property=\"og:image:type\" content=\"image\/jpeg\" \/>\n<meta name=\"twitter:card\" content=\"summary_large_image\" \/>\n<meta name=\"twitter:label1\" content=\"Tiempo de lectura\" \/>\n\t<meta name=\"twitter:data1\" content=\"1 minuto\" \/>\n<script type=\"application\/ld+json\" class=\"yoast-schema-graph\">{\"@context\":\"https:\\\/\\\/schema.org\",\"@graph\":[{\"@type\":\"WebPage\",\"@id\":\"https:\\\/\\\/skin-heal.com\\\/product\\\/basic-science-soft-deep-cleansing-enzyme-powder-wash-50g\\\/\",\"url\":\"https:\\\/\\\/skin-heal.com\\\/product\\\/basic-science-soft-deep-cleansing-enzyme-powder-wash-50g\\\/\",\"name\":\"Basic Science Soft Deep Cleansing Enzyme Powder Wash - 50g - Skin Heal\",\"isPartOf\":{\"@id\":\"https:\\\/\\\/skin-heal.com\\\/#website\"},\"primaryImageOfPage\":{\"@id\":\"https:\\\/\\\/skin-heal.com\\\/product\\\/basic-science-soft-deep-cleansing-enzyme-powder-wash-50g\\\/#primaryimage\"},\"image\":{\"@id\":\"https:\\\/\\\/skin-heal.com\\\/product\\\/basic-science-soft-deep-cleansing-enzyme-powder-wash-50g\\\/#primaryimage\"},\"thumbnailUrl\":\"https:\\\/\\\/skin-heal.com\\\/wp-content\\\/uploads\\\/2019\\\/09\\\/Enzyme-Powder-Wash.jpg\",\"datePublished\":\"2019-09-19T12:56:08+00:00\",\"dateModified\":\"2021-03-30T12:12:07+00:00\",\"description\":\"Visit Skin Heal to get Basic Science Soft Deep Cleansing Enzyme Powder Wash \u2013 a premium-quality exfoliating product with excellent cleansing powers.\",\"breadcrumb\":{\"@id\":\"https:\\\/\\\/skin-heal.com\\\/product\\\/basic-science-soft-deep-cleansing-enzyme-powder-wash-50g\\\/#breadcrumb\"},\"inLanguage\":\"es\",\"potentialAction\":[{\"@type\":\"ReadAction\",\"target\":[\"https:\\\/\\\/skin-heal.com\\\/product\\\/basic-science-soft-deep-cleansing-enzyme-powder-wash-50g\\\/\"]}]},{\"@type\":\"ImageObject\",\"inLanguage\":\"es\",\"@id\":\"https:\\\/\\\/skin-heal.com\\\/product\\\/basic-science-soft-deep-cleansing-enzyme-powder-wash-50g\\\/#primaryimage\",\"url\":\"https:\\\/\\\/skin-heal.com\\\/wp-content\\\/uploads\\\/2019\\\/09\\\/Enzyme-Powder-Wash.jpg\",\"contentUrl\":\"https:\\\/\\\/skin-heal.com\\\/wp-content\\\/uploads\\\/2019\\\/09\\\/Enzyme-Powder-Wash.jpg\",\"width\":600,\"height\":600,\"caption\":\"Enzyme Powder Wash\"},{\"@type\":\"BreadcrumbList\",\"@id\":\"https:\\\/\\\/skin-heal.com\\\/product\\\/basic-science-soft-deep-cleansing-enzyme-powder-wash-50g\\\/#breadcrumb\",\"itemListElement\":[{\"@type\":\"ListItem\",\"position\":1,\"name\":\"Home\",\"item\":\"https:\\\/\\\/skin-heal.com\\\/\"},{\"@type\":\"ListItem\",\"position\":2,\"name\":\"Store\",\"item\":\"https:\\\/\\\/skin-heal.com\\\/store\\\/\"},{\"@type\":\"ListItem\",\"position\":3,\"name\":\"Basic Science Soft Deep Cleansing Enzyme Powder Wash &#8211; 50g\"}]},{\"@type\":\"WebSite\",\"@id\":\"https:\\\/\\\/skin-heal.com\\\/#website\",\"url\":\"https:\\\/\\\/skin-heal.com\\\/\",\"name\":\"Skin Heal\",\"description\":\"Lowest Prices for Dermal Fillers\",\"potentialAction\":[{\"@type\":\"SearchAction\",\"target\":{\"@type\":\"EntryPoint\",\"urlTemplate\":\"https:\\\/\\\/skin-heal.com\\\/?s={search_term_string}\"},\"query-input\":{\"@type\":\"PropertyValueSpecification\",\"valueRequired\":true,\"valueName\":\"search_term_string\"}}],\"inLanguage\":\"es\"}]}<\/script>\n<!-- \/ Yoast SEO plugin. -->","yoast_head_json":{"title":"Basic Science Polvo Limpiador Enzim\u00e1tico Suave - 50g - Skin Heal","description":"Visite Skin Heal para obtener Basic Science Soft Deep Cleansing Enzyme Powder Wash, un producto exfoliante de primera calidad con un excelente poder limpiador.","robots":{"index":"index","follow":"follow","max-snippet":"max-snippet:-1","max-image-preview":"max-image-preview:large","max-video-preview":"max-video-preview:-1"},"canonical":"https:\/\/skin-heal.com\/es\/producto\/basic-science-soft-deep-cleansing-enzyme-powder-wash-50g\/","og_locale":"es_MX","og_type":"article","og_title":"Basic Science Soft Deep Cleansing Enzyme Powder Wash - 50g - Skin Heal","og_description":"Visit Skin Heal to get Basic Science Soft Deep Cleansing Enzyme Powder Wash \u2013 a premium-quality exfoliating product with excellent cleansing powers.","og_url":"https:\/\/skin-heal.com\/es\/producto\/basic-science-soft-deep-cleansing-enzyme-powder-wash-50g\/","og_site_name":"Skin Heal","article_modified_time":"2021-03-30T12:12:07+00:00","og_image":[{"width":600,"height":600,"url":"https:\/\/cdn.skin-heal.com\/wp-content\/uploads\/2019\/09\/Enzyme-Powder-Wash.jpg","type":"image\/jpeg"}],"twitter_card":"summary_large_image","twitter_misc":{"Tiempo de lectura":"1 minuto"},"schema":{"@context":"https:\/\/schema.org","@graph":[{"@type":"WebPage","@id":"https:\/\/skin-heal.com\/product\/basic-science-soft-deep-cleansing-enzyme-powder-wash-50g\/","url":"https:\/\/skin-heal.com\/product\/basic-science-soft-deep-cleansing-enzyme-powder-wash-50g\/","name":"Basic Science Polvo Limpiador Enzim\u00e1tico Suave - 50g - Skin Heal","isPartOf":{"@id":"https:\/\/skin-heal.com\/#website"},"primaryImageOfPage":{"@id":"https:\/\/skin-heal.com\/product\/basic-science-soft-deep-cleansing-enzyme-powder-wash-50g\/#primaryimage"},"image":{"@id":"https:\/\/skin-heal.com\/product\/basic-science-soft-deep-cleansing-enzyme-powder-wash-50g\/#primaryimage"},"thumbnailUrl":"https:\/\/cdn.skin-heal.com\/wp-content\/uploads\/2019\/09\/Enzyme-Powder-Wash.jpg","datePublished":"2019-09-19T12:56:08+00:00","dateModified":"2021-03-30T12:12:07+00:00","description":"Visite Skin Heal para obtener Basic Science Soft Deep Cleansing Enzyme Powder Wash, un producto exfoliante de primera calidad con un excelente poder limpiador.","breadcrumb":{"@id":"https:\/\/skin-heal.com\/product\/basic-science-soft-deep-cleansing-enzyme-powder-wash-50g\/#breadcrumb"},"inLanguage":"es","potentialAction":[{"@type":"ReadAction","target":["https:\/\/skin-heal.com\/product\/basic-science-soft-deep-cleansing-enzyme-powder-wash-50g\/"]}]},{"@type":"ImageObject","inLanguage":"es","@id":"https:\/\/skin-heal.com\/product\/basic-science-soft-deep-cleansing-enzyme-powder-wash-50g\/#primaryimage","url":"https:\/\/cdn.skin-heal.com\/wp-content\/uploads\/2019\/09\/Enzyme-Powder-Wash.jpg","contentUrl":"https:\/\/cdn.skin-heal.com\/wp-content\/uploads\/2019\/09\/Enzyme-Powder-Wash.jpg","width":600,"height":600,"caption":"Enzyme Powder Wash"},{"@type":"BreadcrumbList","@id":"https:\/\/skin-heal.com\/product\/basic-science-soft-deep-cleansing-enzyme-powder-wash-50g\/#breadcrumb","itemListElement":[{"@type":"ListItem","position":1,"name":"Home","item":"https:\/\/skin-heal.com\/"},{"@type":"ListItem","position":2,"name":"Store","item":"https:\/\/skin-heal.com\/store\/"},{"@type":"ListItem","position":3,"name":"Basic Science Soft Deep Cleansing Enzyme Powder Wash &#8211; 50g"}]},{"@type":"WebSite","@id":"https:\/\/skin-heal.com\/#website","url":"https:\/\/skin-heal.com\/","name":"Curaci\u00f3n de la piel","description":"Los precios m\u00e1s bajos para los rellenos d\u00e9rmicos","potentialAction":[{"@type":"SearchAction","target":{"@type":"EntryPoint","urlTemplate":"https:\/\/skin-heal.com\/?s={search_term_string}"},"query-input":{"@type":"PropertyValueSpecification","valueRequired":true,"valueName":"search_term_string"}}],"inLanguage":"es"}]}},"_links":{"self":[{"href":"https:\/\/skin-heal.com\/es\/wp-json\/wp\/v2\/product\/9349","targetHints":{"allow":["GET"]}}],"collection":[{"href":"https:\/\/skin-heal.com\/es\/wp-json\/wp\/v2\/product"}],"about":[{"href":"https:\/\/skin-heal.com\/es\/wp-json\/wp\/v2\/types\/product"}],"wp:featuredmedia":[{"embeddable":true,"href":"https:\/\/skin-heal.com\/es\/wp-json\/wp\/v2\/media\/9356"}],"wp:attachment":[{"href":"https:\/\/skin-heal.com\/es\/wp-json\/wp\/v2\/media?parent=9349"}],"wp:term":[{"taxonomy":"product_brand","embeddable":true,"href":"https:\/\/skin-heal.com\/es\/wp-json\/wp\/v2\/product_brand?post=9349"},{"taxonomy":"product_cat","embeddable":true,"href":"https:\/\/skin-heal.com\/es\/wp-json\/wp\/v2\/product_cat?post=9349"},{"taxonomy":"product_tag","embeddable":true,"href":"https:\/\/skin-heal.com\/es\/wp-json\/wp\/v2\/product_tag?post=9349"}],"curies":[{"name":"wp","href":"https:\/\/api.w.org\/{rel}","templated":true}]}}