{"id":9350,"date":"2019-09-19T12:53:49","date_gmt":"2019-09-19T12:53:49","guid":{"rendered":"https:\/\/skin-heal.com\/?post_type=product&#038;p=9350"},"modified":"2021-03-30T12:12:07","modified_gmt":"2021-03-30T12:12:07","slug":"basic-science-silver-plus-modeling-mask-1kg","status":"publish","type":"product","link":"https:\/\/skin-heal.com\/es\/producto\/basic-science-silver-plus-modeling-mask-1kg\/","title":{"rendered":"M\u00e1scara de modelado Basic Science Silver Plus - 1kg"},"content":{"rendered":"<h3>Una potente mascarilla facial que alivia f\u00e1cilmente la piel irritada<\/h3>\n<p>Aunque Histolab ha creado su Mascarilla Modeladora Basic Science Silver Plus de tal manera que puede aplicarse f\u00e1cilmente en una amplia gama de tipos de piel, es m\u00e1s adecuada para las personas con piel grasa. El aumento de la producci\u00f3n de sebo puede dar lugar a una serie de problemas cut\u00e1neos como <em>acn\u00e9, poros dilatados, inflamaciones e irritaciones<\/em>. Esta innovadora mascarilla modeladora ayuda a las patentes a lidiar con cada una de ellas con la ayuda de los siguientes ingredientes:<\/p>\n<ul>\n<li><strong>Col\u00e1geno hidrolizado e hialuronato de sodio<\/strong> - para una s\u00f3lida hidrataci\u00f3n<\/li>\n<li><strong>Polvo de perla<\/strong> - conserva los niveles de hidrataci\u00f3n<\/li>\n<li><strong>Alanto\u00edna y Beta\u00edna<\/strong> - calmar la piel irritada<\/li>\n<li><strong>Extracto de Glycyrrhiza<\/strong> - utiliza los nutrientes para revitalizar la piel<\/li>\n<\/ul>\n<h3>Contraindicaciones<\/h3>\n<p>Al igual que las dem\u00e1s mascarillas profesionales de la l\u00ednea Basic Science de Histolab, \u00e9sta tambi\u00e9n ha pasado por varias pruebas cl\u00ednicas antes de salir oficialmente al mercado. La mayor\u00eda de los ingredientes que contiene son de origen natural (derivados de plantas). La mascarilla modeladora Basic Science Silver Plus no contiene alcohol ni parabenos. Por eso su uso es <u>no se conoce que cause efectos adversos graves<\/u>. Aun as\u00ed, no se recomienda su aplicaci\u00f3n en pacientes que:<\/p>\n<ul>\n<li>Es al\u00e9rgico o hipersensible a algunos de sus ingredientes<\/li>\n<li>Sufre una enfermedad de la piel (dermatitis, eczema, etc.)<\/li>\n<li>Son menores de 21 a\u00f1os<\/li>\n<li>Tiene una piel muy sensible<\/li>\n<\/ul>","protected":false},"excerpt":{"rendered":"<p>Basic Science Silver Plus Modeling Mask 1kg es un producto avanzado para el cuidado de la piel que puede <strong>calmar la piel grasa<\/strong> restaurando sus niveles de equilibrio sebo-acuoso. Utiliza una poderosa combinaci\u00f3n de ingredientes sin riesgo entre los que se encuentran extractos de plantas e importantes nutrientes. Este <u>magn\u00edfica m\u00e1scara facial de Histolab<\/u> tambi\u00e9n calmar\u00e1 la piel irritada y mejorar\u00e1 su equilibrio h\u00eddrico. P\u00eddalo hoy mismo a nosotros, en Skin Heal, para tratar con \u00e9xito la producci\u00f3n excesiva de sebo, el acn\u00e9 y las inflamaciones de la piel.<\/p>","protected":false},"featured_media":9355,"template":"","meta":[],"product_brand":[],"product_cat":[87,113,114],"product_tag":[],"class_list":{"0":"post-9350","1":"product","2":"type-product","3":"status-publish","4":"has-post-thumbnail","6":"product_cat-cosmetics","7":"product_cat-histolab","8":"product_cat-medians","9":"clearfix","11":"first","12":"outofstock","13":"taxable","14":"shipping-taxable","15":"purchasable","16":"product-type-simple"},"yoast_head":"<!-- This site is optimized with the Yoast SEO plugin v27.4 - https:\/\/yoast.com\/product\/yoast-seo-wordpress\/ -->\n<title>Basic Science Silver Plus Modeling Mask - 1kg - Skin Heal<\/title>\n<meta name=\"description\" content=\"Sold by Skin Heal, Basic Science Silver Plus Modeling Mask is a top-notch face mask for oily skin that reduces sebum production and increases hydration.\" \/>\n<meta name=\"robots\" content=\"index, follow, max-snippet:-1, max-image-preview:large, max-video-preview:-1\" \/>\n<link rel=\"canonical\" href=\"https:\/\/skin-heal.com\/es\/producto\/basic-science-silver-plus-modeling-mask-1kg\/\" \/>\n<meta property=\"og:locale\" content=\"es_MX\" \/>\n<meta property=\"og:type\" content=\"article\" \/>\n<meta property=\"og:title\" content=\"Basic Science Silver Plus Modeling Mask - 1kg - Skin Heal\" \/>\n<meta property=\"og:description\" content=\"Sold by Skin Heal, Basic Science Silver Plus Modeling Mask is a top-notch face mask for oily skin that reduces sebum production and increases hydration.\" \/>\n<meta property=\"og:url\" content=\"https:\/\/skin-heal.com\/es\/producto\/basic-science-silver-plus-modeling-mask-1kg\/\" \/>\n<meta property=\"og:site_name\" content=\"Skin Heal\" \/>\n<meta property=\"article:modified_time\" content=\"2021-03-30T12:12:07+00:00\" \/>\n<meta property=\"og:image\" content=\"https:\/\/cdn.skin-heal.com\/wp-content\/uploads\/2019\/09\/Silver-Plus-Modeling-Mask.jpg\" \/>\n\t<meta property=\"og:image:width\" content=\"600\" \/>\n\t<meta property=\"og:image:height\" content=\"600\" \/>\n\t<meta property=\"og:image:type\" content=\"image\/jpeg\" \/>\n<meta name=\"twitter:card\" content=\"summary_large_image\" \/>\n<meta name=\"twitter:label1\" content=\"Tiempo de lectura\" \/>\n\t<meta name=\"twitter:data1\" content=\"1 minuto\" \/>\n<script type=\"application\/ld+json\" class=\"yoast-schema-graph\">{\"@context\":\"https:\\\/\\\/schema.org\",\"@graph\":[{\"@type\":\"WebPage\",\"@id\":\"https:\\\/\\\/skin-heal.com\\\/product\\\/basic-science-silver-plus-modeling-mask-1kg\\\/\",\"url\":\"https:\\\/\\\/skin-heal.com\\\/product\\\/basic-science-silver-plus-modeling-mask-1kg\\\/\",\"name\":\"Basic Science Silver Plus Modeling Mask - 1kg - Skin Heal\",\"isPartOf\":{\"@id\":\"https:\\\/\\\/skin-heal.com\\\/#website\"},\"primaryImageOfPage\":{\"@id\":\"https:\\\/\\\/skin-heal.com\\\/product\\\/basic-science-silver-plus-modeling-mask-1kg\\\/#primaryimage\"},\"image\":{\"@id\":\"https:\\\/\\\/skin-heal.com\\\/product\\\/basic-science-silver-plus-modeling-mask-1kg\\\/#primaryimage\"},\"thumbnailUrl\":\"https:\\\/\\\/skin-heal.com\\\/wp-content\\\/uploads\\\/2019\\\/09\\\/Silver-Plus-Modeling-Mask.jpg\",\"datePublished\":\"2019-09-19T12:53:49+00:00\",\"dateModified\":\"2021-03-30T12:12:07+00:00\",\"description\":\"Sold by Skin Heal, Basic Science Silver Plus Modeling Mask is a top-notch face mask for oily skin that reduces sebum production and increases hydration.\",\"breadcrumb\":{\"@id\":\"https:\\\/\\\/skin-heal.com\\\/product\\\/basic-science-silver-plus-modeling-mask-1kg\\\/#breadcrumb\"},\"inLanguage\":\"es\",\"potentialAction\":[{\"@type\":\"ReadAction\",\"target\":[\"https:\\\/\\\/skin-heal.com\\\/product\\\/basic-science-silver-plus-modeling-mask-1kg\\\/\"]}]},{\"@type\":\"ImageObject\",\"inLanguage\":\"es\",\"@id\":\"https:\\\/\\\/skin-heal.com\\\/product\\\/basic-science-silver-plus-modeling-mask-1kg\\\/#primaryimage\",\"url\":\"https:\\\/\\\/skin-heal.com\\\/wp-content\\\/uploads\\\/2019\\\/09\\\/Silver-Plus-Modeling-Mask.jpg\",\"contentUrl\":\"https:\\\/\\\/skin-heal.com\\\/wp-content\\\/uploads\\\/2019\\\/09\\\/Silver-Plus-Modeling-Mask.jpg\",\"width\":600,\"height\":600,\"caption\":\"Silver Plus Modeling Mask\"},{\"@type\":\"BreadcrumbList\",\"@id\":\"https:\\\/\\\/skin-heal.com\\\/product\\\/basic-science-silver-plus-modeling-mask-1kg\\\/#breadcrumb\",\"itemListElement\":[{\"@type\":\"ListItem\",\"position\":1,\"name\":\"Home\",\"item\":\"https:\\\/\\\/skin-heal.com\\\/\"},{\"@type\":\"ListItem\",\"position\":2,\"name\":\"Store\",\"item\":\"https:\\\/\\\/skin-heal.com\\\/store\\\/\"},{\"@type\":\"ListItem\",\"position\":3,\"name\":\"Basic Science Silver Plus Modeling Mask &#8211; 1kg\"}]},{\"@type\":\"WebSite\",\"@id\":\"https:\\\/\\\/skin-heal.com\\\/#website\",\"url\":\"https:\\\/\\\/skin-heal.com\\\/\",\"name\":\"Skin Heal\",\"description\":\"Lowest Prices for Dermal Fillers\",\"potentialAction\":[{\"@type\":\"SearchAction\",\"target\":{\"@type\":\"EntryPoint\",\"urlTemplate\":\"https:\\\/\\\/skin-heal.com\\\/?s={search_term_string}\"},\"query-input\":{\"@type\":\"PropertyValueSpecification\",\"valueRequired\":true,\"valueName\":\"search_term_string\"}}],\"inLanguage\":\"es\"}]}<\/script>\n<!-- \/ Yoast SEO plugin. -->","yoast_head_json":{"title":"Basic Science Silver Plus Modeling Mask - 1kg - Skin Heal","description":"Comercializada por Skin Heal, Basic Science Silver Plus Modeling Mask es una mascarilla facial de primera calidad para pieles grasas que reduce la producci\u00f3n de sebo y aumenta la hidrataci\u00f3n.","robots":{"index":"index","follow":"follow","max-snippet":"max-snippet:-1","max-image-preview":"max-image-preview:large","max-video-preview":"max-video-preview:-1"},"canonical":"https:\/\/skin-heal.com\/es\/producto\/basic-science-silver-plus-modeling-mask-1kg\/","og_locale":"es_MX","og_type":"article","og_title":"Basic Science Silver Plus Modeling Mask - 1kg - Skin Heal","og_description":"Sold by Skin Heal, Basic Science Silver Plus Modeling Mask is a top-notch face mask for oily skin that reduces sebum production and increases hydration.","og_url":"https:\/\/skin-heal.com\/es\/producto\/basic-science-silver-plus-modeling-mask-1kg\/","og_site_name":"Skin Heal","article_modified_time":"2021-03-30T12:12:07+00:00","og_image":[{"width":600,"height":600,"url":"https:\/\/cdn.skin-heal.com\/wp-content\/uploads\/2019\/09\/Silver-Plus-Modeling-Mask.jpg","type":"image\/jpeg"}],"twitter_card":"summary_large_image","twitter_misc":{"Tiempo de lectura":"1 minuto"},"schema":{"@context":"https:\/\/schema.org","@graph":[{"@type":"WebPage","@id":"https:\/\/skin-heal.com\/product\/basic-science-silver-plus-modeling-mask-1kg\/","url":"https:\/\/skin-heal.com\/product\/basic-science-silver-plus-modeling-mask-1kg\/","name":"Basic Science Silver Plus Modeling Mask - 1kg - Skin Heal","isPartOf":{"@id":"https:\/\/skin-heal.com\/#website"},"primaryImageOfPage":{"@id":"https:\/\/skin-heal.com\/product\/basic-science-silver-plus-modeling-mask-1kg\/#primaryimage"},"image":{"@id":"https:\/\/skin-heal.com\/product\/basic-science-silver-plus-modeling-mask-1kg\/#primaryimage"},"thumbnailUrl":"https:\/\/cdn.skin-heal.com\/wp-content\/uploads\/2019\/09\/Silver-Plus-Modeling-Mask.jpg","datePublished":"2019-09-19T12:53:49+00:00","dateModified":"2021-03-30T12:12:07+00:00","description":"Comercializada por Skin Heal, Basic Science Silver Plus Modeling Mask es una mascarilla facial de primera calidad para pieles grasas que reduce la producci\u00f3n de sebo y aumenta la hidrataci\u00f3n.","breadcrumb":{"@id":"https:\/\/skin-heal.com\/product\/basic-science-silver-plus-modeling-mask-1kg\/#breadcrumb"},"inLanguage":"es","potentialAction":[{"@type":"ReadAction","target":["https:\/\/skin-heal.com\/product\/basic-science-silver-plus-modeling-mask-1kg\/"]}]},{"@type":"ImageObject","inLanguage":"es","@id":"https:\/\/skin-heal.com\/product\/basic-science-silver-plus-modeling-mask-1kg\/#primaryimage","url":"https:\/\/cdn.skin-heal.com\/wp-content\/uploads\/2019\/09\/Silver-Plus-Modeling-Mask.jpg","contentUrl":"https:\/\/cdn.skin-heal.com\/wp-content\/uploads\/2019\/09\/Silver-Plus-Modeling-Mask.jpg","width":600,"height":600,"caption":"Silver Plus Modeling Mask"},{"@type":"BreadcrumbList","@id":"https:\/\/skin-heal.com\/product\/basic-science-silver-plus-modeling-mask-1kg\/#breadcrumb","itemListElement":[{"@type":"ListItem","position":1,"name":"Home","item":"https:\/\/skin-heal.com\/"},{"@type":"ListItem","position":2,"name":"Store","item":"https:\/\/skin-heal.com\/store\/"},{"@type":"ListItem","position":3,"name":"Basic Science Silver Plus Modeling Mask &#8211; 1kg"}]},{"@type":"WebSite","@id":"https:\/\/skin-heal.com\/#website","url":"https:\/\/skin-heal.com\/","name":"Curaci\u00f3n de la piel","description":"Los precios m\u00e1s bajos para los rellenos d\u00e9rmicos","potentialAction":[{"@type":"SearchAction","target":{"@type":"EntryPoint","urlTemplate":"https:\/\/skin-heal.com\/?s={search_term_string}"},"query-input":{"@type":"PropertyValueSpecification","valueRequired":true,"valueName":"search_term_string"}}],"inLanguage":"es"}]}},"_links":{"self":[{"href":"https:\/\/skin-heal.com\/es\/wp-json\/wp\/v2\/product\/9350","targetHints":{"allow":["GET"]}}],"collection":[{"href":"https:\/\/skin-heal.com\/es\/wp-json\/wp\/v2\/product"}],"about":[{"href":"https:\/\/skin-heal.com\/es\/wp-json\/wp\/v2\/types\/product"}],"wp:featuredmedia":[{"embeddable":true,"href":"https:\/\/skin-heal.com\/es\/wp-json\/wp\/v2\/media\/9355"}],"wp:attachment":[{"href":"https:\/\/skin-heal.com\/es\/wp-json\/wp\/v2\/media?parent=9350"}],"wp:term":[{"taxonomy":"product_brand","embeddable":true,"href":"https:\/\/skin-heal.com\/es\/wp-json\/wp\/v2\/product_brand?post=9350"},{"taxonomy":"product_cat","embeddable":true,"href":"https:\/\/skin-heal.com\/es\/wp-json\/wp\/v2\/product_cat?post=9350"},{"taxonomy":"product_tag","embeddable":true,"href":"https:\/\/skin-heal.com\/es\/wp-json\/wp\/v2\/product_tag?post=9350"}],"curies":[{"name":"wp","href":"https:\/\/api.w.org\/{rel}","templated":true}]}}