{"id":9351,"date":"2019-09-19T12:57:48","date_gmt":"2019-09-19T12:57:48","guid":{"rendered":"https:\/\/skin-heal.com\/?post_type=product&#038;p=9351"},"modified":"2021-03-30T12:12:07","modified_gmt":"2021-03-30T12:12:07","slug":"derma-science-47-vita-c-complex-ampoule-50ml","status":"publish","type":"product","link":"https:\/\/skin-heal.com\/es\/producto\/derma-science-47-vita-c-complex-ampoule-50ml\/","title":{"rendered":"Derma Science 47% Vita C Complex Ampoule - 50ml"},"content":{"rendered":"<h3>Una soluci\u00f3n blanqueadora de la piel de primera calidad con poderes calmantes<\/h3>\n<p>Derma Since 47% Vita C Complex Ampoule es una excelente soluci\u00f3n para blanquear la piel. Mejora el tono de la piel y <strong>reduce gradualmente las manchas oscuras<\/strong> porque es rica en el Complejo Vita C de Histolab y en Arbutina, ambos famosos por sus impresionantes poderes iluminadores. Lo \u00fanico de esta innovadora ampolla para el cuidado de la piel es que, aunque se aplique en pieles sensibles o se utilice durante un periodo prolongado, no reseca, irrita ni da\u00f1a la piel porque cuenta con las siguientes propiedades adicionales:<\/p>\n<ul>\n<li>Hidrataci\u00f3n eficaz de la piel y preservaci\u00f3n del equilibrio h\u00eddrico (hialuronato de sodio, complejo SRGF H1 y trehalosa)<\/li>\n<li>Un r\u00e1pido efecto calmante (extracto de Aloe Vera)<\/li>\n<li>Funciones protectoras (Glycyrrhiza Glabra en polvo)<\/li>\n<\/ul>\n<h3>Gu\u00eda b\u00e1sica de aplicaci\u00f3n y efectos secundarios<\/h3>\n<p>Comience por limpiar meticulosamente la piel de su rostro. Para potenciar los efectos de esta ampolla cosm\u00e9tica de clase mundial, trate la piel con un t\u00f3nico (preferiblemente uno de la l\u00ednea Derma Science de Histolab). <em>Tomar 2 o 3 gotas del producto<\/em> y frotarlos en la cara.<\/p>\n<p>Las reacciones no deseadas m\u00e1s com\u00fanmente observadas causadas por este producto son muy leves (hinchaz\u00f3n, hematomas, picor, enrojecimiento, sensibilidad) y <u>suelen desaparecer en pocas horas<\/u>. Al comprar esta mascarilla facial saludable en la tienda online de Skin Heal, se reduce el riesgo de reacciones no deseadas porque s\u00f3lo vendemos productos aut\u00e9nticos 100%.<\/p>","protected":false},"excerpt":{"rendered":"<p>Nosotros, de Skin Heal, estamos encantados de presentarles la Ampolla Derma Science 47% Vita C Complex 50ml - una de las m\u00e1s suaves pero <u>los productos m\u00e1s robustos para aclarar la piel<\/u> en el mercado actual. Forma parte de la gama pionera Derma Science de Histolab, lo que significa que, adem\u00e1s de tener un innegable poder antipigmentante, tambi\u00e9n est\u00e1 desarrollado para <em>sirven como potenciadores de la piel en general<\/em> que restablece r\u00e1pidamente el equilibrio h\u00eddrico de la piel y la protege de las irritaciones.<\/p>","protected":false},"featured_media":9357,"template":"","meta":[],"product_brand":[],"product_cat":[87,113,114],"product_tag":[],"class_list":{"0":"post-9351","1":"product","2":"type-product","3":"status-publish","4":"has-post-thumbnail","6":"product_cat-cosmetics","7":"product_cat-histolab","8":"product_cat-medians","9":"clearfix","11":"first","12":"outofstock","13":"taxable","14":"shipping-taxable","15":"purchasable","16":"product-type-simple"},"yoast_head":"<!-- This site is optimized with the Yoast SEO plugin v27.5 - https:\/\/yoast.com\/product\/yoast-seo-wordpress\/ -->\n<title>Derma Science 47% Vita C Complex Ampoule - 50ml - Skin Heal<\/title>\n<meta name=\"description\" content=\"Rely on Skin Heal to buy Derma Science 47% Vita C Complex Ampoule - a top-notch skincare solution with unmatched anti-pigmentation and hydration powers.\" \/>\n<meta name=\"robots\" content=\"index, follow, max-snippet:-1, max-image-preview:large, max-video-preview:-1\" \/>\n<link rel=\"canonical\" href=\"https:\/\/skin-heal.com\/es\/producto\/derma-science-47-vita-c-complex-ampoule-50ml\/\" \/>\n<meta property=\"og:locale\" content=\"es_MX\" \/>\n<meta property=\"og:type\" content=\"article\" \/>\n<meta property=\"og:title\" content=\"Derma Science 47% Vita C Complex Ampoule - 50ml - Skin Heal\" \/>\n<meta property=\"og:description\" content=\"Rely on Skin Heal to buy Derma Science 47% Vita C Complex Ampoule - a top-notch skincare solution with unmatched anti-pigmentation and hydration powers.\" \/>\n<meta property=\"og:url\" content=\"https:\/\/skin-heal.com\/es\/producto\/derma-science-47-vita-c-complex-ampoule-50ml\/\" \/>\n<meta property=\"og:site_name\" content=\"Skin Heal\" \/>\n<meta property=\"article:modified_time\" content=\"2021-03-30T12:12:07+00:00\" \/>\n<meta property=\"og:image\" content=\"https:\/\/cdn.skin-heal.com\/wp-content\/uploads\/2019\/09\/Vita-C-Complex-Ampoule.jpg\" \/>\n\t<meta property=\"og:image:width\" content=\"600\" \/>\n\t<meta property=\"og:image:height\" content=\"600\" \/>\n\t<meta property=\"og:image:type\" content=\"image\/jpeg\" \/>\n<meta name=\"twitter:card\" content=\"summary_large_image\" \/>\n<meta name=\"twitter:label1\" content=\"Tiempo de lectura\" \/>\n\t<meta name=\"twitter:data1\" content=\"1 minuto\" \/>\n<script type=\"application\/ld+json\" class=\"yoast-schema-graph\">{\"@context\":\"https:\\\/\\\/schema.org\",\"@graph\":[{\"@type\":\"WebPage\",\"@id\":\"https:\\\/\\\/skin-heal.com\\\/product\\\/derma-science-47-vita-c-complex-ampoule-50ml\\\/\",\"url\":\"https:\\\/\\\/skin-heal.com\\\/product\\\/derma-science-47-vita-c-complex-ampoule-50ml\\\/\",\"name\":\"Derma Science 47% Vita C Complex Ampoule - 50ml - Skin Heal\",\"isPartOf\":{\"@id\":\"https:\\\/\\\/skin-heal.com\\\/#website\"},\"primaryImageOfPage\":{\"@id\":\"https:\\\/\\\/skin-heal.com\\\/product\\\/derma-science-47-vita-c-complex-ampoule-50ml\\\/#primaryimage\"},\"image\":{\"@id\":\"https:\\\/\\\/skin-heal.com\\\/product\\\/derma-science-47-vita-c-complex-ampoule-50ml\\\/#primaryimage\"},\"thumbnailUrl\":\"https:\\\/\\\/skin-heal.com\\\/wp-content\\\/uploads\\\/2019\\\/09\\\/Vita-C-Complex-Ampoule.jpg\",\"datePublished\":\"2019-09-19T12:57:48+00:00\",\"dateModified\":\"2021-03-30T12:12:07+00:00\",\"description\":\"Rely on Skin Heal to buy Derma Science 47% Vita C Complex Ampoule - a top-notch skincare solution with unmatched anti-pigmentation and hydration powers.\",\"breadcrumb\":{\"@id\":\"https:\\\/\\\/skin-heal.com\\\/product\\\/derma-science-47-vita-c-complex-ampoule-50ml\\\/#breadcrumb\"},\"inLanguage\":\"es\",\"potentialAction\":[{\"@type\":\"ReadAction\",\"target\":[\"https:\\\/\\\/skin-heal.com\\\/product\\\/derma-science-47-vita-c-complex-ampoule-50ml\\\/\"]}]},{\"@type\":\"ImageObject\",\"inLanguage\":\"es\",\"@id\":\"https:\\\/\\\/skin-heal.com\\\/product\\\/derma-science-47-vita-c-complex-ampoule-50ml\\\/#primaryimage\",\"url\":\"https:\\\/\\\/skin-heal.com\\\/wp-content\\\/uploads\\\/2019\\\/09\\\/Vita-C-Complex-Ampoule.jpg\",\"contentUrl\":\"https:\\\/\\\/skin-heal.com\\\/wp-content\\\/uploads\\\/2019\\\/09\\\/Vita-C-Complex-Ampoule.jpg\",\"width\":600,\"height\":600,\"caption\":\"Vita C Complex Ampoule\"},{\"@type\":\"BreadcrumbList\",\"@id\":\"https:\\\/\\\/skin-heal.com\\\/product\\\/derma-science-47-vita-c-complex-ampoule-50ml\\\/#breadcrumb\",\"itemListElement\":[{\"@type\":\"ListItem\",\"position\":1,\"name\":\"Home\",\"item\":\"https:\\\/\\\/skin-heal.com\\\/\"},{\"@type\":\"ListItem\",\"position\":2,\"name\":\"Store\",\"item\":\"https:\\\/\\\/skin-heal.com\\\/store\\\/\"},{\"@type\":\"ListItem\",\"position\":3,\"name\":\"Derma Science 47% Vita C Complex Ampoule &#8211; 50ml\"}]},{\"@type\":\"WebSite\",\"@id\":\"https:\\\/\\\/skin-heal.com\\\/#website\",\"url\":\"https:\\\/\\\/skin-heal.com\\\/\",\"name\":\"Skin Heal\",\"description\":\"Lowest Prices for Dermal Fillers\",\"potentialAction\":[{\"@type\":\"SearchAction\",\"target\":{\"@type\":\"EntryPoint\",\"urlTemplate\":\"https:\\\/\\\/skin-heal.com\\\/?s={search_term_string}\"},\"query-input\":{\"@type\":\"PropertyValueSpecification\",\"valueRequired\":true,\"valueName\":\"search_term_string\"}}],\"inLanguage\":\"es\"}]}<\/script>\n<!-- \/ Yoast SEO plugin. -->","yoast_head_json":{"title":"Derma Science 47% Vita C Complex Ampolla - 50ml - Skin Heal","description":"Conf\u00ede en Skin Heal para comprar Derma Science 47% Vita C Complex Ampoule, una soluci\u00f3n de primera categor\u00eda para el cuidado de la piel con poderes antipigmentantes e hidratantes inigualables.","robots":{"index":"index","follow":"follow","max-snippet":"max-snippet:-1","max-image-preview":"max-image-preview:large","max-video-preview":"max-video-preview:-1"},"canonical":"https:\/\/skin-heal.com\/es\/producto\/derma-science-47-vita-c-complex-ampoule-50ml\/","og_locale":"es_MX","og_type":"article","og_title":"Derma Science 47% Vita C Complex Ampoule - 50ml - Skin Heal","og_description":"Rely on Skin Heal to buy Derma Science 47% Vita C Complex Ampoule - a top-notch skincare solution with unmatched anti-pigmentation and hydration powers.","og_url":"https:\/\/skin-heal.com\/es\/producto\/derma-science-47-vita-c-complex-ampoule-50ml\/","og_site_name":"Skin Heal","article_modified_time":"2021-03-30T12:12:07+00:00","og_image":[{"width":600,"height":600,"url":"https:\/\/cdn.skin-heal.com\/wp-content\/uploads\/2019\/09\/Vita-C-Complex-Ampoule.jpg","type":"image\/jpeg"}],"twitter_card":"summary_large_image","twitter_misc":{"Tiempo de lectura":"1 minuto"},"schema":{"@context":"https:\/\/schema.org","@graph":[{"@type":"WebPage","@id":"https:\/\/skin-heal.com\/product\/derma-science-47-vita-c-complex-ampoule-50ml\/","url":"https:\/\/skin-heal.com\/product\/derma-science-47-vita-c-complex-ampoule-50ml\/","name":"Derma Science 47% Vita C Complex Ampolla - 50ml - Skin Heal","isPartOf":{"@id":"https:\/\/skin-heal.com\/#website"},"primaryImageOfPage":{"@id":"https:\/\/skin-heal.com\/product\/derma-science-47-vita-c-complex-ampoule-50ml\/#primaryimage"},"image":{"@id":"https:\/\/skin-heal.com\/product\/derma-science-47-vita-c-complex-ampoule-50ml\/#primaryimage"},"thumbnailUrl":"https:\/\/cdn.skin-heal.com\/wp-content\/uploads\/2019\/09\/Vita-C-Complex-Ampoule.jpg","datePublished":"2019-09-19T12:57:48+00:00","dateModified":"2021-03-30T12:12:07+00:00","description":"Conf\u00ede en Skin Heal para comprar Derma Science 47% Vita C Complex Ampoule, una soluci\u00f3n de primera categor\u00eda para el cuidado de la piel con poderes antipigmentantes e hidratantes inigualables.","breadcrumb":{"@id":"https:\/\/skin-heal.com\/product\/derma-science-47-vita-c-complex-ampoule-50ml\/#breadcrumb"},"inLanguage":"es","potentialAction":[{"@type":"ReadAction","target":["https:\/\/skin-heal.com\/product\/derma-science-47-vita-c-complex-ampoule-50ml\/"]}]},{"@type":"ImageObject","inLanguage":"es","@id":"https:\/\/skin-heal.com\/product\/derma-science-47-vita-c-complex-ampoule-50ml\/#primaryimage","url":"https:\/\/cdn.skin-heal.com\/wp-content\/uploads\/2019\/09\/Vita-C-Complex-Ampoule.jpg","contentUrl":"https:\/\/cdn.skin-heal.com\/wp-content\/uploads\/2019\/09\/Vita-C-Complex-Ampoule.jpg","width":600,"height":600,"caption":"Vita C Complex Ampoule"},{"@type":"BreadcrumbList","@id":"https:\/\/skin-heal.com\/product\/derma-science-47-vita-c-complex-ampoule-50ml\/#breadcrumb","itemListElement":[{"@type":"ListItem","position":1,"name":"Home","item":"https:\/\/skin-heal.com\/"},{"@type":"ListItem","position":2,"name":"Store","item":"https:\/\/skin-heal.com\/store\/"},{"@type":"ListItem","position":3,"name":"Derma Science 47% Vita C Complex Ampoule &#8211; 50ml"}]},{"@type":"WebSite","@id":"https:\/\/skin-heal.com\/#website","url":"https:\/\/skin-heal.com\/","name":"Curaci\u00f3n de la piel","description":"Los precios m\u00e1s bajos para los rellenos d\u00e9rmicos","potentialAction":[{"@type":"SearchAction","target":{"@type":"EntryPoint","urlTemplate":"https:\/\/skin-heal.com\/?s={search_term_string}"},"query-input":{"@type":"PropertyValueSpecification","valueRequired":true,"valueName":"search_term_string"}}],"inLanguage":"es"}]}},"_links":{"self":[{"href":"https:\/\/skin-heal.com\/es\/wp-json\/wp\/v2\/product\/9351","targetHints":{"allow":["GET"]}}],"collection":[{"href":"https:\/\/skin-heal.com\/es\/wp-json\/wp\/v2\/product"}],"about":[{"href":"https:\/\/skin-heal.com\/es\/wp-json\/wp\/v2\/types\/product"}],"wp:featuredmedia":[{"embeddable":true,"href":"https:\/\/skin-heal.com\/es\/wp-json\/wp\/v2\/media\/9357"}],"wp:attachment":[{"href":"https:\/\/skin-heal.com\/es\/wp-json\/wp\/v2\/media?parent=9351"}],"wp:term":[{"taxonomy":"product_brand","embeddable":true,"href":"https:\/\/skin-heal.com\/es\/wp-json\/wp\/v2\/product_brand?post=9351"},{"taxonomy":"product_cat","embeddable":true,"href":"https:\/\/skin-heal.com\/es\/wp-json\/wp\/v2\/product_cat?post=9351"},{"taxonomy":"product_tag","embeddable":true,"href":"https:\/\/skin-heal.com\/es\/wp-json\/wp\/v2\/product_tag?post=9351"}],"curies":[{"name":"wp","href":"https:\/\/api.w.org\/{rel}","templated":true}]}}