{"id":9358,"date":"2019-09-19T13:04:06","date_gmt":"2019-09-19T13:04:06","guid":{"rendered":"https:\/\/skin-heal.com\/?post_type=product&#038;p=9358"},"modified":"2021-03-30T12:12:06","modified_gmt":"2021-03-30T12:12:06","slug":"derma-science-50-egf-complex-ampoule-50ml","status":"publish","type":"product","link":"https:\/\/skin-heal.com\/es\/producto\/derma-science-50-egf-complex-ampoule-50ml\/","title":{"rendered":"Derma Science 50% Ampolla de complejo EGF - 50ml"},"content":{"rendered":"<h3>Un producto que estimula la piel sin riesgo<\/h3>\n<p>Como empresa que se esfuerza por ofrecer a sus clientes soluciones de rejuvenecimiento cosm\u00e9tico y de cuidado de la piel seguras y respetuosas con la salud, Histolab se ha asegurado de que su ampolla Derma Science 50% EGF Complex sea <em>basado casi exclusivamente en ingredientes totalmente naturales<\/em> como:<\/p>\n<ul>\n<li>Eclipata Prostrata<\/li>\n<li>P\u00e9ptidos (sh-Oligopeptide, Nicotinoyl Hexapeptide-4, etc.)<\/li>\n<li>Vitaminas<\/li>\n<li>Un complejo EGF de origen vegetal<\/li>\n<\/ul>\n<p>Gracias a ello, este <strong>ampolla antienvejecimiento optimizada<\/strong> puede aplicarse en varios tipos de piel, incluso en aquellas que son bastante sensibles a los efectos de los productos cosm\u00e9ticos robustos y a diversos factores ambientales. Y aunque este producto no tiene efectos secundarios, tiene varias propiedades antienvejecimiento impresionantes. Hidrata r\u00e1pidamente la piel y estimula sus capacidades naturales de autocuraci\u00f3n. De este modo, se <u>corrige visiblemente las arrugas<\/u> cuando se utiliza regularmente y mejora la salud y el estado general de la piel.<\/p>\n<h3>\u00bfQui\u00e9n puede beneficiarse del tratamiento con esta soluci\u00f3n de cuidado de la piel?<\/h3>\n<p>La Ampolla 50% EGF Complex de Derma Science est\u00e1 indicada para cualquier persona que desee conservar el aspecto juvenil y saludable de su piel durante m\u00e1s tiempo. Es especialmente eficaz para los pacientes que desean reducir la apariencia de <em>signos prematuros o tempranos de envejecimiento<\/em> como arrugas y l\u00edneas de expresi\u00f3n poco profundas, flacidez leve, p\u00e9rdida de elasticidad, etc. Esta magn\u00edfica ampolla potenciadora de la piel puede combinarse de forma segura con otros tratamientos y productos de cuidado y rejuvenecimiento de la piel.<\/p>","protected":false},"excerpt":{"rendered":"<p>Derma Science 50% EGF Complex Ampoule 50ml es la soluci\u00f3n de Histolab contra los efectos despiadados del proceso natural de envejecimiento. Este <u>producto avanzado para mejorar la piel<\/u> permite a los pacientes conservar la suavidad y la elasticidad de su piel durante m\u00e1s tiempo y mantener con \u00e9xito sus niveles normales de equilibrio h\u00eddrico. Adqui\u00e9ralo en la tienda online de Skin Heal para mantener a raya las l\u00edneas de expresi\u00f3n y los pliegues y mejorar al instante el aspecto de las arrugas faciales.<\/p>","protected":false},"featured_media":9364,"template":"","meta":[],"product_brand":[],"product_cat":[87,113,114],"product_tag":[],"class_list":{"0":"post-9358","1":"product","2":"type-product","3":"status-publish","4":"has-post-thumbnail","6":"product_cat-cosmetics","7":"product_cat-histolab","8":"product_cat-medians","9":"clearfix","11":"first","12":"outofstock","13":"taxable","14":"shipping-taxable","15":"purchasable","16":"product-type-simple"},"yoast_head":"<!-- This site is optimized with the Yoast SEO plugin v27.4 - https:\/\/yoast.com\/product\/yoast-seo-wordpress\/ -->\n<title>Derma Science 50% EGF Complex Ampoule \u2013 50ml - Skin Heal<\/title>\n<meta name=\"description\" content=\"Offered by Skin Heal, Histolab\u2019s Derma Science 50% EGF Complex Ampoule has an anti-wrinkle and skin-boosting effect that keeps skin hydrated and smooth.\" \/>\n<meta name=\"robots\" content=\"index, follow, max-snippet:-1, max-image-preview:large, max-video-preview:-1\" \/>\n<link rel=\"canonical\" href=\"https:\/\/skin-heal.com\/es\/producto\/derma-science-50-egf-complex-ampoule-50ml\/\" \/>\n<meta property=\"og:locale\" content=\"es_MX\" \/>\n<meta property=\"og:type\" content=\"article\" \/>\n<meta property=\"og:title\" content=\"Derma Science 50% EGF Complex Ampoule \u2013 50ml - Skin Heal\" \/>\n<meta property=\"og:description\" content=\"Offered by Skin Heal, Histolab\u2019s Derma Science 50% EGF Complex Ampoule has an anti-wrinkle and skin-boosting effect that keeps skin hydrated and smooth.\" \/>\n<meta property=\"og:url\" content=\"https:\/\/skin-heal.com\/es\/producto\/derma-science-50-egf-complex-ampoule-50ml\/\" \/>\n<meta property=\"og:site_name\" content=\"Skin Heal\" \/>\n<meta property=\"article:modified_time\" content=\"2021-03-30T12:12:06+00:00\" \/>\n<meta property=\"og:image\" content=\"https:\/\/cdn.skin-heal.com\/wp-content\/uploads\/2019\/09\/EGF-Complex-Ampoule.jpg\" \/>\n\t<meta property=\"og:image:width\" content=\"600\" \/>\n\t<meta property=\"og:image:height\" content=\"600\" \/>\n\t<meta property=\"og:image:type\" content=\"image\/jpeg\" \/>\n<meta name=\"twitter:card\" content=\"summary_large_image\" \/>\n<meta name=\"twitter:label1\" content=\"Tiempo de lectura\" \/>\n\t<meta name=\"twitter:data1\" content=\"1 minuto\" \/>\n<script type=\"application\/ld+json\" class=\"yoast-schema-graph\">{\"@context\":\"https:\\\/\\\/schema.org\",\"@graph\":[{\"@type\":\"WebPage\",\"@id\":\"https:\\\/\\\/skin-heal.com\\\/product\\\/derma-science-50-egf-complex-ampoule-50ml\\\/\",\"url\":\"https:\\\/\\\/skin-heal.com\\\/product\\\/derma-science-50-egf-complex-ampoule-50ml\\\/\",\"name\":\"Derma Science 50% EGF Complex Ampoule \u2013 50ml - Skin Heal\",\"isPartOf\":{\"@id\":\"https:\\\/\\\/skin-heal.com\\\/#website\"},\"primaryImageOfPage\":{\"@id\":\"https:\\\/\\\/skin-heal.com\\\/product\\\/derma-science-50-egf-complex-ampoule-50ml\\\/#primaryimage\"},\"image\":{\"@id\":\"https:\\\/\\\/skin-heal.com\\\/product\\\/derma-science-50-egf-complex-ampoule-50ml\\\/#primaryimage\"},\"thumbnailUrl\":\"https:\\\/\\\/skin-heal.com\\\/wp-content\\\/uploads\\\/2019\\\/09\\\/EGF-Complex-Ampoule.jpg\",\"datePublished\":\"2019-09-19T13:04:06+00:00\",\"dateModified\":\"2021-03-30T12:12:06+00:00\",\"description\":\"Offered by Skin Heal, Histolab\u2019s Derma Science 50% EGF Complex Ampoule has an anti-wrinkle and skin-boosting effect that keeps skin hydrated and smooth.\",\"breadcrumb\":{\"@id\":\"https:\\\/\\\/skin-heal.com\\\/product\\\/derma-science-50-egf-complex-ampoule-50ml\\\/#breadcrumb\"},\"inLanguage\":\"es\",\"potentialAction\":[{\"@type\":\"ReadAction\",\"target\":[\"https:\\\/\\\/skin-heal.com\\\/product\\\/derma-science-50-egf-complex-ampoule-50ml\\\/\"]}]},{\"@type\":\"ImageObject\",\"inLanguage\":\"es\",\"@id\":\"https:\\\/\\\/skin-heal.com\\\/product\\\/derma-science-50-egf-complex-ampoule-50ml\\\/#primaryimage\",\"url\":\"https:\\\/\\\/skin-heal.com\\\/wp-content\\\/uploads\\\/2019\\\/09\\\/EGF-Complex-Ampoule.jpg\",\"contentUrl\":\"https:\\\/\\\/skin-heal.com\\\/wp-content\\\/uploads\\\/2019\\\/09\\\/EGF-Complex-Ampoule.jpg\",\"width\":600,\"height\":600,\"caption\":\"EGF Complex Ampoule\"},{\"@type\":\"BreadcrumbList\",\"@id\":\"https:\\\/\\\/skin-heal.com\\\/product\\\/derma-science-50-egf-complex-ampoule-50ml\\\/#breadcrumb\",\"itemListElement\":[{\"@type\":\"ListItem\",\"position\":1,\"name\":\"Home\",\"item\":\"https:\\\/\\\/skin-heal.com\\\/\"},{\"@type\":\"ListItem\",\"position\":2,\"name\":\"Store\",\"item\":\"https:\\\/\\\/skin-heal.com\\\/store\\\/\"},{\"@type\":\"ListItem\",\"position\":3,\"name\":\"Derma Science 50% EGF Complex Ampoule \u2013 50ml\"}]},{\"@type\":\"WebSite\",\"@id\":\"https:\\\/\\\/skin-heal.com\\\/#website\",\"url\":\"https:\\\/\\\/skin-heal.com\\\/\",\"name\":\"Skin Heal\",\"description\":\"Lowest Prices for Dermal Fillers\",\"potentialAction\":[{\"@type\":\"SearchAction\",\"target\":{\"@type\":\"EntryPoint\",\"urlTemplate\":\"https:\\\/\\\/skin-heal.com\\\/?s={search_term_string}\"},\"query-input\":{\"@type\":\"PropertyValueSpecification\",\"valueRequired\":true,\"valueName\":\"search_term_string\"}}],\"inLanguage\":\"es\"}]}<\/script>\n<!-- \/ Yoast SEO plugin. -->","yoast_head_json":{"title":"Derma Science 50% Ampolla Complejo EGF - 50ml - Skin Heal","description":"Ofrecida por Skin Heal, la ampolla Derma Science 50% EGF Complex de Histolab tiene un efecto antiarrugas y potenciador de la piel que la mantiene hidratada y tersa.","robots":{"index":"index","follow":"follow","max-snippet":"max-snippet:-1","max-image-preview":"max-image-preview:large","max-video-preview":"max-video-preview:-1"},"canonical":"https:\/\/skin-heal.com\/es\/producto\/derma-science-50-egf-complex-ampoule-50ml\/","og_locale":"es_MX","og_type":"article","og_title":"Derma Science 50% EGF Complex Ampoule \u2013 50ml - Skin Heal","og_description":"Offered by Skin Heal, Histolab\u2019s Derma Science 50% EGF Complex Ampoule has an anti-wrinkle and skin-boosting effect that keeps skin hydrated and smooth.","og_url":"https:\/\/skin-heal.com\/es\/producto\/derma-science-50-egf-complex-ampoule-50ml\/","og_site_name":"Skin Heal","article_modified_time":"2021-03-30T12:12:06+00:00","og_image":[{"width":600,"height":600,"url":"https:\/\/cdn.skin-heal.com\/wp-content\/uploads\/2019\/09\/EGF-Complex-Ampoule.jpg","type":"image\/jpeg"}],"twitter_card":"summary_large_image","twitter_misc":{"Tiempo de lectura":"1 minuto"},"schema":{"@context":"https:\/\/schema.org","@graph":[{"@type":"WebPage","@id":"https:\/\/skin-heal.com\/product\/derma-science-50-egf-complex-ampoule-50ml\/","url":"https:\/\/skin-heal.com\/product\/derma-science-50-egf-complex-ampoule-50ml\/","name":"Derma Science 50% Ampolla Complejo EGF - 50ml - Skin Heal","isPartOf":{"@id":"https:\/\/skin-heal.com\/#website"},"primaryImageOfPage":{"@id":"https:\/\/skin-heal.com\/product\/derma-science-50-egf-complex-ampoule-50ml\/#primaryimage"},"image":{"@id":"https:\/\/skin-heal.com\/product\/derma-science-50-egf-complex-ampoule-50ml\/#primaryimage"},"thumbnailUrl":"https:\/\/cdn.skin-heal.com\/wp-content\/uploads\/2019\/09\/EGF-Complex-Ampoule.jpg","datePublished":"2019-09-19T13:04:06+00:00","dateModified":"2021-03-30T12:12:06+00:00","description":"Ofrecida por Skin Heal, la ampolla Derma Science 50% EGF Complex de Histolab tiene un efecto antiarrugas y potenciador de la piel que la mantiene hidratada y tersa.","breadcrumb":{"@id":"https:\/\/skin-heal.com\/product\/derma-science-50-egf-complex-ampoule-50ml\/#breadcrumb"},"inLanguage":"es","potentialAction":[{"@type":"ReadAction","target":["https:\/\/skin-heal.com\/product\/derma-science-50-egf-complex-ampoule-50ml\/"]}]},{"@type":"ImageObject","inLanguage":"es","@id":"https:\/\/skin-heal.com\/product\/derma-science-50-egf-complex-ampoule-50ml\/#primaryimage","url":"https:\/\/cdn.skin-heal.com\/wp-content\/uploads\/2019\/09\/EGF-Complex-Ampoule.jpg","contentUrl":"https:\/\/cdn.skin-heal.com\/wp-content\/uploads\/2019\/09\/EGF-Complex-Ampoule.jpg","width":600,"height":600,"caption":"EGF Complex Ampoule"},{"@type":"BreadcrumbList","@id":"https:\/\/skin-heal.com\/product\/derma-science-50-egf-complex-ampoule-50ml\/#breadcrumb","itemListElement":[{"@type":"ListItem","position":1,"name":"Home","item":"https:\/\/skin-heal.com\/"},{"@type":"ListItem","position":2,"name":"Store","item":"https:\/\/skin-heal.com\/store\/"},{"@type":"ListItem","position":3,"name":"Derma Science 50% EGF Complex Ampoule \u2013 50ml"}]},{"@type":"WebSite","@id":"https:\/\/skin-heal.com\/#website","url":"https:\/\/skin-heal.com\/","name":"Curaci\u00f3n de la piel","description":"Los precios m\u00e1s bajos para los rellenos d\u00e9rmicos","potentialAction":[{"@type":"SearchAction","target":{"@type":"EntryPoint","urlTemplate":"https:\/\/skin-heal.com\/?s={search_term_string}"},"query-input":{"@type":"PropertyValueSpecification","valueRequired":true,"valueName":"search_term_string"}}],"inLanguage":"es"}]}},"_links":{"self":[{"href":"https:\/\/skin-heal.com\/es\/wp-json\/wp\/v2\/product\/9358","targetHints":{"allow":["GET"]}}],"collection":[{"href":"https:\/\/skin-heal.com\/es\/wp-json\/wp\/v2\/product"}],"about":[{"href":"https:\/\/skin-heal.com\/es\/wp-json\/wp\/v2\/types\/product"}],"wp:featuredmedia":[{"embeddable":true,"href":"https:\/\/skin-heal.com\/es\/wp-json\/wp\/v2\/media\/9364"}],"wp:attachment":[{"href":"https:\/\/skin-heal.com\/es\/wp-json\/wp\/v2\/media?parent=9358"}],"wp:term":[{"taxonomy":"product_brand","embeddable":true,"href":"https:\/\/skin-heal.com\/es\/wp-json\/wp\/v2\/product_brand?post=9358"},{"taxonomy":"product_cat","embeddable":true,"href":"https:\/\/skin-heal.com\/es\/wp-json\/wp\/v2\/product_cat?post=9358"},{"taxonomy":"product_tag","embeddable":true,"href":"https:\/\/skin-heal.com\/es\/wp-json\/wp\/v2\/product_tag?post=9358"}],"curies":[{"name":"wp","href":"https:\/\/api.w.org\/{rel}","templated":true}]}}