{"id":9359,"date":"2019-09-19T13:05:23","date_gmt":"2019-09-19T13:05:23","guid":{"rendered":"https:\/\/skin-heal.com\/?post_type=product&#038;p=9359"},"modified":"2021-03-30T12:12:06","modified_gmt":"2021-03-30T12:12:06","slug":"derma-science-62-hyaluron-complex-ampoule-50ml","status":"publish","type":"product","link":"https:\/\/skin-heal.com\/es\/producto\/derma-science-62-hyaluron-complex-ampoule-50ml\/","title":{"rendered":"Derma Science 62% Ampolla de Complejo de Hialur\u00f3n - 50ml"},"content":{"rendered":"<h3>Las impresionantes propiedades hidratantes de Hyaluron<\/h3>\n<p>El hialur\u00f3n es una sustancia poderosa y muy importante que se encuentra de forma natural en el cuerpo humano. Mantiene nuestra piel bien hidratada. Esto es importante porque un mal equilibrio h\u00eddrico en la piel conduce a un envejecimiento prematuro, arrugas m\u00e1s pronunciadas, irritaciones e inflamaciones y tambi\u00e9n puede dar a la persona un aspecto cansado y poco saludable. Por suerte, todo eso puede evitarse ahora f\u00e1cilmente con la ayuda de la Ampolla de Complejo de Hialur\u00f3n Derma Science 62%. M\u00e1s de la mitad de la composici\u00f3n de esta ampolla antienvejecimiento de nueva generaci\u00f3n est\u00e1 formada por Hialuronato de Sodio - <u>un robusto agente hidratante<\/u>. Por ello, permitir\u00e1 a los pacientes suavizar f\u00e1cilmente las l\u00edneas y arrugas y dar a su piel <em>un impulso de elasticidad muy necesario<\/em>.<\/p>\n<h3>Otros ingredientes<\/h3>\n<p>Especialmente dise\u00f1ado para pacientes con <u>piel envejecida, \u00e1spera y seca<\/u>La ampolla Derma Science 62% Hyaluron Complex de Histolab tiene varios superpoderes incre\u00edbles contra el envejecimiento y la mejora de la piel, ya que tambi\u00e9n cuenta con algunos ingredientes adicionales muy importantes en su composici\u00f3n:<\/p>\n<ul>\n<li><strong>Agua de rosas<\/strong> - efecto antiinflamatorio, calma las irritaciones<\/li>\n<li><strong>Extracto de secreci\u00f3n de caracol<\/strong> - refuerza el poder hidratante del hialuronato de sodio y ayuda a retener el agua en la piel<\/li>\n<li><strong>Extracto de pomelo<\/strong> - protege la piel con sus incomparables propiedades antioxidantes<\/li>\n<li><strong>P\u00e9ptidos<\/strong> - estimulan la autocuraci\u00f3n de la piel y tienen un efecto cosm\u00e9tico rejuvenecedor garantizado<\/li>\n<\/ul>","protected":false},"excerpt":{"rendered":"<p>Derma Science 62% Ampolla de Complejo de Hialur\u00f3n 50ml puede hacer milagros en la piel envejecida. Con su f\u00f3rmula a base de hialur\u00f3n, aumenta los niveles de hidrataci\u00f3n de la piel, lo que tiene un <strong>efecto antienvejecimiento duradero<\/strong>. Cuanto m\u00e1s lo usen los pacientes, m\u00e1s suave, tersa y joven ser\u00e1 su piel. En comparaci\u00f3n con otras soluciones de rejuvenecimiento cosm\u00e9tico ricas en hialur\u00f3n, \u00e9sta es m\u00e1s barata, m\u00e1s segura y 100% indolora de aplicar. El sitio web de Skin Heal es donde lo encontrar\u00e1 a un precio de ganga.<\/p>","protected":false},"featured_media":9365,"template":"","meta":[],"product_brand":[],"product_cat":[87,113,114],"product_tag":[],"class_list":{"0":"post-9359","1":"product","2":"type-product","3":"status-publish","4":"has-post-thumbnail","6":"product_cat-cosmetics","7":"product_cat-histolab","8":"product_cat-medians","9":"clearfix","11":"first","12":"outofstock","13":"taxable","14":"shipping-taxable","15":"purchasable","16":"product-type-simple"},"yoast_head":"<!-- This site is optimized with the Yoast SEO plugin v27.3 - https:\/\/yoast.com\/product\/yoast-seo-wordpress\/ -->\n<title>Derma Science 62% Hyaluron Complex Ampoule \u2013 50ml - Skin Heal<\/title>\n<meta name=\"description\" content=\"Stop by Skin Heal\u2019s website to buy Derma Science 62% Hyaluron Complex Ampoule \u2013 a quality skin-boosting ampoule with fast hydrating and anti-aging powers.\" \/>\n<meta name=\"robots\" content=\"index, follow, max-snippet:-1, max-image-preview:large, max-video-preview:-1\" \/>\n<link rel=\"canonical\" href=\"https:\/\/skin-heal.com\/es\/producto\/derma-science-62-hyaluron-complex-ampoule-50ml\/\" \/>\n<meta property=\"og:locale\" content=\"es_MX\" \/>\n<meta property=\"og:type\" content=\"article\" \/>\n<meta property=\"og:title\" content=\"Derma Science 62% Hyaluron Complex Ampoule \u2013 50ml - Skin Heal\" \/>\n<meta property=\"og:description\" content=\"Stop by Skin Heal\u2019s website to buy Derma Science 62% Hyaluron Complex Ampoule \u2013 a quality skin-boosting ampoule with fast hydrating and anti-aging powers.\" \/>\n<meta property=\"og:url\" content=\"https:\/\/skin-heal.com\/es\/producto\/derma-science-62-hyaluron-complex-ampoule-50ml\/\" \/>\n<meta property=\"og:site_name\" content=\"Skin Heal\" \/>\n<meta property=\"article:modified_time\" content=\"2021-03-30T12:12:06+00:00\" \/>\n<meta property=\"og:image\" content=\"https:\/\/cdn.skin-heal.com\/wp-content\/uploads\/2019\/09\/Hyaluron-Complex-Ampoule.jpg\" \/>\n\t<meta property=\"og:image:width\" content=\"600\" \/>\n\t<meta property=\"og:image:height\" content=\"600\" \/>\n\t<meta property=\"og:image:type\" content=\"image\/jpeg\" \/>\n<meta name=\"twitter:card\" content=\"summary_large_image\" \/>\n<meta name=\"twitter:label1\" content=\"Tiempo de lectura\" \/>\n\t<meta name=\"twitter:data1\" content=\"1 minuto\" \/>\n<script type=\"application\/ld+json\" class=\"yoast-schema-graph\">{\"@context\":\"https:\\\/\\\/schema.org\",\"@graph\":[{\"@type\":\"WebPage\",\"@id\":\"https:\\\/\\\/skin-heal.com\\\/product\\\/derma-science-62-hyaluron-complex-ampoule-50ml\\\/\",\"url\":\"https:\\\/\\\/skin-heal.com\\\/product\\\/derma-science-62-hyaluron-complex-ampoule-50ml\\\/\",\"name\":\"Derma Science 62% Hyaluron Complex Ampoule \u2013 50ml - Skin Heal\",\"isPartOf\":{\"@id\":\"https:\\\/\\\/skin-heal.com\\\/#website\"},\"primaryImageOfPage\":{\"@id\":\"https:\\\/\\\/skin-heal.com\\\/product\\\/derma-science-62-hyaluron-complex-ampoule-50ml\\\/#primaryimage\"},\"image\":{\"@id\":\"https:\\\/\\\/skin-heal.com\\\/product\\\/derma-science-62-hyaluron-complex-ampoule-50ml\\\/#primaryimage\"},\"thumbnailUrl\":\"https:\\\/\\\/skin-heal.com\\\/wp-content\\\/uploads\\\/2019\\\/09\\\/Hyaluron-Complex-Ampoule.jpg\",\"datePublished\":\"2019-09-19T13:05:23+00:00\",\"dateModified\":\"2021-03-30T12:12:06+00:00\",\"description\":\"Stop by Skin Heal\u2019s website to buy Derma Science 62% Hyaluron Complex Ampoule \u2013 a quality skin-boosting ampoule with fast hydrating and anti-aging powers.\",\"breadcrumb\":{\"@id\":\"https:\\\/\\\/skin-heal.com\\\/product\\\/derma-science-62-hyaluron-complex-ampoule-50ml\\\/#breadcrumb\"},\"inLanguage\":\"es\",\"potentialAction\":[{\"@type\":\"ReadAction\",\"target\":[\"https:\\\/\\\/skin-heal.com\\\/product\\\/derma-science-62-hyaluron-complex-ampoule-50ml\\\/\"]}]},{\"@type\":\"ImageObject\",\"inLanguage\":\"es\",\"@id\":\"https:\\\/\\\/skin-heal.com\\\/product\\\/derma-science-62-hyaluron-complex-ampoule-50ml\\\/#primaryimage\",\"url\":\"https:\\\/\\\/skin-heal.com\\\/wp-content\\\/uploads\\\/2019\\\/09\\\/Hyaluron-Complex-Ampoule.jpg\",\"contentUrl\":\"https:\\\/\\\/skin-heal.com\\\/wp-content\\\/uploads\\\/2019\\\/09\\\/Hyaluron-Complex-Ampoule.jpg\",\"width\":600,\"height\":600,\"caption\":\"Hyaluron Complex Ampoule\"},{\"@type\":\"BreadcrumbList\",\"@id\":\"https:\\\/\\\/skin-heal.com\\\/product\\\/derma-science-62-hyaluron-complex-ampoule-50ml\\\/#breadcrumb\",\"itemListElement\":[{\"@type\":\"ListItem\",\"position\":1,\"name\":\"Home\",\"item\":\"https:\\\/\\\/skin-heal.com\\\/\"},{\"@type\":\"ListItem\",\"position\":2,\"name\":\"Store\",\"item\":\"https:\\\/\\\/skin-heal.com\\\/store\\\/\"},{\"@type\":\"ListItem\",\"position\":3,\"name\":\"Derma Science 62% Hyaluron Complex Ampoule \u2013 50ml\"}]},{\"@type\":\"WebSite\",\"@id\":\"https:\\\/\\\/skin-heal.com\\\/#website\",\"url\":\"https:\\\/\\\/skin-heal.com\\\/\",\"name\":\"Skin Heal\",\"description\":\"Lowest Prices for Dermal Fillers\",\"potentialAction\":[{\"@type\":\"SearchAction\",\"target\":{\"@type\":\"EntryPoint\",\"urlTemplate\":\"https:\\\/\\\/skin-heal.com\\\/?s={search_term_string}\"},\"query-input\":{\"@type\":\"PropertyValueSpecification\",\"valueRequired\":true,\"valueName\":\"search_term_string\"}}],\"inLanguage\":\"es\"}]}<\/script>\n<!-- \/ Yoast SEO plugin. -->","yoast_head_json":{"title":"Derma Science 62% Ampolla de Complejo de Hialur\u00f3n - 50ml - Skin Heal","description":"P\u00e1sate por la web de Skin Heal para comprar Derma Science 62% Hyaluron Complex Ampoule - una ampolla de calidad que estimula la piel con r\u00e1pidos poderes hidratantes y antienvejecimiento.","robots":{"index":"index","follow":"follow","max-snippet":"max-snippet:-1","max-image-preview":"max-image-preview:large","max-video-preview":"max-video-preview:-1"},"canonical":"https:\/\/skin-heal.com\/es\/producto\/derma-science-62-hyaluron-complex-ampoule-50ml\/","og_locale":"es_MX","og_type":"article","og_title":"Derma Science 62% Hyaluron Complex Ampoule \u2013 50ml - Skin Heal","og_description":"Stop by Skin Heal\u2019s website to buy Derma Science 62% Hyaluron Complex Ampoule \u2013 a quality skin-boosting ampoule with fast hydrating and anti-aging powers.","og_url":"https:\/\/skin-heal.com\/es\/producto\/derma-science-62-hyaluron-complex-ampoule-50ml\/","og_site_name":"Skin Heal","article_modified_time":"2021-03-30T12:12:06+00:00","og_image":[{"width":600,"height":600,"url":"https:\/\/cdn.skin-heal.com\/wp-content\/uploads\/2019\/09\/Hyaluron-Complex-Ampoule.jpg","type":"image\/jpeg"}],"twitter_card":"summary_large_image","twitter_misc":{"Tiempo de lectura":"1 minuto"},"schema":{"@context":"https:\/\/schema.org","@graph":[{"@type":"WebPage","@id":"https:\/\/skin-heal.com\/product\/derma-science-62-hyaluron-complex-ampoule-50ml\/","url":"https:\/\/skin-heal.com\/product\/derma-science-62-hyaluron-complex-ampoule-50ml\/","name":"Derma Science 62% Ampolla de Complejo de Hialur\u00f3n - 50ml - Skin Heal","isPartOf":{"@id":"https:\/\/skin-heal.com\/#website"},"primaryImageOfPage":{"@id":"https:\/\/skin-heal.com\/product\/derma-science-62-hyaluron-complex-ampoule-50ml\/#primaryimage"},"image":{"@id":"https:\/\/skin-heal.com\/product\/derma-science-62-hyaluron-complex-ampoule-50ml\/#primaryimage"},"thumbnailUrl":"https:\/\/cdn.skin-heal.com\/wp-content\/uploads\/2019\/09\/Hyaluron-Complex-Ampoule.jpg","datePublished":"2019-09-19T13:05:23+00:00","dateModified":"2021-03-30T12:12:06+00:00","description":"P\u00e1sate por la web de Skin Heal para comprar Derma Science 62% Hyaluron Complex Ampoule - una ampolla de calidad que estimula la piel con r\u00e1pidos poderes hidratantes y antienvejecimiento.","breadcrumb":{"@id":"https:\/\/skin-heal.com\/product\/derma-science-62-hyaluron-complex-ampoule-50ml\/#breadcrumb"},"inLanguage":"es","potentialAction":[{"@type":"ReadAction","target":["https:\/\/skin-heal.com\/product\/derma-science-62-hyaluron-complex-ampoule-50ml\/"]}]},{"@type":"ImageObject","inLanguage":"es","@id":"https:\/\/skin-heal.com\/product\/derma-science-62-hyaluron-complex-ampoule-50ml\/#primaryimage","url":"https:\/\/cdn.skin-heal.com\/wp-content\/uploads\/2019\/09\/Hyaluron-Complex-Ampoule.jpg","contentUrl":"https:\/\/cdn.skin-heal.com\/wp-content\/uploads\/2019\/09\/Hyaluron-Complex-Ampoule.jpg","width":600,"height":600,"caption":"Hyaluron Complex Ampoule"},{"@type":"BreadcrumbList","@id":"https:\/\/skin-heal.com\/product\/derma-science-62-hyaluron-complex-ampoule-50ml\/#breadcrumb","itemListElement":[{"@type":"ListItem","position":1,"name":"Home","item":"https:\/\/skin-heal.com\/"},{"@type":"ListItem","position":2,"name":"Store","item":"https:\/\/skin-heal.com\/store\/"},{"@type":"ListItem","position":3,"name":"Derma Science 62% Hyaluron Complex Ampoule \u2013 50ml"}]},{"@type":"WebSite","@id":"https:\/\/skin-heal.com\/#website","url":"https:\/\/skin-heal.com\/","name":"Curaci\u00f3n de la piel","description":"Los precios m\u00e1s bajos para los rellenos d\u00e9rmicos","potentialAction":[{"@type":"SearchAction","target":{"@type":"EntryPoint","urlTemplate":"https:\/\/skin-heal.com\/?s={search_term_string}"},"query-input":{"@type":"PropertyValueSpecification","valueRequired":true,"valueName":"search_term_string"}}],"inLanguage":"es"}]}},"_links":{"self":[{"href":"https:\/\/skin-heal.com\/es\/wp-json\/wp\/v2\/product\/9359","targetHints":{"allow":["GET"]}}],"collection":[{"href":"https:\/\/skin-heal.com\/es\/wp-json\/wp\/v2\/product"}],"about":[{"href":"https:\/\/skin-heal.com\/es\/wp-json\/wp\/v2\/types\/product"}],"wp:featuredmedia":[{"embeddable":true,"href":"https:\/\/skin-heal.com\/es\/wp-json\/wp\/v2\/media\/9365"}],"wp:attachment":[{"href":"https:\/\/skin-heal.com\/es\/wp-json\/wp\/v2\/media?parent=9359"}],"wp:term":[{"taxonomy":"product_brand","embeddable":true,"href":"https:\/\/skin-heal.com\/es\/wp-json\/wp\/v2\/product_brand?post=9359"},{"taxonomy":"product_cat","embeddable":true,"href":"https:\/\/skin-heal.com\/es\/wp-json\/wp\/v2\/product_cat?post=9359"},{"taxonomy":"product_tag","embeddable":true,"href":"https:\/\/skin-heal.com\/es\/wp-json\/wp\/v2\/product_tag?post=9359"}],"curies":[{"name":"wp","href":"https:\/\/api.w.org\/{rel}","templated":true}]}}