{"id":9360,"date":"2019-09-19T13:21:45","date_gmt":"2019-09-19T13:21:45","guid":{"rendered":"https:\/\/skin-heal.com\/?post_type=product&#038;p=9360"},"modified":"2021-03-30T12:12:06","modified_gmt":"2021-03-30T12:12:06","slug":"derma-science-72-azulene-complex-ampoule-50ml","status":"publish","type":"product","link":"https:\/\/skin-heal.com\/es\/producto\/derma-science-72-azulene-complex-ampoule-50ml\/","title":{"rendered":"Derma Science 72% Azulene Complex Ampoule - 50ml"},"content":{"rendered":"<h3>La soluci\u00f3n cosm\u00e9tica definitiva para los pacientes con problemas de piel<\/h3>\n<p>La Ampolla de Complejo de Azuleno 72% de Histolab se encuentra entre las soluciones cosm\u00e9ticas m\u00e1s valoradas por los pacientes que se ven obligados a lidiar con uno o varios problemas cut\u00e1neos molestos y dif\u00edciles de tratar como:<\/p>\n<ul>\n<li>Trata con seguridad las irritaciones e inflamaciones de la piel<\/li>\n<li>Reduce y limpia significativamente los poros dilatados y obstruidos<\/li>\n<li>Reduce y equilibra gradualmente los niveles excesivos de grasa en la piel<\/li>\n<li>Proporciona r\u00e1pidamente una sensaci\u00f3n de frescor que alivia instant\u00e1neamente los picores, las rojeces, etc.<\/li>\n<\/ul>\n<p>Cuando se utiliza con regularidad, consigue resultados impresionantes porque cuenta con ingredientes no agresivos y sin productos qu\u00edmicos que tratan y mejoran el estado y el aspecto de la piel. El pionero Complejo Azuleno que contiene tiene <u>un fant\u00e1stico efecto calmante<\/u> que puede aliviar las sensaciones desagradables causadas por el acn\u00e9, las irritaciones de la piel, la producci\u00f3n excesiva de sebo, etc. Una mezcla especial de dimetil sulfona y BHA vegetal garantiza el perfecto equilibrio de los niveles de grasa en la piel. Este fiable producto cosm\u00e9tico tambi\u00e9n <em>hidratar profundamente la piel<\/em> apoy\u00e1ndose en las propiedades hidratantes naturales del aceite del \u00e1rbol del t\u00e9.<\/p>\n<h3>\u00bfEs seguro utilizarlo con otros productos para el cuidado de la piel?<\/h3>\n<p>Derma Science 72% Azulene Complex Ampoule <em>no presenta alcohol, parabenos<\/em> u otros ingredientes agresivos. Por ello, puede utilizarse de forma regular durante largos periodos de tiempo. Su f\u00f3rmula suave y rica en plantas hace que pueda aplicarse incluso con seguridad en combinaci\u00f3n con otros productos para el cuidado de la piel.<\/p>","protected":false},"excerpt":{"rendered":"<p>Nosotros, desde Skin Heal, estamos encantados de presentar a nuestros clientes la Ampolla Derma Science 72% Azulene Complex 50ml - un producto cosm\u00e9tico eficaz de uso t\u00f3pico que ha sido desarrollado exclusivamente por Histolab para tratar con \u00e9xito a los pacientes con pieles problem\u00e1ticas. Poros obstruidos, piel grasa o irritada - todas estas preocupaciones cosm\u00e9ticas pueden ser erradicadas con este <u>ampolla de cuidado de la piel robusta<\/u> porque limpia, hidrata, equilibra la producci\u00f3n de sebo y calma como ning\u00fan otro producto.<\/p>","protected":false},"featured_media":9366,"template":"","meta":[],"product_brand":[],"product_cat":[87,113,114],"product_tag":[],"class_list":{"0":"post-9360","1":"product","2":"type-product","3":"status-publish","4":"has-post-thumbnail","6":"product_cat-cosmetics","7":"product_cat-histolab","8":"product_cat-medians","9":"clearfix","11":"first","12":"outofstock","13":"taxable","14":"shipping-taxable","15":"purchasable","16":"product-type-simple"},"yoast_head":"<!-- This site is optimized with the Yoast SEO plugin v27.3 - https:\/\/yoast.com\/product\/yoast-seo-wordpress\/ -->\n<title>Derma Science 72% Azulene Complex Ampoule \u2013 50ml - Skin Heal<\/title>\n<meta name=\"description\" content=\"Order Histolab\u2019s Derma Science 72% Azulene Complex Ampoule from Skin Heal to quickly treat oily skin that is prone to irritations, acne and clogged pores.\" \/>\n<meta name=\"robots\" content=\"index, follow, max-snippet:-1, max-image-preview:large, max-video-preview:-1\" \/>\n<link rel=\"canonical\" href=\"https:\/\/skin-heal.com\/es\/producto\/derma-science-72-azulene-complex-ampoule-50ml\/\" \/>\n<meta property=\"og:locale\" content=\"es_MX\" \/>\n<meta property=\"og:type\" content=\"article\" \/>\n<meta property=\"og:title\" content=\"Derma Science 72% Azulene Complex Ampoule \u2013 50ml - Skin Heal\" \/>\n<meta property=\"og:description\" content=\"Order Histolab\u2019s Derma Science 72% Azulene Complex Ampoule from Skin Heal to quickly treat oily skin that is prone to irritations, acne and clogged pores.\" \/>\n<meta property=\"og:url\" content=\"https:\/\/skin-heal.com\/es\/producto\/derma-science-72-azulene-complex-ampoule-50ml\/\" \/>\n<meta property=\"og:site_name\" content=\"Skin Heal\" \/>\n<meta property=\"article:modified_time\" content=\"2021-03-30T12:12:06+00:00\" \/>\n<meta property=\"og:image\" content=\"https:\/\/cdn.skin-heal.com\/wp-content\/uploads\/2019\/09\/Azulene-Complex-Ampoule.jpg\" \/>\n\t<meta property=\"og:image:width\" content=\"600\" \/>\n\t<meta property=\"og:image:height\" content=\"600\" \/>\n\t<meta property=\"og:image:type\" content=\"image\/jpeg\" \/>\n<meta name=\"twitter:card\" content=\"summary_large_image\" \/>\n<meta name=\"twitter:label1\" content=\"Tiempo de lectura\" \/>\n\t<meta name=\"twitter:data1\" content=\"1 minuto\" \/>\n<script type=\"application\/ld+json\" class=\"yoast-schema-graph\">{\"@context\":\"https:\\\/\\\/schema.org\",\"@graph\":[{\"@type\":\"WebPage\",\"@id\":\"https:\\\/\\\/skin-heal.com\\\/product\\\/derma-science-72-azulene-complex-ampoule-50ml\\\/\",\"url\":\"https:\\\/\\\/skin-heal.com\\\/product\\\/derma-science-72-azulene-complex-ampoule-50ml\\\/\",\"name\":\"Derma Science 72% Azulene Complex Ampoule \u2013 50ml - Skin Heal\",\"isPartOf\":{\"@id\":\"https:\\\/\\\/skin-heal.com\\\/#website\"},\"primaryImageOfPage\":{\"@id\":\"https:\\\/\\\/skin-heal.com\\\/product\\\/derma-science-72-azulene-complex-ampoule-50ml\\\/#primaryimage\"},\"image\":{\"@id\":\"https:\\\/\\\/skin-heal.com\\\/product\\\/derma-science-72-azulene-complex-ampoule-50ml\\\/#primaryimage\"},\"thumbnailUrl\":\"https:\\\/\\\/skin-heal.com\\\/wp-content\\\/uploads\\\/2019\\\/09\\\/Azulene-Complex-Ampoule.jpg\",\"datePublished\":\"2019-09-19T13:21:45+00:00\",\"dateModified\":\"2021-03-30T12:12:06+00:00\",\"description\":\"Order Histolab\u2019s Derma Science 72% Azulene Complex Ampoule from Skin Heal to quickly treat oily skin that is prone to irritations, acne and clogged pores.\",\"breadcrumb\":{\"@id\":\"https:\\\/\\\/skin-heal.com\\\/product\\\/derma-science-72-azulene-complex-ampoule-50ml\\\/#breadcrumb\"},\"inLanguage\":\"es\",\"potentialAction\":[{\"@type\":\"ReadAction\",\"target\":[\"https:\\\/\\\/skin-heal.com\\\/product\\\/derma-science-72-azulene-complex-ampoule-50ml\\\/\"]}]},{\"@type\":\"ImageObject\",\"inLanguage\":\"es\",\"@id\":\"https:\\\/\\\/skin-heal.com\\\/product\\\/derma-science-72-azulene-complex-ampoule-50ml\\\/#primaryimage\",\"url\":\"https:\\\/\\\/skin-heal.com\\\/wp-content\\\/uploads\\\/2019\\\/09\\\/Azulene-Complex-Ampoule.jpg\",\"contentUrl\":\"https:\\\/\\\/skin-heal.com\\\/wp-content\\\/uploads\\\/2019\\\/09\\\/Azulene-Complex-Ampoule.jpg\",\"width\":600,\"height\":600,\"caption\":\"Azulene Complex Ampoule\"},{\"@type\":\"BreadcrumbList\",\"@id\":\"https:\\\/\\\/skin-heal.com\\\/product\\\/derma-science-72-azulene-complex-ampoule-50ml\\\/#breadcrumb\",\"itemListElement\":[{\"@type\":\"ListItem\",\"position\":1,\"name\":\"Home\",\"item\":\"https:\\\/\\\/skin-heal.com\\\/\"},{\"@type\":\"ListItem\",\"position\":2,\"name\":\"Store\",\"item\":\"https:\\\/\\\/skin-heal.com\\\/store\\\/\"},{\"@type\":\"ListItem\",\"position\":3,\"name\":\"Derma Science 72% Azulene Complex Ampoule \u2013 50ml\"}]},{\"@type\":\"WebSite\",\"@id\":\"https:\\\/\\\/skin-heal.com\\\/#website\",\"url\":\"https:\\\/\\\/skin-heal.com\\\/\",\"name\":\"Skin Heal\",\"description\":\"Lowest Prices for Dermal Fillers\",\"potentialAction\":[{\"@type\":\"SearchAction\",\"target\":{\"@type\":\"EntryPoint\",\"urlTemplate\":\"https:\\\/\\\/skin-heal.com\\\/?s={search_term_string}\"},\"query-input\":{\"@type\":\"PropertyValueSpecification\",\"valueRequired\":true,\"valueName\":\"search_term_string\"}}],\"inLanguage\":\"es\"}]}<\/script>\n<!-- \/ Yoast SEO plugin. -->","yoast_head_json":{"title":"Derma Science 72% Azulene Complex Ampoule - 50ml - Skin Heal","description":"Pida la Ampolla Derma Science 72% Azulene Complex de Skin Heal de Histolab para tratar r\u00e1pidamente la piel grasa propensa a irritaciones, acn\u00e9 y poros obstruidos.","robots":{"index":"index","follow":"follow","max-snippet":"max-snippet:-1","max-image-preview":"max-image-preview:large","max-video-preview":"max-video-preview:-1"},"canonical":"https:\/\/skin-heal.com\/es\/producto\/derma-science-72-azulene-complex-ampoule-50ml\/","og_locale":"es_MX","og_type":"article","og_title":"Derma Science 72% Azulene Complex Ampoule \u2013 50ml - Skin Heal","og_description":"Order Histolab\u2019s Derma Science 72% Azulene Complex Ampoule from Skin Heal to quickly treat oily skin that is prone to irritations, acne and clogged pores.","og_url":"https:\/\/skin-heal.com\/es\/producto\/derma-science-72-azulene-complex-ampoule-50ml\/","og_site_name":"Skin Heal","article_modified_time":"2021-03-30T12:12:06+00:00","og_image":[{"width":600,"height":600,"url":"https:\/\/cdn.skin-heal.com\/wp-content\/uploads\/2019\/09\/Azulene-Complex-Ampoule.jpg","type":"image\/jpeg"}],"twitter_card":"summary_large_image","twitter_misc":{"Tiempo de lectura":"1 minuto"},"schema":{"@context":"https:\/\/schema.org","@graph":[{"@type":"WebPage","@id":"https:\/\/skin-heal.com\/product\/derma-science-72-azulene-complex-ampoule-50ml\/","url":"https:\/\/skin-heal.com\/product\/derma-science-72-azulene-complex-ampoule-50ml\/","name":"Derma Science 72% Azulene Complex Ampoule - 50ml - Skin Heal","isPartOf":{"@id":"https:\/\/skin-heal.com\/#website"},"primaryImageOfPage":{"@id":"https:\/\/skin-heal.com\/product\/derma-science-72-azulene-complex-ampoule-50ml\/#primaryimage"},"image":{"@id":"https:\/\/skin-heal.com\/product\/derma-science-72-azulene-complex-ampoule-50ml\/#primaryimage"},"thumbnailUrl":"https:\/\/cdn.skin-heal.com\/wp-content\/uploads\/2019\/09\/Azulene-Complex-Ampoule.jpg","datePublished":"2019-09-19T13:21:45+00:00","dateModified":"2021-03-30T12:12:06+00:00","description":"Pida la Ampolla Derma Science 72% Azulene Complex de Skin Heal de Histolab para tratar r\u00e1pidamente la piel grasa propensa a irritaciones, acn\u00e9 y poros obstruidos.","breadcrumb":{"@id":"https:\/\/skin-heal.com\/product\/derma-science-72-azulene-complex-ampoule-50ml\/#breadcrumb"},"inLanguage":"es","potentialAction":[{"@type":"ReadAction","target":["https:\/\/skin-heal.com\/product\/derma-science-72-azulene-complex-ampoule-50ml\/"]}]},{"@type":"ImageObject","inLanguage":"es","@id":"https:\/\/skin-heal.com\/product\/derma-science-72-azulene-complex-ampoule-50ml\/#primaryimage","url":"https:\/\/cdn.skin-heal.com\/wp-content\/uploads\/2019\/09\/Azulene-Complex-Ampoule.jpg","contentUrl":"https:\/\/cdn.skin-heal.com\/wp-content\/uploads\/2019\/09\/Azulene-Complex-Ampoule.jpg","width":600,"height":600,"caption":"Azulene Complex Ampoule"},{"@type":"BreadcrumbList","@id":"https:\/\/skin-heal.com\/product\/derma-science-72-azulene-complex-ampoule-50ml\/#breadcrumb","itemListElement":[{"@type":"ListItem","position":1,"name":"Home","item":"https:\/\/skin-heal.com\/"},{"@type":"ListItem","position":2,"name":"Store","item":"https:\/\/skin-heal.com\/store\/"},{"@type":"ListItem","position":3,"name":"Derma Science 72% Azulene Complex Ampoule \u2013 50ml"}]},{"@type":"WebSite","@id":"https:\/\/skin-heal.com\/#website","url":"https:\/\/skin-heal.com\/","name":"Curaci\u00f3n de la piel","description":"Los precios m\u00e1s bajos para los rellenos d\u00e9rmicos","potentialAction":[{"@type":"SearchAction","target":{"@type":"EntryPoint","urlTemplate":"https:\/\/skin-heal.com\/?s={search_term_string}"},"query-input":{"@type":"PropertyValueSpecification","valueRequired":true,"valueName":"search_term_string"}}],"inLanguage":"es"}]}},"_links":{"self":[{"href":"https:\/\/skin-heal.com\/es\/wp-json\/wp\/v2\/product\/9360","targetHints":{"allow":["GET"]}}],"collection":[{"href":"https:\/\/skin-heal.com\/es\/wp-json\/wp\/v2\/product"}],"about":[{"href":"https:\/\/skin-heal.com\/es\/wp-json\/wp\/v2\/types\/product"}],"wp:featuredmedia":[{"embeddable":true,"href":"https:\/\/skin-heal.com\/es\/wp-json\/wp\/v2\/media\/9366"}],"wp:attachment":[{"href":"https:\/\/skin-heal.com\/es\/wp-json\/wp\/v2\/media?parent=9360"}],"wp:term":[{"taxonomy":"product_brand","embeddable":true,"href":"https:\/\/skin-heal.com\/es\/wp-json\/wp\/v2\/product_brand?post=9360"},{"taxonomy":"product_cat","embeddable":true,"href":"https:\/\/skin-heal.com\/es\/wp-json\/wp\/v2\/product_cat?post=9360"},{"taxonomy":"product_tag","embeddable":true,"href":"https:\/\/skin-heal.com\/es\/wp-json\/wp\/v2\/product_tag?post=9360"}],"curies":[{"name":"wp","href":"https:\/\/api.w.org\/{rel}","templated":true}]}}