{"id":9361,"date":"2019-09-19T13:22:29","date_gmt":"2019-09-19T13:22:29","guid":{"rendered":"https:\/\/skin-heal.com\/?post_type=product&#038;p=9361"},"modified":"2021-03-30T12:12:06","modified_gmt":"2021-03-30T12:12:06","slug":"derma-science-cover-me-5g","status":"publish","type":"product","link":"https:\/\/skin-heal.com\/es\/producto\/derma-science-cover-me-5g\/","title":{"rendered":"Derma Science Cover Me 5g"},"content":{"rendered":"<h3>Un corrector de calidad superior que protege la piel<\/h3>\n<p>Durante los primeros d\u00edas despu\u00e9s de un tratamiento cosm\u00e9tico m\u00e1s agresivo (por ejemplo, terapia l\u00e1ser), la piel puede estar muy irritada y ser muy sensible a la luz solar, los rayos UV y otros factores ambientales como el agua, el viento y la contaminaci\u00f3n. Derma Science Cover Me <u>protege eficazmente la piel<\/u> del sudor, la humedad excesiva y todas las dem\u00e1s cosas que pueden tener un efecto negativo en los resultados de su reciente tratamiento. Adem\u00e1s de ocultar inmediatamente las cicatrices del acn\u00e9 y las manchas, tambi\u00e9n <strong>sirve como protector solar de calidad<\/strong> porque contiene Di\u00f3xido de Titanio. El acetato de tocoferilo que contiene formar\u00e1 una capa protectora duradera sobre las zonas de aplicaci\u00f3n que permitir\u00e1 a la piel curarse y restaurarse adecuadamente.<\/p>\n<h3>\u00bfPor qu\u00e9 elegir Derma Science Cover Me?<\/h3>\n<ul>\n<li>F\u00e1cil de transportar y de aplicar<\/li>\n<li>Tiene un efecto calmante r\u00e1pido ya que se basa en el complejo SRGF H1 de Histolab<\/li>\n<li>Un producto hipoalerg\u00e9nico asequible, adecuado para pieles irritadas y da\u00f1adas<\/li>\n<li>Rico en p\u00e9ptidos<\/li>\n<li>Efectos antienvejecimiento<\/li>\n<li>Equilibra la producci\u00f3n excesiva de sebo<\/li>\n<\/ul>\n<p>Este corrector de venta r\u00e1pida es mejor utilizarlo despu\u00e9s de una crema, un t\u00f3nico o un protector solar. Se puede combinar con seguridad con otras soluciones cosm\u00e9ticas de Derma Science. Apl\u00edcalo con el puff que se incluye en el envase.<\/p>","protected":false},"excerpt":{"rendered":"<p>Los tratamientos profesionales de la piel a menudo provocan irritaciones y cicatrices, pero Derma Science Cover Me 5g ha sido elaborado para abordar espec\u00edficamente este problema. Comercializado por Skin Heal, este <u>corrector de alto rendimiento de Histolab<\/u> hace algo m\u00e1s que cubrir problemas cosm\u00e9ticos como las rojeces o el acn\u00e9. Le dar\u00e1 a su piel un poderoso impulso que la regenerar\u00e1 y rejuvenecer\u00e1 en gran medida. Con \u00e9l, la piel tratada obtiene una protecci\u00f3n garantizada, una sensaci\u00f3n calmante y <em>tasas de producci\u00f3n de sebo perfectamente equilibradas<\/em>.<\/p>","protected":false},"featured_media":9367,"template":"","meta":[],"product_brand":[],"product_cat":[87,113,114],"product_tag":[],"class_list":{"0":"post-9361","1":"product","2":"type-product","3":"status-publish","4":"has-post-thumbnail","6":"product_cat-cosmetics","7":"product_cat-histolab","8":"product_cat-medians","9":"clearfix","11":"first","12":"outofstock","13":"taxable","14":"shipping-taxable","15":"purchasable","16":"product-type-simple"},"yoast_head":"<!-- This site is optimized with the Yoast SEO plugin v27.3 - https:\/\/yoast.com\/product\/yoast-seo-wordpress\/ -->\n<title>Derma Science Cover Me 5g - Skin Heal<\/title>\n<meta name=\"description\" content=\"To purchase reliable concealer Derma Science Cover Me, shop via Skin Heal. Derma Science Cover Me effectively protects, calms and regenerates treated skin.\" \/>\n<meta name=\"robots\" content=\"index, follow, max-snippet:-1, max-image-preview:large, max-video-preview:-1\" \/>\n<link rel=\"canonical\" href=\"https:\/\/skin-heal.com\/es\/producto\/derma-science-cover-me-5g\/\" \/>\n<meta property=\"og:locale\" content=\"es_MX\" \/>\n<meta property=\"og:type\" content=\"article\" \/>\n<meta property=\"og:title\" content=\"Derma Science Cover Me 5g - Skin Heal\" \/>\n<meta property=\"og:description\" content=\"To purchase reliable concealer Derma Science Cover Me, shop via Skin Heal. Derma Science Cover Me effectively protects, calms and regenerates treated skin.\" \/>\n<meta property=\"og:url\" content=\"https:\/\/skin-heal.com\/es\/producto\/derma-science-cover-me-5g\/\" \/>\n<meta property=\"og:site_name\" content=\"Skin Heal\" \/>\n<meta property=\"article:modified_time\" content=\"2021-03-30T12:12:06+00:00\" \/>\n<meta property=\"og:image\" content=\"https:\/\/cdn.skin-heal.com\/wp-content\/uploads\/2019\/09\/Cover-Me.jpg\" \/>\n\t<meta property=\"og:image:width\" content=\"600\" \/>\n\t<meta property=\"og:image:height\" content=\"600\" \/>\n\t<meta property=\"og:image:type\" content=\"image\/jpeg\" \/>\n<meta name=\"twitter:card\" content=\"summary_large_image\" \/>\n<meta name=\"twitter:label1\" content=\"Tiempo de lectura\" \/>\n\t<meta name=\"twitter:data1\" content=\"1 minuto\" \/>\n<script type=\"application\/ld+json\" class=\"yoast-schema-graph\">{\"@context\":\"https:\\\/\\\/schema.org\",\"@graph\":[{\"@type\":\"WebPage\",\"@id\":\"https:\\\/\\\/skin-heal.com\\\/product\\\/derma-science-cover-me-5g\\\/\",\"url\":\"https:\\\/\\\/skin-heal.com\\\/product\\\/derma-science-cover-me-5g\\\/\",\"name\":\"Derma Science Cover Me 5g - Skin Heal\",\"isPartOf\":{\"@id\":\"https:\\\/\\\/skin-heal.com\\\/#website\"},\"primaryImageOfPage\":{\"@id\":\"https:\\\/\\\/skin-heal.com\\\/product\\\/derma-science-cover-me-5g\\\/#primaryimage\"},\"image\":{\"@id\":\"https:\\\/\\\/skin-heal.com\\\/product\\\/derma-science-cover-me-5g\\\/#primaryimage\"},\"thumbnailUrl\":\"https:\\\/\\\/skin-heal.com\\\/wp-content\\\/uploads\\\/2019\\\/09\\\/Cover-Me.jpg\",\"datePublished\":\"2019-09-19T13:22:29+00:00\",\"dateModified\":\"2021-03-30T12:12:06+00:00\",\"description\":\"To purchase reliable concealer Derma Science Cover Me, shop via Skin Heal. Derma Science Cover Me effectively protects, calms and regenerates treated skin.\",\"breadcrumb\":{\"@id\":\"https:\\\/\\\/skin-heal.com\\\/product\\\/derma-science-cover-me-5g\\\/#breadcrumb\"},\"inLanguage\":\"es\",\"potentialAction\":[{\"@type\":\"ReadAction\",\"target\":[\"https:\\\/\\\/skin-heal.com\\\/product\\\/derma-science-cover-me-5g\\\/\"]}]},{\"@type\":\"ImageObject\",\"inLanguage\":\"es\",\"@id\":\"https:\\\/\\\/skin-heal.com\\\/product\\\/derma-science-cover-me-5g\\\/#primaryimage\",\"url\":\"https:\\\/\\\/skin-heal.com\\\/wp-content\\\/uploads\\\/2019\\\/09\\\/Cover-Me.jpg\",\"contentUrl\":\"https:\\\/\\\/skin-heal.com\\\/wp-content\\\/uploads\\\/2019\\\/09\\\/Cover-Me.jpg\",\"width\":600,\"height\":600,\"caption\":\"Cover Me\"},{\"@type\":\"BreadcrumbList\",\"@id\":\"https:\\\/\\\/skin-heal.com\\\/product\\\/derma-science-cover-me-5g\\\/#breadcrumb\",\"itemListElement\":[{\"@type\":\"ListItem\",\"position\":1,\"name\":\"Home\",\"item\":\"https:\\\/\\\/skin-heal.com\\\/\"},{\"@type\":\"ListItem\",\"position\":2,\"name\":\"Store\",\"item\":\"https:\\\/\\\/skin-heal.com\\\/store\\\/\"},{\"@type\":\"ListItem\",\"position\":3,\"name\":\"Derma Science Cover Me 5g\"}]},{\"@type\":\"WebSite\",\"@id\":\"https:\\\/\\\/skin-heal.com\\\/#website\",\"url\":\"https:\\\/\\\/skin-heal.com\\\/\",\"name\":\"Skin Heal\",\"description\":\"Lowest Prices for Dermal Fillers\",\"potentialAction\":[{\"@type\":\"SearchAction\",\"target\":{\"@type\":\"EntryPoint\",\"urlTemplate\":\"https:\\\/\\\/skin-heal.com\\\/?s={search_term_string}\"},\"query-input\":{\"@type\":\"PropertyValueSpecification\",\"valueRequired\":true,\"valueName\":\"search_term_string\"}}],\"inLanguage\":\"es\"}]}<\/script>\n<!-- \/ Yoast SEO plugin. -->","yoast_head_json":{"title":"Derma Science Cover Me 5g - Piel sana","description":"Para comprar el corrector de confianza Derma Science Cover Me, compre a trav\u00e9s de Skin Heal. Derma Science Cover Me protege, calma y regenera eficazmente la piel tratada.","robots":{"index":"index","follow":"follow","max-snippet":"max-snippet:-1","max-image-preview":"max-image-preview:large","max-video-preview":"max-video-preview:-1"},"canonical":"https:\/\/skin-heal.com\/es\/producto\/derma-science-cover-me-5g\/","og_locale":"es_MX","og_type":"article","og_title":"Derma Science Cover Me 5g - Skin Heal","og_description":"To purchase reliable concealer Derma Science Cover Me, shop via Skin Heal. Derma Science Cover Me effectively protects, calms and regenerates treated skin.","og_url":"https:\/\/skin-heal.com\/es\/producto\/derma-science-cover-me-5g\/","og_site_name":"Skin Heal","article_modified_time":"2021-03-30T12:12:06+00:00","og_image":[{"width":600,"height":600,"url":"https:\/\/cdn.skin-heal.com\/wp-content\/uploads\/2019\/09\/Cover-Me.jpg","type":"image\/jpeg"}],"twitter_card":"summary_large_image","twitter_misc":{"Tiempo de lectura":"1 minuto"},"schema":{"@context":"https:\/\/schema.org","@graph":[{"@type":"WebPage","@id":"https:\/\/skin-heal.com\/product\/derma-science-cover-me-5g\/","url":"https:\/\/skin-heal.com\/product\/derma-science-cover-me-5g\/","name":"Derma Science Cover Me 5g - Piel sana","isPartOf":{"@id":"https:\/\/skin-heal.com\/#website"},"primaryImageOfPage":{"@id":"https:\/\/skin-heal.com\/product\/derma-science-cover-me-5g\/#primaryimage"},"image":{"@id":"https:\/\/skin-heal.com\/product\/derma-science-cover-me-5g\/#primaryimage"},"thumbnailUrl":"https:\/\/cdn.skin-heal.com\/wp-content\/uploads\/2019\/09\/Cover-Me.jpg","datePublished":"2019-09-19T13:22:29+00:00","dateModified":"2021-03-30T12:12:06+00:00","description":"Para comprar el corrector de confianza Derma Science Cover Me, compre a trav\u00e9s de Skin Heal. Derma Science Cover Me protege, calma y regenera eficazmente la piel tratada.","breadcrumb":{"@id":"https:\/\/skin-heal.com\/product\/derma-science-cover-me-5g\/#breadcrumb"},"inLanguage":"es","potentialAction":[{"@type":"ReadAction","target":["https:\/\/skin-heal.com\/product\/derma-science-cover-me-5g\/"]}]},{"@type":"ImageObject","inLanguage":"es","@id":"https:\/\/skin-heal.com\/product\/derma-science-cover-me-5g\/#primaryimage","url":"https:\/\/cdn.skin-heal.com\/wp-content\/uploads\/2019\/09\/Cover-Me.jpg","contentUrl":"https:\/\/cdn.skin-heal.com\/wp-content\/uploads\/2019\/09\/Cover-Me.jpg","width":600,"height":600,"caption":"Cover Me"},{"@type":"BreadcrumbList","@id":"https:\/\/skin-heal.com\/product\/derma-science-cover-me-5g\/#breadcrumb","itemListElement":[{"@type":"ListItem","position":1,"name":"Home","item":"https:\/\/skin-heal.com\/"},{"@type":"ListItem","position":2,"name":"Store","item":"https:\/\/skin-heal.com\/store\/"},{"@type":"ListItem","position":3,"name":"Derma Science Cover Me 5g"}]},{"@type":"WebSite","@id":"https:\/\/skin-heal.com\/#website","url":"https:\/\/skin-heal.com\/","name":"Curaci\u00f3n de la piel","description":"Los precios m\u00e1s bajos para los rellenos d\u00e9rmicos","potentialAction":[{"@type":"SearchAction","target":{"@type":"EntryPoint","urlTemplate":"https:\/\/skin-heal.com\/?s={search_term_string}"},"query-input":{"@type":"PropertyValueSpecification","valueRequired":true,"valueName":"search_term_string"}}],"inLanguage":"es"}]}},"_links":{"self":[{"href":"https:\/\/skin-heal.com\/es\/wp-json\/wp\/v2\/product\/9361","targetHints":{"allow":["GET"]}}],"collection":[{"href":"https:\/\/skin-heal.com\/es\/wp-json\/wp\/v2\/product"}],"about":[{"href":"https:\/\/skin-heal.com\/es\/wp-json\/wp\/v2\/types\/product"}],"wp:featuredmedia":[{"embeddable":true,"href":"https:\/\/skin-heal.com\/es\/wp-json\/wp\/v2\/media\/9367"}],"wp:attachment":[{"href":"https:\/\/skin-heal.com\/es\/wp-json\/wp\/v2\/media?parent=9361"}],"wp:term":[{"taxonomy":"product_brand","embeddable":true,"href":"https:\/\/skin-heal.com\/es\/wp-json\/wp\/v2\/product_brand?post=9361"},{"taxonomy":"product_cat","embeddable":true,"href":"https:\/\/skin-heal.com\/es\/wp-json\/wp\/v2\/product_cat?post=9361"},{"taxonomy":"product_tag","embeddable":true,"href":"https:\/\/skin-heal.com\/es\/wp-json\/wp\/v2\/product_tag?post=9361"}],"curies":[{"name":"wp","href":"https:\/\/api.w.org\/{rel}","templated":true}]}}