{"id":9362,"date":"2019-09-19T13:24:37","date_gmt":"2019-09-19T13:24:37","guid":{"rendered":"https:\/\/skin-heal.com\/?post_type=product&#038;p=9362"},"modified":"2021-03-30T12:12:05","modified_gmt":"2021-03-30T12:12:05","slug":"derma-science-post-laser-sun-blemish-balm-50ml-spf-35-pa","status":"publish","type":"product","link":"https:\/\/skin-heal.com\/es\/producto\/derma-science-post-laser-sun-blemish-balm-50ml-spf-35-pa\/","title":{"rendered":"B\u00e1lsamo solar antimanchas Derma Science Post Laser 50ml (SPF 35\/PA++)"},"content":{"rendered":"<h3>Una forma r\u00e1pida de tratar los efectos secundarios de la terapia l\u00e1ser<\/h3>\n<p>Los tratamientos cut\u00e1neos con l\u00e1ser son una forma excelente de tratar una amplia gama de problemas est\u00e9ticos, desde el acn\u00e9 y las cicatrices hasta la psoriasis y la hiperpigmentaci\u00f3n. Sin embargo, a menudo provocan efectos adversos tras el tratamiento, como:<\/p>\n<ul>\n<li>Enrojecimiento<\/li>\n<li>Picaz\u00f3n<\/li>\n<li>Sequedad<\/li>\n<li>Quemaduras solares por luz artificial<\/li>\n<\/ul>\n<p>Derma Science Post Laser Sun Blemish Balm (SPF 35\/PA++) es un revolucionario producto para el cuidado de la piel que se aplica despu\u00e9s de este tipo de procedimientos cosm\u00e9ticos agresivos para reducir las molestias causadas por los efectos adversos mencionados anteriormente. Se puede utilizar en combinaci\u00f3n con una loci\u00f3n calmante o un t\u00f3nico de la l\u00ednea Derma Science de Histolab y tiene efectos casi instant\u00e1neos y muy duraderos que <u>calma f\u00e1cilmente todo tipo de irritaciones cut\u00e1neas<\/u> y reducir el riesgo de inflamaciones y otras complicaciones posteriores a la terapia.<\/p>\n<h3>Un producto de confianza para el cuidado de la piel repleto de valiosos ingredientes<\/h3>\n<p>La mayor\u00eda de las sustancias utilizadas en la elaboraci\u00f3n de este <strong>b\u00e1lsamo de alta calidad para la piel<\/strong> son de origen natural. Por ello, este producto es altamente compatible con todo tipo de pieles y no provoca reacciones indeseadas.<\/p>\n<ul>\n<li>Extracto de aloe vera - un r\u00e1pido efecto calmante<\/li>\n<li>Hialuronato de sodio: hidrataci\u00f3n duradera<\/li>\n<li>Extracto de cultivo de callos - nutrici\u00f3n robusta<\/li>\n<li>Extracto de salvado de arroz y Arbutina: impresionantes cualidades antioxidantes y propiedades de aclaraci\u00f3n de la piel<\/li>\n<li>Di\u00f3xido de titanio: protecci\u00f3n solar eficaz<\/li>\n<li>Extracto de flor de cal\u00e9ndula: calma de forma segura las irritaciones de la piel<\/li>\n<\/ul>","protected":false},"excerpt":{"rendered":"<p>El b\u00e1lsamo solar antimanchas Derma Science Post Laser 50ml (SPF 35\/PA++) es un producto cosm\u00e9tico imprescindible para las personas que van a someterse a una terapia l\u00e1ser. La empresa que est\u00e1 detr\u00e1s de este b\u00e1lsamo cosm\u00e9tico de gama alta es el l\u00edder del mercado Histolab y lo ha creado como una soluci\u00f3n r\u00e1pida que calmar\u00e1 la piel tratada y <em>reducir los efectos secundarios causados por los procedimientos de cuidado de la piel con l\u00e1ser<\/em>. Nosotros, desde Skin Heal, lo ofrecemos como parte de nuestro creciente arsenal de productos.<\/p>","protected":false},"featured_media":9368,"template":"","meta":[],"product_brand":[],"product_cat":[87,113,114],"product_tag":[],"class_list":{"0":"post-9362","1":"product","2":"type-product","3":"status-publish","4":"has-post-thumbnail","6":"product_cat-cosmetics","7":"product_cat-histolab","8":"product_cat-medians","9":"clearfix","11":"first","12":"outofstock","13":"taxable","14":"shipping-taxable","15":"purchasable","16":"product-type-simple"},"yoast_head":"<!-- This site is optimized with the Yoast SEO plugin v27.4 - https:\/\/yoast.com\/product\/yoast-seo-wordpress\/ -->\n<title>Derma Science Post Laser Sun Blemish Balm 50ml - Skin Heal<\/title>\n<meta name=\"description\" content=\"Rely on Skin Heal to get Derma Science Post Laser Sun Blemish Balm \u2013 a trusted skincare balm that swiftly reduces post-laser treatment irritations.\" \/>\n<meta name=\"robots\" content=\"index, follow, max-snippet:-1, max-image-preview:large, max-video-preview:-1\" \/>\n<link rel=\"canonical\" href=\"https:\/\/skin-heal.com\/es\/producto\/derma-science-post-laser-sun-blemish-balm-50ml-spf-35-pa\/\" \/>\n<meta property=\"og:locale\" content=\"es_MX\" \/>\n<meta property=\"og:type\" content=\"article\" \/>\n<meta property=\"og:title\" content=\"Derma Science Post Laser Sun Blemish Balm 50ml - Skin Heal\" \/>\n<meta property=\"og:description\" content=\"Rely on Skin Heal to get Derma Science Post Laser Sun Blemish Balm \u2013 a trusted skincare balm that swiftly reduces post-laser treatment irritations.\" \/>\n<meta property=\"og:url\" content=\"https:\/\/skin-heal.com\/es\/producto\/derma-science-post-laser-sun-blemish-balm-50ml-spf-35-pa\/\" \/>\n<meta property=\"og:site_name\" content=\"Skin Heal\" \/>\n<meta property=\"article:modified_time\" content=\"2021-03-30T12:12:05+00:00\" \/>\n<meta property=\"og:image\" content=\"https:\/\/cdn.skin-heal.com\/wp-content\/uploads\/2019\/09\/Post-Laser-Sun-Blemish-Balm.jpg\" \/>\n\t<meta property=\"og:image:width\" content=\"600\" \/>\n\t<meta property=\"og:image:height\" content=\"600\" \/>\n\t<meta property=\"og:image:type\" content=\"image\/jpeg\" \/>\n<meta name=\"twitter:card\" content=\"summary_large_image\" \/>\n<meta name=\"twitter:label1\" content=\"Tiempo de lectura\" \/>\n\t<meta name=\"twitter:data1\" content=\"1 minuto\" \/>\n<script type=\"application\/ld+json\" class=\"yoast-schema-graph\">{\"@context\":\"https:\\\/\\\/schema.org\",\"@graph\":[{\"@type\":\"WebPage\",\"@id\":\"https:\\\/\\\/skin-heal.com\\\/product\\\/derma-science-post-laser-sun-blemish-balm-50ml-spf-35-pa\\\/\",\"url\":\"https:\\\/\\\/skin-heal.com\\\/product\\\/derma-science-post-laser-sun-blemish-balm-50ml-spf-35-pa\\\/\",\"name\":\"Derma Science Post Laser Sun Blemish Balm 50ml - Skin Heal\",\"isPartOf\":{\"@id\":\"https:\\\/\\\/skin-heal.com\\\/#website\"},\"primaryImageOfPage\":{\"@id\":\"https:\\\/\\\/skin-heal.com\\\/product\\\/derma-science-post-laser-sun-blemish-balm-50ml-spf-35-pa\\\/#primaryimage\"},\"image\":{\"@id\":\"https:\\\/\\\/skin-heal.com\\\/product\\\/derma-science-post-laser-sun-blemish-balm-50ml-spf-35-pa\\\/#primaryimage\"},\"thumbnailUrl\":\"https:\\\/\\\/skin-heal.com\\\/wp-content\\\/uploads\\\/2019\\\/09\\\/Post-Laser-Sun-Blemish-Balm.jpg\",\"datePublished\":\"2019-09-19T13:24:37+00:00\",\"dateModified\":\"2021-03-30T12:12:05+00:00\",\"description\":\"Rely on Skin Heal to get Derma Science Post Laser Sun Blemish Balm \u2013 a trusted skincare balm that swiftly reduces post-laser treatment irritations.\",\"breadcrumb\":{\"@id\":\"https:\\\/\\\/skin-heal.com\\\/product\\\/derma-science-post-laser-sun-blemish-balm-50ml-spf-35-pa\\\/#breadcrumb\"},\"inLanguage\":\"es\",\"potentialAction\":[{\"@type\":\"ReadAction\",\"target\":[\"https:\\\/\\\/skin-heal.com\\\/product\\\/derma-science-post-laser-sun-blemish-balm-50ml-spf-35-pa\\\/\"]}]},{\"@type\":\"ImageObject\",\"inLanguage\":\"es\",\"@id\":\"https:\\\/\\\/skin-heal.com\\\/product\\\/derma-science-post-laser-sun-blemish-balm-50ml-spf-35-pa\\\/#primaryimage\",\"url\":\"https:\\\/\\\/skin-heal.com\\\/wp-content\\\/uploads\\\/2019\\\/09\\\/Post-Laser-Sun-Blemish-Balm.jpg\",\"contentUrl\":\"https:\\\/\\\/skin-heal.com\\\/wp-content\\\/uploads\\\/2019\\\/09\\\/Post-Laser-Sun-Blemish-Balm.jpg\",\"width\":600,\"height\":600,\"caption\":\"Post Laser Sun Blemish Balm\"},{\"@type\":\"BreadcrumbList\",\"@id\":\"https:\\\/\\\/skin-heal.com\\\/product\\\/derma-science-post-laser-sun-blemish-balm-50ml-spf-35-pa\\\/#breadcrumb\",\"itemListElement\":[{\"@type\":\"ListItem\",\"position\":1,\"name\":\"Home\",\"item\":\"https:\\\/\\\/skin-heal.com\\\/\"},{\"@type\":\"ListItem\",\"position\":2,\"name\":\"Store\",\"item\":\"https:\\\/\\\/skin-heal.com\\\/store\\\/\"},{\"@type\":\"ListItem\",\"position\":3,\"name\":\"Derma Science Post Laser Sun Blemish Balm 50ml (SPF 35\\\/PA++)\"}]},{\"@type\":\"WebSite\",\"@id\":\"https:\\\/\\\/skin-heal.com\\\/#website\",\"url\":\"https:\\\/\\\/skin-heal.com\\\/\",\"name\":\"Skin Heal\",\"description\":\"Lowest Prices for Dermal Fillers\",\"potentialAction\":[{\"@type\":\"SearchAction\",\"target\":{\"@type\":\"EntryPoint\",\"urlTemplate\":\"https:\\\/\\\/skin-heal.com\\\/?s={search_term_string}\"},\"query-input\":{\"@type\":\"PropertyValueSpecification\",\"valueRequired\":true,\"valueName\":\"search_term_string\"}}],\"inLanguage\":\"es\"}]}<\/script>\n<!-- \/ Yoast SEO plugin. -->","yoast_head_json":{"title":"Derma Science B\u00e1lsamo solar antimanchas postl\u00e1ser 50ml - Skin Heal","description":"Conf\u00ede en Skin Heal para obtener Derma Science Post Laser Sun Blemish Balm - un b\u00e1lsamo de confianza para el cuidado de la piel que reduce r\u00e1pidamente las irritaciones posteriores al tratamiento con l\u00e1ser.","robots":{"index":"index","follow":"follow","max-snippet":"max-snippet:-1","max-image-preview":"max-image-preview:large","max-video-preview":"max-video-preview:-1"},"canonical":"https:\/\/skin-heal.com\/es\/producto\/derma-science-post-laser-sun-blemish-balm-50ml-spf-35-pa\/","og_locale":"es_MX","og_type":"article","og_title":"Derma Science Post Laser Sun Blemish Balm 50ml - Skin Heal","og_description":"Rely on Skin Heal to get Derma Science Post Laser Sun Blemish Balm \u2013 a trusted skincare balm that swiftly reduces post-laser treatment irritations.","og_url":"https:\/\/skin-heal.com\/es\/producto\/derma-science-post-laser-sun-blemish-balm-50ml-spf-35-pa\/","og_site_name":"Skin Heal","article_modified_time":"2021-03-30T12:12:05+00:00","og_image":[{"width":600,"height":600,"url":"https:\/\/cdn.skin-heal.com\/wp-content\/uploads\/2019\/09\/Post-Laser-Sun-Blemish-Balm.jpg","type":"image\/jpeg"}],"twitter_card":"summary_large_image","twitter_misc":{"Tiempo de lectura":"1 minuto"},"schema":{"@context":"https:\/\/schema.org","@graph":[{"@type":"WebPage","@id":"https:\/\/skin-heal.com\/product\/derma-science-post-laser-sun-blemish-balm-50ml-spf-35-pa\/","url":"https:\/\/skin-heal.com\/product\/derma-science-post-laser-sun-blemish-balm-50ml-spf-35-pa\/","name":"Derma Science B\u00e1lsamo solar antimanchas postl\u00e1ser 50ml - Skin Heal","isPartOf":{"@id":"https:\/\/skin-heal.com\/#website"},"primaryImageOfPage":{"@id":"https:\/\/skin-heal.com\/product\/derma-science-post-laser-sun-blemish-balm-50ml-spf-35-pa\/#primaryimage"},"image":{"@id":"https:\/\/skin-heal.com\/product\/derma-science-post-laser-sun-blemish-balm-50ml-spf-35-pa\/#primaryimage"},"thumbnailUrl":"https:\/\/cdn.skin-heal.com\/wp-content\/uploads\/2019\/09\/Post-Laser-Sun-Blemish-Balm.jpg","datePublished":"2019-09-19T13:24:37+00:00","dateModified":"2021-03-30T12:12:05+00:00","description":"Conf\u00ede en Skin Heal para obtener Derma Science Post Laser Sun Blemish Balm - un b\u00e1lsamo de confianza para el cuidado de la piel que reduce r\u00e1pidamente las irritaciones posteriores al tratamiento con l\u00e1ser.","breadcrumb":{"@id":"https:\/\/skin-heal.com\/product\/derma-science-post-laser-sun-blemish-balm-50ml-spf-35-pa\/#breadcrumb"},"inLanguage":"es","potentialAction":[{"@type":"ReadAction","target":["https:\/\/skin-heal.com\/product\/derma-science-post-laser-sun-blemish-balm-50ml-spf-35-pa\/"]}]},{"@type":"ImageObject","inLanguage":"es","@id":"https:\/\/skin-heal.com\/product\/derma-science-post-laser-sun-blemish-balm-50ml-spf-35-pa\/#primaryimage","url":"https:\/\/cdn.skin-heal.com\/wp-content\/uploads\/2019\/09\/Post-Laser-Sun-Blemish-Balm.jpg","contentUrl":"https:\/\/cdn.skin-heal.com\/wp-content\/uploads\/2019\/09\/Post-Laser-Sun-Blemish-Balm.jpg","width":600,"height":600,"caption":"Post Laser Sun Blemish Balm"},{"@type":"BreadcrumbList","@id":"https:\/\/skin-heal.com\/product\/derma-science-post-laser-sun-blemish-balm-50ml-spf-35-pa\/#breadcrumb","itemListElement":[{"@type":"ListItem","position":1,"name":"Home","item":"https:\/\/skin-heal.com\/"},{"@type":"ListItem","position":2,"name":"Store","item":"https:\/\/skin-heal.com\/store\/"},{"@type":"ListItem","position":3,"name":"Derma Science Post Laser Sun Blemish Balm 50ml (SPF 35\/PA++)"}]},{"@type":"WebSite","@id":"https:\/\/skin-heal.com\/#website","url":"https:\/\/skin-heal.com\/","name":"Curaci\u00f3n de la piel","description":"Los precios m\u00e1s bajos para los rellenos d\u00e9rmicos","potentialAction":[{"@type":"SearchAction","target":{"@type":"EntryPoint","urlTemplate":"https:\/\/skin-heal.com\/?s={search_term_string}"},"query-input":{"@type":"PropertyValueSpecification","valueRequired":true,"valueName":"search_term_string"}}],"inLanguage":"es"}]}},"_links":{"self":[{"href":"https:\/\/skin-heal.com\/es\/wp-json\/wp\/v2\/product\/9362","targetHints":{"allow":["GET"]}}],"collection":[{"href":"https:\/\/skin-heal.com\/es\/wp-json\/wp\/v2\/product"}],"about":[{"href":"https:\/\/skin-heal.com\/es\/wp-json\/wp\/v2\/types\/product"}],"wp:featuredmedia":[{"embeddable":true,"href":"https:\/\/skin-heal.com\/es\/wp-json\/wp\/v2\/media\/9368"}],"wp:attachment":[{"href":"https:\/\/skin-heal.com\/es\/wp-json\/wp\/v2\/media?parent=9362"}],"wp:term":[{"taxonomy":"product_brand","embeddable":true,"href":"https:\/\/skin-heal.com\/es\/wp-json\/wp\/v2\/product_brand?post=9362"},{"taxonomy":"product_cat","embeddable":true,"href":"https:\/\/skin-heal.com\/es\/wp-json\/wp\/v2\/product_cat?post=9362"},{"taxonomy":"product_tag","embeddable":true,"href":"https:\/\/skin-heal.com\/es\/wp-json\/wp\/v2\/product_tag?post=9362"}],"curies":[{"name":"wp","href":"https:\/\/api.w.org\/{rel}","templated":true}]}}