{"id":9363,"date":"2019-09-19T13:26:12","date_gmt":"2019-09-19T13:26:12","guid":{"rendered":"https:\/\/skin-heal.com\/?post_type=product&#038;p=9363"},"modified":"2021-03-30T12:12:05","modified_gmt":"2021-03-30T12:12:05","slug":"derma-science-sensitive-skin-sun-block-forever-plus-spf-50-pa","status":"publish","type":"product","link":"https:\/\/skin-heal.com\/es\/producto\/derma-science-sensitive-skin-sun-block-forever-plus-spf-50-pa\/","title":{"rendered":"Derma Science Sensitive Skin Sun Block Forever Plus (SPF 50+\/PA+++)"},"content":{"rendered":"<h3>Un protector solar todo en uno de Histolab<\/h3>\n<p>Por definici\u00f3n, un protector solar de primera categor\u00eda est\u00e1 dise\u00f1ado para proteger la piel de los da\u00f1inos rayos solares y UV que pueden provocar sequedad, aspereza, descamaci\u00f3n, irritaci\u00f3n o envejecimiento prematuro. Derma Science Sensitive Skin Sun Block Forever Plus lo hace con gran facilidad porque contiene extracto de Eucalyptus globulus y di\u00f3xido de titanio, dos sustancias importantes y seguras que protegen activamente la piel de la sobreexposici\u00f3n solar y de los rayos UV. Adem\u00e1s de eso, tiene <strong>un poderoso efecto calmante<\/strong> que le permitir\u00e1 tratar r\u00e1pidamente las irritaciones y quemaduras de la piel causadas por la luz solar directa.<\/p>\n<ul>\n<li>Protecci\u00f3n integral de la piel contra el sol y los rayos UV<\/li>\n<li>Hidrata eficazmente<\/li>\n<li>Act\u00faa como un robusto potenciador de la piel<\/li>\n<li>Calma r\u00e1pidamente las irritaciones<\/li>\n<\/ul>\n<h3>Instrucciones para la solicitud<\/h3>\n<p>Histolab ha desarrollado Derma Science Sensitive Skin Sun Block Forever Plus (SPF 50+\/PA+++) como un <u>soluci\u00f3n universal de protecci\u00f3n solar<\/u> para personas de cualquier tipo de piel. Al igual que otras soluciones cosm\u00e9ticas de Derma Science, debe utilizarse siempre sobre una piel que se haya limpiado cuidadosamente con anterioridad. Su aplicaci\u00f3n es r\u00e1pida y sencilla: basta con frotarla en la piel para que \u00e9sta la absorba correctamente. Util\u00edcelo antes de exponerse a los rayos UV y a la luz solar directa. Nosotros, en Skin Heal, vendemos este producto de protecci\u00f3n solar optimizada en su caja original y ofrecemos un r\u00e1pido env\u00edo internacional.<\/p>","protected":false},"excerpt":{"rendered":"<p>Derma Science Sensitive Skin Sun Block Forever Plus (SPF 50+\/PA+++) de Histolab es f\u00e1cilmente <u>uno de los mejores protectores solares<\/u> que existe en la actualidad. Est\u00e1 repleto de ingredientes naturales libres de riesgo, por lo que es seguro e ideal para las pieles sensibles. Distribuido por Skin Heal, ofrece una protecci\u00f3n duradera contra los efectos nocivos de los rayos UV y de la luz solar, e incluso tiene s\u00f3lidas propiedades hidratantes, calmantes y potenciadoras de la piel que <em>le ayudan a lidiar con el acn\u00e9, el envejecimiento prematuro<\/em> y m\u00e1s.<\/p>","protected":false},"featured_media":9369,"template":"","meta":[],"product_brand":[],"product_cat":[87,113,114],"product_tag":[],"class_list":{"0":"post-9363","1":"product","2":"type-product","3":"status-publish","4":"has-post-thumbnail","6":"product_cat-cosmetics","7":"product_cat-histolab","8":"product_cat-medians","9":"clearfix","11":"first","12":"outofstock","13":"taxable","14":"shipping-taxable","15":"purchasable","16":"product-type-simple"},"yoast_head":"<!-- This site is optimized with the Yoast SEO plugin v27.3 - https:\/\/yoast.com\/product\/yoast-seo-wordpress\/ -->\n<title>Derma Science Sensitive Skin Sun Block Forever Plus - Skin Heal<\/title>\n<meta name=\"description\" content=\"Derma Science Sensitive Skin Sun Block Forever Plus, a robust sunscreen sold by Skin Heal, offers skin a lasting sun and UV light protection and hydration.\" \/>\n<meta name=\"robots\" content=\"index, follow, max-snippet:-1, max-image-preview:large, max-video-preview:-1\" \/>\n<link rel=\"canonical\" href=\"https:\/\/skin-heal.com\/es\/producto\/derma-science-sensitive-skin-sun-block-forever-plus-spf-50-pa\/\" \/>\n<meta property=\"og:locale\" content=\"es_MX\" \/>\n<meta property=\"og:type\" content=\"article\" \/>\n<meta property=\"og:title\" content=\"Derma Science Sensitive Skin Sun Block Forever Plus - Skin Heal\" \/>\n<meta property=\"og:description\" content=\"Derma Science Sensitive Skin Sun Block Forever Plus, a robust sunscreen sold by Skin Heal, offers skin a lasting sun and UV light protection and hydration.\" \/>\n<meta property=\"og:url\" content=\"https:\/\/skin-heal.com\/es\/producto\/derma-science-sensitive-skin-sun-block-forever-plus-spf-50-pa\/\" \/>\n<meta property=\"og:site_name\" content=\"Skin Heal\" \/>\n<meta property=\"article:modified_time\" content=\"2021-03-30T12:12:05+00:00\" \/>\n<meta property=\"og:image\" content=\"https:\/\/cdn.skin-heal.com\/wp-content\/uploads\/2019\/09\/Sensitive-Sun-Block-Forver-Plus.jpg\" \/>\n\t<meta property=\"og:image:width\" content=\"600\" \/>\n\t<meta property=\"og:image:height\" content=\"600\" \/>\n\t<meta property=\"og:image:type\" content=\"image\/jpeg\" \/>\n<meta name=\"twitter:card\" content=\"summary_large_image\" \/>\n<meta name=\"twitter:label1\" content=\"Tiempo de lectura\" \/>\n\t<meta name=\"twitter:data1\" content=\"1 minuto\" \/>\n<script type=\"application\/ld+json\" class=\"yoast-schema-graph\">{\"@context\":\"https:\\\/\\\/schema.org\",\"@graph\":[{\"@type\":\"WebPage\",\"@id\":\"https:\\\/\\\/skin-heal.com\\\/product\\\/derma-science-sensitive-skin-sun-block-forever-plus-spf-50-pa\\\/\",\"url\":\"https:\\\/\\\/skin-heal.com\\\/product\\\/derma-science-sensitive-skin-sun-block-forever-plus-spf-50-pa\\\/\",\"name\":\"Derma Science Sensitive Skin Sun Block Forever Plus - Skin Heal\",\"isPartOf\":{\"@id\":\"https:\\\/\\\/skin-heal.com\\\/#website\"},\"primaryImageOfPage\":{\"@id\":\"https:\\\/\\\/skin-heal.com\\\/product\\\/derma-science-sensitive-skin-sun-block-forever-plus-spf-50-pa\\\/#primaryimage\"},\"image\":{\"@id\":\"https:\\\/\\\/skin-heal.com\\\/product\\\/derma-science-sensitive-skin-sun-block-forever-plus-spf-50-pa\\\/#primaryimage\"},\"thumbnailUrl\":\"https:\\\/\\\/skin-heal.com\\\/wp-content\\\/uploads\\\/2019\\\/09\\\/Sensitive-Sun-Block-Forver-Plus.jpg\",\"datePublished\":\"2019-09-19T13:26:12+00:00\",\"dateModified\":\"2021-03-30T12:12:05+00:00\",\"description\":\"Derma Science Sensitive Skin Sun Block Forever Plus, a robust sunscreen sold by Skin Heal, offers skin a lasting sun and UV light protection and hydration.\",\"breadcrumb\":{\"@id\":\"https:\\\/\\\/skin-heal.com\\\/product\\\/derma-science-sensitive-skin-sun-block-forever-plus-spf-50-pa\\\/#breadcrumb\"},\"inLanguage\":\"es\",\"potentialAction\":[{\"@type\":\"ReadAction\",\"target\":[\"https:\\\/\\\/skin-heal.com\\\/product\\\/derma-science-sensitive-skin-sun-block-forever-plus-spf-50-pa\\\/\"]}]},{\"@type\":\"ImageObject\",\"inLanguage\":\"es\",\"@id\":\"https:\\\/\\\/skin-heal.com\\\/product\\\/derma-science-sensitive-skin-sun-block-forever-plus-spf-50-pa\\\/#primaryimage\",\"url\":\"https:\\\/\\\/skin-heal.com\\\/wp-content\\\/uploads\\\/2019\\\/09\\\/Sensitive-Sun-Block-Forver-Plus.jpg\",\"contentUrl\":\"https:\\\/\\\/skin-heal.com\\\/wp-content\\\/uploads\\\/2019\\\/09\\\/Sensitive-Sun-Block-Forver-Plus.jpg\",\"width\":600,\"height\":600,\"caption\":\"Sensitive Sun Block Forver Plus\"},{\"@type\":\"BreadcrumbList\",\"@id\":\"https:\\\/\\\/skin-heal.com\\\/product\\\/derma-science-sensitive-skin-sun-block-forever-plus-spf-50-pa\\\/#breadcrumb\",\"itemListElement\":[{\"@type\":\"ListItem\",\"position\":1,\"name\":\"Home\",\"item\":\"https:\\\/\\\/skin-heal.com\\\/\"},{\"@type\":\"ListItem\",\"position\":2,\"name\":\"Store\",\"item\":\"https:\\\/\\\/skin-heal.com\\\/store\\\/\"},{\"@type\":\"ListItem\",\"position\":3,\"name\":\"Derma Science Sensitive Skin Sun Block Forever Plus (SPF 50+\\\/PA+++)\"}]},{\"@type\":\"WebSite\",\"@id\":\"https:\\\/\\\/skin-heal.com\\\/#website\",\"url\":\"https:\\\/\\\/skin-heal.com\\\/\",\"name\":\"Skin Heal\",\"description\":\"Lowest Prices for Dermal Fillers\",\"potentialAction\":[{\"@type\":\"SearchAction\",\"target\":{\"@type\":\"EntryPoint\",\"urlTemplate\":\"https:\\\/\\\/skin-heal.com\\\/?s={search_term_string}\"},\"query-input\":{\"@type\":\"PropertyValueSpecification\",\"valueRequired\":true,\"valueName\":\"search_term_string\"}}],\"inLanguage\":\"es\"}]}<\/script>\n<!-- \/ Yoast SEO plugin. -->","yoast_head_json":{"title":"Derma Science Sensitive Skin Bloqueador Solar Forever Plus - Skin Heal","description":"Derma Science Sensitive Skin Sun Block Forever Plus, un robusto protector solar comercializado por Skin Heal, ofrece a la piel una protecci\u00f3n duradera frente al sol y los rayos UV, as\u00ed como hidrataci\u00f3n.","robots":{"index":"index","follow":"follow","max-snippet":"max-snippet:-1","max-image-preview":"max-image-preview:large","max-video-preview":"max-video-preview:-1"},"canonical":"https:\/\/skin-heal.com\/es\/producto\/derma-science-sensitive-skin-sun-block-forever-plus-spf-50-pa\/","og_locale":"es_MX","og_type":"article","og_title":"Derma Science Sensitive Skin Sun Block Forever Plus - Skin Heal","og_description":"Derma Science Sensitive Skin Sun Block Forever Plus, a robust sunscreen sold by Skin Heal, offers skin a lasting sun and UV light protection and hydration.","og_url":"https:\/\/skin-heal.com\/es\/producto\/derma-science-sensitive-skin-sun-block-forever-plus-spf-50-pa\/","og_site_name":"Skin Heal","article_modified_time":"2021-03-30T12:12:05+00:00","og_image":[{"width":600,"height":600,"url":"https:\/\/cdn.skin-heal.com\/wp-content\/uploads\/2019\/09\/Sensitive-Sun-Block-Forver-Plus.jpg","type":"image\/jpeg"}],"twitter_card":"summary_large_image","twitter_misc":{"Tiempo de lectura":"1 minuto"},"schema":{"@context":"https:\/\/schema.org","@graph":[{"@type":"WebPage","@id":"https:\/\/skin-heal.com\/product\/derma-science-sensitive-skin-sun-block-forever-plus-spf-50-pa\/","url":"https:\/\/skin-heal.com\/product\/derma-science-sensitive-skin-sun-block-forever-plus-spf-50-pa\/","name":"Derma Science Sensitive Skin Bloqueador Solar Forever Plus - Skin Heal","isPartOf":{"@id":"https:\/\/skin-heal.com\/#website"},"primaryImageOfPage":{"@id":"https:\/\/skin-heal.com\/product\/derma-science-sensitive-skin-sun-block-forever-plus-spf-50-pa\/#primaryimage"},"image":{"@id":"https:\/\/skin-heal.com\/product\/derma-science-sensitive-skin-sun-block-forever-plus-spf-50-pa\/#primaryimage"},"thumbnailUrl":"https:\/\/cdn.skin-heal.com\/wp-content\/uploads\/2019\/09\/Sensitive-Sun-Block-Forver-Plus.jpg","datePublished":"2019-09-19T13:26:12+00:00","dateModified":"2021-03-30T12:12:05+00:00","description":"Derma Science Sensitive Skin Sun Block Forever Plus, un robusto protector solar comercializado por Skin Heal, ofrece a la piel una protecci\u00f3n duradera frente al sol y los rayos UV, as\u00ed como hidrataci\u00f3n.","breadcrumb":{"@id":"https:\/\/skin-heal.com\/product\/derma-science-sensitive-skin-sun-block-forever-plus-spf-50-pa\/#breadcrumb"},"inLanguage":"es","potentialAction":[{"@type":"ReadAction","target":["https:\/\/skin-heal.com\/product\/derma-science-sensitive-skin-sun-block-forever-plus-spf-50-pa\/"]}]},{"@type":"ImageObject","inLanguage":"es","@id":"https:\/\/skin-heal.com\/product\/derma-science-sensitive-skin-sun-block-forever-plus-spf-50-pa\/#primaryimage","url":"https:\/\/cdn.skin-heal.com\/wp-content\/uploads\/2019\/09\/Sensitive-Sun-Block-Forver-Plus.jpg","contentUrl":"https:\/\/cdn.skin-heal.com\/wp-content\/uploads\/2019\/09\/Sensitive-Sun-Block-Forver-Plus.jpg","width":600,"height":600,"caption":"Sensitive Sun Block Forver Plus"},{"@type":"BreadcrumbList","@id":"https:\/\/skin-heal.com\/product\/derma-science-sensitive-skin-sun-block-forever-plus-spf-50-pa\/#breadcrumb","itemListElement":[{"@type":"ListItem","position":1,"name":"Home","item":"https:\/\/skin-heal.com\/"},{"@type":"ListItem","position":2,"name":"Store","item":"https:\/\/skin-heal.com\/store\/"},{"@type":"ListItem","position":3,"name":"Derma Science Sensitive Skin Sun Block Forever Plus (SPF 50+\/PA+++)"}]},{"@type":"WebSite","@id":"https:\/\/skin-heal.com\/#website","url":"https:\/\/skin-heal.com\/","name":"Curaci\u00f3n de la piel","description":"Los precios m\u00e1s bajos para los rellenos d\u00e9rmicos","potentialAction":[{"@type":"SearchAction","target":{"@type":"EntryPoint","urlTemplate":"https:\/\/skin-heal.com\/?s={search_term_string}"},"query-input":{"@type":"PropertyValueSpecification","valueRequired":true,"valueName":"search_term_string"}}],"inLanguage":"es"}]}},"_links":{"self":[{"href":"https:\/\/skin-heal.com\/es\/wp-json\/wp\/v2\/product\/9363","targetHints":{"allow":["GET"]}}],"collection":[{"href":"https:\/\/skin-heal.com\/es\/wp-json\/wp\/v2\/product"}],"about":[{"href":"https:\/\/skin-heal.com\/es\/wp-json\/wp\/v2\/types\/product"}],"wp:featuredmedia":[{"embeddable":true,"href":"https:\/\/skin-heal.com\/es\/wp-json\/wp\/v2\/media\/9369"}],"wp:attachment":[{"href":"https:\/\/skin-heal.com\/es\/wp-json\/wp\/v2\/media?parent=9363"}],"wp:term":[{"taxonomy":"product_brand","embeddable":true,"href":"https:\/\/skin-heal.com\/es\/wp-json\/wp\/v2\/product_brand?post=9363"},{"taxonomy":"product_cat","embeddable":true,"href":"https:\/\/skin-heal.com\/es\/wp-json\/wp\/v2\/product_cat?post=9363"},{"taxonomy":"product_tag","embeddable":true,"href":"https:\/\/skin-heal.com\/es\/wp-json\/wp\/v2\/product_tag?post=9363"}],"curies":[{"name":"wp","href":"https:\/\/api.w.org\/{rel}","templated":true}]}}