{"id":941,"date":"2018-12-03T16:40:13","date_gmt":"2018-12-03T16:40:13","guid":{"rendered":"https:\/\/skin-heal.com\/?post_type=product&#038;p=941"},"modified":"2024-01-16T21:11:37","modified_gmt":"2024-01-16T19:11:37","slug":"teosyal-puresence-kiss-2x1ml","status":"publish","type":"product","link":"https:\/\/skin-heal.com\/es\/producto\/teosyal-puresence-kiss-2x1ml\/","title":{"rendered":"Teosyal PureSence Kiss (2 x 1ml)"},"content":{"rendered":"<p>Formando parte de las gamas Specifics y PureSense de Teoxane, Teosyal PureSense Kiss combina lo mejor de estos dos mundos. Para empezar, se ha desarrollado espec\u00edficamente para rellenar, hidratar y suavizar los labios. Aunque se trata de una zona facial tradicionalmente dif\u00edcil de tratar con rellenos labiales a base de HA, este producto de rejuvenecimiento cosm\u00e9tico probado y fiable posee todas las herramientas y cualidades adecuadas para el trabajo. Contiene lidoca\u00edna, que hace que el procedimiento sea menos doloroso para el paciente, y se caracteriza por su perfil el\u00e1stico ideal, gracias al cual los cl\u00ednicos pueden llevar a cabo un proceso de inyecci\u00f3n m\u00e1s suave y f\u00e1cil. Dado que este refinado relleno de tejidos blandos tambi\u00e9n forma parte de la familia PureSense, est\u00e1 fabricado con materiales de gran pureza y tiene una estructura monof\u00e1sica. Esto hace que sea m\u00e1s resistente a la degradaci\u00f3n de los radicales libres o, en pocas palabras, ayuda a que permanezca activo durante mucho tiempo.<\/p>\n<h3>Datos clave sobre Teosyal PureSense Kiss<\/h3>\n<ul>\n<li>Desarrollado exclusivamente para proporcionar un realce de los labios<\/li>\n<li>Los efectos duran entre 6 y 9 meses<\/li>\n<li>Fabricado con materiales incre\u00edblemente puros<\/li>\n<li>Contiene lidoca\u00edna para un tratamiento sin dolor<\/li>\n<\/ul>\n<h3>Un dispositivo m\u00e9dico avanzado<\/h3>\n<p>Cada paquete de Teosyal PureSense Kiss incluye dos jeringas precargadas que contienen 25mg\/ml de \u00e1cido hialur\u00f3nico y 3mg\/ml de lidoca\u00edna. Tambi\u00e9n en la caja hay dos agujas de pared fina de 27G \u00bd\". Est\u00e1n disponibles s\u00f3lo con ciertos productos de Teoxane y su prop\u00f3sito es hacer que el proceso de inyecci\u00f3n sea m\u00e1s r\u00e1pido, suave, indoloro y eficaz.<\/p>","protected":false},"excerpt":{"rendered":"<p>Teosyal PureSense Kiss ha sido desarrollado por la renombrada empresa suiza Teoxane Laboratories como un relleno de HA de larga duraci\u00f3n para los labios. Por ello, se adapta totalmente a esta parte del rostro y a todos sus movimientos. Como resultado, este producto de gran pureza es capaz de proporcionar un excelente tratamiento de mejora de los labios que dura varios meses.<\/p>","protected":false},"featured_media":21311,"template":"","meta":[],"product_brand":[],"product_cat":[79,50,72],"product_tag":[],"class_list":{"0":"post-941","1":"product","2":"type-product","3":"status-publish","4":"has-post-thumbnail","6":"product_cat-dermal-fillers","7":"product_cat-teosyal","8":"product_cat-teoxane","9":"clearfix","11":"first","12":"instock","13":"taxable","14":"shipping-taxable","15":"purchasable","16":"product-type-simple"},"yoast_head":"<!-- This site is optimized with the Yoast SEO plugin v27.3 - https:\/\/yoast.com\/product\/yoast-seo-wordpress\/ -->\n<title>Teosyal PureSence Kiss (2 x 1ml) - Skin Heal<\/title>\n<meta name=\"description\" content=\"Teosyal PureSense Kiss is a high-purity Hyaluronic Acid lip filler that provides lip enhancement lasting for 6-9 months. It is safe to use and effective.\" \/>\n<meta name=\"robots\" content=\"index, follow, max-snippet:-1, max-image-preview:large, max-video-preview:-1\" \/>\n<link rel=\"canonical\" href=\"https:\/\/skin-heal.com\/es\/producto\/teosyal-puresence-kiss-2x1ml\/\" \/>\n<meta property=\"og:locale\" content=\"es_MX\" \/>\n<meta property=\"og:type\" content=\"article\" \/>\n<meta property=\"og:title\" content=\"Teosyal PureSence Kiss (2 x 1ml) - Skin Heal\" \/>\n<meta property=\"og:description\" content=\"Teosyal PureSense Kiss is a high-purity Hyaluronic Acid lip filler that provides lip enhancement lasting for 6-9 months. It is safe to use and effective.\" \/>\n<meta property=\"og:url\" content=\"https:\/\/skin-heal.com\/es\/producto\/teosyal-puresence-kiss-2x1ml\/\" \/>\n<meta property=\"og:site_name\" content=\"Skin Heal\" \/>\n<meta property=\"article:modified_time\" content=\"2024-01-16T19:11:37+00:00\" \/>\n<meta property=\"og:image\" content=\"https:\/\/cdn.skin-heal.com\/wp-content\/uploads\/2020\/05\/Teosyal-PureSense-Kiss.jpg\" \/>\n\t<meta property=\"og:image:width\" content=\"600\" \/>\n\t<meta property=\"og:image:height\" content=\"600\" \/>\n\t<meta property=\"og:image:type\" content=\"image\/jpeg\" \/>\n<meta name=\"twitter:card\" content=\"summary_large_image\" \/>\n<meta name=\"twitter:label1\" content=\"Tiempo de lectura\" \/>\n\t<meta name=\"twitter:data1\" content=\"1 minuto\" \/>\n<script type=\"application\/ld+json\" class=\"yoast-schema-graph\">{\"@context\":\"https:\\\/\\\/schema.org\",\"@graph\":[{\"@type\":\"WebPage\",\"@id\":\"https:\\\/\\\/skin-heal.com\\\/product\\\/teosyal-puresence-kiss-2x1ml\\\/\",\"url\":\"https:\\\/\\\/skin-heal.com\\\/product\\\/teosyal-puresence-kiss-2x1ml\\\/\",\"name\":\"Teosyal PureSence Kiss (2 x 1ml) - Skin Heal\",\"isPartOf\":{\"@id\":\"https:\\\/\\\/skin-heal.com\\\/#website\"},\"primaryImageOfPage\":{\"@id\":\"https:\\\/\\\/skin-heal.com\\\/product\\\/teosyal-puresence-kiss-2x1ml\\\/#primaryimage\"},\"image\":{\"@id\":\"https:\\\/\\\/skin-heal.com\\\/product\\\/teosyal-puresence-kiss-2x1ml\\\/#primaryimage\"},\"thumbnailUrl\":\"https:\\\/\\\/skin-heal.com\\\/wp-content\\\/uploads\\\/2020\\\/05\\\/Teosyal-PureSense-Kiss.jpg\",\"datePublished\":\"2018-12-03T16:40:13+00:00\",\"dateModified\":\"2024-01-16T19:11:37+00:00\",\"description\":\"Teosyal PureSense Kiss is a high-purity Hyaluronic Acid lip filler that provides lip enhancement lasting for 6-9 months. It is safe to use and effective.\",\"breadcrumb\":{\"@id\":\"https:\\\/\\\/skin-heal.com\\\/product\\\/teosyal-puresence-kiss-2x1ml\\\/#breadcrumb\"},\"inLanguage\":\"es\",\"potentialAction\":[{\"@type\":\"ReadAction\",\"target\":[\"https:\\\/\\\/skin-heal.com\\\/product\\\/teosyal-puresence-kiss-2x1ml\\\/\"]}]},{\"@type\":\"ImageObject\",\"inLanguage\":\"es\",\"@id\":\"https:\\\/\\\/skin-heal.com\\\/product\\\/teosyal-puresence-kiss-2x1ml\\\/#primaryimage\",\"url\":\"https:\\\/\\\/skin-heal.com\\\/wp-content\\\/uploads\\\/2020\\\/05\\\/Teosyal-PureSense-Kiss.jpg\",\"contentUrl\":\"https:\\\/\\\/skin-heal.com\\\/wp-content\\\/uploads\\\/2020\\\/05\\\/Teosyal-PureSense-Kiss.jpg\",\"width\":600,\"height\":600,\"caption\":\"Teosyal PureSense Kiss\"},{\"@type\":\"BreadcrumbList\",\"@id\":\"https:\\\/\\\/skin-heal.com\\\/product\\\/teosyal-puresence-kiss-2x1ml\\\/#breadcrumb\",\"itemListElement\":[{\"@type\":\"ListItem\",\"position\":1,\"name\":\"Home\",\"item\":\"https:\\\/\\\/skin-heal.com\\\/\"},{\"@type\":\"ListItem\",\"position\":2,\"name\":\"Store\",\"item\":\"https:\\\/\\\/skin-heal.com\\\/store\\\/\"},{\"@type\":\"ListItem\",\"position\":3,\"name\":\"Teosyal PureSence Kiss (2 x 1ml)\"}]},{\"@type\":\"WebSite\",\"@id\":\"https:\\\/\\\/skin-heal.com\\\/#website\",\"url\":\"https:\\\/\\\/skin-heal.com\\\/\",\"name\":\"Skin Heal\",\"description\":\"Lowest Prices for Dermal Fillers\",\"potentialAction\":[{\"@type\":\"SearchAction\",\"target\":{\"@type\":\"EntryPoint\",\"urlTemplate\":\"https:\\\/\\\/skin-heal.com\\\/?s={search_term_string}\"},\"query-input\":{\"@type\":\"PropertyValueSpecification\",\"valueRequired\":true,\"valueName\":\"search_term_string\"}}],\"inLanguage\":\"es\"}]}<\/script>\n<!-- \/ Yoast SEO plugin. -->","yoast_head_json":{"title":"Teosyal PureSence Kiss (2 x 1ml) - Skin Heal","description":"Teosyal PureSense Kiss es un relleno labial de \u00c1cido Hialur\u00f3nico de alta pureza que proporciona un realce labial de 6-9 meses de duraci\u00f3n. Es seguro de usar y eficaz.","robots":{"index":"index","follow":"follow","max-snippet":"max-snippet:-1","max-image-preview":"max-image-preview:large","max-video-preview":"max-video-preview:-1"},"canonical":"https:\/\/skin-heal.com\/es\/producto\/teosyal-puresence-kiss-2x1ml\/","og_locale":"es_MX","og_type":"article","og_title":"Teosyal PureSence Kiss (2 x 1ml) - Skin Heal","og_description":"Teosyal PureSense Kiss is a high-purity Hyaluronic Acid lip filler that provides lip enhancement lasting for 6-9 months. It is safe to use and effective.","og_url":"https:\/\/skin-heal.com\/es\/producto\/teosyal-puresence-kiss-2x1ml\/","og_site_name":"Skin Heal","article_modified_time":"2024-01-16T19:11:37+00:00","og_image":[{"width":600,"height":600,"url":"https:\/\/cdn.skin-heal.com\/wp-content\/uploads\/2020\/05\/Teosyal-PureSense-Kiss.jpg","type":"image\/jpeg"}],"twitter_card":"summary_large_image","twitter_misc":{"Tiempo de lectura":"1 minuto"},"schema":{"@context":"https:\/\/schema.org","@graph":[{"@type":"WebPage","@id":"https:\/\/skin-heal.com\/product\/teosyal-puresence-kiss-2x1ml\/","url":"https:\/\/skin-heal.com\/product\/teosyal-puresence-kiss-2x1ml\/","name":"Teosyal PureSence Kiss (2 x 1ml) - Skin Heal","isPartOf":{"@id":"https:\/\/skin-heal.com\/#website"},"primaryImageOfPage":{"@id":"https:\/\/skin-heal.com\/product\/teosyal-puresence-kiss-2x1ml\/#primaryimage"},"image":{"@id":"https:\/\/skin-heal.com\/product\/teosyal-puresence-kiss-2x1ml\/#primaryimage"},"thumbnailUrl":"https:\/\/cdn.skin-heal.com\/wp-content\/uploads\/2020\/05\/Teosyal-PureSense-Kiss.jpg","datePublished":"2018-12-03T16:40:13+00:00","dateModified":"2024-01-16T19:11:37+00:00","description":"Teosyal PureSense Kiss es un relleno labial de \u00c1cido Hialur\u00f3nico de alta pureza que proporciona un realce labial de 6-9 meses de duraci\u00f3n. Es seguro de usar y eficaz.","breadcrumb":{"@id":"https:\/\/skin-heal.com\/product\/teosyal-puresence-kiss-2x1ml\/#breadcrumb"},"inLanguage":"es","potentialAction":[{"@type":"ReadAction","target":["https:\/\/skin-heal.com\/product\/teosyal-puresence-kiss-2x1ml\/"]}]},{"@type":"ImageObject","inLanguage":"es","@id":"https:\/\/skin-heal.com\/product\/teosyal-puresence-kiss-2x1ml\/#primaryimage","url":"https:\/\/cdn.skin-heal.com\/wp-content\/uploads\/2020\/05\/Teosyal-PureSense-Kiss.jpg","contentUrl":"https:\/\/cdn.skin-heal.com\/wp-content\/uploads\/2020\/05\/Teosyal-PureSense-Kiss.jpg","width":600,"height":600,"caption":"Teosyal PureSense Kiss"},{"@type":"BreadcrumbList","@id":"https:\/\/skin-heal.com\/product\/teosyal-puresence-kiss-2x1ml\/#breadcrumb","itemListElement":[{"@type":"ListItem","position":1,"name":"Home","item":"https:\/\/skin-heal.com\/"},{"@type":"ListItem","position":2,"name":"Store","item":"https:\/\/skin-heal.com\/store\/"},{"@type":"ListItem","position":3,"name":"Teosyal PureSence Kiss (2 x 1ml)"}]},{"@type":"WebSite","@id":"https:\/\/skin-heal.com\/#website","url":"https:\/\/skin-heal.com\/","name":"Curaci\u00f3n de la piel","description":"Los precios m\u00e1s bajos para los rellenos d\u00e9rmicos","potentialAction":[{"@type":"SearchAction","target":{"@type":"EntryPoint","urlTemplate":"https:\/\/skin-heal.com\/?s={search_term_string}"},"query-input":{"@type":"PropertyValueSpecification","valueRequired":true,"valueName":"search_term_string"}}],"inLanguage":"es"}]}},"_links":{"self":[{"href":"https:\/\/skin-heal.com\/es\/wp-json\/wp\/v2\/product\/941","targetHints":{"allow":["GET"]}}],"collection":[{"href":"https:\/\/skin-heal.com\/es\/wp-json\/wp\/v2\/product"}],"about":[{"href":"https:\/\/skin-heal.com\/es\/wp-json\/wp\/v2\/types\/product"}],"wp:featuredmedia":[{"embeddable":true,"href":"https:\/\/skin-heal.com\/es\/wp-json\/wp\/v2\/media\/21311"}],"wp:attachment":[{"href":"https:\/\/skin-heal.com\/es\/wp-json\/wp\/v2\/media?parent=941"}],"wp:term":[{"taxonomy":"product_brand","embeddable":true,"href":"https:\/\/skin-heal.com\/es\/wp-json\/wp\/v2\/product_brand?post=941"},{"taxonomy":"product_cat","embeddable":true,"href":"https:\/\/skin-heal.com\/es\/wp-json\/wp\/v2\/product_cat?post=941"},{"taxonomy":"product_tag","embeddable":true,"href":"https:\/\/skin-heal.com\/es\/wp-json\/wp\/v2\/product_tag?post=941"}],"curies":[{"name":"wp","href":"https:\/\/api.w.org\/{rel}","templated":true}]}}