{"id":942,"date":"2018-12-03T16:40:31","date_gmt":"2018-12-03T14:40:31","guid":{"rendered":"https:\/\/skin-heal.com\/?post_type=product&#038;p=942"},"modified":"2023-01-30T17:30:45","modified_gmt":"2023-01-30T15:30:45","slug":"teosyal-puresense-redensity-1-2x1ml","status":"publish","type":"product","link":"https:\/\/skin-heal.com\/es\/producto\/teosyal-puresense-redensity-1-2x1ml\/","title":{"rendered":"Teosyal PureSense Redensity I (2 x 1ml)"},"content":{"rendered":"<h3>La f\u00f3rmula \u00fanica de Teosyal Redensity 1<\/h3>\n<p>Lo que diferencia a este relleno d\u00e9rmico de grado profesional de la mayor\u00eda de los dem\u00e1s productos de \u00c1cido Hialur\u00f3nico disponibles en la actualidad es que proporciona un tratamiento r\u00e1pido de rejuvenecimiento de la piel aprovechando la alta concentraci\u00f3n de AH (no reticulado) y los nutrientes esenciales de su composici\u00f3n. Estos \u00faltimos se han a\u00f1adido a la estructura del gel del implante para potenciar a\u00fan m\u00e1s las cualidades del \u00c1cido Hialur\u00f3nico. Estos nutrientes esenciales especiales son:<\/p>\n<ul>\n<li>Vitamina B6: estimula el metabolismo de las c\u00e9lulas<\/li>\n<li>3 tipos diferentes de antioxidantes: ralentizan el proceso de biodegradaci\u00f3n, ofreciendo resultados m\u00e1s duraderos<\/li>\n<li>3mg\/ml de lidoca\u00edna - elimina las molestias y el dolor durante cada sesi\u00f3n de inyecci\u00f3n<\/li>\n<li>8 AA - mejora el proceso de regeneraci\u00f3n celular<\/li>\n<li>Minerales: ofrecen una mayor protecci\u00f3n celular y mejoran la salud de las c\u00e9lulas<\/li>\n<\/ul>\n<h3>\u00bfC\u00f3mo se utiliza?<\/h3>\n<p>Teosyal PureSense Redensity 1 es adecuado para pacientes que nunca se han sometido a un tratamiento de inyecci\u00f3n de relleno, as\u00ed como para aquellos que no son nuevos en esta forma de rejuvenecimiento de la piel. El primer grupo apreciar\u00e1 la naturaleza indolora y m\u00ednimamente invasiva de la terapia y el segundo podr\u00e1 utilizar este innovador producto durante sus sesiones de mantenimiento. Este eficaz relleno d\u00e9rmico est\u00e1 dise\u00f1ado para ser inyectado en la dermis superficial de la cara, el cuello y el escote. Tiene una longevidad de hasta 18 meses y el poder de mejorar la firmeza y densidad de la piel, as\u00ed como de prevenir el envejecimiento prematuro.<\/p>","protected":false},"excerpt":{"rendered":"<p>Pedir Teosyal PureSense Redensity 1- un refuerzo de la belleza que sabe c\u00f3mo prevenir los signos prematuros del envejecimiento. Se basa en HA no reticulado con una concentraci\u00f3n extremadamente alta y un c\u00f3ctel de nutrientes esenciales. Con esta combinaci\u00f3n, no s\u00f3lo puede ralentizar el proceso de envejecimiento, sino tambi\u00e9n nutrir, tensar, hidratar y refrescar la piel desde dentro, as\u00ed como a\u00f1adirle m\u00e1s densidad.<\/p>","protected":false},"featured_media":21313,"template":"","meta":[],"product_brand":[],"product_cat":[79,144,50,72],"product_tag":[145],"class_list":{"0":"post-942","1":"product","2":"type-product","3":"status-publish","4":"has-post-thumbnail","6":"product_cat-dermal-fillers","7":"product_cat-holiday-mega-sale","8":"product_cat-teosyal","9":"product_cat-teoxane","10":"product_tag-5off","11":"clearfix","13":"first","14":"instock","15":"sale","16":"taxable","17":"shipping-taxable","18":"purchasable","19":"product-type-simple"},"yoast_head":"<!-- This site is optimized with the Yoast SEO plugin v27.3 - https:\/\/yoast.com\/product\/yoast-seo-wordpress\/ -->\n<title>Teosyal PureSense Redensity I (2 x 1ml) - Skin Heal<\/title>\n<meta name=\"description\" content=\"Teosyal Redensity 1 is a beauty-boosting dermal filler that uses HA and essential nutrients to improve the skin\u2019s density and to prevent premature aging.\" \/>\n<meta name=\"robots\" content=\"index, follow, max-snippet:-1, max-image-preview:large, max-video-preview:-1\" \/>\n<link rel=\"canonical\" href=\"https:\/\/skin-heal.com\/es\/producto\/teosyal-puresense-redensity-1-2x1ml\/\" \/>\n<meta property=\"og:locale\" content=\"es_MX\" \/>\n<meta property=\"og:type\" content=\"article\" \/>\n<meta property=\"og:title\" content=\"Teosyal PureSense Redensity I (2 x 1ml) - Skin Heal\" \/>\n<meta property=\"og:description\" content=\"Teosyal Redensity 1 is a beauty-boosting dermal filler that uses HA and essential nutrients to improve the skin\u2019s density and to prevent premature aging.\" \/>\n<meta property=\"og:url\" content=\"https:\/\/skin-heal.com\/es\/producto\/teosyal-puresense-redensity-1-2x1ml\/\" \/>\n<meta property=\"og:site_name\" content=\"Skin Heal\" \/>\n<meta property=\"article:modified_time\" content=\"2023-01-30T15:30:45+00:00\" \/>\n<meta property=\"og:image\" content=\"https:\/\/cdn.skin-heal.com\/wp-content\/uploads\/2020\/05\/Teosyal-Puresense-Redensity-1.jpg\" \/>\n\t<meta property=\"og:image:width\" content=\"600\" \/>\n\t<meta property=\"og:image:height\" content=\"600\" \/>\n\t<meta property=\"og:image:type\" content=\"image\/jpeg\" \/>\n<meta name=\"twitter:card\" content=\"summary_large_image\" \/>\n<meta name=\"twitter:label1\" content=\"Tiempo de lectura\" \/>\n\t<meta name=\"twitter:data1\" content=\"1 minuto\" \/>\n<script type=\"application\/ld+json\" class=\"yoast-schema-graph\">{\"@context\":\"https:\\\/\\\/schema.org\",\"@graph\":[{\"@type\":\"WebPage\",\"@id\":\"https:\\\/\\\/skin-heal.com\\\/product\\\/teosyal-puresense-redensity-1-2x1ml\\\/\",\"url\":\"https:\\\/\\\/skin-heal.com\\\/product\\\/teosyal-puresense-redensity-1-2x1ml\\\/\",\"name\":\"Teosyal PureSense Redensity I (2 x 1ml) - Skin Heal\",\"isPartOf\":{\"@id\":\"https:\\\/\\\/skin-heal.com\\\/#website\"},\"primaryImageOfPage\":{\"@id\":\"https:\\\/\\\/skin-heal.com\\\/product\\\/teosyal-puresense-redensity-1-2x1ml\\\/#primaryimage\"},\"image\":{\"@id\":\"https:\\\/\\\/skin-heal.com\\\/product\\\/teosyal-puresense-redensity-1-2x1ml\\\/#primaryimage\"},\"thumbnailUrl\":\"https:\\\/\\\/skin-heal.com\\\/wp-content\\\/uploads\\\/2020\\\/05\\\/Teosyal-Puresense-Redensity-1.jpg\",\"datePublished\":\"2018-12-03T14:40:31+00:00\",\"dateModified\":\"2023-01-30T15:30:45+00:00\",\"description\":\"Teosyal Redensity 1 is a beauty-boosting dermal filler that uses HA and essential nutrients to improve the skin\u2019s density and to prevent premature aging.\",\"breadcrumb\":{\"@id\":\"https:\\\/\\\/skin-heal.com\\\/product\\\/teosyal-puresense-redensity-1-2x1ml\\\/#breadcrumb\"},\"inLanguage\":\"es\",\"potentialAction\":[{\"@type\":\"ReadAction\",\"target\":[\"https:\\\/\\\/skin-heal.com\\\/product\\\/teosyal-puresense-redensity-1-2x1ml\\\/\"]}]},{\"@type\":\"ImageObject\",\"inLanguage\":\"es\",\"@id\":\"https:\\\/\\\/skin-heal.com\\\/product\\\/teosyal-puresense-redensity-1-2x1ml\\\/#primaryimage\",\"url\":\"https:\\\/\\\/skin-heal.com\\\/wp-content\\\/uploads\\\/2020\\\/05\\\/Teosyal-Puresense-Redensity-1.jpg\",\"contentUrl\":\"https:\\\/\\\/skin-heal.com\\\/wp-content\\\/uploads\\\/2020\\\/05\\\/Teosyal-Puresense-Redensity-1.jpg\",\"width\":600,\"height\":600,\"caption\":\"Teosyal Puresense Redensity 1\"},{\"@type\":\"BreadcrumbList\",\"@id\":\"https:\\\/\\\/skin-heal.com\\\/product\\\/teosyal-puresense-redensity-1-2x1ml\\\/#breadcrumb\",\"itemListElement\":[{\"@type\":\"ListItem\",\"position\":1,\"name\":\"Home\",\"item\":\"https:\\\/\\\/skin-heal.com\\\/\"},{\"@type\":\"ListItem\",\"position\":2,\"name\":\"Store\",\"item\":\"https:\\\/\\\/skin-heal.com\\\/store\\\/\"},{\"@type\":\"ListItem\",\"position\":3,\"name\":\"Teosyal PureSense Redensity I (2 x 1ml)\"}]},{\"@type\":\"WebSite\",\"@id\":\"https:\\\/\\\/skin-heal.com\\\/#website\",\"url\":\"https:\\\/\\\/skin-heal.com\\\/\",\"name\":\"Skin Heal\",\"description\":\"Lowest Prices for Dermal Fillers\",\"potentialAction\":[{\"@type\":\"SearchAction\",\"target\":{\"@type\":\"EntryPoint\",\"urlTemplate\":\"https:\\\/\\\/skin-heal.com\\\/?s={search_term_string}\"},\"query-input\":{\"@type\":\"PropertyValueSpecification\",\"valueRequired\":true,\"valueName\":\"search_term_string\"}}],\"inLanguage\":\"es\"}]}<\/script>\n<!-- \/ Yoast SEO plugin. -->","yoast_head_json":{"title":"Teosyal PureSense Redensity I (2 x 1ml) - Skin Heal","description":"Teosyal Redensity 1 es un relleno d\u00e9rmico potenciador de la belleza que utiliza HA y nutrientes esenciales para mejorar la densidad de la piel y prevenir el envejecimiento prematuro.","robots":{"index":"index","follow":"follow","max-snippet":"max-snippet:-1","max-image-preview":"max-image-preview:large","max-video-preview":"max-video-preview:-1"},"canonical":"https:\/\/skin-heal.com\/es\/producto\/teosyal-puresense-redensity-1-2x1ml\/","og_locale":"es_MX","og_type":"article","og_title":"Teosyal PureSense Redensity I (2 x 1ml) - Skin Heal","og_description":"Teosyal Redensity 1 is a beauty-boosting dermal filler that uses HA and essential nutrients to improve the skin\u2019s density and to prevent premature aging.","og_url":"https:\/\/skin-heal.com\/es\/producto\/teosyal-puresense-redensity-1-2x1ml\/","og_site_name":"Skin Heal","article_modified_time":"2023-01-30T15:30:45+00:00","og_image":[{"width":600,"height":600,"url":"https:\/\/cdn.skin-heal.com\/wp-content\/uploads\/2020\/05\/Teosyal-Puresense-Redensity-1.jpg","type":"image\/jpeg"}],"twitter_card":"summary_large_image","twitter_misc":{"Tiempo de lectura":"1 minuto"},"schema":{"@context":"https:\/\/schema.org","@graph":[{"@type":"WebPage","@id":"https:\/\/skin-heal.com\/product\/teosyal-puresense-redensity-1-2x1ml\/","url":"https:\/\/skin-heal.com\/product\/teosyal-puresense-redensity-1-2x1ml\/","name":"Teosyal PureSense Redensity I (2 x 1ml) - Skin Heal","isPartOf":{"@id":"https:\/\/skin-heal.com\/#website"},"primaryImageOfPage":{"@id":"https:\/\/skin-heal.com\/product\/teosyal-puresense-redensity-1-2x1ml\/#primaryimage"},"image":{"@id":"https:\/\/skin-heal.com\/product\/teosyal-puresense-redensity-1-2x1ml\/#primaryimage"},"thumbnailUrl":"https:\/\/cdn.skin-heal.com\/wp-content\/uploads\/2020\/05\/Teosyal-Puresense-Redensity-1.jpg","datePublished":"2018-12-03T14:40:31+00:00","dateModified":"2023-01-30T15:30:45+00:00","description":"Teosyal Redensity 1 es un relleno d\u00e9rmico potenciador de la belleza que utiliza HA y nutrientes esenciales para mejorar la densidad de la piel y prevenir el envejecimiento prematuro.","breadcrumb":{"@id":"https:\/\/skin-heal.com\/product\/teosyal-puresense-redensity-1-2x1ml\/#breadcrumb"},"inLanguage":"es","potentialAction":[{"@type":"ReadAction","target":["https:\/\/skin-heal.com\/product\/teosyal-puresense-redensity-1-2x1ml\/"]}]},{"@type":"ImageObject","inLanguage":"es","@id":"https:\/\/skin-heal.com\/product\/teosyal-puresense-redensity-1-2x1ml\/#primaryimage","url":"https:\/\/cdn.skin-heal.com\/wp-content\/uploads\/2020\/05\/Teosyal-Puresense-Redensity-1.jpg","contentUrl":"https:\/\/cdn.skin-heal.com\/wp-content\/uploads\/2020\/05\/Teosyal-Puresense-Redensity-1.jpg","width":600,"height":600,"caption":"Teosyal Puresense Redensity 1"},{"@type":"BreadcrumbList","@id":"https:\/\/skin-heal.com\/product\/teosyal-puresense-redensity-1-2x1ml\/#breadcrumb","itemListElement":[{"@type":"ListItem","position":1,"name":"Home","item":"https:\/\/skin-heal.com\/"},{"@type":"ListItem","position":2,"name":"Store","item":"https:\/\/skin-heal.com\/store\/"},{"@type":"ListItem","position":3,"name":"Teosyal PureSense Redensity I (2 x 1ml)"}]},{"@type":"WebSite","@id":"https:\/\/skin-heal.com\/#website","url":"https:\/\/skin-heal.com\/","name":"Curaci\u00f3n de la piel","description":"Los precios m\u00e1s bajos para los rellenos d\u00e9rmicos","potentialAction":[{"@type":"SearchAction","target":{"@type":"EntryPoint","urlTemplate":"https:\/\/skin-heal.com\/?s={search_term_string}"},"query-input":{"@type":"PropertyValueSpecification","valueRequired":true,"valueName":"search_term_string"}}],"inLanguage":"es"}]}},"_links":{"self":[{"href":"https:\/\/skin-heal.com\/es\/wp-json\/wp\/v2\/product\/942","targetHints":{"allow":["GET"]}}],"collection":[{"href":"https:\/\/skin-heal.com\/es\/wp-json\/wp\/v2\/product"}],"about":[{"href":"https:\/\/skin-heal.com\/es\/wp-json\/wp\/v2\/types\/product"}],"wp:featuredmedia":[{"embeddable":true,"href":"https:\/\/skin-heal.com\/es\/wp-json\/wp\/v2\/media\/21313"}],"wp:attachment":[{"href":"https:\/\/skin-heal.com\/es\/wp-json\/wp\/v2\/media?parent=942"}],"wp:term":[{"taxonomy":"product_brand","embeddable":true,"href":"https:\/\/skin-heal.com\/es\/wp-json\/wp\/v2\/product_brand?post=942"},{"taxonomy":"product_cat","embeddable":true,"href":"https:\/\/skin-heal.com\/es\/wp-json\/wp\/v2\/product_cat?post=942"},{"taxonomy":"product_tag","embeddable":true,"href":"https:\/\/skin-heal.com\/es\/wp-json\/wp\/v2\/product_tag?post=942"}],"curies":[{"name":"wp","href":"https:\/\/api.w.org\/{rel}","templated":true}]}}