{"id":943,"date":"2018-12-03T16:40:52","date_gmt":"2018-12-03T16:40:52","guid":{"rendered":"https:\/\/skin-heal.com\/?post_type=product&#038;p=943"},"modified":"2022-12-16T18:23:36","modified_gmt":"2022-12-16T16:23:36","slug":"teosyal-puresense-redensity-2-2x1ml","status":"publish","type":"product","link":"https:\/\/skin-heal.com\/es\/producto\/teosyal-puresense-redensity-2-2x1ml\/","title":{"rendered":"Teosyal PureSense Redensity 2 (2 x 1ml)"},"content":{"rendered":"<h3>Teosyal Redensity 2 en cifras<\/h3>\n<ul>\n<li>9-12 meses: duraci\u00f3n de los efectos tras el tratamiento<\/li>\n<li>2 - tipos de \u00e1cido hialur\u00f3nico utilizados en su estructura (reticulado y no reticulado)<\/li>\n<li>8 - amino\u00e1cidos presentes en su complejo patentado<\/li>\n<li>3 - antioxidantes presentes en su lista de ingredientes<\/li>\n<li>Aguja 30G \u00bd\" - disponible como accesorio en el pack<\/li>\n<\/ul>\n<h3>Un reto menos para los cl\u00ednicos<\/h3>\n<p>La zona de debajo de los ojos siempre ha sido un reto a tratar incluso con rellenos de HA de alta calidad, pero ya no. Los Laboratorios Teoxane, con sede en Suiza, han desarrollado una soluci\u00f3n innovadora que resuelve este problema: Teosyal Redensity II. Este magn\u00edfico relleno de tejidos blandos est\u00e1 indicado exclusivamente para el tratamiento del lagrimal y las ojeras. Con \u00e9l, esta forma de terapia es:<\/p>\n<ul>\n<li>Menos doloroso porque contiene un anest\u00e9sico local<\/li>\n<li>Es poco probable que se produzcan resultados no deseados, como la hinchaz\u00f3n<\/li>\n<li>Capaz de proporcionar efectos de aspecto natural<\/li>\n<li>Proporcionar a la piel tratada la hidrataci\u00f3n, la elasticidad y la protecci\u00f3n que tanto necesita<\/li>\n<\/ul>\n<h3>Particularidades del tratamiento<\/h3>\n<p>Teosyal PureSense Redensity 2 debe inyectarse en las capas suborbiculares profundas o supraperi\u00f3sticas de la piel. S\u00f3lo debe utilizarse seg\u00fan las indicaciones. Aunque este avanzado producto de rejuvenecimiento de la piel es altamente biocompatible, s\u00f3lo est\u00e1 destinado a tratar los surcos lagrimales y las ojeras. Durante la sesi\u00f3n inicial del tratamiento, los profesionales deben inyectar 0,5 ml como m\u00e1ximo bajo cada ojo. Las sesiones de mantenimiento pueden realizarse 4 semanas despu\u00e9s.<\/p>","protected":false},"excerpt":{"rendered":"<p>Teosyal PureSense Redensity 2 se ha consolidado como el relleno cut\u00e1neo m\u00e1s seguro cuando se trata de un tratamiento no quir\u00fargico de las ojeras. Presenta una mezcla de \u00e1cido hialur\u00f3nico reticulado y no reticulado y un conjunto de nutrientes esenciales. Eso y su viscoelasticidad a medida, lo hacen ideal para la piel extremadamente delicada y fina de la zona de las ojeras.<\/p>","protected":false},"featured_media":21314,"template":"","meta":[],"product_brand":[],"product_cat":[79,144,50,72],"product_tag":[145],"class_list":{"0":"post-943","1":"product","2":"type-product","3":"status-publish","4":"has-post-thumbnail","6":"product_cat-dermal-fillers","7":"product_cat-holiday-mega-sale","8":"product_cat-teosyal","9":"product_cat-teoxane","10":"product_tag-5off","11":"clearfix","13":"first","14":"instock","15":"sale","16":"taxable","17":"shipping-taxable","18":"purchasable","19":"product-type-simple"},"yoast_head":"<!-- This site is optimized with the Yoast SEO plugin v27.3 - https:\/\/yoast.com\/product\/yoast-seo-wordpress\/ -->\n<title>Teosyal PureSense Redensity 2 (2 x 1ml) - Skin Heal<\/title>\n<meta name=\"description\" content=\"Order Teosyal Redensity 2 \u2013 the most innovative HA filler for under eye treatment. It offers correction of hollow under eye circles and tear trough.\" \/>\n<meta name=\"robots\" content=\"index, follow, max-snippet:-1, max-image-preview:large, max-video-preview:-1\" \/>\n<link rel=\"canonical\" href=\"https:\/\/skin-heal.com\/es\/producto\/teosyal-puresense-redensity-2-2x1ml\/\" \/>\n<meta property=\"og:locale\" content=\"es_MX\" \/>\n<meta property=\"og:type\" content=\"article\" \/>\n<meta property=\"og:title\" content=\"Teosyal PureSense Redensity 2 (2 x 1ml) - Skin Heal\" \/>\n<meta property=\"og:description\" content=\"Order Teosyal Redensity 2 \u2013 the most innovative HA filler for under eye treatment. It offers correction of hollow under eye circles and tear trough.\" \/>\n<meta property=\"og:url\" content=\"https:\/\/skin-heal.com\/es\/producto\/teosyal-puresense-redensity-2-2x1ml\/\" \/>\n<meta property=\"og:site_name\" content=\"Skin Heal\" \/>\n<meta property=\"article:modified_time\" content=\"2022-12-16T16:23:36+00:00\" \/>\n<meta property=\"og:image\" content=\"https:\/\/cdn.skin-heal.com\/wp-content\/uploads\/2020\/05\/Teosyal-PureSense-Redensity-2.jpg\" \/>\n\t<meta property=\"og:image:width\" content=\"600\" \/>\n\t<meta property=\"og:image:height\" content=\"600\" \/>\n\t<meta property=\"og:image:type\" content=\"image\/jpeg\" \/>\n<meta name=\"twitter:card\" content=\"summary_large_image\" \/>\n<meta name=\"twitter:label1\" content=\"Tiempo de lectura\" \/>\n\t<meta name=\"twitter:data1\" content=\"1 minuto\" \/>\n<script type=\"application\/ld+json\" class=\"yoast-schema-graph\">{\"@context\":\"https:\\\/\\\/schema.org\",\"@graph\":[{\"@type\":\"WebPage\",\"@id\":\"https:\\\/\\\/skin-heal.com\\\/product\\\/teosyal-puresense-redensity-2-2x1ml\\\/\",\"url\":\"https:\\\/\\\/skin-heal.com\\\/product\\\/teosyal-puresense-redensity-2-2x1ml\\\/\",\"name\":\"Teosyal PureSense Redensity 2 (2 x 1ml) - Skin Heal\",\"isPartOf\":{\"@id\":\"https:\\\/\\\/skin-heal.com\\\/#website\"},\"primaryImageOfPage\":{\"@id\":\"https:\\\/\\\/skin-heal.com\\\/product\\\/teosyal-puresense-redensity-2-2x1ml\\\/#primaryimage\"},\"image\":{\"@id\":\"https:\\\/\\\/skin-heal.com\\\/product\\\/teosyal-puresense-redensity-2-2x1ml\\\/#primaryimage\"},\"thumbnailUrl\":\"https:\\\/\\\/skin-heal.com\\\/wp-content\\\/uploads\\\/2020\\\/05\\\/Teosyal-PureSense-Redensity-2.jpg\",\"datePublished\":\"2018-12-03T16:40:52+00:00\",\"dateModified\":\"2022-12-16T16:23:36+00:00\",\"description\":\"Order Teosyal Redensity 2 \u2013 the most innovative HA filler for under eye treatment. It offers correction of hollow under eye circles and tear trough.\",\"breadcrumb\":{\"@id\":\"https:\\\/\\\/skin-heal.com\\\/product\\\/teosyal-puresense-redensity-2-2x1ml\\\/#breadcrumb\"},\"inLanguage\":\"es\",\"potentialAction\":[{\"@type\":\"ReadAction\",\"target\":[\"https:\\\/\\\/skin-heal.com\\\/product\\\/teosyal-puresense-redensity-2-2x1ml\\\/\"]}]},{\"@type\":\"ImageObject\",\"inLanguage\":\"es\",\"@id\":\"https:\\\/\\\/skin-heal.com\\\/product\\\/teosyal-puresense-redensity-2-2x1ml\\\/#primaryimage\",\"url\":\"https:\\\/\\\/skin-heal.com\\\/wp-content\\\/uploads\\\/2020\\\/05\\\/Teosyal-PureSense-Redensity-2.jpg\",\"contentUrl\":\"https:\\\/\\\/skin-heal.com\\\/wp-content\\\/uploads\\\/2020\\\/05\\\/Teosyal-PureSense-Redensity-2.jpg\",\"width\":600,\"height\":600,\"caption\":\"Teosyal PureSense Redensity 2\"},{\"@type\":\"BreadcrumbList\",\"@id\":\"https:\\\/\\\/skin-heal.com\\\/product\\\/teosyal-puresense-redensity-2-2x1ml\\\/#breadcrumb\",\"itemListElement\":[{\"@type\":\"ListItem\",\"position\":1,\"name\":\"Home\",\"item\":\"https:\\\/\\\/skin-heal.com\\\/\"},{\"@type\":\"ListItem\",\"position\":2,\"name\":\"Store\",\"item\":\"https:\\\/\\\/skin-heal.com\\\/store\\\/\"},{\"@type\":\"ListItem\",\"position\":3,\"name\":\"Teosyal PureSense Redensity 2 (2 x 1ml)\"}]},{\"@type\":\"WebSite\",\"@id\":\"https:\\\/\\\/skin-heal.com\\\/#website\",\"url\":\"https:\\\/\\\/skin-heal.com\\\/\",\"name\":\"Skin Heal\",\"description\":\"Lowest Prices for Dermal Fillers\",\"potentialAction\":[{\"@type\":\"SearchAction\",\"target\":{\"@type\":\"EntryPoint\",\"urlTemplate\":\"https:\\\/\\\/skin-heal.com\\\/?s={search_term_string}\"},\"query-input\":{\"@type\":\"PropertyValueSpecification\",\"valueRequired\":true,\"valueName\":\"search_term_string\"}}],\"inLanguage\":\"es\"}]}<\/script>\n<!-- \/ Yoast SEO plugin. -->","yoast_head_json":{"title":"Teosyal PureSense Redensity 2 (2 x 1ml) - Skin Heal","description":"Pida Teosyal Redensity 2, el relleno de HA m\u00e1s innovador para el tratamiento de las ojeras. Ofrece correcci\u00f3n de ojeras y lagrimales.","robots":{"index":"index","follow":"follow","max-snippet":"max-snippet:-1","max-image-preview":"max-image-preview:large","max-video-preview":"max-video-preview:-1"},"canonical":"https:\/\/skin-heal.com\/es\/producto\/teosyal-puresense-redensity-2-2x1ml\/","og_locale":"es_MX","og_type":"article","og_title":"Teosyal PureSense Redensity 2 (2 x 1ml) - Skin Heal","og_description":"Order Teosyal Redensity 2 \u2013 the most innovative HA filler for under eye treatment. It offers correction of hollow under eye circles and tear trough.","og_url":"https:\/\/skin-heal.com\/es\/producto\/teosyal-puresense-redensity-2-2x1ml\/","og_site_name":"Skin Heal","article_modified_time":"2022-12-16T16:23:36+00:00","og_image":[{"width":600,"height":600,"url":"https:\/\/cdn.skin-heal.com\/wp-content\/uploads\/2020\/05\/Teosyal-PureSense-Redensity-2.jpg","type":"image\/jpeg"}],"twitter_card":"summary_large_image","twitter_misc":{"Tiempo de lectura":"1 minuto"},"schema":{"@context":"https:\/\/schema.org","@graph":[{"@type":"WebPage","@id":"https:\/\/skin-heal.com\/product\/teosyal-puresense-redensity-2-2x1ml\/","url":"https:\/\/skin-heal.com\/product\/teosyal-puresense-redensity-2-2x1ml\/","name":"Teosyal PureSense Redensity 2 (2 x 1ml) - Skin Heal","isPartOf":{"@id":"https:\/\/skin-heal.com\/#website"},"primaryImageOfPage":{"@id":"https:\/\/skin-heal.com\/product\/teosyal-puresense-redensity-2-2x1ml\/#primaryimage"},"image":{"@id":"https:\/\/skin-heal.com\/product\/teosyal-puresense-redensity-2-2x1ml\/#primaryimage"},"thumbnailUrl":"https:\/\/cdn.skin-heal.com\/wp-content\/uploads\/2020\/05\/Teosyal-PureSense-Redensity-2.jpg","datePublished":"2018-12-03T16:40:52+00:00","dateModified":"2022-12-16T16:23:36+00:00","description":"Pida Teosyal Redensity 2, el relleno de HA m\u00e1s innovador para el tratamiento de las ojeras. Ofrece correcci\u00f3n de ojeras y lagrimales.","breadcrumb":{"@id":"https:\/\/skin-heal.com\/product\/teosyal-puresense-redensity-2-2x1ml\/#breadcrumb"},"inLanguage":"es","potentialAction":[{"@type":"ReadAction","target":["https:\/\/skin-heal.com\/product\/teosyal-puresense-redensity-2-2x1ml\/"]}]},{"@type":"ImageObject","inLanguage":"es","@id":"https:\/\/skin-heal.com\/product\/teosyal-puresense-redensity-2-2x1ml\/#primaryimage","url":"https:\/\/cdn.skin-heal.com\/wp-content\/uploads\/2020\/05\/Teosyal-PureSense-Redensity-2.jpg","contentUrl":"https:\/\/cdn.skin-heal.com\/wp-content\/uploads\/2020\/05\/Teosyal-PureSense-Redensity-2.jpg","width":600,"height":600,"caption":"Teosyal PureSense Redensity 2"},{"@type":"BreadcrumbList","@id":"https:\/\/skin-heal.com\/product\/teosyal-puresense-redensity-2-2x1ml\/#breadcrumb","itemListElement":[{"@type":"ListItem","position":1,"name":"Home","item":"https:\/\/skin-heal.com\/"},{"@type":"ListItem","position":2,"name":"Store","item":"https:\/\/skin-heal.com\/store\/"},{"@type":"ListItem","position":3,"name":"Teosyal PureSense Redensity 2 (2 x 1ml)"}]},{"@type":"WebSite","@id":"https:\/\/skin-heal.com\/#website","url":"https:\/\/skin-heal.com\/","name":"Curaci\u00f3n de la piel","description":"Los precios m\u00e1s bajos para los rellenos d\u00e9rmicos","potentialAction":[{"@type":"SearchAction","target":{"@type":"EntryPoint","urlTemplate":"https:\/\/skin-heal.com\/?s={search_term_string}"},"query-input":{"@type":"PropertyValueSpecification","valueRequired":true,"valueName":"search_term_string"}}],"inLanguage":"es"}]}},"_links":{"self":[{"href":"https:\/\/skin-heal.com\/es\/wp-json\/wp\/v2\/product\/943","targetHints":{"allow":["GET"]}}],"collection":[{"href":"https:\/\/skin-heal.com\/es\/wp-json\/wp\/v2\/product"}],"about":[{"href":"https:\/\/skin-heal.com\/es\/wp-json\/wp\/v2\/types\/product"}],"wp:featuredmedia":[{"embeddable":true,"href":"https:\/\/skin-heal.com\/es\/wp-json\/wp\/v2\/media\/21314"}],"wp:attachment":[{"href":"https:\/\/skin-heal.com\/es\/wp-json\/wp\/v2\/media?parent=943"}],"wp:term":[{"taxonomy":"product_brand","embeddable":true,"href":"https:\/\/skin-heal.com\/es\/wp-json\/wp\/v2\/product_brand?post=943"},{"taxonomy":"product_cat","embeddable":true,"href":"https:\/\/skin-heal.com\/es\/wp-json\/wp\/v2\/product_cat?post=943"},{"taxonomy":"product_tag","embeddable":true,"href":"https:\/\/skin-heal.com\/es\/wp-json\/wp\/v2\/product_tag?post=943"}],"curies":[{"name":"wp","href":"https:\/\/api.w.org\/{rel}","templated":true}]}}