{"id":944,"date":"2018-12-03T16:41:43","date_gmt":"2018-12-03T16:41:43","guid":{"rendered":"https:\/\/skin-heal.com\/?post_type=product&#038;p=944"},"modified":"2022-06-15T18:03:25","modified_gmt":"2022-06-15T18:03:25","slug":"teosyal-rha-1-2x1ml","status":"publish","type":"product","link":"https:\/\/skin-heal.com\/es\/producto\/teosyal-rha-1-2x1ml\/","title":{"rendered":"Teosyal RHA 1 (2 x 1ml)"},"content":{"rendered":"<h3>\u00bfQu\u00e9 tiene de especial Teosyal RHA 1?<\/h3>\n<ul>\n<li>Basado en una innovadora tecnolog\u00eda de reticulaci\u00f3n que corrige los signos de envejecimiento en las zonas de tratamiento din\u00e1mico<\/li>\n<li>Es el primer relleno de \u00e1cido hialur\u00f3nico el\u00e1stico del mundo<\/li>\n<li>Preserva los movimientos y expresiones faciales naturales de los pacientes<\/li>\n<li>Contiene HA reticulado y no reticulado<\/li>\n<\/ul>\n<p>Este relleno cut\u00e1neo de categor\u00eda mundial trata las arrugas poco profundas de las zonas perioral y periorbital, el escote, el cuello y la frente. Estas son las zonas m\u00e1s m\u00f3viles de la cara y si se tratan con un tipo de producto equivocado, el paciente puede experimentar una p\u00e9rdida de movimiento facial. Pero con Teosyal RHA I, los resultados son siempre duraderos y naturales. En cuanto al procedimiento de inyecci\u00f3n en s\u00ed, dura aproximadamente entre 20 y 30 minutos y no es doloroso, ya que este relleno de tejidos blandos de primera categor\u00eda se infunde con lidoca\u00edna.<\/p>\n<h3>\u00bfC\u00f3mo se utiliza?<\/h3>\n<p>Teosyal RHA 1 s\u00f3lo debe ser aplicado por un cl\u00ednico experto que debe inyectarlo en la dermis media con una aguja desechable de 30G. Algunas de las t\u00e9cnicas de inyecci\u00f3n recomendadas son el rayado en cruz y el enhebrado lineal. Los efectos despu\u00e9s del tratamiento duran varios meses y se caracterizan:<\/p>\n<ul>\n<li>Rehidrataci\u00f3n de la piel<\/li>\n<li>Correcci\u00f3n de las ojeras<\/li>\n<li>Tratamiento de arrugas y l\u00edneas de expresi\u00f3n superficiales<\/li>\n<\/ul>\n<p>La concentraci\u00f3n de HA en este producto es de 15mg\/ml y su grado de modificaci\u00f3n - 1,9%.<\/p>","protected":false},"excerpt":{"rendered":"<p>Teosyal RHA 1 es una nueva generaci\u00f3n de un eficaz relleno de HA. Tiene una f\u00f3rmula y composici\u00f3n \u00fanicas que se dirigen a las arrugas superficiales din\u00e1micas, por lo que este producto se describe a menudo como un relleno d\u00e9rmico din\u00e1mico o el\u00e1stico. Es el primero de su clase y destaca por ofrecer resultados de aspecto natural en zonas de tratamiento que son incre\u00edblemente m\u00f3viles y normalmente dif\u00edciles de corregir.<\/p>","protected":false},"featured_media":21297,"template":"","meta":[],"product_brand":[],"product_cat":[79,50,72],"product_tag":[],"class_list":{"0":"post-944","1":"product","2":"type-product","3":"status-publish","4":"has-post-thumbnail","6":"product_cat-dermal-fillers","7":"product_cat-teosyal","8":"product_cat-teoxane","9":"clearfix","11":"first","12":"outofstock","13":"taxable","14":"shipping-taxable","15":"purchasable","16":"product-type-simple"},"yoast_head":"<!-- This site is optimized with the Yoast SEO plugin v27.4 - https:\/\/yoast.com\/product\/yoast-seo-wordpress\/ -->\n<title>Teosyal RHA 1 (2 x 1ml) - Skin Heal<\/title>\n<meta name=\"description\" content=\"Teosyal RHA 1 is an elastic HA filler used for the treatment of dynamic shallow lines and wrinkles. It delivers natural-looking, long-lasting results.\" \/>\n<meta name=\"robots\" content=\"index, follow, max-snippet:-1, max-image-preview:large, max-video-preview:-1\" \/>\n<link rel=\"canonical\" href=\"https:\/\/skin-heal.com\/es\/producto\/teosyal-rha-1-2x1ml\/\" \/>\n<meta property=\"og:locale\" content=\"es_MX\" \/>\n<meta property=\"og:type\" content=\"article\" \/>\n<meta property=\"og:title\" content=\"Teosyal RHA 1 (2 x 1ml) - Skin Heal\" \/>\n<meta property=\"og:description\" content=\"Teosyal RHA 1 is an elastic HA filler used for the treatment of dynamic shallow lines and wrinkles. It delivers natural-looking, long-lasting results.\" \/>\n<meta property=\"og:url\" content=\"https:\/\/skin-heal.com\/es\/producto\/teosyal-rha-1-2x1ml\/\" \/>\n<meta property=\"og:site_name\" content=\"Skin Heal\" \/>\n<meta property=\"article:modified_time\" content=\"2022-06-15T18:03:25+00:00\" \/>\n<meta property=\"og:image\" content=\"https:\/\/cdn.skin-heal.com\/wp-content\/uploads\/2020\/05\/Teosyal-RHA1.jpg\" \/>\n\t<meta property=\"og:image:width\" content=\"600\" \/>\n\t<meta property=\"og:image:height\" content=\"600\" \/>\n\t<meta property=\"og:image:type\" content=\"image\/jpeg\" \/>\n<meta name=\"twitter:card\" content=\"summary_large_image\" \/>\n<meta name=\"twitter:label1\" content=\"Tiempo de lectura\" \/>\n\t<meta name=\"twitter:data1\" content=\"1 minuto\" \/>\n<script type=\"application\/ld+json\" class=\"yoast-schema-graph\">{\"@context\":\"https:\\\/\\\/schema.org\",\"@graph\":[{\"@type\":\"WebPage\",\"@id\":\"https:\\\/\\\/skin-heal.com\\\/product\\\/teosyal-rha-1-2x1ml\\\/\",\"url\":\"https:\\\/\\\/skin-heal.com\\\/product\\\/teosyal-rha-1-2x1ml\\\/\",\"name\":\"Teosyal RHA 1 (2 x 1ml) - Skin Heal\",\"isPartOf\":{\"@id\":\"https:\\\/\\\/skin-heal.com\\\/#website\"},\"primaryImageOfPage\":{\"@id\":\"https:\\\/\\\/skin-heal.com\\\/product\\\/teosyal-rha-1-2x1ml\\\/#primaryimage\"},\"image\":{\"@id\":\"https:\\\/\\\/skin-heal.com\\\/product\\\/teosyal-rha-1-2x1ml\\\/#primaryimage\"},\"thumbnailUrl\":\"https:\\\/\\\/skin-heal.com\\\/wp-content\\\/uploads\\\/2020\\\/05\\\/Teosyal-RHA1.jpg\",\"datePublished\":\"2018-12-03T16:41:43+00:00\",\"dateModified\":\"2022-06-15T18:03:25+00:00\",\"description\":\"Teosyal RHA 1 is an elastic HA filler used for the treatment of dynamic shallow lines and wrinkles. It delivers natural-looking, long-lasting results.\",\"breadcrumb\":{\"@id\":\"https:\\\/\\\/skin-heal.com\\\/product\\\/teosyal-rha-1-2x1ml\\\/#breadcrumb\"},\"inLanguage\":\"es\",\"potentialAction\":[{\"@type\":\"ReadAction\",\"target\":[\"https:\\\/\\\/skin-heal.com\\\/product\\\/teosyal-rha-1-2x1ml\\\/\"]}]},{\"@type\":\"ImageObject\",\"inLanguage\":\"es\",\"@id\":\"https:\\\/\\\/skin-heal.com\\\/product\\\/teosyal-rha-1-2x1ml\\\/#primaryimage\",\"url\":\"https:\\\/\\\/skin-heal.com\\\/wp-content\\\/uploads\\\/2020\\\/05\\\/Teosyal-RHA1.jpg\",\"contentUrl\":\"https:\\\/\\\/skin-heal.com\\\/wp-content\\\/uploads\\\/2020\\\/05\\\/Teosyal-RHA1.jpg\",\"width\":600,\"height\":600,\"caption\":\"Teosyal RHA1\"},{\"@type\":\"BreadcrumbList\",\"@id\":\"https:\\\/\\\/skin-heal.com\\\/product\\\/teosyal-rha-1-2x1ml\\\/#breadcrumb\",\"itemListElement\":[{\"@type\":\"ListItem\",\"position\":1,\"name\":\"Home\",\"item\":\"https:\\\/\\\/skin-heal.com\\\/\"},{\"@type\":\"ListItem\",\"position\":2,\"name\":\"Store\",\"item\":\"https:\\\/\\\/skin-heal.com\\\/store\\\/\"},{\"@type\":\"ListItem\",\"position\":3,\"name\":\"Teosyal RHA 1 (2 x 1ml)\"}]},{\"@type\":\"WebSite\",\"@id\":\"https:\\\/\\\/skin-heal.com\\\/#website\",\"url\":\"https:\\\/\\\/skin-heal.com\\\/\",\"name\":\"Skin Heal\",\"description\":\"Lowest Prices for Dermal Fillers\",\"potentialAction\":[{\"@type\":\"SearchAction\",\"target\":{\"@type\":\"EntryPoint\",\"urlTemplate\":\"https:\\\/\\\/skin-heal.com\\\/?s={search_term_string}\"},\"query-input\":{\"@type\":\"PropertyValueSpecification\",\"valueRequired\":true,\"valueName\":\"search_term_string\"}}],\"inLanguage\":\"es\"}]}<\/script>\n<!-- \/ Yoast SEO plugin. -->","yoast_head_json":{"title":"Teosyal RHA 1 (2 x 1ml) - Skin Heal","description":"Teosyal RHA 1 es un relleno el\u00e1stico de HA utilizado para el tratamiento de l\u00edneas y arrugas din\u00e1micas poco profundas. Proporciona resultados naturales y duraderos.","robots":{"index":"index","follow":"follow","max-snippet":"max-snippet:-1","max-image-preview":"max-image-preview:large","max-video-preview":"max-video-preview:-1"},"canonical":"https:\/\/skin-heal.com\/es\/producto\/teosyal-rha-1-2x1ml\/","og_locale":"es_MX","og_type":"article","og_title":"Teosyal RHA 1 (2 x 1ml) - Skin Heal","og_description":"Teosyal RHA 1 is an elastic HA filler used for the treatment of dynamic shallow lines and wrinkles. It delivers natural-looking, long-lasting results.","og_url":"https:\/\/skin-heal.com\/es\/producto\/teosyal-rha-1-2x1ml\/","og_site_name":"Skin Heal","article_modified_time":"2022-06-15T18:03:25+00:00","og_image":[{"width":600,"height":600,"url":"https:\/\/cdn.skin-heal.com\/wp-content\/uploads\/2020\/05\/Teosyal-RHA1.jpg","type":"image\/jpeg"}],"twitter_card":"summary_large_image","twitter_misc":{"Tiempo de lectura":"1 minuto"},"schema":{"@context":"https:\/\/schema.org","@graph":[{"@type":"WebPage","@id":"https:\/\/skin-heal.com\/product\/teosyal-rha-1-2x1ml\/","url":"https:\/\/skin-heal.com\/product\/teosyal-rha-1-2x1ml\/","name":"Teosyal RHA 1 (2 x 1ml) - Skin Heal","isPartOf":{"@id":"https:\/\/skin-heal.com\/#website"},"primaryImageOfPage":{"@id":"https:\/\/skin-heal.com\/product\/teosyal-rha-1-2x1ml\/#primaryimage"},"image":{"@id":"https:\/\/skin-heal.com\/product\/teosyal-rha-1-2x1ml\/#primaryimage"},"thumbnailUrl":"https:\/\/cdn.skin-heal.com\/wp-content\/uploads\/2020\/05\/Teosyal-RHA1.jpg","datePublished":"2018-12-03T16:41:43+00:00","dateModified":"2022-06-15T18:03:25+00:00","description":"Teosyal RHA 1 es un relleno el\u00e1stico de HA utilizado para el tratamiento de l\u00edneas y arrugas din\u00e1micas poco profundas. Proporciona resultados naturales y duraderos.","breadcrumb":{"@id":"https:\/\/skin-heal.com\/product\/teosyal-rha-1-2x1ml\/#breadcrumb"},"inLanguage":"es","potentialAction":[{"@type":"ReadAction","target":["https:\/\/skin-heal.com\/product\/teosyal-rha-1-2x1ml\/"]}]},{"@type":"ImageObject","inLanguage":"es","@id":"https:\/\/skin-heal.com\/product\/teosyal-rha-1-2x1ml\/#primaryimage","url":"https:\/\/cdn.skin-heal.com\/wp-content\/uploads\/2020\/05\/Teosyal-RHA1.jpg","contentUrl":"https:\/\/cdn.skin-heal.com\/wp-content\/uploads\/2020\/05\/Teosyal-RHA1.jpg","width":600,"height":600,"caption":"Teosyal RHA1"},{"@type":"BreadcrumbList","@id":"https:\/\/skin-heal.com\/product\/teosyal-rha-1-2x1ml\/#breadcrumb","itemListElement":[{"@type":"ListItem","position":1,"name":"Home","item":"https:\/\/skin-heal.com\/"},{"@type":"ListItem","position":2,"name":"Store","item":"https:\/\/skin-heal.com\/store\/"},{"@type":"ListItem","position":3,"name":"Teosyal RHA 1 (2 x 1ml)"}]},{"@type":"WebSite","@id":"https:\/\/skin-heal.com\/#website","url":"https:\/\/skin-heal.com\/","name":"Curaci\u00f3n de la piel","description":"Los precios m\u00e1s bajos para los rellenos d\u00e9rmicos","potentialAction":[{"@type":"SearchAction","target":{"@type":"EntryPoint","urlTemplate":"https:\/\/skin-heal.com\/?s={search_term_string}"},"query-input":{"@type":"PropertyValueSpecification","valueRequired":true,"valueName":"search_term_string"}}],"inLanguage":"es"}]}},"_links":{"self":[{"href":"https:\/\/skin-heal.com\/es\/wp-json\/wp\/v2\/product\/944","targetHints":{"allow":["GET"]}}],"collection":[{"href":"https:\/\/skin-heal.com\/es\/wp-json\/wp\/v2\/product"}],"about":[{"href":"https:\/\/skin-heal.com\/es\/wp-json\/wp\/v2\/types\/product"}],"wp:featuredmedia":[{"embeddable":true,"href":"https:\/\/skin-heal.com\/es\/wp-json\/wp\/v2\/media\/21297"}],"wp:attachment":[{"href":"https:\/\/skin-heal.com\/es\/wp-json\/wp\/v2\/media?parent=944"}],"wp:term":[{"taxonomy":"product_brand","embeddable":true,"href":"https:\/\/skin-heal.com\/es\/wp-json\/wp\/v2\/product_brand?post=944"},{"taxonomy":"product_cat","embeddable":true,"href":"https:\/\/skin-heal.com\/es\/wp-json\/wp\/v2\/product_cat?post=944"},{"taxonomy":"product_tag","embeddable":true,"href":"https:\/\/skin-heal.com\/es\/wp-json\/wp\/v2\/product_tag?post=944"}],"curies":[{"name":"wp","href":"https:\/\/api.w.org\/{rel}","templated":true}]}}