{"id":945,"date":"2018-12-03T16:41:25","date_gmt":"2018-12-03T14:41:25","guid":{"rendered":"https:\/\/skin-heal.com\/?post_type=product&#038;p=945"},"modified":"2023-10-16T17:08:29","modified_gmt":"2023-10-16T14:08:29","slug":"teosyal-rha-2-2x1ml","status":"publish","type":"product","link":"https:\/\/skin-heal.com\/es\/producto\/teosyal-rha-2-2x1ml\/","title":{"rendered":"Teosyal RHA 2 (2 x 1ml)"},"content":{"rendered":"<h3>Principales ventajas de Teosyal RHA 2<\/h3>\n<ul>\n<li>Corrige las arrugas medias y profundas<\/li>\n<li>Tiene \u00e9xito donde otros rellenos fracasan: zonas de alta movilidad<\/li>\n<li>Preservar las expresiones naturales y los movimientos faciales<\/li>\n<li>Suaviza y rejuvenece la piel<\/li>\n<li>Restaura el volumen perdido<\/li>\n<li>Basado en un nuevo m\u00e9todo de producci\u00f3n de reticulaci\u00f3n que no provoca hinchaz\u00f3n durante el tratamiento<\/li>\n<\/ul>\n<h3>\u00bfQu\u00e9 es un relleno din\u00e1mico?<\/h3>\n<p>Un relleno d\u00e9rmico din\u00e1mico se desarrolla espec\u00edficamente para proporcionar tratamiento en aquellas zonas faciales que son extremadamente m\u00f3viles. Estas zonas pueden ser incre\u00edblemente dif\u00edciles de corregir y los procedimientos de inyecci\u00f3n de HA suelen hacerlo a un alto precio: las expresiones naturales del paciente. El relleno din\u00e1mico Teosyal RHA II proporciona la correcci\u00f3n deseada sin limitar el movimiento de la cara. Esto se debe a que tiene una estructura muy el\u00e1stica. Ofrece resultados inmediatos de aspecto muy natural. El producto se inyecta en la dermis media de zonas como mejillas, frente, zona nasolabial y perioral. Ofrece una correcci\u00f3n instant\u00e1nea de:<\/p>\n<ul>\n<li>Arrugas de marioneta<\/li>\n<li>Pliegues nasog\u00e9nicos<\/li>\n<li>Patas de gallo<\/li>\n<li>Arrugas nasolabiales<\/li>\n<li>Arrugas glabelares<\/li>\n<li>Surcos en la frente<\/li>\n<\/ul>\n<p>Teosyal RHA 2 contiene 0,3% de lidoca\u00edna que sirve como anest\u00e9sico local y proporciona a los pacientes m\u00e1s comodidad durante el proceso de tratamiento. La durabilidad de los efectos post-tratamiento permanece visible durante meses.<\/p>","protected":false},"excerpt":{"rendered":"<p>Teosyal RHA 2 es el segundo relleno cut\u00e1neo din\u00e1mico dise\u00f1ado y producido por los Laboratorios Teoxane. Minimiza las arrugas medias y profundas en varias zonas del rostro caracterizadas por su gran movilidad. Con sus impresionantes propiedades el\u00e1sticas y su tecnolog\u00eda patentada de reticulaci\u00f3n, este producto pionero en el rejuvenecimiento de la piel es capaz de adaptarse a los movimientos del rostro y fusionarse con la estructura de la dermis.<\/p>","protected":false},"featured_media":21299,"template":"","meta":[],"product_brand":[],"product_cat":[79,144,50,72],"product_tag":[145],"class_list":{"0":"post-945","1":"product","2":"type-product","3":"status-publish","4":"has-post-thumbnail","6":"product_cat-dermal-fillers","7":"product_cat-holiday-mega-sale","8":"product_cat-teosyal","9":"product_cat-teoxane","10":"product_tag-5off","11":"clearfix","13":"first","14":"instock","15":"sale","16":"taxable","17":"shipping-taxable","18":"purchasable","19":"product-type-simple"},"yoast_head":"<!-- This site is optimized with the Yoast SEO plugin v27.3 - https:\/\/yoast.com\/product\/yoast-seo-wordpress\/ -->\n<title>Teosyal RHA 2 (2 x 1ml) - Skin Heal<\/title>\n<meta name=\"description\" content=\"Order Teosyal RHA 2 \u2013 a revolutionary dynamic skin filler that treats moderate to deep wrinkles, preserving the face\u2019s natural movements and expressions.\" \/>\n<meta name=\"robots\" content=\"index, follow, max-snippet:-1, max-image-preview:large, max-video-preview:-1\" \/>\n<link rel=\"canonical\" href=\"https:\/\/skin-heal.com\/es\/producto\/teosyal-rha-2-2x1ml\/\" \/>\n<meta property=\"og:locale\" content=\"es_MX\" \/>\n<meta property=\"og:type\" content=\"article\" \/>\n<meta property=\"og:title\" content=\"Teosyal RHA 2 (2 x 1ml) - Skin Heal\" \/>\n<meta property=\"og:description\" content=\"Order Teosyal RHA 2 \u2013 a revolutionary dynamic skin filler that treats moderate to deep wrinkles, preserving the face\u2019s natural movements and expressions.\" \/>\n<meta property=\"og:url\" content=\"https:\/\/skin-heal.com\/es\/producto\/teosyal-rha-2-2x1ml\/\" \/>\n<meta property=\"og:site_name\" content=\"Skin Heal\" \/>\n<meta property=\"article:modified_time\" content=\"2023-10-16T14:08:29+00:00\" \/>\n<meta property=\"og:image\" content=\"https:\/\/cdn.skin-heal.com\/wp-content\/uploads\/2020\/05\/Teosyal-RHA2.jpg\" \/>\n\t<meta property=\"og:image:width\" content=\"600\" \/>\n\t<meta property=\"og:image:height\" content=\"600\" \/>\n\t<meta property=\"og:image:type\" content=\"image\/jpeg\" \/>\n<meta name=\"twitter:card\" content=\"summary_large_image\" \/>\n<meta name=\"twitter:label1\" content=\"Tiempo de lectura\" \/>\n\t<meta name=\"twitter:data1\" content=\"1 minuto\" \/>\n<script type=\"application\/ld+json\" class=\"yoast-schema-graph\">{\"@context\":\"https:\\\/\\\/schema.org\",\"@graph\":[{\"@type\":\"WebPage\",\"@id\":\"https:\\\/\\\/skin-heal.com\\\/product\\\/teosyal-rha-2-2x1ml\\\/\",\"url\":\"https:\\\/\\\/skin-heal.com\\\/product\\\/teosyal-rha-2-2x1ml\\\/\",\"name\":\"Teosyal RHA 2 (2 x 1ml) - Skin Heal\",\"isPartOf\":{\"@id\":\"https:\\\/\\\/skin-heal.com\\\/#website\"},\"primaryImageOfPage\":{\"@id\":\"https:\\\/\\\/skin-heal.com\\\/product\\\/teosyal-rha-2-2x1ml\\\/#primaryimage\"},\"image\":{\"@id\":\"https:\\\/\\\/skin-heal.com\\\/product\\\/teosyal-rha-2-2x1ml\\\/#primaryimage\"},\"thumbnailUrl\":\"https:\\\/\\\/skin-heal.com\\\/wp-content\\\/uploads\\\/2020\\\/05\\\/Teosyal-RHA2.jpg\",\"datePublished\":\"2018-12-03T14:41:25+00:00\",\"dateModified\":\"2023-10-16T14:08:29+00:00\",\"description\":\"Order Teosyal RHA 2 \u2013 a revolutionary dynamic skin filler that treats moderate to deep wrinkles, preserving the face\u2019s natural movements and expressions.\",\"breadcrumb\":{\"@id\":\"https:\\\/\\\/skin-heal.com\\\/product\\\/teosyal-rha-2-2x1ml\\\/#breadcrumb\"},\"inLanguage\":\"es\",\"potentialAction\":[{\"@type\":\"ReadAction\",\"target\":[\"https:\\\/\\\/skin-heal.com\\\/product\\\/teosyal-rha-2-2x1ml\\\/\"]}]},{\"@type\":\"ImageObject\",\"inLanguage\":\"es\",\"@id\":\"https:\\\/\\\/skin-heal.com\\\/product\\\/teosyal-rha-2-2x1ml\\\/#primaryimage\",\"url\":\"https:\\\/\\\/skin-heal.com\\\/wp-content\\\/uploads\\\/2020\\\/05\\\/Teosyal-RHA2.jpg\",\"contentUrl\":\"https:\\\/\\\/skin-heal.com\\\/wp-content\\\/uploads\\\/2020\\\/05\\\/Teosyal-RHA2.jpg\",\"width\":600,\"height\":600,\"caption\":\"Teosyal RHA2\"},{\"@type\":\"BreadcrumbList\",\"@id\":\"https:\\\/\\\/skin-heal.com\\\/product\\\/teosyal-rha-2-2x1ml\\\/#breadcrumb\",\"itemListElement\":[{\"@type\":\"ListItem\",\"position\":1,\"name\":\"Home\",\"item\":\"https:\\\/\\\/skin-heal.com\\\/\"},{\"@type\":\"ListItem\",\"position\":2,\"name\":\"Store\",\"item\":\"https:\\\/\\\/skin-heal.com\\\/store\\\/\"},{\"@type\":\"ListItem\",\"position\":3,\"name\":\"Teosyal RHA 2 (2 x 1ml)\"}]},{\"@type\":\"WebSite\",\"@id\":\"https:\\\/\\\/skin-heal.com\\\/#website\",\"url\":\"https:\\\/\\\/skin-heal.com\\\/\",\"name\":\"Skin Heal\",\"description\":\"Lowest Prices for Dermal Fillers\",\"potentialAction\":[{\"@type\":\"SearchAction\",\"target\":{\"@type\":\"EntryPoint\",\"urlTemplate\":\"https:\\\/\\\/skin-heal.com\\\/?s={search_term_string}\"},\"query-input\":{\"@type\":\"PropertyValueSpecification\",\"valueRequired\":true,\"valueName\":\"search_term_string\"}}],\"inLanguage\":\"es\"}]}<\/script>\n<!-- \/ Yoast SEO plugin. -->","yoast_head_json":{"title":"Teosyal RHA 2 (2 x 1ml) - Skin Heal","description":"Solicite Teosyal RHA 2 - un revolucionario relleno din\u00e1mico de la piel que trata las arrugas de moderadas a profundas, preservando los movimientos y expresiones naturales del rostro.","robots":{"index":"index","follow":"follow","max-snippet":"max-snippet:-1","max-image-preview":"max-image-preview:large","max-video-preview":"max-video-preview:-1"},"canonical":"https:\/\/skin-heal.com\/es\/producto\/teosyal-rha-2-2x1ml\/","og_locale":"es_MX","og_type":"article","og_title":"Teosyal RHA 2 (2 x 1ml) - Skin Heal","og_description":"Order Teosyal RHA 2 \u2013 a revolutionary dynamic skin filler that treats moderate to deep wrinkles, preserving the face\u2019s natural movements and expressions.","og_url":"https:\/\/skin-heal.com\/es\/producto\/teosyal-rha-2-2x1ml\/","og_site_name":"Skin Heal","article_modified_time":"2023-10-16T14:08:29+00:00","og_image":[{"width":600,"height":600,"url":"https:\/\/cdn.skin-heal.com\/wp-content\/uploads\/2020\/05\/Teosyal-RHA2.jpg","type":"image\/jpeg"}],"twitter_card":"summary_large_image","twitter_misc":{"Tiempo de lectura":"1 minuto"},"schema":{"@context":"https:\/\/schema.org","@graph":[{"@type":"WebPage","@id":"https:\/\/skin-heal.com\/product\/teosyal-rha-2-2x1ml\/","url":"https:\/\/skin-heal.com\/product\/teosyal-rha-2-2x1ml\/","name":"Teosyal RHA 2 (2 x 1ml) - Skin Heal","isPartOf":{"@id":"https:\/\/skin-heal.com\/#website"},"primaryImageOfPage":{"@id":"https:\/\/skin-heal.com\/product\/teosyal-rha-2-2x1ml\/#primaryimage"},"image":{"@id":"https:\/\/skin-heal.com\/product\/teosyal-rha-2-2x1ml\/#primaryimage"},"thumbnailUrl":"https:\/\/cdn.skin-heal.com\/wp-content\/uploads\/2020\/05\/Teosyal-RHA2.jpg","datePublished":"2018-12-03T14:41:25+00:00","dateModified":"2023-10-16T14:08:29+00:00","description":"Solicite Teosyal RHA 2 - un revolucionario relleno din\u00e1mico de la piel que trata las arrugas de moderadas a profundas, preservando los movimientos y expresiones naturales del rostro.","breadcrumb":{"@id":"https:\/\/skin-heal.com\/product\/teosyal-rha-2-2x1ml\/#breadcrumb"},"inLanguage":"es","potentialAction":[{"@type":"ReadAction","target":["https:\/\/skin-heal.com\/product\/teosyal-rha-2-2x1ml\/"]}]},{"@type":"ImageObject","inLanguage":"es","@id":"https:\/\/skin-heal.com\/product\/teosyal-rha-2-2x1ml\/#primaryimage","url":"https:\/\/cdn.skin-heal.com\/wp-content\/uploads\/2020\/05\/Teosyal-RHA2.jpg","contentUrl":"https:\/\/cdn.skin-heal.com\/wp-content\/uploads\/2020\/05\/Teosyal-RHA2.jpg","width":600,"height":600,"caption":"Teosyal RHA2"},{"@type":"BreadcrumbList","@id":"https:\/\/skin-heal.com\/product\/teosyal-rha-2-2x1ml\/#breadcrumb","itemListElement":[{"@type":"ListItem","position":1,"name":"Home","item":"https:\/\/skin-heal.com\/"},{"@type":"ListItem","position":2,"name":"Store","item":"https:\/\/skin-heal.com\/store\/"},{"@type":"ListItem","position":3,"name":"Teosyal RHA 2 (2 x 1ml)"}]},{"@type":"WebSite","@id":"https:\/\/skin-heal.com\/#website","url":"https:\/\/skin-heal.com\/","name":"Curaci\u00f3n de la piel","description":"Los precios m\u00e1s bajos para los rellenos d\u00e9rmicos","potentialAction":[{"@type":"SearchAction","target":{"@type":"EntryPoint","urlTemplate":"https:\/\/skin-heal.com\/?s={search_term_string}"},"query-input":{"@type":"PropertyValueSpecification","valueRequired":true,"valueName":"search_term_string"}}],"inLanguage":"es"}]}},"_links":{"self":[{"href":"https:\/\/skin-heal.com\/es\/wp-json\/wp\/v2\/product\/945","targetHints":{"allow":["GET"]}}],"collection":[{"href":"https:\/\/skin-heal.com\/es\/wp-json\/wp\/v2\/product"}],"about":[{"href":"https:\/\/skin-heal.com\/es\/wp-json\/wp\/v2\/types\/product"}],"wp:featuredmedia":[{"embeddable":true,"href":"https:\/\/skin-heal.com\/es\/wp-json\/wp\/v2\/media\/21299"}],"wp:attachment":[{"href":"https:\/\/skin-heal.com\/es\/wp-json\/wp\/v2\/media?parent=945"}],"wp:term":[{"taxonomy":"product_brand","embeddable":true,"href":"https:\/\/skin-heal.com\/es\/wp-json\/wp\/v2\/product_brand?post=945"},{"taxonomy":"product_cat","embeddable":true,"href":"https:\/\/skin-heal.com\/es\/wp-json\/wp\/v2\/product_cat?post=945"},{"taxonomy":"product_tag","embeddable":true,"href":"https:\/\/skin-heal.com\/es\/wp-json\/wp\/v2\/product_tag?post=945"}],"curies":[{"name":"wp","href":"https:\/\/api.w.org\/{rel}","templated":true}]}}