{"id":951,"date":"2018-12-04T07:23:35","date_gmt":"2018-12-04T05:23:35","guid":{"rendered":"https:\/\/skin-heal.com\/?post_type=product&#038;p=951"},"modified":"2023-12-22T14:51:02","modified_gmt":"2023-12-22T12:51:02","slug":"princess-volume-1x1ml","status":"publish","type":"product","link":"https:\/\/skin-heal.com\/es\/producto\/princess-volume-1x1ml\/","title":{"rendered":"Volumen Princess (1x1ml)"},"content":{"rendered":"<h3>\u00bfQu\u00e9 resultados se pueden esperar despu\u00e9s de un tratamiento?<\/h3>\n<p>La concentraci\u00f3n de AH en cada mililitro de este relleno cut\u00e1neo monof\u00e1sico es de 23mg. Esto hace que su textura y composici\u00f3n sean muy firmes, duraderas y a la vez f\u00e1ciles de moldear e inyectar. Por lo tanto, sus poderosos efectos son claramente visibles despu\u00e9s de la primera sesi\u00f3n de inyecci\u00f3n. La duraci\u00f3n media de este notable producto de rejuvenecimiento cosm\u00e9tico oscila entre 8 y 12 meses. Los resultados dependen de varios factores, entre los que se encuentran la edad, el estilo de vida y el metabolismo del paciente, la t\u00e9cnica de inyecci\u00f3n utilizada por el m\u00e9dico y otros.<\/p>\n<p>Los pacientes no deben preocuparse por los efectos secundarios porque Princess Volume se ha producido cumpliendo todos los requisitos de seguridad y calidad y se ha desarrollado mediante un m\u00e9todo avanzado de biofermentaci\u00f3n. No obstante, se desaconseja a los profesionales utilizar este producto en pacientes que sean al\u00e9rgicos a alguno de sus ingredientes o en aquellos que est\u00e9n sufriendo una infecci\u00f3n o inflamaci\u00f3n alrededor del punto de inyecci\u00f3n. Las mujeres lactantes y embarazadas tampoco son buenas candidatas para este tipo de tratamientos.<\/p>\n<h3>Usos del Volumen Princesa<\/h3>\n<ul>\n<li>Aumento de labios<\/li>\n<li>Restauraci\u00f3n del volumen facial<\/li>\n<li>Correcci\u00f3n de depresiones faciales o alisado de cicatrices<\/li>\n<li>Aumento de p\u00f3mulos<\/li>\n<li>Tratamiento de arrugas y pliegues profundos (especialmente las l\u00edneas de expresi\u00f3n)<\/li>\n<\/ul>","protected":false},"excerpt":{"rendered":"<p>Princess Volume aborda y corrige uno de los principales signos de envejecimiento: la p\u00e9rdida de volumen en la piel. Este avanzado relleno d\u00e9rmico se presenta en forma de un gel que contiene \u00e1cido hialur\u00f3nico altamente reticulado. Su misi\u00f3n: rellenar pliegues y arrugas profundas, a\u00f1adir m\u00e1s volumen a la piel envejecida o mejorar el contorno del rostro. Su impresionante viscoelasticidad le permite tambi\u00e9n tratar las cicatrices m\u00e1s r\u00e1pidamente que cualquier otra soluci\u00f3n cosm\u00e9tica.<\/p>","protected":false},"featured_media":961,"template":"","meta":[],"product_brand":[],"product_cat":[71,79,49,144],"product_tag":[],"class_list":{"0":"post-951","1":"product","2":"type-product","3":"status-publish","4":"has-post-thumbnail","6":"product_cat-croma-pharma","7":"product_cat-dermal-fillers","8":"product_cat-princess","9":"product_cat-holiday-mega-sale","10":"clearfix","12":"first","13":"instock","14":"sale","15":"taxable","16":"shipping-taxable","17":"purchasable","18":"product-type-simple"},"yoast_head":"<!-- This site is optimized with the Yoast SEO plugin v27.4 - https:\/\/yoast.com\/product\/yoast-seo-wordpress\/ -->\n<title>Princess Volume (1x1ml) - Skin Heal<\/title>\n<meta name=\"description\" content=\"Get Princess Volume \u2013 one of the best volumizing HA fillers on the market. With its firm texture, it removes deep wrinkles and restores volume in the face.\" \/>\n<meta name=\"robots\" content=\"index, follow, max-snippet:-1, max-image-preview:large, max-video-preview:-1\" \/>\n<link rel=\"canonical\" href=\"https:\/\/skin-heal.com\/es\/producto\/princess-volume-1x1ml\/\" \/>\n<meta property=\"og:locale\" content=\"es_MX\" \/>\n<meta property=\"og:type\" content=\"article\" \/>\n<meta property=\"og:title\" content=\"Princess Volume (1x1ml) - Skin Heal\" \/>\n<meta property=\"og:description\" content=\"Get Princess Volume \u2013 one of the best volumizing HA fillers on the market. With its firm texture, it removes deep wrinkles and restores volume in the face.\" \/>\n<meta property=\"og:url\" content=\"https:\/\/skin-heal.com\/es\/producto\/princess-volume-1x1ml\/\" \/>\n<meta property=\"og:site_name\" content=\"Skin Heal\" \/>\n<meta property=\"article:modified_time\" content=\"2023-12-22T12:51:02+00:00\" \/>\n<meta property=\"og:image\" content=\"https:\/\/cdn.skin-heal.com\/wp-content\/uploads\/2018\/12\/Princess-Volume-Dermal-Filler.jpg\" \/>\n\t<meta property=\"og:image:width\" content=\"600\" \/>\n\t<meta property=\"og:image:height\" content=\"600\" \/>\n\t<meta property=\"og:image:type\" content=\"image\/jpeg\" \/>\n<meta name=\"twitter:card\" content=\"summary_large_image\" \/>\n<meta name=\"twitter:label1\" content=\"Tiempo de lectura\" \/>\n\t<meta name=\"twitter:data1\" content=\"1 minuto\" \/>\n<script type=\"application\/ld+json\" class=\"yoast-schema-graph\">{\"@context\":\"https:\\\/\\\/schema.org\",\"@graph\":[{\"@type\":\"WebPage\",\"@id\":\"https:\\\/\\\/skin-heal.com\\\/product\\\/princess-volume-1x1ml\\\/\",\"url\":\"https:\\\/\\\/skin-heal.com\\\/product\\\/princess-volume-1x1ml\\\/\",\"name\":\"Princess Volume (1x1ml) - Skin Heal\",\"isPartOf\":{\"@id\":\"https:\\\/\\\/skin-heal.com\\\/#website\"},\"primaryImageOfPage\":{\"@id\":\"https:\\\/\\\/skin-heal.com\\\/product\\\/princess-volume-1x1ml\\\/#primaryimage\"},\"image\":{\"@id\":\"https:\\\/\\\/skin-heal.com\\\/product\\\/princess-volume-1x1ml\\\/#primaryimage\"},\"thumbnailUrl\":\"https:\\\/\\\/skin-heal.com\\\/wp-content\\\/uploads\\\/2018\\\/12\\\/Princess-Volume-Dermal-Filler.jpg\",\"datePublished\":\"2018-12-04T05:23:35+00:00\",\"dateModified\":\"2023-12-22T12:51:02+00:00\",\"description\":\"Get Princess Volume \u2013 one of the best volumizing HA fillers on the market. With its firm texture, it removes deep wrinkles and restores volume in the face.\",\"breadcrumb\":{\"@id\":\"https:\\\/\\\/skin-heal.com\\\/product\\\/princess-volume-1x1ml\\\/#breadcrumb\"},\"inLanguage\":\"es\",\"potentialAction\":[{\"@type\":\"ReadAction\",\"target\":[\"https:\\\/\\\/skin-heal.com\\\/product\\\/princess-volume-1x1ml\\\/\"]}]},{\"@type\":\"ImageObject\",\"inLanguage\":\"es\",\"@id\":\"https:\\\/\\\/skin-heal.com\\\/product\\\/princess-volume-1x1ml\\\/#primaryimage\",\"url\":\"https:\\\/\\\/skin-heal.com\\\/wp-content\\\/uploads\\\/2018\\\/12\\\/Princess-Volume-Dermal-Filler.jpg\",\"contentUrl\":\"https:\\\/\\\/skin-heal.com\\\/wp-content\\\/uploads\\\/2018\\\/12\\\/Princess-Volume-Dermal-Filler.jpg\",\"width\":600,\"height\":600,\"caption\":\"Princess Volume Dermal Filler\"},{\"@type\":\"BreadcrumbList\",\"@id\":\"https:\\\/\\\/skin-heal.com\\\/product\\\/princess-volume-1x1ml\\\/#breadcrumb\",\"itemListElement\":[{\"@type\":\"ListItem\",\"position\":1,\"name\":\"Home\",\"item\":\"https:\\\/\\\/skin-heal.com\\\/\"},{\"@type\":\"ListItem\",\"position\":2,\"name\":\"Store\",\"item\":\"https:\\\/\\\/skin-heal.com\\\/store\\\/\"},{\"@type\":\"ListItem\",\"position\":3,\"name\":\"Princess Volume (1x1ml)\"}]},{\"@type\":\"WebSite\",\"@id\":\"https:\\\/\\\/skin-heal.com\\\/#website\",\"url\":\"https:\\\/\\\/skin-heal.com\\\/\",\"name\":\"Skin Heal\",\"description\":\"Lowest Prices for Dermal Fillers\",\"potentialAction\":[{\"@type\":\"SearchAction\",\"target\":{\"@type\":\"EntryPoint\",\"urlTemplate\":\"https:\\\/\\\/skin-heal.com\\\/?s={search_term_string}\"},\"query-input\":{\"@type\":\"PropertyValueSpecification\",\"valueRequired\":true,\"valueName\":\"search_term_string\"}}],\"inLanguage\":\"es\"}]}<\/script>\n<!-- \/ Yoast SEO plugin. -->","yoast_head_json":{"title":"Volumen Princesa (1x1ml) - Skin Heal","description":"Get Princess Volume - uno de los mejores rellenos voluminizadores de HA del mercado. Con su textura firme, elimina las arrugas profundas y restaura el volumen del rostro.","robots":{"index":"index","follow":"follow","max-snippet":"max-snippet:-1","max-image-preview":"max-image-preview:large","max-video-preview":"max-video-preview:-1"},"canonical":"https:\/\/skin-heal.com\/es\/producto\/princess-volume-1x1ml\/","og_locale":"es_MX","og_type":"article","og_title":"Princess Volume (1x1ml) - Skin Heal","og_description":"Get Princess Volume \u2013 one of the best volumizing HA fillers on the market. With its firm texture, it removes deep wrinkles and restores volume in the face.","og_url":"https:\/\/skin-heal.com\/es\/producto\/princess-volume-1x1ml\/","og_site_name":"Skin Heal","article_modified_time":"2023-12-22T12:51:02+00:00","og_image":[{"width":600,"height":600,"url":"https:\/\/cdn.skin-heal.com\/wp-content\/uploads\/2018\/12\/Princess-Volume-Dermal-Filler.jpg","type":"image\/jpeg"}],"twitter_card":"summary_large_image","twitter_misc":{"Tiempo de lectura":"1 minuto"},"schema":{"@context":"https:\/\/schema.org","@graph":[{"@type":"WebPage","@id":"https:\/\/skin-heal.com\/product\/princess-volume-1x1ml\/","url":"https:\/\/skin-heal.com\/product\/princess-volume-1x1ml\/","name":"Volumen Princesa (1x1ml) - Skin Heal","isPartOf":{"@id":"https:\/\/skin-heal.com\/#website"},"primaryImageOfPage":{"@id":"https:\/\/skin-heal.com\/product\/princess-volume-1x1ml\/#primaryimage"},"image":{"@id":"https:\/\/skin-heal.com\/product\/princess-volume-1x1ml\/#primaryimage"},"thumbnailUrl":"https:\/\/cdn.skin-heal.com\/wp-content\/uploads\/2018\/12\/Princess-Volume-Dermal-Filler.jpg","datePublished":"2018-12-04T05:23:35+00:00","dateModified":"2023-12-22T12:51:02+00:00","description":"Get Princess Volume - uno de los mejores rellenos voluminizadores de HA del mercado. Con su textura firme, elimina las arrugas profundas y restaura el volumen del rostro.","breadcrumb":{"@id":"https:\/\/skin-heal.com\/product\/princess-volume-1x1ml\/#breadcrumb"},"inLanguage":"es","potentialAction":[{"@type":"ReadAction","target":["https:\/\/skin-heal.com\/product\/princess-volume-1x1ml\/"]}]},{"@type":"ImageObject","inLanguage":"es","@id":"https:\/\/skin-heal.com\/product\/princess-volume-1x1ml\/#primaryimage","url":"https:\/\/cdn.skin-heal.com\/wp-content\/uploads\/2018\/12\/Princess-Volume-Dermal-Filler.jpg","contentUrl":"https:\/\/cdn.skin-heal.com\/wp-content\/uploads\/2018\/12\/Princess-Volume-Dermal-Filler.jpg","width":600,"height":600,"caption":"Princess Volume Dermal Filler"},{"@type":"BreadcrumbList","@id":"https:\/\/skin-heal.com\/product\/princess-volume-1x1ml\/#breadcrumb","itemListElement":[{"@type":"ListItem","position":1,"name":"Home","item":"https:\/\/skin-heal.com\/"},{"@type":"ListItem","position":2,"name":"Store","item":"https:\/\/skin-heal.com\/store\/"},{"@type":"ListItem","position":3,"name":"Princess Volume (1x1ml)"}]},{"@type":"WebSite","@id":"https:\/\/skin-heal.com\/#website","url":"https:\/\/skin-heal.com\/","name":"Curaci\u00f3n de la piel","description":"Los precios m\u00e1s bajos para los rellenos d\u00e9rmicos","potentialAction":[{"@type":"SearchAction","target":{"@type":"EntryPoint","urlTemplate":"https:\/\/skin-heal.com\/?s={search_term_string}"},"query-input":{"@type":"PropertyValueSpecification","valueRequired":true,"valueName":"search_term_string"}}],"inLanguage":"es"}]}},"_links":{"self":[{"href":"https:\/\/skin-heal.com\/es\/wp-json\/wp\/v2\/product\/951","targetHints":{"allow":["GET"]}}],"collection":[{"href":"https:\/\/skin-heal.com\/es\/wp-json\/wp\/v2\/product"}],"about":[{"href":"https:\/\/skin-heal.com\/es\/wp-json\/wp\/v2\/types\/product"}],"wp:featuredmedia":[{"embeddable":true,"href":"https:\/\/skin-heal.com\/es\/wp-json\/wp\/v2\/media\/961"}],"wp:attachment":[{"href":"https:\/\/skin-heal.com\/es\/wp-json\/wp\/v2\/media?parent=951"}],"wp:term":[{"taxonomy":"product_brand","embeddable":true,"href":"https:\/\/skin-heal.com\/es\/wp-json\/wp\/v2\/product_brand?post=951"},{"taxonomy":"product_cat","embeddable":true,"href":"https:\/\/skin-heal.com\/es\/wp-json\/wp\/v2\/product_cat?post=951"},{"taxonomy":"product_tag","embeddable":true,"href":"https:\/\/skin-heal.com\/es\/wp-json\/wp\/v2\/product_tag?post=951"}],"curies":[{"name":"wp","href":"https:\/\/api.w.org\/{rel}","templated":true}]}}