{"id":952,"date":"2018-12-04T07:25:26","date_gmt":"2018-12-04T07:25:26","guid":{"rendered":"https:\/\/skin-heal.com\/?post_type=product&#038;p=952"},"modified":"2021-06-15T13:51:55","modified_gmt":"2021-06-15T13:51:55","slug":"princess-filler-1x1ml","status":"publish","type":"product","link":"https:\/\/skin-heal.com\/es\/producto\/princess-filler-1x1ml\/","title":{"rendered":"Relleno Princess (1x1ml)"},"content":{"rendered":"<ul>\n<li>Longevidad media de los resultados del tratamiento: 6-9 meses<\/li>\n<li>Concentraci\u00f3n de \u00e1cido hialur\u00f3nico por 1ml: 23mg<\/li>\n<li>Accesorios incluidos en la caja: viene en una jeringa precargada (1 x 1ml), aguja de un solo uso de 27G \u00bd\"<\/li>\n<li>Otros ingredientes: NaCl y tamp\u00f3n fosfato<\/li>\n<\/ul>\n<h3>Zonas de tratamiento en las que se puede aplicar Princess Filler<\/h3>\n<p>Creado como un relleno de HA monof\u00e1sico, este producto puede ser inyectado en diferentes \u00e1reas faciales y puede proporcionar una correcci\u00f3n instant\u00e1nea y duradera de:<\/p>\n<ul>\n<li>L\u00edneas glabelares<\/li>\n<li>Arrugas periorales (de medias a profundas)<\/li>\n<li>Surcos en la frente<\/li>\n<\/ul>\n<p>Tambi\u00e9n puede aplicarse mediante inyecci\u00f3n en los labios para mejorar su volumen o redefinir su contorno. Princess Filler es incluso adecuado para las terapias de rejuvenecimiento de las manos. El \u00fanico lugar en el que no se recomienda la aplicaci\u00f3n de este relleno d\u00e9rmico de primera calidad es la zona periorbital.<\/p>\n<h3>\u00bfC\u00f3mo combate los signos del envejecimiento?<\/h3>\n<p>Princess Filler puede proporcionar a los pacientes una piel rejuvenecida y refrescada mediante un tratamiento muy natural basado en los poderes del \u00e1cido hialur\u00f3nico. Esta es una sustancia que ya existe en nuestro cuerpo y su tarea primordial es retener la humedad en la piel. El AH de este producto de confianza contiene \u00c1cido Hialur\u00f3nico no animal y biol\u00f3gicamente compatible que tiene las mismas cualidades que posee el AH que se encuentra en el cuerpo humano y su uso no conlleva ning\u00fan riesgo. Una vez inyectado en las zonas de tratamiento, este fiable relleno de tejidos blandos:<\/p>\n<ul>\n<li>Mejorar la elasticidad de la piel<\/li>\n<li>Elimina las arrugas medianas y severas<\/li>\n<li>Rejuvenecer e hidratar la piel<\/li>\n<li>Restaurar el volumen perdido<\/li>\n<\/ul>","protected":false},"excerpt":{"rendered":"<p>Princess Filler es el arma perfecta contra los signos no deseados del envejecimiento. Producido por la empresa austriaca Croma, este excepcional relleno cut\u00e1neo corrige f\u00e1cilmente las arrugas de moderadas a severas e incluso se puede confiar en \u00e9l como soluci\u00f3n no quir\u00fargica de larga duraci\u00f3n para el realce y el contorno de los labios. Este producto de rejuvenecimiento cosm\u00e9tico de calidad se fabrica mediante un m\u00e9todo SMART que prolonga enormemente la durabilidad de los efectos del tratamiento.<\/p>","protected":false},"featured_media":1025,"template":"","meta":[],"product_brand":[],"product_cat":[71,79,49],"product_tag":[],"class_list":{"0":"post-952","1":"product","2":"type-product","3":"status-publish","4":"has-post-thumbnail","6":"product_cat-croma-pharma","7":"product_cat-dermal-fillers","8":"product_cat-princess","9":"clearfix","11":"first","12":"outofstock","13":"sale","14":"taxable","15":"shipping-taxable","16":"purchasable","17":"product-type-simple"},"yoast_head":"<!-- This site is optimized with the Yoast SEO plugin v27.3 - https:\/\/yoast.com\/product\/yoast-seo-wordpress\/ -->\n<title>Princess Filler (1x1ml) - Skin Heal<\/title>\n<meta name=\"description\" content=\"As a top-quality HA filler, Princess Filler offers immediate results by instantly correcting moderate to severe wrinkles and giving lips more volume.\" \/>\n<meta name=\"robots\" content=\"index, follow, max-snippet:-1, max-image-preview:large, max-video-preview:-1\" \/>\n<link rel=\"canonical\" href=\"https:\/\/skin-heal.com\/es\/producto\/princess-filler-1x1ml\/\" \/>\n<meta property=\"og:locale\" content=\"es_MX\" \/>\n<meta property=\"og:type\" content=\"article\" \/>\n<meta property=\"og:title\" content=\"Princess Filler (1x1ml) - Skin Heal\" \/>\n<meta property=\"og:description\" content=\"As a top-quality HA filler, Princess Filler offers immediate results by instantly correcting moderate to severe wrinkles and giving lips more volume.\" \/>\n<meta property=\"og:url\" content=\"https:\/\/skin-heal.com\/es\/producto\/princess-filler-1x1ml\/\" \/>\n<meta property=\"og:site_name\" content=\"Skin Heal\" \/>\n<meta property=\"article:modified_time\" content=\"2021-06-15T13:51:55+00:00\" \/>\n<meta property=\"og:image\" content=\"https:\/\/cdn.skin-heal.com\/wp-content\/uploads\/2018\/12\/Princess-Filler.jpg\" \/>\n\t<meta property=\"og:image:width\" content=\"500\" \/>\n\t<meta property=\"og:image:height\" content=\"500\" \/>\n\t<meta property=\"og:image:type\" content=\"image\/jpeg\" \/>\n<meta name=\"twitter:card\" content=\"summary_large_image\" \/>\n<meta name=\"twitter:label1\" content=\"Tiempo de lectura\" \/>\n\t<meta name=\"twitter:data1\" content=\"1 minuto\" \/>\n<script type=\"application\/ld+json\" class=\"yoast-schema-graph\">{\"@context\":\"https:\\\/\\\/schema.org\",\"@graph\":[{\"@type\":\"WebPage\",\"@id\":\"https:\\\/\\\/skin-heal.com\\\/product\\\/princess-filler-1x1ml\\\/\",\"url\":\"https:\\\/\\\/skin-heal.com\\\/product\\\/princess-filler-1x1ml\\\/\",\"name\":\"Princess Filler (1x1ml) - Skin Heal\",\"isPartOf\":{\"@id\":\"https:\\\/\\\/skin-heal.com\\\/#website\"},\"primaryImageOfPage\":{\"@id\":\"https:\\\/\\\/skin-heal.com\\\/product\\\/princess-filler-1x1ml\\\/#primaryimage\"},\"image\":{\"@id\":\"https:\\\/\\\/skin-heal.com\\\/product\\\/princess-filler-1x1ml\\\/#primaryimage\"},\"thumbnailUrl\":\"https:\\\/\\\/skin-heal.com\\\/wp-content\\\/uploads\\\/2018\\\/12\\\/Princess-Filler.jpg\",\"datePublished\":\"2018-12-04T07:25:26+00:00\",\"dateModified\":\"2021-06-15T13:51:55+00:00\",\"description\":\"As a top-quality HA filler, Princess Filler offers immediate results by instantly correcting moderate to severe wrinkles and giving lips more volume.\",\"breadcrumb\":{\"@id\":\"https:\\\/\\\/skin-heal.com\\\/product\\\/princess-filler-1x1ml\\\/#breadcrumb\"},\"inLanguage\":\"es\",\"potentialAction\":[{\"@type\":\"ReadAction\",\"target\":[\"https:\\\/\\\/skin-heal.com\\\/product\\\/princess-filler-1x1ml\\\/\"]}]},{\"@type\":\"ImageObject\",\"inLanguage\":\"es\",\"@id\":\"https:\\\/\\\/skin-heal.com\\\/product\\\/princess-filler-1x1ml\\\/#primaryimage\",\"url\":\"https:\\\/\\\/skin-heal.com\\\/wp-content\\\/uploads\\\/2018\\\/12\\\/Princess-Filler.jpg\",\"contentUrl\":\"https:\\\/\\\/skin-heal.com\\\/wp-content\\\/uploads\\\/2018\\\/12\\\/Princess-Filler.jpg\",\"width\":500,\"height\":500,\"caption\":\"Princess Filler\"},{\"@type\":\"BreadcrumbList\",\"@id\":\"https:\\\/\\\/skin-heal.com\\\/product\\\/princess-filler-1x1ml\\\/#breadcrumb\",\"itemListElement\":[{\"@type\":\"ListItem\",\"position\":1,\"name\":\"Home\",\"item\":\"https:\\\/\\\/skin-heal.com\\\/\"},{\"@type\":\"ListItem\",\"position\":2,\"name\":\"Store\",\"item\":\"https:\\\/\\\/skin-heal.com\\\/store\\\/\"},{\"@type\":\"ListItem\",\"position\":3,\"name\":\"Princess Filler (1x1ml)\"}]},{\"@type\":\"WebSite\",\"@id\":\"https:\\\/\\\/skin-heal.com\\\/#website\",\"url\":\"https:\\\/\\\/skin-heal.com\\\/\",\"name\":\"Skin Heal\",\"description\":\"Lowest Prices for Dermal Fillers\",\"potentialAction\":[{\"@type\":\"SearchAction\",\"target\":{\"@type\":\"EntryPoint\",\"urlTemplate\":\"https:\\\/\\\/skin-heal.com\\\/?s={search_term_string}\"},\"query-input\":{\"@type\":\"PropertyValueSpecification\",\"valueRequired\":true,\"valueName\":\"search_term_string\"}}],\"inLanguage\":\"es\"}]}<\/script>\n<!-- \/ Yoast SEO plugin. -->","yoast_head_json":{"title":"Princess Filler (1x1ml) - Skin Heal","description":"Como relleno de HA de m\u00e1xima calidad, Princess Filler ofrece resultados inmediatos corrigiendo al instante las arrugas de moderadas a graves y dando m\u00e1s volumen a los labios.","robots":{"index":"index","follow":"follow","max-snippet":"max-snippet:-1","max-image-preview":"max-image-preview:large","max-video-preview":"max-video-preview:-1"},"canonical":"https:\/\/skin-heal.com\/es\/producto\/princess-filler-1x1ml\/","og_locale":"es_MX","og_type":"article","og_title":"Princess Filler (1x1ml) - Skin Heal","og_description":"As a top-quality HA filler, Princess Filler offers immediate results by instantly correcting moderate to severe wrinkles and giving lips more volume.","og_url":"https:\/\/skin-heal.com\/es\/producto\/princess-filler-1x1ml\/","og_site_name":"Skin Heal","article_modified_time":"2021-06-15T13:51:55+00:00","og_image":[{"width":500,"height":500,"url":"https:\/\/cdn.skin-heal.com\/wp-content\/uploads\/2018\/12\/Princess-Filler.jpg","type":"image\/jpeg"}],"twitter_card":"summary_large_image","twitter_misc":{"Tiempo de lectura":"1 minuto"},"schema":{"@context":"https:\/\/schema.org","@graph":[{"@type":"WebPage","@id":"https:\/\/skin-heal.com\/product\/princess-filler-1x1ml\/","url":"https:\/\/skin-heal.com\/product\/princess-filler-1x1ml\/","name":"Princess Filler (1x1ml) - Skin Heal","isPartOf":{"@id":"https:\/\/skin-heal.com\/#website"},"primaryImageOfPage":{"@id":"https:\/\/skin-heal.com\/product\/princess-filler-1x1ml\/#primaryimage"},"image":{"@id":"https:\/\/skin-heal.com\/product\/princess-filler-1x1ml\/#primaryimage"},"thumbnailUrl":"https:\/\/cdn.skin-heal.com\/wp-content\/uploads\/2018\/12\/Princess-Filler.jpg","datePublished":"2018-12-04T07:25:26+00:00","dateModified":"2021-06-15T13:51:55+00:00","description":"Como relleno de HA de m\u00e1xima calidad, Princess Filler ofrece resultados inmediatos corrigiendo al instante las arrugas de moderadas a graves y dando m\u00e1s volumen a los labios.","breadcrumb":{"@id":"https:\/\/skin-heal.com\/product\/princess-filler-1x1ml\/#breadcrumb"},"inLanguage":"es","potentialAction":[{"@type":"ReadAction","target":["https:\/\/skin-heal.com\/product\/princess-filler-1x1ml\/"]}]},{"@type":"ImageObject","inLanguage":"es","@id":"https:\/\/skin-heal.com\/product\/princess-filler-1x1ml\/#primaryimage","url":"https:\/\/cdn.skin-heal.com\/wp-content\/uploads\/2018\/12\/Princess-Filler.jpg","contentUrl":"https:\/\/cdn.skin-heal.com\/wp-content\/uploads\/2018\/12\/Princess-Filler.jpg","width":500,"height":500,"caption":"Princess Filler"},{"@type":"BreadcrumbList","@id":"https:\/\/skin-heal.com\/product\/princess-filler-1x1ml\/#breadcrumb","itemListElement":[{"@type":"ListItem","position":1,"name":"Home","item":"https:\/\/skin-heal.com\/"},{"@type":"ListItem","position":2,"name":"Store","item":"https:\/\/skin-heal.com\/store\/"},{"@type":"ListItem","position":3,"name":"Princess Filler (1x1ml)"}]},{"@type":"WebSite","@id":"https:\/\/skin-heal.com\/#website","url":"https:\/\/skin-heal.com\/","name":"Curaci\u00f3n de la piel","description":"Los precios m\u00e1s bajos para los rellenos d\u00e9rmicos","potentialAction":[{"@type":"SearchAction","target":{"@type":"EntryPoint","urlTemplate":"https:\/\/skin-heal.com\/?s={search_term_string}"},"query-input":{"@type":"PropertyValueSpecification","valueRequired":true,"valueName":"search_term_string"}}],"inLanguage":"es"}]}},"_links":{"self":[{"href":"https:\/\/skin-heal.com\/es\/wp-json\/wp\/v2\/product\/952","targetHints":{"allow":["GET"]}}],"collection":[{"href":"https:\/\/skin-heal.com\/es\/wp-json\/wp\/v2\/product"}],"about":[{"href":"https:\/\/skin-heal.com\/es\/wp-json\/wp\/v2\/types\/product"}],"wp:featuredmedia":[{"embeddable":true,"href":"https:\/\/skin-heal.com\/es\/wp-json\/wp\/v2\/media\/1025"}],"wp:attachment":[{"href":"https:\/\/skin-heal.com\/es\/wp-json\/wp\/v2\/media?parent=952"}],"wp:term":[{"taxonomy":"product_brand","embeddable":true,"href":"https:\/\/skin-heal.com\/es\/wp-json\/wp\/v2\/product_brand?post=952"},{"taxonomy":"product_cat","embeddable":true,"href":"https:\/\/skin-heal.com\/es\/wp-json\/wp\/v2\/product_cat?post=952"},{"taxonomy":"product_tag","embeddable":true,"href":"https:\/\/skin-heal.com\/es\/wp-json\/wp\/v2\/product_tag?post=952"}],"curies":[{"name":"wp","href":"https:\/\/api.w.org\/{rel}","templated":true}]}}