{"id":953,"date":"2018-12-04T07:27:20","date_gmt":"2018-12-04T07:27:20","guid":{"rendered":"https:\/\/skin-heal.com\/?post_type=product&#038;p=953"},"modified":"2020-04-16T13:21:34","modified_gmt":"2020-04-16T13:21:34","slug":"princess-rich-1x1ml","status":"publish","type":"product","link":"https:\/\/skin-heal.com\/es\/producto\/princess-rich-1x1ml\/","title":{"rendered":"Princess Rich (1x1ml)"},"content":{"rendered":"<h3>La importancia de la hidrataci\u00f3n de la piel<\/h3>\n<p>Una piel bien hidratada es m\u00e1s saludable, m\u00e1s el\u00e1stica y radiante y por lo tanto tiene una apariencia juvenil en general. Princess Rich es uno de los rellenos d\u00e9rmicos de \u00e1cido hialur\u00f3nico m\u00e1s eficaces en lo que respecta a la hidrataci\u00f3n de la piel. Este implante de gel de nueva generaci\u00f3n es 6 veces m\u00e1s eficaz en la hidrataci\u00f3n de la piel porque utiliza una revolucionaria tecnolog\u00eda de rejuvenecimiento avanzada (ART). Su composici\u00f3n se basa principalmente en \u00e1cido hialur\u00f3nico no reticulado y glicerol. Gracias a la tecnolog\u00eda patentada utilizada durante la producci\u00f3n, estos dos ingredientes se fusionan mejor para potenciar la hidrataci\u00f3n de la piel:<\/p>\n<ul>\n<li>Hidrataci\u00f3n<\/li>\n<li>Elasticidad<\/li>\n<li>Tono<\/li>\n<li>Resplandor<\/li>\n<\/ul>\n<p>Cuando se combinan todos estos efectos del tratamiento, los signos de envejecimiento, como las l\u00edneas de expresi\u00f3n y las depresiones faciales, se hacen menos visibles y el paciente disfruta de un aspecto m\u00e1s radiante y juvenil.<\/p>\n<h3>Ingredientes<\/h3>\n<ul>\n<li>HA no reticulado (18mg\/ml)<\/li>\n<li>Glicerol (20mg\/ml)<\/li>\n<li>Tamp\u00f3n de fosfato-citrato<\/li>\n<\/ul>\n<h3>Programa de tratamiento recomendado<\/h3>\n<p>Princess Rich puede contener \u00e1cido hialur\u00f3nico, pero los efectos que ofrece se hacen visibles de forma m\u00e1s gradual en comparaci\u00f3n con la mayor\u00eda de los rellenos cut\u00e1neos de HA. Por lo tanto, puede utilizarse como una forma de mesoterapia. El producto se inyecta en la capa superficial de la dermis con una aguja de un solo uso de 30G. Para obtener resultados m\u00e1s duraderos, se recomienda a los m\u00e9dicos iniciar el tratamiento con 3 sesiones de inyecci\u00f3n (una cada semana). Para mantener los efectos conseguidos, ser\u00e1n necesarias sesiones de retoque.<\/p>","protected":false},"excerpt":{"rendered":"<p>Princess Rich ofrece un atajo hacia una piel ricamente hidratada. Este implante de gel de confianza puede utilizarse como un producto de mesoterapia sin riesgo que proporcionar\u00e1 a los pacientes un brillo natural, un tono de piel mejorado y elasticidad. Para hacerlo posible, se basa en HA no reticulado y glicerol que se mezclan mediante una tecnolog\u00eda de nueva generaci\u00f3n conocida como ART.<\/p>","protected":false},"featured_media":960,"template":"","meta":[],"product_brand":[],"product_cat":[71,79,49],"product_tag":[],"class_list":{"0":"post-953","1":"product","2":"type-product","3":"status-publish","4":"has-post-thumbnail","6":"product_cat-croma-pharma","7":"product_cat-dermal-fillers","8":"product_cat-princess","9":"clearfix","11":"first","12":"outofstock","13":"taxable","14":"shipping-taxable","15":"purchasable","16":"product-type-simple"},"yoast_head":"<!-- This site is optimized with the Yoast SEO plugin v27.4 - https:\/\/yoast.com\/product\/yoast-seo-wordpress\/ -->\n<title>Princess Rich (1x1ml) - Skin Heal<\/title>\n<meta name=\"description\" content=\"Princess Rich is a durable gel implant. This safe mesotherapy product offers lasting skin rejuvenation by improving the skin\u2019s tone, hydration, and more.\" \/>\n<meta name=\"robots\" content=\"index, follow, max-snippet:-1, max-image-preview:large, max-video-preview:-1\" \/>\n<link rel=\"canonical\" href=\"https:\/\/skin-heal.com\/es\/producto\/princess-rich-1x1ml\/\" \/>\n<meta property=\"og:locale\" content=\"es_MX\" \/>\n<meta property=\"og:type\" content=\"article\" \/>\n<meta property=\"og:title\" content=\"Princess Rich (1x1ml) - Skin Heal\" \/>\n<meta property=\"og:description\" content=\"Princess Rich is a durable gel implant. This safe mesotherapy product offers lasting skin rejuvenation by improving the skin\u2019s tone, hydration, and more.\" \/>\n<meta property=\"og:url\" content=\"https:\/\/skin-heal.com\/es\/producto\/princess-rich-1x1ml\/\" \/>\n<meta property=\"og:site_name\" content=\"Skin Heal\" \/>\n<meta property=\"article:modified_time\" content=\"2020-04-16T13:21:34+00:00\" \/>\n<meta property=\"og:image\" content=\"https:\/\/cdn.skin-heal.com\/wp-content\/uploads\/2018\/12\/Princess-Rich-Dermal-Filler.jpg\" \/>\n\t<meta property=\"og:image:width\" content=\"600\" \/>\n\t<meta property=\"og:image:height\" content=\"600\" \/>\n\t<meta property=\"og:image:type\" content=\"image\/jpeg\" \/>\n<meta name=\"twitter:card\" content=\"summary_large_image\" \/>\n<meta name=\"twitter:label1\" content=\"Tiempo de lectura\" \/>\n\t<meta name=\"twitter:data1\" content=\"1 minuto\" \/>\n<script type=\"application\/ld+json\" class=\"yoast-schema-graph\">{\"@context\":\"https:\\\/\\\/schema.org\",\"@graph\":[{\"@type\":\"WebPage\",\"@id\":\"https:\\\/\\\/skin-heal.com\\\/product\\\/princess-rich-1x1ml\\\/\",\"url\":\"https:\\\/\\\/skin-heal.com\\\/product\\\/princess-rich-1x1ml\\\/\",\"name\":\"Princess Rich (1x1ml) - Skin Heal\",\"isPartOf\":{\"@id\":\"https:\\\/\\\/skin-heal.com\\\/#website\"},\"primaryImageOfPage\":{\"@id\":\"https:\\\/\\\/skin-heal.com\\\/product\\\/princess-rich-1x1ml\\\/#primaryimage\"},\"image\":{\"@id\":\"https:\\\/\\\/skin-heal.com\\\/product\\\/princess-rich-1x1ml\\\/#primaryimage\"},\"thumbnailUrl\":\"https:\\\/\\\/skin-heal.com\\\/wp-content\\\/uploads\\\/2018\\\/12\\\/Princess-Rich-Dermal-Filler.jpg\",\"datePublished\":\"2018-12-04T07:27:20+00:00\",\"dateModified\":\"2020-04-16T13:21:34+00:00\",\"description\":\"Princess Rich is a durable gel implant. This safe mesotherapy product offers lasting skin rejuvenation by improving the skin\u2019s tone, hydration, and more.\",\"breadcrumb\":{\"@id\":\"https:\\\/\\\/skin-heal.com\\\/product\\\/princess-rich-1x1ml\\\/#breadcrumb\"},\"inLanguage\":\"es\",\"potentialAction\":[{\"@type\":\"ReadAction\",\"target\":[\"https:\\\/\\\/skin-heal.com\\\/product\\\/princess-rich-1x1ml\\\/\"]}]},{\"@type\":\"ImageObject\",\"inLanguage\":\"es\",\"@id\":\"https:\\\/\\\/skin-heal.com\\\/product\\\/princess-rich-1x1ml\\\/#primaryimage\",\"url\":\"https:\\\/\\\/skin-heal.com\\\/wp-content\\\/uploads\\\/2018\\\/12\\\/Princess-Rich-Dermal-Filler.jpg\",\"contentUrl\":\"https:\\\/\\\/skin-heal.com\\\/wp-content\\\/uploads\\\/2018\\\/12\\\/Princess-Rich-Dermal-Filler.jpg\",\"width\":600,\"height\":600,\"caption\":\"Princess Rich Dermal Filler\"},{\"@type\":\"BreadcrumbList\",\"@id\":\"https:\\\/\\\/skin-heal.com\\\/product\\\/princess-rich-1x1ml\\\/#breadcrumb\",\"itemListElement\":[{\"@type\":\"ListItem\",\"position\":1,\"name\":\"Home\",\"item\":\"https:\\\/\\\/skin-heal.com\\\/\"},{\"@type\":\"ListItem\",\"position\":2,\"name\":\"Store\",\"item\":\"https:\\\/\\\/skin-heal.com\\\/store\\\/\"},{\"@type\":\"ListItem\",\"position\":3,\"name\":\"Princess Rich (1x1ml)\"}]},{\"@type\":\"WebSite\",\"@id\":\"https:\\\/\\\/skin-heal.com\\\/#website\",\"url\":\"https:\\\/\\\/skin-heal.com\\\/\",\"name\":\"Skin Heal\",\"description\":\"Lowest Prices for Dermal Fillers\",\"potentialAction\":[{\"@type\":\"SearchAction\",\"target\":{\"@type\":\"EntryPoint\",\"urlTemplate\":\"https:\\\/\\\/skin-heal.com\\\/?s={search_term_string}\"},\"query-input\":{\"@type\":\"PropertyValueSpecification\",\"valueRequired\":true,\"valueName\":\"search_term_string\"}}],\"inLanguage\":\"es\"}]}<\/script>\n<!-- \/ Yoast SEO plugin. -->","yoast_head_json":{"title":"Princess Rich (1x1ml) - Piel sana","description":"Princess Rich es un implante de gel duradero. Este producto de mesoterapia seguro ofrece un rejuvenecimiento duradero de la piel mejorando su tono, hidrataci\u00f3n y mucho m\u00e1s.","robots":{"index":"index","follow":"follow","max-snippet":"max-snippet:-1","max-image-preview":"max-image-preview:large","max-video-preview":"max-video-preview:-1"},"canonical":"https:\/\/skin-heal.com\/es\/producto\/princess-rich-1x1ml\/","og_locale":"es_MX","og_type":"article","og_title":"Princess Rich (1x1ml) - Skin Heal","og_description":"Princess Rich is a durable gel implant. This safe mesotherapy product offers lasting skin rejuvenation by improving the skin\u2019s tone, hydration, and more.","og_url":"https:\/\/skin-heal.com\/es\/producto\/princess-rich-1x1ml\/","og_site_name":"Skin Heal","article_modified_time":"2020-04-16T13:21:34+00:00","og_image":[{"width":600,"height":600,"url":"https:\/\/cdn.skin-heal.com\/wp-content\/uploads\/2018\/12\/Princess-Rich-Dermal-Filler.jpg","type":"image\/jpeg"}],"twitter_card":"summary_large_image","twitter_misc":{"Tiempo de lectura":"1 minuto"},"schema":{"@context":"https:\/\/schema.org","@graph":[{"@type":"WebPage","@id":"https:\/\/skin-heal.com\/product\/princess-rich-1x1ml\/","url":"https:\/\/skin-heal.com\/product\/princess-rich-1x1ml\/","name":"Princess Rich (1x1ml) - Piel sana","isPartOf":{"@id":"https:\/\/skin-heal.com\/#website"},"primaryImageOfPage":{"@id":"https:\/\/skin-heal.com\/product\/princess-rich-1x1ml\/#primaryimage"},"image":{"@id":"https:\/\/skin-heal.com\/product\/princess-rich-1x1ml\/#primaryimage"},"thumbnailUrl":"https:\/\/cdn.skin-heal.com\/wp-content\/uploads\/2018\/12\/Princess-Rich-Dermal-Filler.jpg","datePublished":"2018-12-04T07:27:20+00:00","dateModified":"2020-04-16T13:21:34+00:00","description":"Princess Rich es un implante de gel duradero. Este producto de mesoterapia seguro ofrece un rejuvenecimiento duradero de la piel mejorando su tono, hidrataci\u00f3n y mucho m\u00e1s.","breadcrumb":{"@id":"https:\/\/skin-heal.com\/product\/princess-rich-1x1ml\/#breadcrumb"},"inLanguage":"es","potentialAction":[{"@type":"ReadAction","target":["https:\/\/skin-heal.com\/product\/princess-rich-1x1ml\/"]}]},{"@type":"ImageObject","inLanguage":"es","@id":"https:\/\/skin-heal.com\/product\/princess-rich-1x1ml\/#primaryimage","url":"https:\/\/cdn.skin-heal.com\/wp-content\/uploads\/2018\/12\/Princess-Rich-Dermal-Filler.jpg","contentUrl":"https:\/\/cdn.skin-heal.com\/wp-content\/uploads\/2018\/12\/Princess-Rich-Dermal-Filler.jpg","width":600,"height":600,"caption":"Princess Rich Dermal Filler"},{"@type":"BreadcrumbList","@id":"https:\/\/skin-heal.com\/product\/princess-rich-1x1ml\/#breadcrumb","itemListElement":[{"@type":"ListItem","position":1,"name":"Home","item":"https:\/\/skin-heal.com\/"},{"@type":"ListItem","position":2,"name":"Store","item":"https:\/\/skin-heal.com\/store\/"},{"@type":"ListItem","position":3,"name":"Princess Rich (1x1ml)"}]},{"@type":"WebSite","@id":"https:\/\/skin-heal.com\/#website","url":"https:\/\/skin-heal.com\/","name":"Curaci\u00f3n de la piel","description":"Los precios m\u00e1s bajos para los rellenos d\u00e9rmicos","potentialAction":[{"@type":"SearchAction","target":{"@type":"EntryPoint","urlTemplate":"https:\/\/skin-heal.com\/?s={search_term_string}"},"query-input":{"@type":"PropertyValueSpecification","valueRequired":true,"valueName":"search_term_string"}}],"inLanguage":"es"}]}},"_links":{"self":[{"href":"https:\/\/skin-heal.com\/es\/wp-json\/wp\/v2\/product\/953","targetHints":{"allow":["GET"]}}],"collection":[{"href":"https:\/\/skin-heal.com\/es\/wp-json\/wp\/v2\/product"}],"about":[{"href":"https:\/\/skin-heal.com\/es\/wp-json\/wp\/v2\/types\/product"}],"wp:featuredmedia":[{"embeddable":true,"href":"https:\/\/skin-heal.com\/es\/wp-json\/wp\/v2\/media\/960"}],"wp:attachment":[{"href":"https:\/\/skin-heal.com\/es\/wp-json\/wp\/v2\/media?parent=953"}],"wp:term":[{"taxonomy":"product_brand","embeddable":true,"href":"https:\/\/skin-heal.com\/es\/wp-json\/wp\/v2\/product_brand?post=953"},{"taxonomy":"product_cat","embeddable":true,"href":"https:\/\/skin-heal.com\/es\/wp-json\/wp\/v2\/product_cat?post=953"},{"taxonomy":"product_tag","embeddable":true,"href":"https:\/\/skin-heal.com\/es\/wp-json\/wp\/v2\/product_tag?post=953"}],"curies":[{"name":"wp","href":"https:\/\/api.w.org\/{rel}","templated":true}]}}