{"id":958,"date":"2018-12-04T07:48:27","date_gmt":"2018-12-04T05:48:27","guid":{"rendered":"https:\/\/skin-heal.com\/?post_type=product&#038;p=958"},"modified":"2025-05-08T00:51:12","modified_gmt":"2025-05-07T21:51:12","slug":"lipo-lab-ppc-solution","status":"publish","type":"product","link":"https:\/\/skin-heal.com\/es\/producto\/lipo-lab-ppc-solution\/","title":{"rendered":"Soluci\u00f3n Lipo Lab PPC"},"content":{"rendered":"<h3>Una lip\u00f3lisis optimizada<\/h3>\n<p>Con una pureza de la materia prima de 99,8% y niveles de pureza del desoxicolato fijados en 98%, Lipo Lab es uno de los productos de disoluci\u00f3n de grasa m\u00e1s seguros y eficaces que existen en la actualidad. Ofrece una r\u00e1pida eliminaci\u00f3n de la grasa subcut\u00e1nea. Combate la obesidad de dos maneras principales: acelerando el metabolismo y derritiendo los tejidos grasos de una manera natural y saludable. Esta fant\u00e1stica soluci\u00f3n lipo PPC (Fosfatidil Colina) tambi\u00e9n puede aumentar la elasticidad de la piel y eliminar la celulitis. El tratamiento recomendado con este producto requiere un tratamiento de inyecci\u00f3n con un intervalo de 10 d\u00edas entre cada sesi\u00f3n.<\/p>\n<h3>Ventajas sobre otras alternativas de disoluci\u00f3n de la grasa<\/h3>\n<p>A diferencia de la liposucci\u00f3n, un tratamiento de fusi\u00f3n de grasa con Lipo Lab no es caro y no requiere tiempo de inactividad. Al mismo tiempo, tambi\u00e9n puede dirigirse a zonas problem\u00e1ticas espec\u00edficas. Adem\u00e1s, la aplicaci\u00f3n de este producto de primera categor\u00eda para resolver la grasa no incluye dolor ni molestias. Esto le da al producto lipo una ventaja sobre los productos de mesoterapia que suelen combinarse con anest\u00e9sicos locales. Adem\u00e1s, mientras que la mayor\u00eda de los otros inyectables s\u00f3lo consiguen reducir el tama\u00f1o de las c\u00e9lulas grasas, esta obra maestra las disuelve completamente. Esto significa que no hay peligro de un efecto yo-yo.<\/p>\n<h3>Sin efectos secundarios<\/h3>\n<ul>\n<li>Materias primas de gran pureza fabricadas en Alemania<\/li>\n<li>Desoxicolato de fabricaci\u00f3n japonesa con <span class=\"sc-AxheI gpDujc\"><span class=\"sc-AxheI gNPBkC\">pureza del 99<\/span><\/span>% y m\u00e1s<\/li>\n<li>Irradiado con rayos gamma<\/li>\n<li>Cumple las normas internacionales de calidad y sanidad<\/li>\n<li>Ayuda a <span class=\"sc-AxheI gpDujc\"><span class=\"sc-AxheI gNPBkC\">resolver la obesidad<\/span><\/span> de los pacientes (combinado con dieta y ejercicio)<\/li>\n<\/ul>","protected":false},"excerpt":{"rendered":"<p>Lipo Lab es un <span class=\"sc-AxheI gpDujc\"><span class=\"sc-AxheI gNPBkC\">seguro y eficaz<\/span><\/span> producto para la disoluci\u00f3n de la grasa fabricado con materias primas de alta calidad. Su principal ingrediente es un desoxicolato de sodio PPC extremadamente purificado que puede impulsar el metabolismo, disolver la grasa y aumentar los niveles de energ\u00eda del paciente. Este fiable disolvente de la grasa es una alternativa m\u00e1s asequible, f\u00e1cil y eficaz en t\u00e9rminos de tiempo que otras soluciones de control de peso, como la cirug\u00eda, que permite una <span class=\"sc-AxheI gpDujc\"><span class=\"sc-AxheI gNPBkC\">cuidado del cuerpo<\/span><\/span>.<\/p>","protected":false},"featured_media":959,"template":"","meta":[],"product_brand":[],"product_cat":[86,51],"product_tag":[],"class_list":{"0":"post-958","1":"product","2":"type-product","3":"status-publish","4":"has-post-thumbnail","6":"product_cat-fat-resolving","7":"product_cat-lipo-lab","8":"clearfix","10":"first","11":"outofstock","12":"taxable","13":"shipping-taxable","14":"purchasable","15":"product-type-simple"},"yoast_head":"<!-- This site is optimized with the Yoast SEO plugin v27.4 - https:\/\/yoast.com\/product\/yoast-seo-wordpress\/ -->\n<title>Lipo Lab PPC Solution - Skin Heal<\/title>\n<meta name=\"description\" content=\"Lipo Lab is a trusted fat resolving product that contains high-purity ingredients. It is a cost-efficient fat removal solution that comes with zero risks.\" \/>\n<meta name=\"robots\" content=\"index, follow, max-snippet:-1, max-image-preview:large, max-video-preview:-1\" \/>\n<link rel=\"canonical\" href=\"https:\/\/skin-heal.com\/es\/producto\/lipo-lab-ppc-solution\/\" \/>\n<meta property=\"og:locale\" content=\"es_MX\" \/>\n<meta property=\"og:type\" content=\"article\" \/>\n<meta property=\"og:title\" content=\"Lipo Lab PPC Solution - Skin Heal\" \/>\n<meta property=\"og:description\" content=\"Lipo Lab is a trusted fat resolving product that contains high-purity ingredients. It is a cost-efficient fat removal solution that comes with zero risks.\" \/>\n<meta property=\"og:url\" content=\"https:\/\/skin-heal.com\/es\/producto\/lipo-lab-ppc-solution\/\" \/>\n<meta property=\"og:site_name\" content=\"Skin Heal\" \/>\n<meta property=\"article:modified_time\" content=\"2025-05-07T21:51:12+00:00\" \/>\n<meta property=\"og:image\" content=\"https:\/\/cdn.skin-heal.com\/wp-content\/uploads\/2018\/12\/Lipo-Lab-PPC-Solution.jpg\" \/>\n\t<meta property=\"og:image:width\" content=\"600\" \/>\n\t<meta property=\"og:image:height\" content=\"600\" \/>\n\t<meta property=\"og:image:type\" content=\"image\/jpeg\" \/>\n<meta name=\"twitter:card\" content=\"summary_large_image\" \/>\n<meta name=\"twitter:label1\" content=\"Tiempo de lectura\" \/>\n\t<meta name=\"twitter:data1\" content=\"2 minutos\" \/>\n<script type=\"application\/ld+json\" class=\"yoast-schema-graph\">{\"@context\":\"https:\\\/\\\/schema.org\",\"@graph\":[{\"@type\":\"WebPage\",\"@id\":\"https:\\\/\\\/skin-heal.com\\\/product\\\/lipo-lab-ppc-solution\\\/\",\"url\":\"https:\\\/\\\/skin-heal.com\\\/product\\\/lipo-lab-ppc-solution\\\/\",\"name\":\"Lipo Lab PPC Solution - Skin Heal\",\"isPartOf\":{\"@id\":\"https:\\\/\\\/skin-heal.com\\\/#website\"},\"primaryImageOfPage\":{\"@id\":\"https:\\\/\\\/skin-heal.com\\\/product\\\/lipo-lab-ppc-solution\\\/#primaryimage\"},\"image\":{\"@id\":\"https:\\\/\\\/skin-heal.com\\\/product\\\/lipo-lab-ppc-solution\\\/#primaryimage\"},\"thumbnailUrl\":\"https:\\\/\\\/skin-heal.com\\\/wp-content\\\/uploads\\\/2018\\\/12\\\/Lipo-Lab-PPC-Solution.jpg\",\"datePublished\":\"2018-12-04T05:48:27+00:00\",\"dateModified\":\"2025-05-07T21:51:12+00:00\",\"description\":\"Lipo Lab is a trusted fat resolving product that contains high-purity ingredients. It is a cost-efficient fat removal solution that comes with zero risks.\",\"breadcrumb\":{\"@id\":\"https:\\\/\\\/skin-heal.com\\\/product\\\/lipo-lab-ppc-solution\\\/#breadcrumb\"},\"inLanguage\":\"es\",\"potentialAction\":[{\"@type\":\"ReadAction\",\"target\":[\"https:\\\/\\\/skin-heal.com\\\/product\\\/lipo-lab-ppc-solution\\\/\"]}]},{\"@type\":\"ImageObject\",\"inLanguage\":\"es\",\"@id\":\"https:\\\/\\\/skin-heal.com\\\/product\\\/lipo-lab-ppc-solution\\\/#primaryimage\",\"url\":\"https:\\\/\\\/skin-heal.com\\\/wp-content\\\/uploads\\\/2018\\\/12\\\/Lipo-Lab-PPC-Solution.jpg\",\"contentUrl\":\"https:\\\/\\\/skin-heal.com\\\/wp-content\\\/uploads\\\/2018\\\/12\\\/Lipo-Lab-PPC-Solution.jpg\",\"width\":600,\"height\":600,\"caption\":\"Lipo Lab PPC Solution\"},{\"@type\":\"BreadcrumbList\",\"@id\":\"https:\\\/\\\/skin-heal.com\\\/product\\\/lipo-lab-ppc-solution\\\/#breadcrumb\",\"itemListElement\":[{\"@type\":\"ListItem\",\"position\":1,\"name\":\"Home\",\"item\":\"https:\\\/\\\/skin-heal.com\\\/\"},{\"@type\":\"ListItem\",\"position\":2,\"name\":\"Store\",\"item\":\"https:\\\/\\\/skin-heal.com\\\/store\\\/\"},{\"@type\":\"ListItem\",\"position\":3,\"name\":\"Lipo Lab PPC Solution\"}]},{\"@type\":\"WebSite\",\"@id\":\"https:\\\/\\\/skin-heal.com\\\/#website\",\"url\":\"https:\\\/\\\/skin-heal.com\\\/\",\"name\":\"Skin Heal\",\"description\":\"Lowest Prices for Dermal Fillers\",\"potentialAction\":[{\"@type\":\"SearchAction\",\"target\":{\"@type\":\"EntryPoint\",\"urlTemplate\":\"https:\\\/\\\/skin-heal.com\\\/?s={search_term_string}\"},\"query-input\":{\"@type\":\"PropertyValueSpecification\",\"valueRequired\":true,\"valueName\":\"search_term_string\"}}],\"inLanguage\":\"es\"}]}<\/script>\n<!-- \/ Yoast SEO plugin. -->","yoast_head_json":{"title":"Lipo Lab PPC Solution - Piel sana","description":"Lipo Lab es un producto de confianza que contiene ingredientes de alta pureza. Es una soluci\u00f3n de eliminaci\u00f3n de grasa rentable que viene con cero riesgos.","robots":{"index":"index","follow":"follow","max-snippet":"max-snippet:-1","max-image-preview":"max-image-preview:large","max-video-preview":"max-video-preview:-1"},"canonical":"https:\/\/skin-heal.com\/es\/producto\/lipo-lab-ppc-solution\/","og_locale":"es_MX","og_type":"article","og_title":"Lipo Lab PPC Solution - Skin Heal","og_description":"Lipo Lab is a trusted fat resolving product that contains high-purity ingredients. It is a cost-efficient fat removal solution that comes with zero risks.","og_url":"https:\/\/skin-heal.com\/es\/producto\/lipo-lab-ppc-solution\/","og_site_name":"Skin Heal","article_modified_time":"2025-05-07T21:51:12+00:00","og_image":[{"width":600,"height":600,"url":"https:\/\/cdn.skin-heal.com\/wp-content\/uploads\/2018\/12\/Lipo-Lab-PPC-Solution.jpg","type":"image\/jpeg"}],"twitter_card":"summary_large_image","twitter_misc":{"Tiempo de lectura":"2 minutos"},"schema":{"@context":"https:\/\/schema.org","@graph":[{"@type":"WebPage","@id":"https:\/\/skin-heal.com\/product\/lipo-lab-ppc-solution\/","url":"https:\/\/skin-heal.com\/product\/lipo-lab-ppc-solution\/","name":"Lipo Lab PPC Solution - Piel sana","isPartOf":{"@id":"https:\/\/skin-heal.com\/#website"},"primaryImageOfPage":{"@id":"https:\/\/skin-heal.com\/product\/lipo-lab-ppc-solution\/#primaryimage"},"image":{"@id":"https:\/\/skin-heal.com\/product\/lipo-lab-ppc-solution\/#primaryimage"},"thumbnailUrl":"https:\/\/cdn.skin-heal.com\/wp-content\/uploads\/2018\/12\/Lipo-Lab-PPC-Solution.jpg","datePublished":"2018-12-04T05:48:27+00:00","dateModified":"2025-05-07T21:51:12+00:00","description":"Lipo Lab es un producto de confianza que contiene ingredientes de alta pureza. Es una soluci\u00f3n de eliminaci\u00f3n de grasa rentable que viene con cero riesgos.","breadcrumb":{"@id":"https:\/\/skin-heal.com\/product\/lipo-lab-ppc-solution\/#breadcrumb"},"inLanguage":"es","potentialAction":[{"@type":"ReadAction","target":["https:\/\/skin-heal.com\/product\/lipo-lab-ppc-solution\/"]}]},{"@type":"ImageObject","inLanguage":"es","@id":"https:\/\/skin-heal.com\/product\/lipo-lab-ppc-solution\/#primaryimage","url":"https:\/\/cdn.skin-heal.com\/wp-content\/uploads\/2018\/12\/Lipo-Lab-PPC-Solution.jpg","contentUrl":"https:\/\/cdn.skin-heal.com\/wp-content\/uploads\/2018\/12\/Lipo-Lab-PPC-Solution.jpg","width":600,"height":600,"caption":"Lipo Lab PPC Solution"},{"@type":"BreadcrumbList","@id":"https:\/\/skin-heal.com\/product\/lipo-lab-ppc-solution\/#breadcrumb","itemListElement":[{"@type":"ListItem","position":1,"name":"Home","item":"https:\/\/skin-heal.com\/"},{"@type":"ListItem","position":2,"name":"Store","item":"https:\/\/skin-heal.com\/store\/"},{"@type":"ListItem","position":3,"name":"Lipo Lab PPC Solution"}]},{"@type":"WebSite","@id":"https:\/\/skin-heal.com\/#website","url":"https:\/\/skin-heal.com\/","name":"Curaci\u00f3n de la piel","description":"Los precios m\u00e1s bajos para los rellenos d\u00e9rmicos","potentialAction":[{"@type":"SearchAction","target":{"@type":"EntryPoint","urlTemplate":"https:\/\/skin-heal.com\/?s={search_term_string}"},"query-input":{"@type":"PropertyValueSpecification","valueRequired":true,"valueName":"search_term_string"}}],"inLanguage":"es"}]}},"_links":{"self":[{"href":"https:\/\/skin-heal.com\/es\/wp-json\/wp\/v2\/product\/958","targetHints":{"allow":["GET"]}}],"collection":[{"href":"https:\/\/skin-heal.com\/es\/wp-json\/wp\/v2\/product"}],"about":[{"href":"https:\/\/skin-heal.com\/es\/wp-json\/wp\/v2\/types\/product"}],"wp:featuredmedia":[{"embeddable":true,"href":"https:\/\/skin-heal.com\/es\/wp-json\/wp\/v2\/media\/959"}],"wp:attachment":[{"href":"https:\/\/skin-heal.com\/es\/wp-json\/wp\/v2\/media?parent=958"}],"wp:term":[{"taxonomy":"product_brand","embeddable":true,"href":"https:\/\/skin-heal.com\/es\/wp-json\/wp\/v2\/product_brand?post=958"},{"taxonomy":"product_cat","embeddable":true,"href":"https:\/\/skin-heal.com\/es\/wp-json\/wp\/v2\/product_cat?post=958"},{"taxonomy":"product_tag","embeddable":true,"href":"https:\/\/skin-heal.com\/es\/wp-json\/wp\/v2\/product_tag?post=958"}],"curies":[{"name":"wp","href":"https:\/\/api.w.org\/{rel}","templated":true}]}}