{"id":965,"date":"2018-12-04T13:04:49","date_gmt":"2018-12-04T13:04:49","guid":{"rendered":"https:\/\/skin-heal.com\/?post_type=product&#038;p=965"},"modified":"2022-12-16T18:26:59","modified_gmt":"2022-12-16T16:26:59","slug":"dermaheal-hsr-5-x-10-vials","status":"publish","type":"product","link":"https:\/\/skin-heal.com\/es\/producto\/dermaheal-hsr-5-x-10-vials\/","title":{"rendered":"Dermaheal HSR (5 x 10 viales)"},"content":{"rendered":"<h3>Las propiedades hidratantes de Dermaheal HSR<\/h3>\n<p>La piel madura se caracteriza por unos niveles bajos de hidrataci\u00f3n y, como resultado, es menos el\u00e1stica y rellena. Dermaheal HSR ofrece un rejuvenecimiento eficaz de la piel al ayudar a la dermis a obtener un impulso de hidrataci\u00f3n de la forma m\u00e1s natural posible. El \u00c1cido Hialur\u00f3nico en su composici\u00f3n, una sustancia presente de forma natural en el organismo humano, rellena e hidrata las zonas tratadas con gran facilidad ya que puede aglutinar 1.000 veces m\u00e1s agua que su propio peso. Dado que la cantidad de AH en este producto de mesoterapia para la hidrataci\u00f3n de la piel es considerablemente mayor en comparaci\u00f3n con la que se encuentra en la composici\u00f3n de sus competidores, se puede decir que los resultados que ofrece Dermaheal HSR son tambi\u00e9n mejores y m\u00e1s duraderos. El m\u00e9todo especial de producci\u00f3n utilizado en el desarrollo de este producto incluye una mezcla de factores de alto crecimiento y p\u00e9ptidos biomim\u00e9ticos que inducen la producci\u00f3n de col\u00e1geno, elastina y otras prote\u00ednas importantes que tienen un efecto directo en la firmeza, resistencia y elasticidad de la piel.<\/p>\n<h3>Tratamiento del protocolo<\/h3>\n<ul>\n<li>1 sesi\u00f3n de inyecci\u00f3n a la semana<\/li>\n<li>1 vial por sesi\u00f3n de inyecci\u00f3n<\/li>\n<li>El tratamiento debe ser realizado por un profesional cualificado<\/li>\n<\/ul>","protected":false},"excerpt":{"rendered":"<p>Dermaheal HSR es una soluci\u00f3n de rejuvenecimiento cut\u00e1neo a base de hialur\u00f3nico, ideal para pacientes con una piel madura y seca. Es un potente producto de mesoterapia que hidrata las zonas tratadas, estimula la s\u00edntesis de macromol\u00e9culas extracelulares (como el col\u00e1geno y la el\u00e1stica) y que tiene un efecto rejuvenecedor en la piel. Tiene dos veces m\u00e1s HA en comparaci\u00f3n con la mayor\u00eda de los productos de mesoterapia, lo que lo convierte en una excelente soluci\u00f3n antienvejecimiento.<\/p>","protected":false},"featured_media":975,"template":"","meta":[],"product_brand":[],"product_cat":[82,53,80,144],"product_tag":[146],"class_list":{"0":"post-965","1":"product","2":"type-product","3":"status-publish","4":"has-post-thumbnail","6":"product_cat-caregen","7":"product_cat-dermaheal","8":"product_cat-mesotherapy","9":"product_cat-holiday-mega-sale","10":"product_tag-10off","11":"clearfix","13":"first","14":"instock","15":"sale","16":"taxable","17":"shipping-taxable","18":"purchasable","19":"product-type-simple"},"yoast_head":"<!-- This site is optimized with the Yoast SEO plugin v27.4 - https:\/\/yoast.com\/product\/yoast-seo-wordpress\/ -->\n<title>Dermaheal HSR (5 x 10 vials) - Skin Heal<\/title>\n<meta name=\"description\" content=\"Get Dermaheal HSR \u2013 a trusted skin rejuvenation mesotherapy product developed as an HA anti-aging solution that rehydrates mature and dry skin.\" \/>\n<meta name=\"robots\" content=\"index, follow, max-snippet:-1, max-image-preview:large, max-video-preview:-1\" \/>\n<link rel=\"canonical\" href=\"https:\/\/skin-heal.com\/es\/producto\/dermaheal-hsr-5-x-10-vials\/\" \/>\n<meta property=\"og:locale\" content=\"es_MX\" \/>\n<meta property=\"og:type\" content=\"article\" \/>\n<meta property=\"og:title\" content=\"Dermaheal HSR (5 x 10 vials) - Skin Heal\" \/>\n<meta property=\"og:description\" content=\"Get Dermaheal HSR \u2013 a trusted skin rejuvenation mesotherapy product developed as an HA anti-aging solution that rehydrates mature and dry skin.\" \/>\n<meta property=\"og:url\" content=\"https:\/\/skin-heal.com\/es\/producto\/dermaheal-hsr-5-x-10-vials\/\" \/>\n<meta property=\"og:site_name\" content=\"Skin Heal\" \/>\n<meta property=\"article:modified_time\" content=\"2022-12-16T16:26:59+00:00\" \/>\n<meta property=\"og:image\" content=\"https:\/\/cdn.skin-heal.com\/wp-content\/uploads\/2018\/12\/Dermaheal-HSR.jpg\" \/>\n\t<meta property=\"og:image:width\" content=\"500\" \/>\n\t<meta property=\"og:image:height\" content=\"500\" \/>\n\t<meta property=\"og:image:type\" content=\"image\/jpeg\" \/>\n<meta name=\"twitter:card\" content=\"summary_large_image\" \/>\n<meta name=\"twitter:label1\" content=\"Tiempo de lectura\" \/>\n\t<meta name=\"twitter:data1\" content=\"1 minuto\" \/>\n<script type=\"application\/ld+json\" class=\"yoast-schema-graph\">{\"@context\":\"https:\\\/\\\/schema.org\",\"@graph\":[{\"@type\":\"WebPage\",\"@id\":\"https:\\\/\\\/skin-heal.com\\\/product\\\/dermaheal-hsr-5-x-10-vials\\\/\",\"url\":\"https:\\\/\\\/skin-heal.com\\\/product\\\/dermaheal-hsr-5-x-10-vials\\\/\",\"name\":\"Dermaheal HSR (5 x 10 vials) - Skin Heal\",\"isPartOf\":{\"@id\":\"https:\\\/\\\/skin-heal.com\\\/#website\"},\"primaryImageOfPage\":{\"@id\":\"https:\\\/\\\/skin-heal.com\\\/product\\\/dermaheal-hsr-5-x-10-vials\\\/#primaryimage\"},\"image\":{\"@id\":\"https:\\\/\\\/skin-heal.com\\\/product\\\/dermaheal-hsr-5-x-10-vials\\\/#primaryimage\"},\"thumbnailUrl\":\"https:\\\/\\\/skin-heal.com\\\/wp-content\\\/uploads\\\/2018\\\/12\\\/Dermaheal-HSR.jpg\",\"datePublished\":\"2018-12-04T13:04:49+00:00\",\"dateModified\":\"2022-12-16T16:26:59+00:00\",\"description\":\"Get Dermaheal HSR \u2013 a trusted skin rejuvenation mesotherapy product developed as an HA anti-aging solution that rehydrates mature and dry skin.\",\"breadcrumb\":{\"@id\":\"https:\\\/\\\/skin-heal.com\\\/product\\\/dermaheal-hsr-5-x-10-vials\\\/#breadcrumb\"},\"inLanguage\":\"es\",\"potentialAction\":[{\"@type\":\"ReadAction\",\"target\":[\"https:\\\/\\\/skin-heal.com\\\/product\\\/dermaheal-hsr-5-x-10-vials\\\/\"]}]},{\"@type\":\"ImageObject\",\"inLanguage\":\"es\",\"@id\":\"https:\\\/\\\/skin-heal.com\\\/product\\\/dermaheal-hsr-5-x-10-vials\\\/#primaryimage\",\"url\":\"https:\\\/\\\/skin-heal.com\\\/wp-content\\\/uploads\\\/2018\\\/12\\\/Dermaheal-HSR.jpg\",\"contentUrl\":\"https:\\\/\\\/skin-heal.com\\\/wp-content\\\/uploads\\\/2018\\\/12\\\/Dermaheal-HSR.jpg\",\"width\":500,\"height\":500,\"caption\":\"Dermaheal HSR\"},{\"@type\":\"BreadcrumbList\",\"@id\":\"https:\\\/\\\/skin-heal.com\\\/product\\\/dermaheal-hsr-5-x-10-vials\\\/#breadcrumb\",\"itemListElement\":[{\"@type\":\"ListItem\",\"position\":1,\"name\":\"Home\",\"item\":\"https:\\\/\\\/skin-heal.com\\\/\"},{\"@type\":\"ListItem\",\"position\":2,\"name\":\"Store\",\"item\":\"https:\\\/\\\/skin-heal.com\\\/store\\\/\"},{\"@type\":\"ListItem\",\"position\":3,\"name\":\"Dermaheal HSR (5 x 10 vials)\"}]},{\"@type\":\"WebSite\",\"@id\":\"https:\\\/\\\/skin-heal.com\\\/#website\",\"url\":\"https:\\\/\\\/skin-heal.com\\\/\",\"name\":\"Skin Heal\",\"description\":\"Lowest Prices for Dermal Fillers\",\"potentialAction\":[{\"@type\":\"SearchAction\",\"target\":{\"@type\":\"EntryPoint\",\"urlTemplate\":\"https:\\\/\\\/skin-heal.com\\\/?s={search_term_string}\"},\"query-input\":{\"@type\":\"PropertyValueSpecification\",\"valueRequired\":true,\"valueName\":\"search_term_string\"}}],\"inLanguage\":\"es\"}]}<\/script>\n<!-- \/ Yoast SEO plugin. -->","yoast_head_json":{"title":"Dermaheal HSR (5 x 10 viales) - Skin Heal","description":"Obtenga Dermaheal HSR - un producto de mesoterapia para el rejuvenecimiento de la piel de confianza desarrollado como una soluci\u00f3n antienvejecimiento de HA que rehidrata la piel madura y seca.","robots":{"index":"index","follow":"follow","max-snippet":"max-snippet:-1","max-image-preview":"max-image-preview:large","max-video-preview":"max-video-preview:-1"},"canonical":"https:\/\/skin-heal.com\/es\/producto\/dermaheal-hsr-5-x-10-vials\/","og_locale":"es_MX","og_type":"article","og_title":"Dermaheal HSR (5 x 10 vials) - Skin Heal","og_description":"Get Dermaheal HSR \u2013 a trusted skin rejuvenation mesotherapy product developed as an HA anti-aging solution that rehydrates mature and dry skin.","og_url":"https:\/\/skin-heal.com\/es\/producto\/dermaheal-hsr-5-x-10-vials\/","og_site_name":"Skin Heal","article_modified_time":"2022-12-16T16:26:59+00:00","og_image":[{"width":500,"height":500,"url":"https:\/\/cdn.skin-heal.com\/wp-content\/uploads\/2018\/12\/Dermaheal-HSR.jpg","type":"image\/jpeg"}],"twitter_card":"summary_large_image","twitter_misc":{"Tiempo de lectura":"1 minuto"},"schema":{"@context":"https:\/\/schema.org","@graph":[{"@type":"WebPage","@id":"https:\/\/skin-heal.com\/product\/dermaheal-hsr-5-x-10-vials\/","url":"https:\/\/skin-heal.com\/product\/dermaheal-hsr-5-x-10-vials\/","name":"Dermaheal HSR (5 x 10 viales) - Skin Heal","isPartOf":{"@id":"https:\/\/skin-heal.com\/#website"},"primaryImageOfPage":{"@id":"https:\/\/skin-heal.com\/product\/dermaheal-hsr-5-x-10-vials\/#primaryimage"},"image":{"@id":"https:\/\/skin-heal.com\/product\/dermaheal-hsr-5-x-10-vials\/#primaryimage"},"thumbnailUrl":"https:\/\/cdn.skin-heal.com\/wp-content\/uploads\/2018\/12\/Dermaheal-HSR.jpg","datePublished":"2018-12-04T13:04:49+00:00","dateModified":"2022-12-16T16:26:59+00:00","description":"Obtenga Dermaheal HSR - un producto de mesoterapia para el rejuvenecimiento de la piel de confianza desarrollado como una soluci\u00f3n antienvejecimiento de HA que rehidrata la piel madura y seca.","breadcrumb":{"@id":"https:\/\/skin-heal.com\/product\/dermaheal-hsr-5-x-10-vials\/#breadcrumb"},"inLanguage":"es","potentialAction":[{"@type":"ReadAction","target":["https:\/\/skin-heal.com\/product\/dermaheal-hsr-5-x-10-vials\/"]}]},{"@type":"ImageObject","inLanguage":"es","@id":"https:\/\/skin-heal.com\/product\/dermaheal-hsr-5-x-10-vials\/#primaryimage","url":"https:\/\/cdn.skin-heal.com\/wp-content\/uploads\/2018\/12\/Dermaheal-HSR.jpg","contentUrl":"https:\/\/cdn.skin-heal.com\/wp-content\/uploads\/2018\/12\/Dermaheal-HSR.jpg","width":500,"height":500,"caption":"Dermaheal HSR"},{"@type":"BreadcrumbList","@id":"https:\/\/skin-heal.com\/product\/dermaheal-hsr-5-x-10-vials\/#breadcrumb","itemListElement":[{"@type":"ListItem","position":1,"name":"Home","item":"https:\/\/skin-heal.com\/"},{"@type":"ListItem","position":2,"name":"Store","item":"https:\/\/skin-heal.com\/store\/"},{"@type":"ListItem","position":3,"name":"Dermaheal HSR (5 x 10 vials)"}]},{"@type":"WebSite","@id":"https:\/\/skin-heal.com\/#website","url":"https:\/\/skin-heal.com\/","name":"Curaci\u00f3n de la piel","description":"Los precios m\u00e1s bajos para los rellenos d\u00e9rmicos","potentialAction":[{"@type":"SearchAction","target":{"@type":"EntryPoint","urlTemplate":"https:\/\/skin-heal.com\/?s={search_term_string}"},"query-input":{"@type":"PropertyValueSpecification","valueRequired":true,"valueName":"search_term_string"}}],"inLanguage":"es"}]}},"_links":{"self":[{"href":"https:\/\/skin-heal.com\/es\/wp-json\/wp\/v2\/product\/965","targetHints":{"allow":["GET"]}}],"collection":[{"href":"https:\/\/skin-heal.com\/es\/wp-json\/wp\/v2\/product"}],"about":[{"href":"https:\/\/skin-heal.com\/es\/wp-json\/wp\/v2\/types\/product"}],"wp:featuredmedia":[{"embeddable":true,"href":"https:\/\/skin-heal.com\/es\/wp-json\/wp\/v2\/media\/975"}],"wp:attachment":[{"href":"https:\/\/skin-heal.com\/es\/wp-json\/wp\/v2\/media?parent=965"}],"wp:term":[{"taxonomy":"product_brand","embeddable":true,"href":"https:\/\/skin-heal.com\/es\/wp-json\/wp\/v2\/product_brand?post=965"},{"taxonomy":"product_cat","embeddable":true,"href":"https:\/\/skin-heal.com\/es\/wp-json\/wp\/v2\/product_cat?post=965"},{"taxonomy":"product_tag","embeddable":true,"href":"https:\/\/skin-heal.com\/es\/wp-json\/wp\/v2\/product_tag?post=965"}],"curies":[{"name":"wp","href":"https:\/\/api.w.org\/{rel}","templated":true}]}}