{"id":970,"date":"2018-12-04T13:05:44","date_gmt":"2018-12-04T13:05:44","guid":{"rendered":"https:\/\/skin-heal.com\/?post_type=product&#038;p=970"},"modified":"2022-12-16T18:26:59","modified_gmt":"2022-12-16T16:26:59","slug":"dermaheal-sr-5-x-10-vials","status":"publish","type":"product","link":"https:\/\/skin-heal.com\/es\/producto\/dermaheal-sr-5-x-10-vials\/","title":{"rendered":"Dermaheal SR (5 x 10 viales)"},"content":{"rendered":"<h3>\u00bfQu\u00e9 hace Dermaheal SR?<\/h3>\n<ul>\n<li>Estimula la producci\u00f3n de col\u00e1geno y elastina que aumentan la elasticidad de la piel<\/li>\n<li>Reduce los poros<\/li>\n<li>Hace que la piel sea m\u00e1s firme y suave al reducir las l\u00edneas de expresi\u00f3n y las arrugas<\/li>\n<li>Proporciona a la piel envejecida un aspecto renovado y rejuvenecido<\/li>\n<li>Hidrata las zonas tratadas<\/li>\n<\/ul>\n<p>Los primeros resultados tras un tratamiento con este producto de mesoterapia de alta pureza suelen ser visibles despu\u00e9s de 5 sesiones. Se recomienda a los m\u00e9dicos que realicen una sesi\u00f3n cada semana y que utilicen s\u00f3lo una ampolla por sesi\u00f3n (1 ampolla = 5 ml). El procedimiento de inyecci\u00f3n suele durar una media hora y no tiene efectos secundarios graves o permanentes. El producto debe inyectarse en la capa media de la dermis. Dermaheal SR es un producto seguro y probado, pero no se recomienda su uso a pacientes hipersensibles o al\u00e9rgicos a alguno de sus ingredientes ni a mujeres embarazadas o en periodo de lactancia. Las personas que est\u00e9n luchando contra una infecci\u00f3n o una inflamaci\u00f3n alrededor de los puntos de inyecci\u00f3n seleccionados tampoco son candidatos adecuados para este tratamiento.<\/p>\n<p>Entre los ingredientes activos de Dermaheal SR se encuentran diferentes vitaminas, amino\u00e1cidos, agentes reductores, coenzimas, minerales y muchos otros potenciadores del rejuvenecimiento de la piel.<\/p>","protected":false},"excerpt":{"rendered":"<p>Dermaheal SR tiene una f\u00f3rmula de complejo de p\u00e9ptidos biomim\u00e9ticos adaptada que ofrece un r\u00e1pido rejuvenecimiento de la piel al potenciar la elasticidad, la firmeza, la suavidad y la hidrataci\u00f3n de los tejidos blandos tratados. Es un producto de mesoterapia antienvejecimiento de confianza que tambi\u00e9n puede corregir las l\u00edneas y arrugas superficiales del rostro y la zona del cuello. Adem\u00e1s de la piel envejecida, tambi\u00e9n puede tratar la piel con poros y acn\u00e9 con un gran porcentaje de \u00e9xito.<\/p>","protected":false},"featured_media":976,"template":"","meta":[],"product_brand":[],"product_cat":[82,53,80,144],"product_tag":[146],"class_list":{"0":"post-970","1":"product","2":"type-product","3":"status-publish","4":"has-post-thumbnail","6":"product_cat-caregen","7":"product_cat-dermaheal","8":"product_cat-mesotherapy","9":"product_cat-holiday-mega-sale","10":"product_tag-10off","11":"clearfix","13":"first","14":"instock","15":"sale","16":"taxable","17":"shipping-taxable","18":"purchasable","19":"product-type-simple"},"yoast_head":"<!-- This site is optimized with the Yoast SEO plugin v27.3 - https:\/\/yoast.com\/product\/yoast-seo-wordpress\/ -->\n<title>Dermaheal SR (5 x 10 vials) - Skin Heal<\/title>\n<meta name=\"description\" content=\"Dermaheal SR is a top-notch mesotherapy product that offers a speedy anti-aging treatment to various skin types. It also reduces shallow lines on the face.\" \/>\n<meta name=\"robots\" content=\"index, follow, max-snippet:-1, max-image-preview:large, max-video-preview:-1\" \/>\n<link rel=\"canonical\" href=\"https:\/\/skin-heal.com\/es\/producto\/dermaheal-sr-5-x-10-vials\/\" \/>\n<meta property=\"og:locale\" content=\"es_MX\" \/>\n<meta property=\"og:type\" content=\"article\" \/>\n<meta property=\"og:title\" content=\"Dermaheal SR (5 x 10 vials) - Skin Heal\" \/>\n<meta property=\"og:description\" content=\"Dermaheal SR is a top-notch mesotherapy product that offers a speedy anti-aging treatment to various skin types. It also reduces shallow lines on the face.\" \/>\n<meta property=\"og:url\" content=\"https:\/\/skin-heal.com\/es\/producto\/dermaheal-sr-5-x-10-vials\/\" \/>\n<meta property=\"og:site_name\" content=\"Skin Heal\" \/>\n<meta property=\"article:modified_time\" content=\"2022-12-16T16:26:59+00:00\" \/>\n<meta property=\"og:image\" content=\"https:\/\/cdn.skin-heal.com\/wp-content\/uploads\/2018\/12\/Dermaheal-SR.jpg\" \/>\n\t<meta property=\"og:image:width\" content=\"846\" \/>\n\t<meta property=\"og:image:height\" content=\"846\" \/>\n\t<meta property=\"og:image:type\" content=\"image\/jpeg\" \/>\n<meta name=\"twitter:card\" content=\"summary_large_image\" \/>\n<meta name=\"twitter:label1\" content=\"Tiempo de lectura\" \/>\n\t<meta name=\"twitter:data1\" content=\"1 minuto\" \/>\n<script type=\"application\/ld+json\" class=\"yoast-schema-graph\">{\"@context\":\"https:\\\/\\\/schema.org\",\"@graph\":[{\"@type\":\"WebPage\",\"@id\":\"https:\\\/\\\/skin-heal.com\\\/product\\\/dermaheal-sr-5-x-10-vials\\\/\",\"url\":\"https:\\\/\\\/skin-heal.com\\\/product\\\/dermaheal-sr-5-x-10-vials\\\/\",\"name\":\"Dermaheal SR (5 x 10 vials) - Skin Heal\",\"isPartOf\":{\"@id\":\"https:\\\/\\\/skin-heal.com\\\/#website\"},\"primaryImageOfPage\":{\"@id\":\"https:\\\/\\\/skin-heal.com\\\/product\\\/dermaheal-sr-5-x-10-vials\\\/#primaryimage\"},\"image\":{\"@id\":\"https:\\\/\\\/skin-heal.com\\\/product\\\/dermaheal-sr-5-x-10-vials\\\/#primaryimage\"},\"thumbnailUrl\":\"https:\\\/\\\/skin-heal.com\\\/wp-content\\\/uploads\\\/2018\\\/12\\\/Dermaheal-SR.jpg\",\"datePublished\":\"2018-12-04T13:05:44+00:00\",\"dateModified\":\"2022-12-16T16:26:59+00:00\",\"description\":\"Dermaheal SR is a top-notch mesotherapy product that offers a speedy anti-aging treatment to various skin types. It also reduces shallow lines on the face.\",\"breadcrumb\":{\"@id\":\"https:\\\/\\\/skin-heal.com\\\/product\\\/dermaheal-sr-5-x-10-vials\\\/#breadcrumb\"},\"inLanguage\":\"es\",\"potentialAction\":[{\"@type\":\"ReadAction\",\"target\":[\"https:\\\/\\\/skin-heal.com\\\/product\\\/dermaheal-sr-5-x-10-vials\\\/\"]}]},{\"@type\":\"ImageObject\",\"inLanguage\":\"es\",\"@id\":\"https:\\\/\\\/skin-heal.com\\\/product\\\/dermaheal-sr-5-x-10-vials\\\/#primaryimage\",\"url\":\"https:\\\/\\\/skin-heal.com\\\/wp-content\\\/uploads\\\/2018\\\/12\\\/Dermaheal-SR.jpg\",\"contentUrl\":\"https:\\\/\\\/skin-heal.com\\\/wp-content\\\/uploads\\\/2018\\\/12\\\/Dermaheal-SR.jpg\",\"width\":846,\"height\":846,\"caption\":\"Dermaheal SR\"},{\"@type\":\"BreadcrumbList\",\"@id\":\"https:\\\/\\\/skin-heal.com\\\/product\\\/dermaheal-sr-5-x-10-vials\\\/#breadcrumb\",\"itemListElement\":[{\"@type\":\"ListItem\",\"position\":1,\"name\":\"Home\",\"item\":\"https:\\\/\\\/skin-heal.com\\\/\"},{\"@type\":\"ListItem\",\"position\":2,\"name\":\"Store\",\"item\":\"https:\\\/\\\/skin-heal.com\\\/store\\\/\"},{\"@type\":\"ListItem\",\"position\":3,\"name\":\"Dermaheal SR (5 x 10 vials)\"}]},{\"@type\":\"WebSite\",\"@id\":\"https:\\\/\\\/skin-heal.com\\\/#website\",\"url\":\"https:\\\/\\\/skin-heal.com\\\/\",\"name\":\"Skin Heal\",\"description\":\"Lowest Prices for Dermal Fillers\",\"potentialAction\":[{\"@type\":\"SearchAction\",\"target\":{\"@type\":\"EntryPoint\",\"urlTemplate\":\"https:\\\/\\\/skin-heal.com\\\/?s={search_term_string}\"},\"query-input\":{\"@type\":\"PropertyValueSpecification\",\"valueRequired\":true,\"valueName\":\"search_term_string\"}}],\"inLanguage\":\"es\"}]}<\/script>\n<!-- \/ Yoast SEO plugin. -->","yoast_head_json":{"title":"Dermaheal SR (5 x 10 viales) - Skin Heal","description":"Dermaheal SR es un producto de mesoterapia de primera categor\u00eda que ofrece un tratamiento antienvejecimiento r\u00e1pido a diversos tipos de piel. Tambi\u00e9n reduce las l\u00edneas superficiales del rostro.","robots":{"index":"index","follow":"follow","max-snippet":"max-snippet:-1","max-image-preview":"max-image-preview:large","max-video-preview":"max-video-preview:-1"},"canonical":"https:\/\/skin-heal.com\/es\/producto\/dermaheal-sr-5-x-10-vials\/","og_locale":"es_MX","og_type":"article","og_title":"Dermaheal SR (5 x 10 vials) - Skin Heal","og_description":"Dermaheal SR is a top-notch mesotherapy product that offers a speedy anti-aging treatment to various skin types. It also reduces shallow lines on the face.","og_url":"https:\/\/skin-heal.com\/es\/producto\/dermaheal-sr-5-x-10-vials\/","og_site_name":"Skin Heal","article_modified_time":"2022-12-16T16:26:59+00:00","og_image":[{"width":846,"height":846,"url":"https:\/\/cdn.skin-heal.com\/wp-content\/uploads\/2018\/12\/Dermaheal-SR.jpg","type":"image\/jpeg"}],"twitter_card":"summary_large_image","twitter_misc":{"Tiempo de lectura":"1 minuto"},"schema":{"@context":"https:\/\/schema.org","@graph":[{"@type":"WebPage","@id":"https:\/\/skin-heal.com\/product\/dermaheal-sr-5-x-10-vials\/","url":"https:\/\/skin-heal.com\/product\/dermaheal-sr-5-x-10-vials\/","name":"Dermaheal SR (5 x 10 viales) - Skin Heal","isPartOf":{"@id":"https:\/\/skin-heal.com\/#website"},"primaryImageOfPage":{"@id":"https:\/\/skin-heal.com\/product\/dermaheal-sr-5-x-10-vials\/#primaryimage"},"image":{"@id":"https:\/\/skin-heal.com\/product\/dermaheal-sr-5-x-10-vials\/#primaryimage"},"thumbnailUrl":"https:\/\/cdn.skin-heal.com\/wp-content\/uploads\/2018\/12\/Dermaheal-SR.jpg","datePublished":"2018-12-04T13:05:44+00:00","dateModified":"2022-12-16T16:26:59+00:00","description":"Dermaheal SR es un producto de mesoterapia de primera categor\u00eda que ofrece un tratamiento antienvejecimiento r\u00e1pido a diversos tipos de piel. Tambi\u00e9n reduce las l\u00edneas superficiales del rostro.","breadcrumb":{"@id":"https:\/\/skin-heal.com\/product\/dermaheal-sr-5-x-10-vials\/#breadcrumb"},"inLanguage":"es","potentialAction":[{"@type":"ReadAction","target":["https:\/\/skin-heal.com\/product\/dermaheal-sr-5-x-10-vials\/"]}]},{"@type":"ImageObject","inLanguage":"es","@id":"https:\/\/skin-heal.com\/product\/dermaheal-sr-5-x-10-vials\/#primaryimage","url":"https:\/\/cdn.skin-heal.com\/wp-content\/uploads\/2018\/12\/Dermaheal-SR.jpg","contentUrl":"https:\/\/cdn.skin-heal.com\/wp-content\/uploads\/2018\/12\/Dermaheal-SR.jpg","width":846,"height":846,"caption":"Dermaheal SR"},{"@type":"BreadcrumbList","@id":"https:\/\/skin-heal.com\/product\/dermaheal-sr-5-x-10-vials\/#breadcrumb","itemListElement":[{"@type":"ListItem","position":1,"name":"Home","item":"https:\/\/skin-heal.com\/"},{"@type":"ListItem","position":2,"name":"Store","item":"https:\/\/skin-heal.com\/store\/"},{"@type":"ListItem","position":3,"name":"Dermaheal SR (5 x 10 vials)"}]},{"@type":"WebSite","@id":"https:\/\/skin-heal.com\/#website","url":"https:\/\/skin-heal.com\/","name":"Curaci\u00f3n de la piel","description":"Los precios m\u00e1s bajos para los rellenos d\u00e9rmicos","potentialAction":[{"@type":"SearchAction","target":{"@type":"EntryPoint","urlTemplate":"https:\/\/skin-heal.com\/?s={search_term_string}"},"query-input":{"@type":"PropertyValueSpecification","valueRequired":true,"valueName":"search_term_string"}}],"inLanguage":"es"}]}},"_links":{"self":[{"href":"https:\/\/skin-heal.com\/es\/wp-json\/wp\/v2\/product\/970","targetHints":{"allow":["GET"]}}],"collection":[{"href":"https:\/\/skin-heal.com\/es\/wp-json\/wp\/v2\/product"}],"about":[{"href":"https:\/\/skin-heal.com\/es\/wp-json\/wp\/v2\/types\/product"}],"wp:featuredmedia":[{"embeddable":true,"href":"https:\/\/skin-heal.com\/es\/wp-json\/wp\/v2\/media\/976"}],"wp:attachment":[{"href":"https:\/\/skin-heal.com\/es\/wp-json\/wp\/v2\/media?parent=970"}],"wp:term":[{"taxonomy":"product_brand","embeddable":true,"href":"https:\/\/skin-heal.com\/es\/wp-json\/wp\/v2\/product_brand?post=970"},{"taxonomy":"product_cat","embeddable":true,"href":"https:\/\/skin-heal.com\/es\/wp-json\/wp\/v2\/product_cat?post=970"},{"taxonomy":"product_tag","embeddable":true,"href":"https:\/\/skin-heal.com\/es\/wp-json\/wp\/v2\/product_tag?post=970"}],"curies":[{"name":"wp","href":"https:\/\/api.w.org\/{rel}","templated":true}]}}