{"id":971,"date":"2018-12-04T13:06:42","date_gmt":"2018-12-04T13:06:42","guid":{"rendered":"https:\/\/skin-heal.com\/?post_type=product&#038;p=971"},"modified":"2022-12-16T18:26:58","modified_gmt":"2022-12-16T16:26:58","slug":"dermaheal-hl-5-x-10-vials","status":"publish","type":"product","link":"https:\/\/skin-heal.com\/es\/producto\/dermaheal-hl-5-x-10-vials\/","title":{"rendered":"Dermaheal HL (5 x 10 viales)"},"content":{"rendered":"<h3>Pacientes que son buenos candidatos para un tratamiento Dermaheal HL<\/h3>\n<p>Como producto de mesoterapia para la recuperaci\u00f3n del cabello de gran pureza e incre\u00edblemente eficaz, esta soluci\u00f3n inyectable puede utilizarse en hombres y mujeres, ofreciendo resultados igualmente impresionantes. Algunas de sus acciones incluyen:<\/p>\n<ul>\n<li>Eliminaci\u00f3n de diversos problemas del cuero cabelludo<\/li>\n<li>Reducci\u00f3n de la ca\u00edda del cabello<\/li>\n<li>Estimular el crecimiento del cabello<\/li>\n<li>Aumentar la plenitud y el grosor del cabello<\/li>\n<li>Excelentes propiedades nutritivas para el cabello<\/li>\n<li>Hidrataci\u00f3n del cuero cabelludo<\/li>\n<li>Mejora de la circulaci\u00f3n sangu\u00ednea en la zona tratada<\/li>\n<\/ul>\n<p>Un tratamiento est\u00e1ndar con Dermaheal HL incluye una sesi\u00f3n de inyecciones a la semana. En cada sesi\u00f3n se utiliza un solo vial (5 ml de producto). Los primeros resultados pueden verse tan s\u00f3lo 6 semanas despu\u00e9s de la primera sesi\u00f3n de mesoterapia. Cabe se\u00f1alar que este producto puede ofrecer efectos satisfactorios a los pacientes que padecen una p\u00e9rdida de cabello gen\u00e9tica, inducida por el estr\u00e9s y de otro tipo, incluida la causada por la alopecia.<\/p>\n<h3>\u00bfEl tratamiento implica alg\u00fan tipo de dolor?<\/h3>\n<p>La aplicaci\u00f3n de Dermaheal HL implica el uso de un rodillo de microagujas y no causa ninguna molestia ni dolor. Normalmente, los pacientes pueden volver a su rutina diaria inmediatamente despu\u00e9s del procedimiento de inyecci\u00f3n. Los efectos secundarios son raros porque los 56 ingredientes activos que se encuentran en este producto son biocompatibles y estimulan el crecimiento del cabello de forma natural y gradual.<\/p>","protected":false},"excerpt":{"rendered":"<p>Dermaheal HL ofrece una soluci\u00f3n garantizada y no quir\u00fargica para la ca\u00edda del cabello, tanto para hombres como para mujeres. Este producto de mesoterapia antica\u00edda de primera calidad est\u00e1 fabricado por Caregen y cuenta con una combinaci\u00f3n de amino\u00e1cidos beneficiosos, vitaminas y un complejo de p\u00e9ptidos biomim\u00e9ticos que no s\u00f3lo evitan la ca\u00edda del cabello, sino que tambi\u00e9n estimulan su rebrote y mejoran y refuerzan la estructura de los fol\u00edculos pilosos.<\/p>","protected":false},"featured_media":977,"template":"","meta":[],"product_brand":[],"product_cat":[82,53,80,144],"product_tag":[146],"class_list":{"0":"post-971","1":"product","2":"type-product","3":"status-publish","4":"has-post-thumbnail","6":"product_cat-caregen","7":"product_cat-dermaheal","8":"product_cat-mesotherapy","9":"product_cat-holiday-mega-sale","10":"product_tag-10off","11":"clearfix","13":"first","14":"instock","15":"sale","16":"taxable","17":"shipping-taxable","18":"purchasable","19":"product-type-simple"},"yoast_head":"<!-- This site is optimized with the Yoast SEO plugin v27.3 - https:\/\/yoast.com\/product\/yoast-seo-wordpress\/ -->\n<title>Dermaheal HL (5 x 10 vials) - Skin Heal<\/title>\n<meta name=\"description\" content=\"Dermaheal HL is an effective anti-hair loss mesotherapy product. Its active ingredients stimulate hair growth, prevent hair loss and strengthen follicles.\" \/>\n<meta name=\"robots\" content=\"index, follow, max-snippet:-1, max-image-preview:large, max-video-preview:-1\" \/>\n<link rel=\"canonical\" href=\"https:\/\/skin-heal.com\/es\/producto\/dermaheal-hl-5-x-10-vials\/\" \/>\n<meta property=\"og:locale\" content=\"es_MX\" \/>\n<meta property=\"og:type\" content=\"article\" \/>\n<meta property=\"og:title\" content=\"Dermaheal HL (5 x 10 vials) - Skin Heal\" \/>\n<meta property=\"og:description\" content=\"Dermaheal HL is an effective anti-hair loss mesotherapy product. Its active ingredients stimulate hair growth, prevent hair loss and strengthen follicles.\" \/>\n<meta property=\"og:url\" content=\"https:\/\/skin-heal.com\/es\/producto\/dermaheal-hl-5-x-10-vials\/\" \/>\n<meta property=\"og:site_name\" content=\"Skin Heal\" \/>\n<meta property=\"article:modified_time\" content=\"2022-12-16T16:26:58+00:00\" \/>\n<meta property=\"og:image\" content=\"https:\/\/cdn.skin-heal.com\/wp-content\/uploads\/2018\/12\/Dermaheal-HL.jpg\" \/>\n\t<meta property=\"og:image:width\" content=\"500\" \/>\n\t<meta property=\"og:image:height\" content=\"500\" \/>\n\t<meta property=\"og:image:type\" content=\"image\/jpeg\" \/>\n<meta name=\"twitter:card\" content=\"summary_large_image\" \/>\n<meta name=\"twitter:label1\" content=\"Tiempo de lectura\" \/>\n\t<meta name=\"twitter:data1\" content=\"1 minuto\" \/>\n<script type=\"application\/ld+json\" class=\"yoast-schema-graph\">{\"@context\":\"https:\\\/\\\/schema.org\",\"@graph\":[{\"@type\":\"WebPage\",\"@id\":\"https:\\\/\\\/skin-heal.com\\\/product\\\/dermaheal-hl-5-x-10-vials\\\/\",\"url\":\"https:\\\/\\\/skin-heal.com\\\/product\\\/dermaheal-hl-5-x-10-vials\\\/\",\"name\":\"Dermaheal HL (5 x 10 vials) - Skin Heal\",\"isPartOf\":{\"@id\":\"https:\\\/\\\/skin-heal.com\\\/#website\"},\"primaryImageOfPage\":{\"@id\":\"https:\\\/\\\/skin-heal.com\\\/product\\\/dermaheal-hl-5-x-10-vials\\\/#primaryimage\"},\"image\":{\"@id\":\"https:\\\/\\\/skin-heal.com\\\/product\\\/dermaheal-hl-5-x-10-vials\\\/#primaryimage\"},\"thumbnailUrl\":\"https:\\\/\\\/skin-heal.com\\\/wp-content\\\/uploads\\\/2018\\\/12\\\/Dermaheal-HL.jpg\",\"datePublished\":\"2018-12-04T13:06:42+00:00\",\"dateModified\":\"2022-12-16T16:26:58+00:00\",\"description\":\"Dermaheal HL is an effective anti-hair loss mesotherapy product. Its active ingredients stimulate hair growth, prevent hair loss and strengthen follicles.\",\"breadcrumb\":{\"@id\":\"https:\\\/\\\/skin-heal.com\\\/product\\\/dermaheal-hl-5-x-10-vials\\\/#breadcrumb\"},\"inLanguage\":\"es\",\"potentialAction\":[{\"@type\":\"ReadAction\",\"target\":[\"https:\\\/\\\/skin-heal.com\\\/product\\\/dermaheal-hl-5-x-10-vials\\\/\"]}]},{\"@type\":\"ImageObject\",\"inLanguage\":\"es\",\"@id\":\"https:\\\/\\\/skin-heal.com\\\/product\\\/dermaheal-hl-5-x-10-vials\\\/#primaryimage\",\"url\":\"https:\\\/\\\/skin-heal.com\\\/wp-content\\\/uploads\\\/2018\\\/12\\\/Dermaheal-HL.jpg\",\"contentUrl\":\"https:\\\/\\\/skin-heal.com\\\/wp-content\\\/uploads\\\/2018\\\/12\\\/Dermaheal-HL.jpg\",\"width\":500,\"height\":500,\"caption\":\"Dermaheal HL\"},{\"@type\":\"BreadcrumbList\",\"@id\":\"https:\\\/\\\/skin-heal.com\\\/product\\\/dermaheal-hl-5-x-10-vials\\\/#breadcrumb\",\"itemListElement\":[{\"@type\":\"ListItem\",\"position\":1,\"name\":\"Home\",\"item\":\"https:\\\/\\\/skin-heal.com\\\/\"},{\"@type\":\"ListItem\",\"position\":2,\"name\":\"Store\",\"item\":\"https:\\\/\\\/skin-heal.com\\\/store\\\/\"},{\"@type\":\"ListItem\",\"position\":3,\"name\":\"Dermaheal HL (5 x 10 vials)\"}]},{\"@type\":\"WebSite\",\"@id\":\"https:\\\/\\\/skin-heal.com\\\/#website\",\"url\":\"https:\\\/\\\/skin-heal.com\\\/\",\"name\":\"Skin Heal\",\"description\":\"Lowest Prices for Dermal Fillers\",\"potentialAction\":[{\"@type\":\"SearchAction\",\"target\":{\"@type\":\"EntryPoint\",\"urlTemplate\":\"https:\\\/\\\/skin-heal.com\\\/?s={search_term_string}\"},\"query-input\":{\"@type\":\"PropertyValueSpecification\",\"valueRequired\":true,\"valueName\":\"search_term_string\"}}],\"inLanguage\":\"es\"}]}<\/script>\n<!-- \/ Yoast SEO plugin. -->","yoast_head_json":{"title":"Dermaheal HL (5 x 10 viales) - Skin Heal","description":"Dermaheal HL es un eficaz producto de mesoterapia antica\u00edda. Sus principios activos estimulan el crecimiento del cabello, evitan su ca\u00edda y fortalecen los fol\u00edculos.","robots":{"index":"index","follow":"follow","max-snippet":"max-snippet:-1","max-image-preview":"max-image-preview:large","max-video-preview":"max-video-preview:-1"},"canonical":"https:\/\/skin-heal.com\/es\/producto\/dermaheal-hl-5-x-10-vials\/","og_locale":"es_MX","og_type":"article","og_title":"Dermaheal HL (5 x 10 vials) - Skin Heal","og_description":"Dermaheal HL is an effective anti-hair loss mesotherapy product. Its active ingredients stimulate hair growth, prevent hair loss and strengthen follicles.","og_url":"https:\/\/skin-heal.com\/es\/producto\/dermaheal-hl-5-x-10-vials\/","og_site_name":"Skin Heal","article_modified_time":"2022-12-16T16:26:58+00:00","og_image":[{"width":500,"height":500,"url":"https:\/\/cdn.skin-heal.com\/wp-content\/uploads\/2018\/12\/Dermaheal-HL.jpg","type":"image\/jpeg"}],"twitter_card":"summary_large_image","twitter_misc":{"Tiempo de lectura":"1 minuto"},"schema":{"@context":"https:\/\/schema.org","@graph":[{"@type":"WebPage","@id":"https:\/\/skin-heal.com\/product\/dermaheal-hl-5-x-10-vials\/","url":"https:\/\/skin-heal.com\/product\/dermaheal-hl-5-x-10-vials\/","name":"Dermaheal HL (5 x 10 viales) - Skin Heal","isPartOf":{"@id":"https:\/\/skin-heal.com\/#website"},"primaryImageOfPage":{"@id":"https:\/\/skin-heal.com\/product\/dermaheal-hl-5-x-10-vials\/#primaryimage"},"image":{"@id":"https:\/\/skin-heal.com\/product\/dermaheal-hl-5-x-10-vials\/#primaryimage"},"thumbnailUrl":"https:\/\/cdn.skin-heal.com\/wp-content\/uploads\/2018\/12\/Dermaheal-HL.jpg","datePublished":"2018-12-04T13:06:42+00:00","dateModified":"2022-12-16T16:26:58+00:00","description":"Dermaheal HL es un eficaz producto de mesoterapia antica\u00edda. Sus principios activos estimulan el crecimiento del cabello, evitan su ca\u00edda y fortalecen los fol\u00edculos.","breadcrumb":{"@id":"https:\/\/skin-heal.com\/product\/dermaheal-hl-5-x-10-vials\/#breadcrumb"},"inLanguage":"es","potentialAction":[{"@type":"ReadAction","target":["https:\/\/skin-heal.com\/product\/dermaheal-hl-5-x-10-vials\/"]}]},{"@type":"ImageObject","inLanguage":"es","@id":"https:\/\/skin-heal.com\/product\/dermaheal-hl-5-x-10-vials\/#primaryimage","url":"https:\/\/cdn.skin-heal.com\/wp-content\/uploads\/2018\/12\/Dermaheal-HL.jpg","contentUrl":"https:\/\/cdn.skin-heal.com\/wp-content\/uploads\/2018\/12\/Dermaheal-HL.jpg","width":500,"height":500,"caption":"Dermaheal HL"},{"@type":"BreadcrumbList","@id":"https:\/\/skin-heal.com\/product\/dermaheal-hl-5-x-10-vials\/#breadcrumb","itemListElement":[{"@type":"ListItem","position":1,"name":"Home","item":"https:\/\/skin-heal.com\/"},{"@type":"ListItem","position":2,"name":"Store","item":"https:\/\/skin-heal.com\/store\/"},{"@type":"ListItem","position":3,"name":"Dermaheal HL (5 x 10 vials)"}]},{"@type":"WebSite","@id":"https:\/\/skin-heal.com\/#website","url":"https:\/\/skin-heal.com\/","name":"Curaci\u00f3n de la piel","description":"Los precios m\u00e1s bajos para los rellenos d\u00e9rmicos","potentialAction":[{"@type":"SearchAction","target":{"@type":"EntryPoint","urlTemplate":"https:\/\/skin-heal.com\/?s={search_term_string}"},"query-input":{"@type":"PropertyValueSpecification","valueRequired":true,"valueName":"search_term_string"}}],"inLanguage":"es"}]}},"_links":{"self":[{"href":"https:\/\/skin-heal.com\/es\/wp-json\/wp\/v2\/product\/971","targetHints":{"allow":["GET"]}}],"collection":[{"href":"https:\/\/skin-heal.com\/es\/wp-json\/wp\/v2\/product"}],"about":[{"href":"https:\/\/skin-heal.com\/es\/wp-json\/wp\/v2\/types\/product"}],"wp:featuredmedia":[{"embeddable":true,"href":"https:\/\/skin-heal.com\/es\/wp-json\/wp\/v2\/media\/977"}],"wp:attachment":[{"href":"https:\/\/skin-heal.com\/es\/wp-json\/wp\/v2\/media?parent=971"}],"wp:term":[{"taxonomy":"product_brand","embeddable":true,"href":"https:\/\/skin-heal.com\/es\/wp-json\/wp\/v2\/product_brand?post=971"},{"taxonomy":"product_cat","embeddable":true,"href":"https:\/\/skin-heal.com\/es\/wp-json\/wp\/v2\/product_cat?post=971"},{"taxonomy":"product_tag","embeddable":true,"href":"https:\/\/skin-heal.com\/es\/wp-json\/wp\/v2\/product_tag?post=971"}],"curies":[{"name":"wp","href":"https:\/\/api.w.org\/{rel}","templated":true}]}}