{"id":972,"date":"2018-12-04T13:08:23","date_gmt":"2018-12-04T13:08:23","guid":{"rendered":"https:\/\/skin-heal.com\/?post_type=product&#038;p=972"},"modified":"2022-12-16T18:26:57","modified_gmt":"2022-12-16T16:26:57","slug":"dermaheal-ll-5-x-10-vials","status":"publish","type":"product","link":"https:\/\/skin-heal.com\/es\/producto\/dermaheal-ll-5-x-10-vials\/","title":{"rendered":"Dermaheal LL (5 x 10 viales)"},"content":{"rendered":"<h3>Ingredientes activos de Dermaheal LL<\/h3>\n<ul>\n<li>Una combinaci\u00f3n de factores de crecimiento<\/li>\n<li>Un complejo de p\u00e9ptidos biomim\u00e9ticos<\/li>\n<li>Carnitina<\/li>\n<li>Decapeptide-4<\/li>\n<li>sh-Oligopeptide-2<\/li>\n<\/ul>\n<p>El modus operandi de Dermaheal LL es bastante sencillo. Disuelve la grasa y disminuye el grosor de la piel all\u00ed donde es necesario. Al estar dise\u00f1ado para ser inyectado en el tejido adiposo, el producto tambi\u00e9n proporciona un efecto lifting al reducir la grasa en esta parte espec\u00edfica de la piel. Dermaheal LL puede aplicarse mediante inyecci\u00f3n en muchas regiones de la cara y el cuerpo, entre ellas:<\/p>\n<ul>\n<li>Zona del abdomen<\/li>\n<li>Cuello, barbilla y mejillas<\/li>\n<li>Manos y hombros<\/li>\n<li>Caderas, mallas y rodillas<\/li>\n<li>La espalda<\/li>\n<\/ul>\n<h3>Un tratamiento sin dolor con resultados retenidos<\/h3>\n<p>Dermaheal LL no est\u00e1 pensado para ser inyectado a gran profundidad en la piel, por lo que ofrece una mesoterapia de resoluci\u00f3n de la grasa indolora que no produce ninguna molestia y ni siquiera requiere el uso de anest\u00e9sicos. Los primeros resultados pueden verse en el plazo de un mes aproximadamente, ya que, para conseguir efectos duraderos y eliminar el factor yo-yo, se adopta un enfoque gradual y uniforme para quemar la grasa.<\/p>\n<p>Adem\u00e1s, esta soluci\u00f3n lipol\u00edtica de nueva generaci\u00f3n de la l\u00ednea Dermaheal, tambi\u00e9n estimula la piel para que produzca m\u00e1s col\u00e1geno, dando a las zonas tratadas un aspecto m\u00e1s joven y terso.<\/p>","protected":false},"excerpt":{"rendered":"<p>Sin riesgo de efecto yo-yo, sin dolor, sin remordimientos - esto es lo que se puede esperar de un tratamiento de eliminaci\u00f3n de grasa con Dermaheal LL. Este producto de mesoterapia para la eliminaci\u00f3n de la grasa de larga duraci\u00f3n puede destruir las c\u00e9lulas grasas en varias zonas de la cara y el cuerpo. Los efectos se notan despu\u00e9s de 4 semanas de tratamiento porque una de sus acciones es impulsar la producci\u00f3n de col\u00e1geno. Esto hace que el producto Dermaheal sea m\u00e1s eficaz que otras soluciones lipol\u00edticas.<\/p>","protected":false},"featured_media":978,"template":"","meta":[],"product_brand":[],"product_cat":[82,53,86,80,144],"product_tag":[146],"class_list":{"0":"post-972","1":"product","2":"type-product","3":"status-publish","4":"has-post-thumbnail","6":"product_cat-caregen","7":"product_cat-dermaheal","8":"product_cat-fat-resolving","9":"product_cat-mesotherapy","10":"product_cat-holiday-mega-sale","11":"product_tag-10off","12":"clearfix","14":"first","15":"instock","16":"sale","17":"taxable","18":"shipping-taxable","19":"purchasable","20":"product-type-simple"},"yoast_head":"<!-- This site is optimized with the Yoast SEO plugin v27.3 - https:\/\/yoast.com\/product\/yoast-seo-wordpress\/ -->\n<title>Dermaheal LL (5 x 10 vials) Lipolysis Solution For Fat Removal - Skin Heal<\/title>\n<meta name=\"description\" content=\"Dermaheal LL dissolves fat cells in the adipose tissue of the body and face. With this advanced lipolytic mesotherapy product, results are always durable.\" \/>\n<meta name=\"robots\" content=\"index, follow, max-snippet:-1, max-image-preview:large, max-video-preview:-1\" \/>\n<link rel=\"canonical\" href=\"https:\/\/skin-heal.com\/es\/producto\/dermaheal-ll-5-x-10-vials\/\" \/>\n<meta property=\"og:locale\" content=\"es_MX\" \/>\n<meta property=\"og:type\" content=\"article\" \/>\n<meta property=\"og:title\" content=\"Dermaheal LL (5 x 10 vials) Lipolysis Solution For Fat Removal - Skin Heal\" \/>\n<meta property=\"og:description\" content=\"Dermaheal LL dissolves fat cells in the adipose tissue of the body and face. With this advanced lipolytic mesotherapy product, results are always durable.\" \/>\n<meta property=\"og:url\" content=\"https:\/\/skin-heal.com\/es\/producto\/dermaheal-ll-5-x-10-vials\/\" \/>\n<meta property=\"og:site_name\" content=\"Skin Heal\" \/>\n<meta property=\"article:modified_time\" content=\"2022-12-16T16:26:57+00:00\" \/>\n<meta property=\"og:image\" content=\"https:\/\/cdn.skin-heal.com\/wp-content\/uploads\/2018\/12\/Dermaheal-LL.jpg\" \/>\n\t<meta property=\"og:image:width\" content=\"500\" \/>\n\t<meta property=\"og:image:height\" content=\"500\" \/>\n\t<meta property=\"og:image:type\" content=\"image\/jpeg\" \/>\n<meta name=\"twitter:card\" content=\"summary_large_image\" \/>\n<meta name=\"twitter:label1\" content=\"Tiempo de lectura\" \/>\n\t<meta name=\"twitter:data1\" content=\"1 minuto\" \/>\n<script type=\"application\/ld+json\" class=\"yoast-schema-graph\">{\"@context\":\"https:\\\/\\\/schema.org\",\"@graph\":[{\"@type\":\"WebPage\",\"@id\":\"https:\\\/\\\/skin-heal.com\\\/product\\\/dermaheal-ll-5-x-10-vials\\\/\",\"url\":\"https:\\\/\\\/skin-heal.com\\\/product\\\/dermaheal-ll-5-x-10-vials\\\/\",\"name\":\"Dermaheal LL (5 x 10 vials) Lipolysis Solution For Fat Removal - Skin Heal\",\"isPartOf\":{\"@id\":\"https:\\\/\\\/skin-heal.com\\\/#website\"},\"primaryImageOfPage\":{\"@id\":\"https:\\\/\\\/skin-heal.com\\\/product\\\/dermaheal-ll-5-x-10-vials\\\/#primaryimage\"},\"image\":{\"@id\":\"https:\\\/\\\/skin-heal.com\\\/product\\\/dermaheal-ll-5-x-10-vials\\\/#primaryimage\"},\"thumbnailUrl\":\"https:\\\/\\\/skin-heal.com\\\/wp-content\\\/uploads\\\/2018\\\/12\\\/Dermaheal-LL.jpg\",\"datePublished\":\"2018-12-04T13:08:23+00:00\",\"dateModified\":\"2022-12-16T16:26:57+00:00\",\"description\":\"Dermaheal LL dissolves fat cells in the adipose tissue of the body and face. With this advanced lipolytic mesotherapy product, results are always durable.\",\"breadcrumb\":{\"@id\":\"https:\\\/\\\/skin-heal.com\\\/product\\\/dermaheal-ll-5-x-10-vials\\\/#breadcrumb\"},\"inLanguage\":\"es\",\"potentialAction\":[{\"@type\":\"ReadAction\",\"target\":[\"https:\\\/\\\/skin-heal.com\\\/product\\\/dermaheal-ll-5-x-10-vials\\\/\"]}]},{\"@type\":\"ImageObject\",\"inLanguage\":\"es\",\"@id\":\"https:\\\/\\\/skin-heal.com\\\/product\\\/dermaheal-ll-5-x-10-vials\\\/#primaryimage\",\"url\":\"https:\\\/\\\/skin-heal.com\\\/wp-content\\\/uploads\\\/2018\\\/12\\\/Dermaheal-LL.jpg\",\"contentUrl\":\"https:\\\/\\\/skin-heal.com\\\/wp-content\\\/uploads\\\/2018\\\/12\\\/Dermaheal-LL.jpg\",\"width\":500,\"height\":500,\"caption\":\"Dermaheal LL\"},{\"@type\":\"BreadcrumbList\",\"@id\":\"https:\\\/\\\/skin-heal.com\\\/product\\\/dermaheal-ll-5-x-10-vials\\\/#breadcrumb\",\"itemListElement\":[{\"@type\":\"ListItem\",\"position\":1,\"name\":\"Home\",\"item\":\"https:\\\/\\\/skin-heal.com\\\/\"},{\"@type\":\"ListItem\",\"position\":2,\"name\":\"Store\",\"item\":\"https:\\\/\\\/skin-heal.com\\\/store\\\/\"},{\"@type\":\"ListItem\",\"position\":3,\"name\":\"Dermaheal LL (5 x 10 vials)\"}]},{\"@type\":\"WebSite\",\"@id\":\"https:\\\/\\\/skin-heal.com\\\/#website\",\"url\":\"https:\\\/\\\/skin-heal.com\\\/\",\"name\":\"Skin Heal\",\"description\":\"Lowest Prices for Dermal Fillers\",\"potentialAction\":[{\"@type\":\"SearchAction\",\"target\":{\"@type\":\"EntryPoint\",\"urlTemplate\":\"https:\\\/\\\/skin-heal.com\\\/?s={search_term_string}\"},\"query-input\":{\"@type\":\"PropertyValueSpecification\",\"valueRequired\":true,\"valueName\":\"search_term_string\"}}],\"inLanguage\":\"es\"}]}<\/script>\n<!-- \/ Yoast SEO plugin. -->","yoast_head_json":{"title":"Dermaheal LL (5 x 10 viales) Soluci\u00f3n de lip\u00f3lisis para la eliminaci\u00f3n de grasa - Skin Heal","description":"Dermaheal LL disuelve las c\u00e9lulas grasas del tejido adiposo del cuerpo y del rostro. Con este avanzado producto de mesoterapia lipol\u00edtica, los resultados son siempre duraderos.","robots":{"index":"index","follow":"follow","max-snippet":"max-snippet:-1","max-image-preview":"max-image-preview:large","max-video-preview":"max-video-preview:-1"},"canonical":"https:\/\/skin-heal.com\/es\/producto\/dermaheal-ll-5-x-10-vials\/","og_locale":"es_MX","og_type":"article","og_title":"Dermaheal LL (5 x 10 vials) Lipolysis Solution For Fat Removal - Skin Heal","og_description":"Dermaheal LL dissolves fat cells in the adipose tissue of the body and face. With this advanced lipolytic mesotherapy product, results are always durable.","og_url":"https:\/\/skin-heal.com\/es\/producto\/dermaheal-ll-5-x-10-vials\/","og_site_name":"Skin Heal","article_modified_time":"2022-12-16T16:26:57+00:00","og_image":[{"width":500,"height":500,"url":"https:\/\/cdn.skin-heal.com\/wp-content\/uploads\/2018\/12\/Dermaheal-LL.jpg","type":"image\/jpeg"}],"twitter_card":"summary_large_image","twitter_misc":{"Tiempo de lectura":"1 minuto"},"schema":{"@context":"https:\/\/schema.org","@graph":[{"@type":"WebPage","@id":"https:\/\/skin-heal.com\/product\/dermaheal-ll-5-x-10-vials\/","url":"https:\/\/skin-heal.com\/product\/dermaheal-ll-5-x-10-vials\/","name":"Dermaheal LL (5 x 10 viales) Soluci\u00f3n de lip\u00f3lisis para la eliminaci\u00f3n de grasa - Skin Heal","isPartOf":{"@id":"https:\/\/skin-heal.com\/#website"},"primaryImageOfPage":{"@id":"https:\/\/skin-heal.com\/product\/dermaheal-ll-5-x-10-vials\/#primaryimage"},"image":{"@id":"https:\/\/skin-heal.com\/product\/dermaheal-ll-5-x-10-vials\/#primaryimage"},"thumbnailUrl":"https:\/\/cdn.skin-heal.com\/wp-content\/uploads\/2018\/12\/Dermaheal-LL.jpg","datePublished":"2018-12-04T13:08:23+00:00","dateModified":"2022-12-16T16:26:57+00:00","description":"Dermaheal LL disuelve las c\u00e9lulas grasas del tejido adiposo del cuerpo y del rostro. Con este avanzado producto de mesoterapia lipol\u00edtica, los resultados son siempre duraderos.","breadcrumb":{"@id":"https:\/\/skin-heal.com\/product\/dermaheal-ll-5-x-10-vials\/#breadcrumb"},"inLanguage":"es","potentialAction":[{"@type":"ReadAction","target":["https:\/\/skin-heal.com\/product\/dermaheal-ll-5-x-10-vials\/"]}]},{"@type":"ImageObject","inLanguage":"es","@id":"https:\/\/skin-heal.com\/product\/dermaheal-ll-5-x-10-vials\/#primaryimage","url":"https:\/\/cdn.skin-heal.com\/wp-content\/uploads\/2018\/12\/Dermaheal-LL.jpg","contentUrl":"https:\/\/cdn.skin-heal.com\/wp-content\/uploads\/2018\/12\/Dermaheal-LL.jpg","width":500,"height":500,"caption":"Dermaheal LL"},{"@type":"BreadcrumbList","@id":"https:\/\/skin-heal.com\/product\/dermaheal-ll-5-x-10-vials\/#breadcrumb","itemListElement":[{"@type":"ListItem","position":1,"name":"Home","item":"https:\/\/skin-heal.com\/"},{"@type":"ListItem","position":2,"name":"Store","item":"https:\/\/skin-heal.com\/store\/"},{"@type":"ListItem","position":3,"name":"Dermaheal LL (5 x 10 vials)"}]},{"@type":"WebSite","@id":"https:\/\/skin-heal.com\/#website","url":"https:\/\/skin-heal.com\/","name":"Curaci\u00f3n de la piel","description":"Los precios m\u00e1s bajos para los rellenos d\u00e9rmicos","potentialAction":[{"@type":"SearchAction","target":{"@type":"EntryPoint","urlTemplate":"https:\/\/skin-heal.com\/?s={search_term_string}"},"query-input":{"@type":"PropertyValueSpecification","valueRequired":true,"valueName":"search_term_string"}}],"inLanguage":"es"}]}},"_links":{"self":[{"href":"https:\/\/skin-heal.com\/es\/wp-json\/wp\/v2\/product\/972","targetHints":{"allow":["GET"]}}],"collection":[{"href":"https:\/\/skin-heal.com\/es\/wp-json\/wp\/v2\/product"}],"about":[{"href":"https:\/\/skin-heal.com\/es\/wp-json\/wp\/v2\/types\/product"}],"wp:featuredmedia":[{"embeddable":true,"href":"https:\/\/skin-heal.com\/es\/wp-json\/wp\/v2\/media\/978"}],"wp:attachment":[{"href":"https:\/\/skin-heal.com\/es\/wp-json\/wp\/v2\/media?parent=972"}],"wp:term":[{"taxonomy":"product_brand","embeddable":true,"href":"https:\/\/skin-heal.com\/es\/wp-json\/wp\/v2\/product_brand?post=972"},{"taxonomy":"product_cat","embeddable":true,"href":"https:\/\/skin-heal.com\/es\/wp-json\/wp\/v2\/product_cat?post=972"},{"taxonomy":"product_tag","embeddable":true,"href":"https:\/\/skin-heal.com\/es\/wp-json\/wp\/v2\/product_tag?post=972"}],"curies":[{"name":"wp","href":"https:\/\/api.w.org\/{rel}","templated":true}]}}