{"id":973,"date":"2018-12-04T13:10:10","date_gmt":"2018-12-04T13:10:10","guid":{"rendered":"https:\/\/skin-heal.com\/?post_type=product&#038;p=973"},"modified":"2022-12-16T18:26:57","modified_gmt":"2022-12-16T16:26:57","slug":"dermaheal-sb-5-ml-x-10-vials","status":"publish","type":"product","link":"https:\/\/skin-heal.com\/es\/producto\/dermaheal-sb-5-ml-x-10-vials\/","title":{"rendered":"Dermaheal SB (5 ml x 10 viales)"},"content":{"rendered":"<h3>\u00bfEl tratamiento con Dermaheal SB es perjudicial para la piel?<\/h3>\n<p>Como cualquier otro producto Dermaheal, \u00e9ste se centra en dos cosas principales: curar la dermis. Las materias primas utilizadas en su producto y la f\u00f3rmula en la que se basa no s\u00f3lo son respetuosas con la salud, sino que tambi\u00e9n la potencian. Por lo tanto, aunque este producto cosm\u00e9tico tiene una acci\u00f3n blanqueadora, es muy suave para la piel. Los ingredientes activos de su estructura disminuyen la sobreproducci\u00f3n de melanina al impedir que la L-DOPA se transforme en pigmentos como la feomelanina y la eumelanina.<\/p>\n<h3>Usos recomendados<\/h3>\n<ul>\n<li>Aclaraci\u00f3n de la piel<\/li>\n<li>Eliminaci\u00f3n de manchas de la edad y pecas<\/li>\n<li>Reducci\u00f3n de la hiperpigmentaci\u00f3n<\/li>\n<li>Restauraci\u00f3n del bronceado natural de la piel<\/li>\n<li>Reducci\u00f3n de la s\u00edntesis de melanina<\/li>\n<\/ul>\n<p>Cada caja de Dermaheal SB incluye 10 viales de 5 ml. La dosis recomendada para una sesi\u00f3n es de 1 vial o 5ml. Normalmente, una sesi\u00f3n por semana es suficiente para obtener los resultados deseados. No obstante, los efectos del tratamiento pueden variar en funci\u00f3n del tipo de piel, la edad y otros factores.<\/p>\n<h3>Un tratamiento en tres etapas<\/h3>\n<ul>\n<li>Etapa inicial - cubre 1 mes y supone el uso de un solo vial cada semana (4 viales en total)<\/li>\n<li>Segunda etapa - abarca un periodo de 2 meses y supone dos sesiones al mes<\/li>\n<li>Etapa de mantenimiento: tiene como objetivo preservar y mejorar los resultados del tratamiento y consiste en una sesi\u00f3n mensual<\/li>\n<\/ul>","protected":false},"excerpt":{"rendered":"<p>Dermaheal SB es actualmente uno de los mejores y m\u00e1s duraderos productos de mesoterapia blanqueadora de la piel y antipigmentaci\u00f3n que se pueden adquirir. Cuenta con ingredientes y sustancias puras y de primera calidad, como un complejo de p\u00e9ptidos biomim\u00e9ticos a medida y extractos de plantas que tienen una acci\u00f3n blanqueadora extremadamente suave que corrige las manchas de la edad, las pecas y otras pigmentaciones cut\u00e1neas no deseadas.<\/p>","protected":false},"featured_media":979,"template":"","meta":[],"product_brand":[],"product_cat":[82,53,80,144],"product_tag":[146],"class_list":{"0":"post-973","1":"product","2":"type-product","3":"status-publish","4":"has-post-thumbnail","6":"product_cat-caregen","7":"product_cat-dermaheal","8":"product_cat-mesotherapy","9":"product_cat-holiday-mega-sale","10":"product_tag-10off","11":"clearfix","13":"first","14":"instock","15":"sale","16":"taxable","17":"shipping-taxable","18":"purchasable","19":"product-type-simple"},"yoast_head":"<!-- This site is optimized with the Yoast SEO plugin v27.3 - https:\/\/yoast.com\/product\/yoast-seo-wordpress\/ -->\n<title>Dermaheal SB (5 ml x 10 vials) - Skin Heal<\/title>\n<meta name=\"description\" content=\"Dermaheal SB is a safe skin bleaching mesotherapy product. It removes unwanted pigmentations, reduces melanin production and restores skin\u2019s natural tan.\" \/>\n<meta name=\"robots\" content=\"index, follow, max-snippet:-1, max-image-preview:large, max-video-preview:-1\" \/>\n<link rel=\"canonical\" href=\"https:\/\/skin-heal.com\/es\/producto\/dermaheal-sb-5-ml-x-10-vials\/\" \/>\n<meta property=\"og:locale\" content=\"es_MX\" \/>\n<meta property=\"og:type\" content=\"article\" \/>\n<meta property=\"og:title\" content=\"Dermaheal SB (5 ml x 10 vials) - Skin Heal\" \/>\n<meta property=\"og:description\" content=\"Dermaheal SB is a safe skin bleaching mesotherapy product. It removes unwanted pigmentations, reduces melanin production and restores skin\u2019s natural tan.\" \/>\n<meta property=\"og:url\" content=\"https:\/\/skin-heal.com\/es\/producto\/dermaheal-sb-5-ml-x-10-vials\/\" \/>\n<meta property=\"og:site_name\" content=\"Skin Heal\" \/>\n<meta property=\"article:modified_time\" content=\"2022-12-16T16:26:57+00:00\" \/>\n<meta property=\"og:image\" content=\"https:\/\/cdn.skin-heal.com\/wp-content\/uploads\/2018\/12\/Dermaheal-SB.jpg\" \/>\n\t<meta property=\"og:image:width\" content=\"500\" \/>\n\t<meta property=\"og:image:height\" content=\"500\" \/>\n\t<meta property=\"og:image:type\" content=\"image\/jpeg\" \/>\n<meta name=\"twitter:card\" content=\"summary_large_image\" \/>\n<meta name=\"twitter:label1\" content=\"Tiempo de lectura\" \/>\n\t<meta name=\"twitter:data1\" content=\"1 minuto\" \/>\n<script type=\"application\/ld+json\" class=\"yoast-schema-graph\">{\"@context\":\"https:\\\/\\\/schema.org\",\"@graph\":[{\"@type\":\"WebPage\",\"@id\":\"https:\\\/\\\/skin-heal.com\\\/product\\\/dermaheal-sb-5-ml-x-10-vials\\\/\",\"url\":\"https:\\\/\\\/skin-heal.com\\\/product\\\/dermaheal-sb-5-ml-x-10-vials\\\/\",\"name\":\"Dermaheal SB (5 ml x 10 vials) - Skin Heal\",\"isPartOf\":{\"@id\":\"https:\\\/\\\/skin-heal.com\\\/#website\"},\"primaryImageOfPage\":{\"@id\":\"https:\\\/\\\/skin-heal.com\\\/product\\\/dermaheal-sb-5-ml-x-10-vials\\\/#primaryimage\"},\"image\":{\"@id\":\"https:\\\/\\\/skin-heal.com\\\/product\\\/dermaheal-sb-5-ml-x-10-vials\\\/#primaryimage\"},\"thumbnailUrl\":\"https:\\\/\\\/skin-heal.com\\\/wp-content\\\/uploads\\\/2018\\\/12\\\/Dermaheal-SB.jpg\",\"datePublished\":\"2018-12-04T13:10:10+00:00\",\"dateModified\":\"2022-12-16T16:26:57+00:00\",\"description\":\"Dermaheal SB is a safe skin bleaching mesotherapy product. It removes unwanted pigmentations, reduces melanin production and restores skin\u2019s natural tan.\",\"breadcrumb\":{\"@id\":\"https:\\\/\\\/skin-heal.com\\\/product\\\/dermaheal-sb-5-ml-x-10-vials\\\/#breadcrumb\"},\"inLanguage\":\"es\",\"potentialAction\":[{\"@type\":\"ReadAction\",\"target\":[\"https:\\\/\\\/skin-heal.com\\\/product\\\/dermaheal-sb-5-ml-x-10-vials\\\/\"]}]},{\"@type\":\"ImageObject\",\"inLanguage\":\"es\",\"@id\":\"https:\\\/\\\/skin-heal.com\\\/product\\\/dermaheal-sb-5-ml-x-10-vials\\\/#primaryimage\",\"url\":\"https:\\\/\\\/skin-heal.com\\\/wp-content\\\/uploads\\\/2018\\\/12\\\/Dermaheal-SB.jpg\",\"contentUrl\":\"https:\\\/\\\/skin-heal.com\\\/wp-content\\\/uploads\\\/2018\\\/12\\\/Dermaheal-SB.jpg\",\"width\":500,\"height\":500,\"caption\":\"Dermaheal SB\"},{\"@type\":\"BreadcrumbList\",\"@id\":\"https:\\\/\\\/skin-heal.com\\\/product\\\/dermaheal-sb-5-ml-x-10-vials\\\/#breadcrumb\",\"itemListElement\":[{\"@type\":\"ListItem\",\"position\":1,\"name\":\"Home\",\"item\":\"https:\\\/\\\/skin-heal.com\\\/\"},{\"@type\":\"ListItem\",\"position\":2,\"name\":\"Store\",\"item\":\"https:\\\/\\\/skin-heal.com\\\/store\\\/\"},{\"@type\":\"ListItem\",\"position\":3,\"name\":\"Dermaheal SB (5 ml x 10 vials)\"}]},{\"@type\":\"WebSite\",\"@id\":\"https:\\\/\\\/skin-heal.com\\\/#website\",\"url\":\"https:\\\/\\\/skin-heal.com\\\/\",\"name\":\"Skin Heal\",\"description\":\"Lowest Prices for Dermal Fillers\",\"potentialAction\":[{\"@type\":\"SearchAction\",\"target\":{\"@type\":\"EntryPoint\",\"urlTemplate\":\"https:\\\/\\\/skin-heal.com\\\/?s={search_term_string}\"},\"query-input\":{\"@type\":\"PropertyValueSpecification\",\"valueRequired\":true,\"valueName\":\"search_term_string\"}}],\"inLanguage\":\"es\"}]}<\/script>\n<!-- \/ Yoast SEO plugin. -->","yoast_head_json":{"title":"Dermaheal SB (5 ml x 10 viales) - Skin Heal","description":"Dermaheal SB es un producto seguro de mesoterapia blanqueadora de la piel. Elimina las pigmentaciones no deseadas, reduce la producci\u00f3n de melanina y restaura el bronceado natural de la piel.","robots":{"index":"index","follow":"follow","max-snippet":"max-snippet:-1","max-image-preview":"max-image-preview:large","max-video-preview":"max-video-preview:-1"},"canonical":"https:\/\/skin-heal.com\/es\/producto\/dermaheal-sb-5-ml-x-10-vials\/","og_locale":"es_MX","og_type":"article","og_title":"Dermaheal SB (5 ml x 10 vials) - Skin Heal","og_description":"Dermaheal SB is a safe skin bleaching mesotherapy product. It removes unwanted pigmentations, reduces melanin production and restores skin\u2019s natural tan.","og_url":"https:\/\/skin-heal.com\/es\/producto\/dermaheal-sb-5-ml-x-10-vials\/","og_site_name":"Skin Heal","article_modified_time":"2022-12-16T16:26:57+00:00","og_image":[{"width":500,"height":500,"url":"https:\/\/cdn.skin-heal.com\/wp-content\/uploads\/2018\/12\/Dermaheal-SB.jpg","type":"image\/jpeg"}],"twitter_card":"summary_large_image","twitter_misc":{"Tiempo de lectura":"1 minuto"},"schema":{"@context":"https:\/\/schema.org","@graph":[{"@type":"WebPage","@id":"https:\/\/skin-heal.com\/product\/dermaheal-sb-5-ml-x-10-vials\/","url":"https:\/\/skin-heal.com\/product\/dermaheal-sb-5-ml-x-10-vials\/","name":"Dermaheal SB (5 ml x 10 viales) - Skin Heal","isPartOf":{"@id":"https:\/\/skin-heal.com\/#website"},"primaryImageOfPage":{"@id":"https:\/\/skin-heal.com\/product\/dermaheal-sb-5-ml-x-10-vials\/#primaryimage"},"image":{"@id":"https:\/\/skin-heal.com\/product\/dermaheal-sb-5-ml-x-10-vials\/#primaryimage"},"thumbnailUrl":"https:\/\/cdn.skin-heal.com\/wp-content\/uploads\/2018\/12\/Dermaheal-SB.jpg","datePublished":"2018-12-04T13:10:10+00:00","dateModified":"2022-12-16T16:26:57+00:00","description":"Dermaheal SB es un producto seguro de mesoterapia blanqueadora de la piel. Elimina las pigmentaciones no deseadas, reduce la producci\u00f3n de melanina y restaura el bronceado natural de la piel.","breadcrumb":{"@id":"https:\/\/skin-heal.com\/product\/dermaheal-sb-5-ml-x-10-vials\/#breadcrumb"},"inLanguage":"es","potentialAction":[{"@type":"ReadAction","target":["https:\/\/skin-heal.com\/product\/dermaheal-sb-5-ml-x-10-vials\/"]}]},{"@type":"ImageObject","inLanguage":"es","@id":"https:\/\/skin-heal.com\/product\/dermaheal-sb-5-ml-x-10-vials\/#primaryimage","url":"https:\/\/cdn.skin-heal.com\/wp-content\/uploads\/2018\/12\/Dermaheal-SB.jpg","contentUrl":"https:\/\/cdn.skin-heal.com\/wp-content\/uploads\/2018\/12\/Dermaheal-SB.jpg","width":500,"height":500,"caption":"Dermaheal SB"},{"@type":"BreadcrumbList","@id":"https:\/\/skin-heal.com\/product\/dermaheal-sb-5-ml-x-10-vials\/#breadcrumb","itemListElement":[{"@type":"ListItem","position":1,"name":"Home","item":"https:\/\/skin-heal.com\/"},{"@type":"ListItem","position":2,"name":"Store","item":"https:\/\/skin-heal.com\/store\/"},{"@type":"ListItem","position":3,"name":"Dermaheal SB (5 ml x 10 vials)"}]},{"@type":"WebSite","@id":"https:\/\/skin-heal.com\/#website","url":"https:\/\/skin-heal.com\/","name":"Curaci\u00f3n de la piel","description":"Los precios m\u00e1s bajos para los rellenos d\u00e9rmicos","potentialAction":[{"@type":"SearchAction","target":{"@type":"EntryPoint","urlTemplate":"https:\/\/skin-heal.com\/?s={search_term_string}"},"query-input":{"@type":"PropertyValueSpecification","valueRequired":true,"valueName":"search_term_string"}}],"inLanguage":"es"}]}},"_links":{"self":[{"href":"https:\/\/skin-heal.com\/es\/wp-json\/wp\/v2\/product\/973","targetHints":{"allow":["GET"]}}],"collection":[{"href":"https:\/\/skin-heal.com\/es\/wp-json\/wp\/v2\/product"}],"about":[{"href":"https:\/\/skin-heal.com\/es\/wp-json\/wp\/v2\/types\/product"}],"wp:featuredmedia":[{"embeddable":true,"href":"https:\/\/skin-heal.com\/es\/wp-json\/wp\/v2\/media\/979"}],"wp:attachment":[{"href":"https:\/\/skin-heal.com\/es\/wp-json\/wp\/v2\/media?parent=973"}],"wp:term":[{"taxonomy":"product_brand","embeddable":true,"href":"https:\/\/skin-heal.com\/es\/wp-json\/wp\/v2\/product_brand?post=973"},{"taxonomy":"product_cat","embeddable":true,"href":"https:\/\/skin-heal.com\/es\/wp-json\/wp\/v2\/product_cat?post=973"},{"taxonomy":"product_tag","embeddable":true,"href":"https:\/\/skin-heal.com\/es\/wp-json\/wp\/v2\/product_tag?post=973"}],"curies":[{"name":"wp","href":"https:\/\/api.w.org\/{rel}","templated":true}]}}