{"id":981,"date":"2018-12-04T13:50:50","date_gmt":"2018-12-04T13:50:50","guid":{"rendered":"https:\/\/skin-heal.com\/?post_type=product&#038;p=981"},"modified":"2022-06-01T14:10:57","modified_gmt":"2022-06-01T14:10:57","slug":"plasma-fresh-prp-kit","status":"publish","type":"product","link":"https:\/\/skin-heal.com\/es\/producto\/plasma-fresh-prp-kit\/","title":{"rendered":"Kit de Plasma Fresco PRP"},"content":{"rendered":"<p>El kit certificado Plasma Fresh PRP puede utilizarse en diferentes tipos de terapias PRP. Esto se debe a que se trata de un conjunto universal que resulta f\u00e1cil de usar para una amplia gama de profesionales m\u00e9dicos y cosm\u00e9ticos. Algunos de los tratamientos de PRP que se pueden ejecutar con la ayuda de este pr\u00e1ctico producto cubren campos como:<\/p>\n<ul>\n<li>Rejuvenecimiento cosm\u00e9tico<\/li>\n<li>Tratamientos de lesiones de tejidos blandos<\/li>\n<li>Restauraci\u00f3n del cabello<\/li>\n<li>Odontolog\u00eda<\/li>\n<li>Gesti\u00f3n del dolor<\/li>\n<li>Reproducci\u00f3n, urolog\u00eda y ginecolog\u00eda<\/li>\n<li>Neurolog\u00eda<\/li>\n<\/ul>\n<h3>\u00bfQu\u00e9 incluye el Kit Plasma Fresh PRP?<\/h3>\n<p>Se trata de un set todo en uno, lo que significa que incluye todas las piezas de equipo necesarias para la ejecuci\u00f3n exitosa del proceso de extracci\u00f3n de plasma rico en plaquetas (menos la m\u00e1quina de centrifugaci\u00f3n). Cada caja de este producto cuenta con un tubo de vidrio m\u00e9dico resistente que puede sobrevivir incluso al ciclo de centrifugaci\u00f3n m\u00e1s riguroso. Tambi\u00e9n se puede encontrar en el paquete una aguja de mariposa muy fina de 23G. Sirve para un doble prop\u00f3sito inteligente, ya que se puede utilizar no s\u00f3lo durante la etapa de extracci\u00f3n de sangre de la terapia PRP, sino tambi\u00e9n durante la etapa de inyecci\u00f3n del proceso, cuando el plasma con alta concentraci\u00f3n de plaquetas se inyecta de nuevo en el torrente sangu\u00edneo del paciente. Por otro lado, el gel tixotr\u00f3pico que acompa\u00f1a a este producto aislar\u00e1 de forma segura al superintendente. Tambi\u00e9n se incluye una peque\u00f1a dosis de Citrato de Sodio. \u00c9ste desempe\u00f1a el papel de anticoagulante impidiendo la agregaci\u00f3n de las plaquetas.<\/p>","protected":false},"excerpt":{"rendered":"<p>Plasma Fresh Kit para la terapia PRP es un set de fabricaci\u00f3n alemana utilizado para la extracci\u00f3n de plasma rico en plaquetas. Este dispositivo m\u00e9dico de clase II est\u00e1 fabricado con materiales de primera calidad y hace que el proceso de extracci\u00f3n de PRP sea m\u00e1s eficaz, ya que cuenta con un anticoagulante y un gel tixotr\u00f3pico. Convierte cualquier procedimiento de PRP en una experiencia sin complicaciones y es la opci\u00f3n a la que recurren muchos m\u00e9dicos.<\/p>","protected":false},"featured_media":12054,"template":"","meta":[],"product_brand":[],"product_cat":[55,88],"product_tag":[],"class_list":{"0":"post-981","1":"product","2":"type-product","3":"status-publish","4":"has-post-thumbnail","6":"product_cat-plasma-fresh","7":"product_cat-prp-kits","8":"clearfix","10":"first","11":"outofstock","12":"taxable","13":"shipping-taxable","14":"purchasable","15":"product-type-simple"},"yoast_head":"<!-- This site is optimized with the Yoast SEO plugin v27.4 - https:\/\/yoast.com\/product\/yoast-seo-wordpress\/ -->\n<title>Plasma Fresh PRP Kit - Skin Heal<\/title>\n<meta name=\"description\" content=\"Plasma Fresh PRP Kit for Plasmolifting is a top-notch, all-in-one PRP set. Its premium materials enable clinicians to easily extract the healing PRP.\" \/>\n<meta name=\"robots\" content=\"index, follow, max-snippet:-1, max-image-preview:large, max-video-preview:-1\" \/>\n<link rel=\"canonical\" href=\"https:\/\/skin-heal.com\/es\/producto\/plasma-fresh-prp-kit\/\" \/>\n<meta property=\"og:locale\" content=\"es_MX\" \/>\n<meta property=\"og:type\" content=\"article\" \/>\n<meta property=\"og:title\" content=\"Plasma Fresh PRP Kit - Skin Heal\" \/>\n<meta property=\"og:description\" content=\"Plasma Fresh PRP Kit for Plasmolifting is a top-notch, all-in-one PRP set. Its premium materials enable clinicians to easily extract the healing PRP.\" \/>\n<meta property=\"og:url\" content=\"https:\/\/skin-heal.com\/es\/producto\/plasma-fresh-prp-kit\/\" \/>\n<meta property=\"og:site_name\" content=\"Skin Heal\" \/>\n<meta property=\"article:modified_time\" content=\"2022-06-01T14:10:57+00:00\" \/>\n<meta property=\"og:image\" content=\"https:\/\/cdn.skin-heal.com\/wp-content\/uploads\/2018\/12\/PRP-Kit.jpg\" \/>\n\t<meta property=\"og:image:width\" content=\"600\" \/>\n\t<meta property=\"og:image:height\" content=\"600\" \/>\n\t<meta property=\"og:image:type\" content=\"image\/jpeg\" \/>\n<meta name=\"twitter:card\" content=\"summary_large_image\" \/>\n<meta name=\"twitter:label1\" content=\"Tiempo de lectura\" \/>\n\t<meta name=\"twitter:data1\" content=\"1 minuto\" \/>\n<script type=\"application\/ld+json\" class=\"yoast-schema-graph\">{\"@context\":\"https:\\\/\\\/schema.org\",\"@graph\":[{\"@type\":\"WebPage\",\"@id\":\"https:\\\/\\\/skin-heal.com\\\/product\\\/plasma-fresh-prp-kit\\\/\",\"url\":\"https:\\\/\\\/skin-heal.com\\\/product\\\/plasma-fresh-prp-kit\\\/\",\"name\":\"Plasma Fresh PRP Kit - Skin Heal\",\"isPartOf\":{\"@id\":\"https:\\\/\\\/skin-heal.com\\\/#website\"},\"primaryImageOfPage\":{\"@id\":\"https:\\\/\\\/skin-heal.com\\\/product\\\/plasma-fresh-prp-kit\\\/#primaryimage\"},\"image\":{\"@id\":\"https:\\\/\\\/skin-heal.com\\\/product\\\/plasma-fresh-prp-kit\\\/#primaryimage\"},\"thumbnailUrl\":\"https:\\\/\\\/skin-heal.com\\\/wp-content\\\/uploads\\\/2018\\\/12\\\/PRP-Kit.jpg\",\"datePublished\":\"2018-12-04T13:50:50+00:00\",\"dateModified\":\"2022-06-01T14:10:57+00:00\",\"description\":\"Plasma Fresh PRP Kit for Plasmolifting is a top-notch, all-in-one PRP set. Its premium materials enable clinicians to easily extract the healing PRP.\",\"breadcrumb\":{\"@id\":\"https:\\\/\\\/skin-heal.com\\\/product\\\/plasma-fresh-prp-kit\\\/#breadcrumb\"},\"inLanguage\":\"es\",\"potentialAction\":[{\"@type\":\"ReadAction\",\"target\":[\"https:\\\/\\\/skin-heal.com\\\/product\\\/plasma-fresh-prp-kit\\\/\"]}]},{\"@type\":\"ImageObject\",\"inLanguage\":\"es\",\"@id\":\"https:\\\/\\\/skin-heal.com\\\/product\\\/plasma-fresh-prp-kit\\\/#primaryimage\",\"url\":\"https:\\\/\\\/skin-heal.com\\\/wp-content\\\/uploads\\\/2018\\\/12\\\/PRP-Kit.jpg\",\"contentUrl\":\"https:\\\/\\\/skin-heal.com\\\/wp-content\\\/uploads\\\/2018\\\/12\\\/PRP-Kit.jpg\",\"width\":600,\"height\":600,\"caption\":\"PRP Kit\"},{\"@type\":\"BreadcrumbList\",\"@id\":\"https:\\\/\\\/skin-heal.com\\\/product\\\/plasma-fresh-prp-kit\\\/#breadcrumb\",\"itemListElement\":[{\"@type\":\"ListItem\",\"position\":1,\"name\":\"Home\",\"item\":\"https:\\\/\\\/skin-heal.com\\\/\"},{\"@type\":\"ListItem\",\"position\":2,\"name\":\"Store\",\"item\":\"https:\\\/\\\/skin-heal.com\\\/store\\\/\"},{\"@type\":\"ListItem\",\"position\":3,\"name\":\"Plasma Fresh PRP Kit\"}]},{\"@type\":\"WebSite\",\"@id\":\"https:\\\/\\\/skin-heal.com\\\/#website\",\"url\":\"https:\\\/\\\/skin-heal.com\\\/\",\"name\":\"Skin Heal\",\"description\":\"Lowest Prices for Dermal Fillers\",\"potentialAction\":[{\"@type\":\"SearchAction\",\"target\":{\"@type\":\"EntryPoint\",\"urlTemplate\":\"https:\\\/\\\/skin-heal.com\\\/?s={search_term_string}\"},\"query-input\":{\"@type\":\"PropertyValueSpecification\",\"valueRequired\":true,\"valueName\":\"search_term_string\"}}],\"inLanguage\":\"es\"}]}<\/script>\n<!-- \/ Yoast SEO plugin. -->","yoast_head_json":{"title":"Plasma Fresh PRP Kit - Skin Heal","description":"Plasma Fresh PRP Kit para Plasmolifting es un set de PRP todo en uno de primera categor\u00eda. Sus materiales de primera calidad permiten a los cl\u00ednicos extraer f\u00e1cilmente el PRP cicatrizante.","robots":{"index":"index","follow":"follow","max-snippet":"max-snippet:-1","max-image-preview":"max-image-preview:large","max-video-preview":"max-video-preview:-1"},"canonical":"https:\/\/skin-heal.com\/es\/producto\/plasma-fresh-prp-kit\/","og_locale":"es_MX","og_type":"article","og_title":"Plasma Fresh PRP Kit - Skin Heal","og_description":"Plasma Fresh PRP Kit for Plasmolifting is a top-notch, all-in-one PRP set. Its premium materials enable clinicians to easily extract the healing PRP.","og_url":"https:\/\/skin-heal.com\/es\/producto\/plasma-fresh-prp-kit\/","og_site_name":"Skin Heal","article_modified_time":"2022-06-01T14:10:57+00:00","og_image":[{"width":600,"height":600,"url":"https:\/\/cdn.skin-heal.com\/wp-content\/uploads\/2018\/12\/PRP-Kit.jpg","type":"image\/jpeg"}],"twitter_card":"summary_large_image","twitter_misc":{"Tiempo de lectura":"1 minuto"},"schema":{"@context":"https:\/\/schema.org","@graph":[{"@type":"WebPage","@id":"https:\/\/skin-heal.com\/product\/plasma-fresh-prp-kit\/","url":"https:\/\/skin-heal.com\/product\/plasma-fresh-prp-kit\/","name":"Plasma Fresh PRP Kit - Skin Heal","isPartOf":{"@id":"https:\/\/skin-heal.com\/#website"},"primaryImageOfPage":{"@id":"https:\/\/skin-heal.com\/product\/plasma-fresh-prp-kit\/#primaryimage"},"image":{"@id":"https:\/\/skin-heal.com\/product\/plasma-fresh-prp-kit\/#primaryimage"},"thumbnailUrl":"https:\/\/cdn.skin-heal.com\/wp-content\/uploads\/2018\/12\/PRP-Kit.jpg","datePublished":"2018-12-04T13:50:50+00:00","dateModified":"2022-06-01T14:10:57+00:00","description":"Plasma Fresh PRP Kit para Plasmolifting es un set de PRP todo en uno de primera categor\u00eda. Sus materiales de primera calidad permiten a los cl\u00ednicos extraer f\u00e1cilmente el PRP cicatrizante.","breadcrumb":{"@id":"https:\/\/skin-heal.com\/product\/plasma-fresh-prp-kit\/#breadcrumb"},"inLanguage":"es","potentialAction":[{"@type":"ReadAction","target":["https:\/\/skin-heal.com\/product\/plasma-fresh-prp-kit\/"]}]},{"@type":"ImageObject","inLanguage":"es","@id":"https:\/\/skin-heal.com\/product\/plasma-fresh-prp-kit\/#primaryimage","url":"https:\/\/cdn.skin-heal.com\/wp-content\/uploads\/2018\/12\/PRP-Kit.jpg","contentUrl":"https:\/\/cdn.skin-heal.com\/wp-content\/uploads\/2018\/12\/PRP-Kit.jpg","width":600,"height":600,"caption":"PRP Kit"},{"@type":"BreadcrumbList","@id":"https:\/\/skin-heal.com\/product\/plasma-fresh-prp-kit\/#breadcrumb","itemListElement":[{"@type":"ListItem","position":1,"name":"Home","item":"https:\/\/skin-heal.com\/"},{"@type":"ListItem","position":2,"name":"Store","item":"https:\/\/skin-heal.com\/store\/"},{"@type":"ListItem","position":3,"name":"Plasma Fresh PRP Kit"}]},{"@type":"WebSite","@id":"https:\/\/skin-heal.com\/#website","url":"https:\/\/skin-heal.com\/","name":"Curaci\u00f3n de la piel","description":"Los precios m\u00e1s bajos para los rellenos d\u00e9rmicos","potentialAction":[{"@type":"SearchAction","target":{"@type":"EntryPoint","urlTemplate":"https:\/\/skin-heal.com\/?s={search_term_string}"},"query-input":{"@type":"PropertyValueSpecification","valueRequired":true,"valueName":"search_term_string"}}],"inLanguage":"es"}]}},"_links":{"self":[{"href":"https:\/\/skin-heal.com\/es\/wp-json\/wp\/v2\/product\/981","targetHints":{"allow":["GET"]}}],"collection":[{"href":"https:\/\/skin-heal.com\/es\/wp-json\/wp\/v2\/product"}],"about":[{"href":"https:\/\/skin-heal.com\/es\/wp-json\/wp\/v2\/types\/product"}],"wp:featuredmedia":[{"embeddable":true,"href":"https:\/\/skin-heal.com\/es\/wp-json\/wp\/v2\/media\/12054"}],"wp:attachment":[{"href":"https:\/\/skin-heal.com\/es\/wp-json\/wp\/v2\/media?parent=981"}],"wp:term":[{"taxonomy":"product_brand","embeddable":true,"href":"https:\/\/skin-heal.com\/es\/wp-json\/wp\/v2\/product_brand?post=981"},{"taxonomy":"product_cat","embeddable":true,"href":"https:\/\/skin-heal.com\/es\/wp-json\/wp\/v2\/product_cat?post=981"},{"taxonomy":"product_tag","embeddable":true,"href":"https:\/\/skin-heal.com\/es\/wp-json\/wp\/v2\/product_tag?post=981"}],"curies":[{"name":"wp","href":"https:\/\/api.w.org\/{rel}","templated":true}]}}